{"id":8802,"date":"2025-04-28T09:22:28","date_gmt":"2025-04-28T09:22:28","guid":{"rendered":"https:\/\/ropesandmore.fr\/?page_id=8802"},"modified":"2025-08-27T15:53:12","modified_gmt":"2025-08-27T15:53:12","slug":"versandkosten","status":"publish","type":"page","link":"https:\/\/ropesandmore.fr\/de\/versandkosten\/","title":{"rendered":"Versandkosten"},"content":{"rendered":"\t\t<div data-elementor-type=\"wp-page\" data-elementor-id=\"8802\" class=\"elementor elementor-8802\" data-elementor-post-type=\"page\">\n\t\t\t\t<div class=\"elementor-element elementor-element-8479325 e-flex e-con-boxed e-con e-parent\" data-id=\"8479325\" data-element_type=\"container\" data-e-type=\"container\">\n\t\t\t\t\t<div class=\"e-con-inner\">\n\t\t<div class=\"elementor-element elementor-element-fda9ae6 e-con-full e-flex e-con e-child\" data-id=\"fda9ae6\" data-element_type=\"container\" data-e-type=\"container\">\n\t\t\t\t<div class=\"elementor-element elementor-element-013a496 elementor-widget elementor-widget-heading\" data-id=\"013a496\" data-element_type=\"widget\" data-e-type=\"widget\" data-widget_type=\"heading.default\">\n\t\t\t\t<div class=\"elementor-widget-container\">\n\t\t\t\t\t<h2 class=\"elementor-heading-title elementor-size-default\">Versandkosten<\/h2>\t\t\t\t<\/div>\n\t\t\t\t<\/div>\n\t\t\t\t<div class=\"elementor-element elementor-element-5649475 elementor-widget-divider--view-line elementor-widget elementor-widget-divider\" data-id=\"5649475\" data-element_type=\"widget\" data-e-type=\"widget\" data-widget_type=\"divider.default\">\n\t\t\t\t<div class=\"elementor-widget-container\">\n\t\t\t\t\t\t\t<div class=\"elementor-divider\">\n\t\t\t<span class=\"elementor-divider-separator\">\n\t\t\t\t\t\t<\/span>\n\t\t<\/div>\n\t\t\t\t\t\t<\/div>\n\t\t\t\t<\/div>\n\t\t\t\t<div class=\"elementor-element elementor-element-a96779f elementor-widget elementor-widget-text-editor\" data-id=\"a96779f\" data-element_type=\"widget\" data-e-type=\"widget\" data-widget_type=\"text-editor.default\">\n\t\t\t\t<div class=\"elementor-widget-container\">\n\t\t\t\t\t\t\t\t\t<section class=\"versand-section\"><h3>Lieferinformationen &amp; Versandkosten<\/h3><p>Die Versandkosten werden im Bestellprozess automatisch berechnet \u2013 je nach Gewicht und Zielland. \u00dcberschreitet Ihre Bestellung das zul\u00e4ssige Paketgewicht, erfolgt der Versand in mehreren Paketen. Die Kosten hierf\u00fcr werden ebenfalls im Checkout angezeigt.<\/p><p>Alle Preise verstehen sich inklusive Porto, Verpackung, Logistik sowie ggf. gesetzlicher Mehrwertsteuer.<\/p><h3>\u00dcbersicht Versandkosten (bis 30\u202fkg)<\/h3><table><thead><tr><th>Land<\/th><th>Versandart<\/th><th>Kosten<\/th><th>MwSt.<\/th><th>Lieferzeit (WT)<\/th><\/tr><\/thead><tbody><tr><td>Deutschland<\/td><td>DHL Premium<\/td><td>5,90 \u20ac<\/td><td>inkl. 19%<\/td><td>1\u20132<\/td><\/tr><tr><td>Deutschland<\/td><td>DHL Express*<\/td><td>nur telefonisch<\/td><td>inkl. 19%<\/td><td>1<\/td><\/tr><tr><td>Deutschland<\/td><td>DHL Samstag* Express<\/td><td>nur telefonisch<\/td><td>inkl. 19%<\/td><td>Samstag<\/td><\/tr><tr><td>\u00d6sterreich<\/td><td>DHL Premium<\/td><td>9,90 \u20ac<\/td><td>inkl. 20%<\/td><td>2\u20133<\/td><\/tr><tr class=\"spacer-row\"><td colspan=\"5\">\u00a0<\/td><\/tr><tr class=\"tr-group-header\"><td colspan=\"5\">Schweiz<\/td><\/tr><tr><td>Schweiz**<\/td><td>DHL Premium<\/td><td>24,90 \u20ac<\/td><td>exkl. MwSt.<\/td><td>2\u20133<\/td><\/tr><tr class=\"spacer-row\"><td colspan=\"5\">\u00a0<\/td><\/tr><tr class=\"tr-group-header\"><td colspan=\"5\">Weitere L\u00e4nder (EU &amp; Welt)<\/td><\/tr><tr><td>Belgien<\/td><td>DHL Parcel Benelux<\/td><td>9,90 \u20ac<\/td><td>inkl. 21%<\/td><td>2\u20133<\/td><\/tr><tr><td>Bulgarien<\/td><td>DHL Premium<\/td><td>19,90 \u20ac<\/td><td>inkl. 20%<\/td><td>4\u20135<\/td><\/tr><tr><td>D\u00e4nemark<\/td><td>PostNord<\/td><td>9,90 \u20ac<\/td><td>inkl. 25%<\/td><td>2\u20133<\/td><\/tr><tr><td>Estland<\/td><td>Eesti Post<\/td><td>19,90 \u20ac<\/td><td>inkl. 22%<\/td><td>4\u20136<\/td><\/tr><tr><td>Finnland<\/td><td>Posti<\/td><td>19,90 \u20ac<\/td><td>inkl. 25,5%<\/td><td>4\u20135<\/td><\/tr><tr><td>Frankreich inkl. Korsika<\/td><td>Colissimo<\/td><td>9,90 \u20ac<\/td><td>inkl. 20%<\/td><td>3\u20135<\/td><\/tr><tr><td>Griechenland<\/td><td>ELTA Hellenic Post<\/td><td>19,90 \u20ac<\/td><td>inkl. 24%<\/td><td>4\u20136<\/td><\/tr><tr><td>Irland<\/td><td>AnPost<\/td><td>19,90 \u20ac<\/td><td>inkl. 23%<\/td><td>4\u20136<\/td><\/tr><tr><td>Italien<\/td><td>Poste Italiane<\/td><td>9,90 \u20ac<\/td><td>inkl. 22%<\/td><td>6\u20138<\/td><\/tr><tr><td>Kroatien<\/td><td>Hrvatska po\u0161ta<\/td><td>19,90 \u20ac<\/td><td>inkl. 25%<\/td><td>3\u20134<\/td><\/tr><tr><td>Lettland<\/td><td>Latvia Post<\/td><td>19,90 \u20ac<\/td><td>inkl. 21%<\/td><td>3\u20134<\/td><\/tr><tr><td>Luxemburg<\/td><td>DHL Parcel Benelux<\/td><td>19,90 \u20ac<\/td><td>inkl. 17%<\/td><td>2\u20133<\/td><\/tr><tr><td>Malta<\/td><td>DHL<\/td><td>19,90 \u20ac<\/td><td>inkl. 18%<\/td><td>3\u20135<\/td><\/tr><tr><td>Niederlande<\/td><td>DHL Parcel Benelux<\/td><td>9,90 \u20ac<\/td><td>inkl. 20%<\/td><td>2\u20133<\/td><\/tr><tr><td>Polen<\/td><td>DHL<\/td><td>9,90 \u20ac<\/td><td>inkl. 23%<\/td><td>4\u20136<\/td><\/tr><tr><td>Portugal<\/td><td>CTT<\/td><td>19,90 \u20ac<\/td><td>inkl. 23%<\/td><td>2\u20133<\/td><\/tr><tr><td>Schweden<\/td><td>PostNord<\/td><td>19,90 \u20ac<\/td><td>inkl. 25%<\/td><td>2\u20133<\/td><\/tr><tr><td>Spanien<\/td><td>Correos<\/td><td>9,90 \u20ac<\/td><td>inkl. 21%<\/td><td>4\u20135<\/td><\/tr><tr><td>Tschechien<\/td><td>PPL CZ<\/td><td>9,90 \u20ac<\/td><td>inkl. 21%<\/td><td>3\u20134<\/td><\/tr><tr><td>Ungarn<\/td><td>Magyar Posta<\/td><td>19,90 \u20ac<\/td><td>inkl. 27%<\/td><td>4\u20135<\/td><\/tr><tr><td>Zypern<\/td><td>Cyprus Post<\/td><td>19,90 \u20ac<\/td><td>inkl. 19%<\/td><td>2\u20133<\/td><\/tr><\/tbody><\/table><\/section>\t\t\t\t\t\t\t\t<\/div>\n\t\t\t\t<\/div>\n\t\t\t\t<div class=\"elementor-element elementor-element-2be1a99 elementor-widget elementor-widget-text-editor\" data-id=\"2be1a99\" data-element_type=\"widget\" data-e-type=\"widget\" data-widget_type=\"text-editor.default\">\n\t\t\t\t<div class=\"elementor-widget-container\">\n\t\t\t\t\t\t\t\t\t<h3>Hinweise<\/h3>\n<ul>\n \t<li>Alle Versandpreise gelten bis 30\u202fkg Paketgewicht. Bei h\u00f6heren Gewichten erfolgt Versand in mehreren Paketen.<\/li>\n \t<li>Lieferzeiten k\u00f6nnen bei abgelegenen Regionen oder Inseln variieren.<\/li>\n \t<li><strong>**F\u00fcr Lieferungen au\u00dferhalb der EU erfolgt die Rechnungsstellung ohne MwSt.**<\/strong> \u2013 Einfuhrabgaben sind vom Empf\u00e4nger zu tragen.<\/li>\n \t<li><strong>*DHL Express\/Express Samstag*<\/strong>: Nur telefonisch buchbar, garantierte Zustellung bis 18 Uhr.<\/li>\n<\/ul>\t\t\t\t\t\t\t\t<\/div>\n\t\t\t\t<\/div>\n\t\t\t\t<\/div>\n\t\t\t\t\t<\/div>\n\t\t\t\t<\/div>\n\t\t\t\t<\/div>\n\t\t","protected":false},"excerpt":{"rendered":"<p>Versandkosten Lieferinformationen &amp; Versandkosten Die Versandkosten werden im Bestellprozess automatisch berechnet \u2013 je nach Gewicht und Zielland. \u00dcberschreitet Ihre Bestellung das zul\u00e4ssige Paketgewicht, erfolgt der Versand in mehreren Paketen. Die Kosten hierf\u00fcr werden ebenfalls im Checkout angezeigt. Alle Preise verstehen sich inklusive Porto, Verpackung, Logistik sowie ggf. gesetzlicher Mehrwertsteuer. \u00dcbersicht Versandkosten (bis 30\u202fkg) Land Versandart [&hellip;]<\/p>\n","protected":false},"author":1,"featured_media":0,"parent":0,"menu_order":0,"comment_status":"closed","ping_status":"closed","template":"elementor_header_footer","meta":{"_acf_changed":false,"site-sidebar-layout":"no-sidebar","site-content-layout":"page-builder","ast-site-content-layout":"full-width-container","site-content-style":"default","site-sidebar-style":"default","ast-global-header-display":"","ast-banner-title-visibility":"","ast-main-header-display":"","ast-hfb-above-header-display":"","ast-hfb-below-header-display":"","ast-hfb-mobile-header-display":"","site-post-title":"disabled","ast-breadcrumbs-content":"","ast-featured-img":"disabled","footer-sml-layout":"","ast-disable-related-posts":"","theme-transparent-header-meta":"","adv-header-id-meta":"","stick-header-meta":"","header-above-stick-meta":"","header-main-stick-meta":"","header-below-stick-meta":"","astra-migrate-meta-layouts":"set","ast-page-background-enabled":"default","ast-page-background-meta":{"desktop":{"background-color":"","background-image":"","background-repeat":"repeat","background-position":"center center","background-size":"auto","background-attachment":"scroll","background-type":"","background-media":"","overlay-type":"","overlay-color":"","overlay-opacity":"","overlay-gradient":""},"tablet":{"background-color":"","background-image":"","background-repeat":"repeat","background-position":"center center","background-size":"auto","background-attachment":"scroll","background-type":"","background-media":"","overlay-type":"","overlay-color":"","overlay-opacity":"","overlay-gradient":""},"mobile":{"background-color":"","background-image":"","background-repeat":"repeat","background-position":"center center","background-size":"auto","background-attachment":"scroll","background-type":"","background-media":"","overlay-type":"","overlay-color":"","overlay-opacity":"","overlay-gradient":""}},"ast-content-background-meta":{"desktop":{"background-color":"var(--ast-global-color-5)","background-image":"","background-repeat":"repeat","background-position":"center center","background-size":"auto","background-attachment":"scroll","background-type":"","background-media":"","overlay-type":"","overlay-color":"","overlay-opacity":"","overlay-gradient":""},"tablet":{"background-color":"var(--ast-global-color-5)","background-image":"","background-repeat":"repeat","background-position":"center center","background-size":"auto","background-attachment":"scroll","background-type":"","background-media":"","overlay-type":"","overlay-color":"","overlay-opacity":"","overlay-gradient":""},"mobile":{"background-color":"var(--ast-global-color-5)","background-image":"","background-repeat":"repeat","background-position":"center center","background-size":"auto","background-attachment":"scroll","background-type":"","background-media":"","overlay-type":"","overlay-color":"","overlay-opacity":"","overlay-gradient":""}},"footnotes":""},"class_list":["post-8802","page","type-page","status-publish","hentry"],"acf":[],"yoast_head":"<!-- This site is optimized with the Yoast SEO plugin v27.5 - https:\/\/yoast.com\/product\/yoast-seo-wordpress\/ -->\n<title>Versandkosten - Ropes and More<\/title>\n<meta name=\"robots\" content=\"index, follow, max-snippet:-1, max-image-preview:large, max-video-preview:-1\" \/>\n<link rel=\"canonical\" href=\"https:\/\/ropesandmore.fr\/de\/versandkosten\/\" \/>\n<meta property=\"og:locale\" content=\"de_DE\" \/>\n<meta property=\"og:type\" content=\"article\" \/>\n<meta property=\"og:title\" content=\"Versandkosten - Ropes and More\" \/>\n<meta property=\"og:description\" content=\"Versandkosten Lieferinformationen &amp; Versandkosten Die Versandkosten werden im Bestellprozess automatisch berechnet \u2013 je nach Gewicht und Zielland. \u00dcberschreitet Ihre Bestellung das zul\u00e4ssige Paketgewicht, erfolgt der Versand in mehreren Paketen. Die Kosten hierf\u00fcr werden ebenfalls im Checkout angezeigt. Alle Preise verstehen sich inklusive Porto, Verpackung, Logistik sowie ggf. gesetzlicher Mehrwertsteuer. \u00dcbersicht Versandkosten (bis 30\u202fkg) Land Versandart [&hellip;]\" \/>\n<meta property=\"og:url\" content=\"https:\/\/ropesandmore.fr\/de\/versandkosten\/\" \/>\n<meta property=\"og:site_name\" content=\"Ropes and More\" \/>\n<meta property=\"article:publisher\" content=\"https:\/\/www.instagram.com\/ropesandmoregmbh\/\" \/>\n<meta property=\"article:modified_time\" content=\"2025-08-27T15:53:12+00:00\" \/>\n<meta name=\"twitter:card\" content=\"summary_large_image\" \/>\n<meta name=\"twitter:label1\" content=\"Gesch\u00e4tzte Lesezeit\" \/>\n\t<meta name=\"twitter:data1\" content=\"1\u00a0Minute\" \/>\n<script type=\"application\/ld+json\" class=\"yoast-schema-graph\">{\"@context\":\"https:\\\/\\\/schema.org\",\"@graph\":[{\"@type\":\"WebPage\",\"@id\":\"https:\\\/\\\/ropesandmore.fr\\\/de\\\/versandkosten\\\/\",\"url\":\"https:\\\/\\\/ropesandmore.fr\\\/de\\\/versandkosten\\\/\",\"name\":\"Versandkosten - Ropes and More\",\"isPartOf\":{\"@id\":\"https:\\\/\\\/ropesandmore.fr\\\/de\\\/#website\"},\"datePublished\":\"2025-04-28T09:22:28+00:00\",\"dateModified\":\"2025-08-27T15:53:12+00:00\",\"breadcrumb\":{\"@id\":\"https:\\\/\\\/ropesandmore.fr\\\/de\\\/versandkosten\\\/#breadcrumb\"},\"inLanguage\":\"de\",\"potentialAction\":[{\"@type\":\"ReadAction\",\"target\":[\"https:\\\/\\\/ropesandmore.fr\\\/de\\\/versandkosten\\\/\"]}]},{\"@type\":\"BreadcrumbList\",\"@id\":\"https:\\\/\\\/ropesandmore.fr\\\/de\\\/versandkosten\\\/#breadcrumb\",\"itemListElement\":[{\"@type\":\"ListItem\",\"position\":1,\"name\":\"Startseite\",\"item\":\"https:\\\/\\\/ropesandmore.fr\\\/de\\\/\"},{\"@type\":\"ListItem\",\"position\":2,\"name\":\"Versandkosten\"}]},{\"@type\":\"WebSite\",\"@id\":\"https:\\\/\\\/ropesandmore.fr\\\/de\\\/#website\",\"url\":\"https:\\\/\\\/ropesandmore.fr\\\/de\\\/\",\"name\":\"ropes and more\",\"description\":\"Your Trusted Partner\",\"publisher\":{\"@id\":\"https:\\\/\\\/ropesandmore.fr\\\/de\\\/#organization\"},\"potentialAction\":[{\"@type\":\"SearchAction\",\"target\":{\"@type\":\"EntryPoint\",\"urlTemplate\":\"https:\\\/\\\/ropesandmore.fr\\\/de\\\/?s={search_term_string}\"},\"query-input\":{\"@type\":\"PropertyValueSpecification\",\"valueRequired\":true,\"valueName\":\"search_term_string\"}}],\"inLanguage\":\"de\"},{\"@type\":\"Organization\",\"@id\":\"https:\\\/\\\/ropesandmore.fr\\\/de\\\/#organization\",\"name\":\"ropes and more\",\"url\":\"https:\\\/\\\/ropesandmore.fr\\\/de\\\/\",\"logo\":{\"@type\":\"ImageObject\",\"inLanguage\":\"de\",\"@id\":\"https:\\\/\\\/ropesandmore.fr\\\/de\\\/#\\\/schema\\\/logo\\\/image\\\/\",\"url\":\"https:\\\/\\\/ropesandmore.fr\\\/wp-content\\\/uploads\\\/2025\\\/06\\\/Bild6.webp\",\"contentUrl\":\"https:\\\/\\\/ropesandmore.fr\\\/wp-content\\\/uploads\\\/2025\\\/06\\\/Bild6.webp\",\"width\":1023,\"height\":480,\"caption\":\"ropes and more\"},\"image\":{\"@id\":\"https:\\\/\\\/ropesandmore.fr\\\/de\\\/#\\\/schema\\\/logo\\\/image\\\/\"},\"sameAs\":[\"https:\\\/\\\/www.instagram.com\\\/ropesandmoregmbh\\\/\"]}]}<\/script>\n<!-- \/ Yoast SEO plugin. -->","yoast_head_json":{"title":"Versandkosten - Ropes and More","robots":{"index":"index","follow":"follow","max-snippet":"max-snippet:-1","max-image-preview":"max-image-preview:large","max-video-preview":"max-video-preview:-1"},"canonical":"https:\/\/ropesandmore.fr\/de\/versandkosten\/","og_locale":"de_DE","og_type":"article","og_title":"Versandkosten - Ropes and More","og_description":"Versandkosten Lieferinformationen &amp; Versandkosten Die Versandkosten werden im Bestellprozess automatisch berechnet \u2013 je nach Gewicht und Zielland. \u00dcberschreitet Ihre Bestellung das zul\u00e4ssige Paketgewicht, erfolgt der Versand in mehreren Paketen. Die Kosten hierf\u00fcr werden ebenfalls im Checkout angezeigt. Alle Preise verstehen sich inklusive Porto, Verpackung, Logistik sowie ggf. gesetzlicher Mehrwertsteuer. \u00dcbersicht Versandkosten (bis 30\u202fkg) Land Versandart [&hellip;]","og_url":"https:\/\/ropesandmore.fr\/de\/versandkosten\/","og_site_name":"Ropes and More","article_publisher":"https:\/\/www.instagram.com\/ropesandmoregmbh\/","article_modified_time":"2025-08-27T15:53:12+00:00","twitter_card":"summary_large_image","twitter_misc":{"Gesch\u00e4tzte Lesezeit":"1\u00a0Minute"},"schema":{"@context":"https:\/\/schema.org","@graph":[{"@type":"WebPage","@id":"https:\/\/ropesandmore.fr\/de\/versandkosten\/","url":"https:\/\/ropesandmore.fr\/de\/versandkosten\/","name":"Versandkosten - Ropes and More","isPartOf":{"@id":"https:\/\/ropesandmore.fr\/de\/#website"},"datePublished":"2025-04-28T09:22:28+00:00","dateModified":"2025-08-27T15:53:12+00:00","breadcrumb":{"@id":"https:\/\/ropesandmore.fr\/de\/versandkosten\/#breadcrumb"},"inLanguage":"de","potentialAction":[{"@type":"ReadAction","target":["https:\/\/ropesandmore.fr\/de\/versandkosten\/"]}]},{"@type":"BreadcrumbList","@id":"https:\/\/ropesandmore.fr\/de\/versandkosten\/#breadcrumb","itemListElement":[{"@type":"ListItem","position":1,"name":"Startseite","item":"https:\/\/ropesandmore.fr\/de\/"},{"@type":"ListItem","position":2,"name":"Versandkosten"}]},{"@type":"WebSite","@id":"https:\/\/ropesandmore.fr\/de\/#website","url":"https:\/\/ropesandmore.fr\/de\/","name":"ropes and more","description":"Your Trusted Partner","publisher":{"@id":"https:\/\/ropesandmore.fr\/de\/#organization"},"potentialAction":[{"@type":"SearchAction","target":{"@type":"EntryPoint","urlTemplate":"https:\/\/ropesandmore.fr\/de\/?s={search_term_string}"},"query-input":{"@type":"PropertyValueSpecification","valueRequired":true,"valueName":"search_term_string"}}],"inLanguage":"de"},{"@type":"Organization","@id":"https:\/\/ropesandmore.fr\/de\/#organization","name":"ropes and more","url":"https:\/\/ropesandmore.fr\/de\/","logo":{"@type":"ImageObject","inLanguage":"de","@id":"https:\/\/ropesandmore.fr\/de\/#\/schema\/logo\/image\/","url":"https:\/\/ropesandmore.fr\/wp-content\/uploads\/2025\/06\/Bild6.webp","contentUrl":"https:\/\/ropesandmore.fr\/wp-content\/uploads\/2025\/06\/Bild6.webp","width":1023,"height":480,"caption":"ropes and more"},"image":{"@id":"https:\/\/ropesandmore.fr\/de\/#\/schema\/logo\/image\/"},"sameAs":["https:\/\/www.instagram.com\/ropesandmoregmbh\/"]}]}},"_links":{"self":[{"href":"https:\/\/ropesandmore.fr\/de\/wp-json\/wp\/v2\/pages\/8802","targetHints":{"allow":["GET"]}}],"collection":[{"href":"https:\/\/ropesandmore.fr\/de\/wp-json\/wp\/v2\/pages"}],"about":[{"href":"https:\/\/ropesandmore.fr\/de\/wp-json\/wp\/v2\/types\/page"}],"author":[{"embeddable":true,"href":"https:\/\/ropesandmore.fr\/de\/wp-json\/wp\/v2\/users\/1"}],"replies":[{"embeddable":true,"href":"https:\/\/ropesandmore.fr\/de\/wp-json\/wp\/v2\/comments?post=8802"}],"version-history":[{"count":0,"href":"https:\/\/ropesandmore.fr\/de\/wp-json\/wp\/v2\/pages\/8802\/revisions"}],"wp:attachment":[{"href":"https:\/\/ropesandmore.fr\/de\/wp-json\/wp\/v2\/media?parent=8802"}],"curies":[{"name":"wp","href":"https:\/\/api.w.org\/{rel}","templated":true}]}}