{"id":10038,"date":"2025-06-03T15:51:43","date_gmt":"2025-06-03T15:51:43","guid":{"rendered":"https:\/\/ropesandmore.fr\/?post_type=product&#038;p=10038"},"modified":"2025-08-09T13:27:39","modified_gmt":"2025-08-09T13:27:39","slug":"kevlarseil-6mm-spezialseil-geringe-dehnung-hohe-bruchlast","status":"publish","type":"product","link":"https:\/\/ropesandmore.fr\/de\/produkt\/kevlarseil-6mm-spezialseil-geringe-dehnung-hohe-bruchlast\/","title":{"rendered":"Kevlarseil 6mm \u2013 Robustes Spezialseil mit hoher Bruchlast &#038; minimaler Dehnung \u2013 Ideal f\u00fcr industrielle Anwendungen"},"content":{"rendered":"<h4 data-start=\"186\" data-end=\"279\">Kevlarseil \u00d86mm | 16-fach geflochtenes Tauwerk aus Kevlar\u00ae \ud83d\ude80<\/h4>\n<p data-start=\"281\" data-end=\"586\">Das <strong data-start=\"285\" data-end=\"314\">Kevlarseil von Ropes and More <\/strong>ist ein hochwertiges, 16-fach <strong data-start=\"363\" data-end=\"399\">geflochtenes Tauwerk aus Kevlar\u00ae<\/strong>, gefertigt in Deutschland. Der Kern besteht aus <strong data-start=\"448\" data-end=\"483\">nicht brennbaren Kevlar\u00ae-Garnen<\/strong> von DuPont, der Mantel aus robustem Polyester \u2013 f\u00fcr maximale Stabilit\u00e4t, Sicherheit und Langlebigkeit.<\/p>\n<h4 data-start=\"588\" data-end=\"614\">Produkteigenschaften:<\/h4>\n<ul>\n<li data-start=\"617\" data-end=\"661\"><strong data-start=\"617\" data-end=\"634\">Sehr rei\u00dffest<\/strong> und <strong data-start=\"639\" data-end=\"661\">extrem dehnungsarm<\/strong><\/li>\n<li data-start=\"664\" data-end=\"719\"><strong data-start=\"664\" data-end=\"678\">Formstabil<\/strong>, <strong data-start=\"680\" data-end=\"695\">scheuerfest<\/strong> und <strong data-start=\"700\" data-end=\"719\">wetterbest\u00e4ndig \ud83c\udf26\ufe0f<\/strong><\/li>\n<li data-start=\"722\" data-end=\"792\"><strong data-start=\"722\" data-end=\"755\">Hitzebest\u00e4ndig bis ca. 400\u202f\u00b0C<\/strong>, beginnt erst ab 500\u202f\u00b0C zu verkohlen \ud83d\udd25<\/li>\n<li data-start=\"795\" data-end=\"834\"><strong data-start=\"795\" data-end=\"810\">Schnittfest<\/strong> und <strong data-start=\"815\" data-end=\"834\">abriebresistent<\/strong><\/li>\n<li data-start=\"837\" data-end=\"897\"><strong data-start=\"837\" data-end=\"897\">Resistent gegen Chemikalien \ud83e\uddea , UV-Strahlung \u2600\ufe0f und Salzwasser \ud83c\udf0a<\/strong><\/li>\n<li data-start=\"900\" data-end=\"951\"><strong data-start=\"900\" data-end=\"924\">Nahezu kein Kriechen<\/strong> \u2013 ideal f\u00fcr Dauerbelastung<\/li>\n<\/ul>\n<h4 data-start=\"953\" data-end=\"977\">Anwendungsbereiche:<\/h4>\n<p data-start=\"978\" data-end=\"1306\">Das <strong data-start=\"982\" data-end=\"1006\">Kevlarseil <\/strong>eignet sich ideal als <strong data-start=\"1029\" data-end=\"1048\">Drahtseilersatz<\/strong>, <strong data-start=\"1050\" data-end=\"1063\">Spannseil<\/strong>, <strong data-start=\"1065\" data-end=\"1089\">Zug- oder Steuerseil<\/strong>, sowie f\u00fcr Anwendungen mit h\u00f6chsten Anforderungen an <strong data-start=\"1143\" data-end=\"1156\">Bruchlast<\/strong>, <strong data-start=\"1158\" data-end=\"1178\">Abriebfestigkeit<\/strong>, <strong data-start=\"1180\" data-end=\"1207\">Temperaturbest\u00e4ndigkeit<\/strong> und <strong data-start=\"1212\" data-end=\"1238\">Langzeitformstabilit\u00e4t<\/strong>. Ideal f\u00fcr Industrie, Motorsport, Outdoor oder Luft- und Raumfahrt.<\/p>\n<hr \/>\n<p data-start=\"978\" data-end=\"1306\"><strong data-start=\"139\" data-end=\"171\">Hinweis zur Farbdarstellung:<\/strong><br data-start=\"171\" data-end=\"174\" \/>Bitte beachten Sie, dass es durch Lichtverh\u00e4ltnisse bei der Produktfotografie sowie durch unterschiedliche Bildschirmdarstellungen zu leichten Farbabweichungen kommen kann.<\/p>\n","protected":false},"excerpt":{"rendered":"<p><strong>Made in Germany &#8211; Premium Qualit\u00e4t<\/strong><\/p>\n<ul>\n<li><strong>Durchmesser: 6mm<\/strong><\/li>\n<li>Farbe: Schwarz<\/li>\n<li>Konstruktion: 16-fach geflochten<\/li>\n<li>Bruchlast: 1000 daN(kg)<\/li>\n<li>Arbeitsdehnung: &lt;1,5%<\/li>\n<li>Bruchdehnung: ca. 2-4%<\/li>\n<li>Gewicht per 100m: 2,90kg<\/li>\n<\/ul>\n","protected":false},"featured_media":10042,"template":"","meta":{"_acf_changed":false,"site-sidebar-layout":"default","site-content-layout":"","ast-site-content-layout":"default","site-content-style":"default","site-sidebar-style":"default","ast-global-header-display":"","ast-banner-title-visibility":"","ast-main-header-display":"","ast-hfb-above-header-display":"","ast-hfb-below-header-display":"","ast-hfb-mobile-header-display":"","site-post-title":"","ast-breadcrumbs-content":"","ast-featured-img":"","footer-sml-layout":"","ast-disable-related-posts":"","theme-transparent-header-meta":"default","adv-header-id-meta":"","stick-header-meta":"","header-above-stick-meta":"","header-main-stick-meta":"","header-below-stick-meta":"","astra-migrate-meta-layouts":"set","ast-page-background-enabled":"default","ast-page-background-meta":{"desktop":{"background-color":"","background-image":"","background-repeat":"repeat","background-position":"center center","background-size":"auto","background-attachment":"scroll","background-type":"","background-media":"","overlay-type":"","overlay-color":"","overlay-opacity":"","overlay-gradient":""},"tablet":{"background-color":"","background-image":"","background-repeat":"repeat","background-position":"center center","background-size":"auto","background-attachment":"scroll","background-type":"","background-media":"","overlay-type":"","overlay-color":"","overlay-opacity":"","overlay-gradient":""},"mobile":{"background-color":"","background-image":"","background-repeat":"repeat","background-position":"center center","background-size":"auto","background-attachment":"scroll","background-type":"","background-media":"","overlay-type":"","overlay-color":"","overlay-opacity":"","overlay-gradient":""}},"ast-content-background-meta":{"desktop":{"background-color":"var(--ast-global-color-5)","background-image":"","background-repeat":"repeat","background-position":"center center","background-size":"auto","background-attachment":"scroll","background-type":"","background-media":"","overlay-type":"","overlay-color":"","overlay-opacity":"","overlay-gradient":""},"tablet":{"background-color":"var(--ast-global-color-5)","background-image":"","background-repeat":"repeat","background-position":"center center","background-size":"auto","background-attachment":"scroll","background-type":"","background-media":"","overlay-type":"","overlay-color":"","overlay-opacity":"","overlay-gradient":""},"mobile":{"background-color":"var(--ast-global-color-5)","background-image":"","background-repeat":"repeat","background-position":"center center","background-size":"auto","background-attachment":"scroll","background-type":"","background-media":"","overlay-type":"","overlay-color":"","overlay-opacity":"","overlay-gradient":""}}},"product_brand":[193],"product_cat":[1115,971,930,114,92,105,860,97,99,100,396],"product_tag":[464,1072,1069,496,468,1068,1071,1070,1066,1073,1074,701,1076,1075,1067],"class_list":{"0":"post-10038","1":"product","2":"type-product","3":"status-publish","4":"has-post-thumbnail","6":"product_brand-ropes-and-more","7":"product_cat-aramid-kevlarseile","8":"product_cat-kevlarseile","9":"product_cat-naturseile","10":"product_cat-schwer-entflammbare-seile","11":"product_cat-seile-fuer-boote-segelsport","12":"product_cat-seile-fuer-forstwirtschaft","13":"product_cat-seile-fuer-land-und-forstwirtschaft","14":"product_cat-seile-fuer-landwirtschaft","15":"product_cat-seile-mit-geringer-dehnung","16":"product_cat-seile-mit-sehr-hoher-bruchlast","17":"product_cat-spezielle-seilprodukte","18":"product_tag-dehnungsarmes-seil","19":"product_tag-extreme-belastung","20":"product_tag-geringe-dehnung","21":"product_tag-hochfestes-seil","22":"product_tag-hochleistungsseil","23":"product_tag-hohe-bruchlast","24":"product_tag-industrielle-seile","25":"product_tag-kevlar-tauwerk","26":"product_tag-kevlarseil-6mm","27":"product_tag-kletterseil-kevlar","28":"product_tag-kraftseil","29":"product_tag-robustes-seil","30":"product_tag-seil-fuer-schwere-lasten","31":"product_tag-seil-mit-hoher-festigkeit","32":"product_tag-spezialseil","33":"desktop-align-left","34":"tablet-align-left","35":"mobile-align-left","37":"first","38":"instock","39":"taxable","40":"shipping-taxable","41":"purchasable","42":"product-type-variable"},"acf":[],"yoast_head":"<!-- This site is optimized with the Yoast SEO plugin v27.5 - https:\/\/yoast.com\/product\/yoast-seo-wordpress\/ -->\n<title>Kevlarseil 6mm \u2013 Hochleistungsseil robust &amp; hitzebest\u00e4ndig<\/title>\n<meta name=\"description\" content=\"Kevlarseil 6mm mit hoher Bruchlast und minimaler Dehnung: Das perfekte Spezialseil f\u00fcr industrielle Eins\u00e4tze, Kletterseile und Hochleistungsanwendungen.\" \/>\n<meta name=\"robots\" content=\"index, follow, max-snippet:-1, max-image-preview:large, max-video-preview:-1\" \/>\n<link rel=\"canonical\" href=\"https:\/\/ropesandmore.fr\/de\/produkt\/kevlarseil-6mm-spezialseil-geringe-dehnung-hohe-bruchlast\/\" \/>\n<meta property=\"og:locale\" content=\"de_DE\" \/>\n<meta property=\"og:type\" content=\"article\" \/>\n<meta property=\"og:title\" content=\"Kevlarseil 6mm \u2013 Hochleistungsseil robust &amp; hitzebest\u00e4ndig\" \/>\n<meta property=\"og:description\" content=\"Kevlarseil 6mm mit hoher Bruchlast und minimaler Dehnung: Das perfekte Spezialseil f\u00fcr industrielle Eins\u00e4tze, Kletterseile und Hochleistungsanwendungen.\" \/>\n<meta property=\"og:url\" content=\"https:\/\/ropesandmore.fr\/de\/produkt\/kevlarseil-6mm-spezialseil-geringe-dehnung-hohe-bruchlast\/\" \/>\n<meta property=\"og:site_name\" content=\"Ropes and More\" \/>\n<meta property=\"article:publisher\" content=\"https:\/\/www.instagram.com\/ropesandmoregmbh\/\" \/>\n<meta property=\"article:modified_time\" content=\"2025-08-09T13:27:39+00:00\" \/>\n<meta property=\"og:image\" content=\"https:\/\/ropesandmore.fr\/wp-content\/uploads\/2025\/06\/Kevlarseil-6mm-100m.jpg\" \/>\n\t<meta property=\"og:image:width\" content=\"1000\" \/>\n\t<meta property=\"og:image:height\" content=\"1000\" \/>\n\t<meta property=\"og:image:type\" content=\"image\/jpeg\" \/>\n<meta name=\"twitter:card\" content=\"summary_large_image\" \/>\n<meta name=\"twitter:label1\" content=\"Gesch\u00e4tzte Lesezeit\" \/>\n\t<meta name=\"twitter:data1\" content=\"1\u00a0Minute\" \/>\n<script type=\"application\/ld+json\" class=\"yoast-schema-graph\">{\"@context\":\"https:\\\/\\\/schema.org\",\"@graph\":[{\"@type\":\"WebPage\",\"@id\":\"https:\\\/\\\/ropesandmore.fr\\\/de\\\/produkt\\\/kevlarseil-6mm-spezialseil-geringe-dehnung-hohe-bruchlast\\\/\",\"url\":\"https:\\\/\\\/ropesandmore.fr\\\/de\\\/produkt\\\/kevlarseil-6mm-spezialseil-geringe-dehnung-hohe-bruchlast\\\/\",\"name\":\"Kevlarseil 6mm \u2013 Hochleistungsseil robust & hitzebest\u00e4ndig\",\"isPartOf\":{\"@id\":\"https:\\\/\\\/ropesandmore.fr\\\/de\\\/#website\"},\"primaryImageOfPage\":{\"@id\":\"https:\\\/\\\/ropesandmore.fr\\\/de\\\/produkt\\\/kevlarseil-6mm-spezialseil-geringe-dehnung-hohe-bruchlast\\\/#primaryimage\"},\"image\":{\"@id\":\"https:\\\/\\\/ropesandmore.fr\\\/de\\\/produkt\\\/kevlarseil-6mm-spezialseil-geringe-dehnung-hohe-bruchlast\\\/#primaryimage\"},\"thumbnailUrl\":\"https:\\\/\\\/ropesandmore.fr\\\/wp-content\\\/uploads\\\/2025\\\/06\\\/Kevlarseil-6mm-100m.jpg\",\"datePublished\":\"2025-06-03T15:51:43+00:00\",\"dateModified\":\"2025-08-09T13:27:39+00:00\",\"description\":\"Kevlarseil 6mm mit hoher Bruchlast und minimaler Dehnung: Das perfekte Spezialseil f\u00fcr industrielle Eins\u00e4tze, Kletterseile und Hochleistungsanwendungen.\",\"breadcrumb\":{\"@id\":\"https:\\\/\\\/ropesandmore.fr\\\/de\\\/produkt\\\/kevlarseil-6mm-spezialseil-geringe-dehnung-hohe-bruchlast\\\/#breadcrumb\"},\"inLanguage\":\"de\",\"potentialAction\":[{\"@type\":\"ReadAction\",\"target\":[\"https:\\\/\\\/ropesandmore.fr\\\/de\\\/produkt\\\/kevlarseil-6mm-spezialseil-geringe-dehnung-hohe-bruchlast\\\/\"]}]},{\"@type\":\"ImageObject\",\"inLanguage\":\"de\",\"@id\":\"https:\\\/\\\/ropesandmore.fr\\\/de\\\/produkt\\\/kevlarseil-6mm-spezialseil-geringe-dehnung-hohe-bruchlast\\\/#primaryimage\",\"url\":\"https:\\\/\\\/ropesandmore.fr\\\/wp-content\\\/uploads\\\/2025\\\/06\\\/Kevlarseil-6mm-100m.jpg\",\"contentUrl\":\"https:\\\/\\\/ropesandmore.fr\\\/wp-content\\\/uploads\\\/2025\\\/06\\\/Kevlarseil-6mm-100m.jpg\",\"width\":1000,\"height\":1000},{\"@type\":\"BreadcrumbList\",\"@id\":\"https:\\\/\\\/ropesandmore.fr\\\/de\\\/produkt\\\/kevlarseil-6mm-spezialseil-geringe-dehnung-hohe-bruchlast\\\/#breadcrumb\",\"itemListElement\":[{\"@type\":\"ListItem\",\"position\":1,\"name\":\"Startseite\",\"item\":\"https:\\\/\\\/ropesandmore.fr\\\/de\\\/\"},{\"@type\":\"ListItem\",\"position\":2,\"name\":\"Ropes and More \u2013 Dein Shop f\u00fcr Seile, Tauwerk &amp; Spezialschn\u00fcre\",\"item\":\"https:\\\/\\\/ropesandmore.fr\\\/ropes-and-more-dein-shop-fuer-seile-tauwerk-spezialschnuere\\\/\"},{\"@type\":\"ListItem\",\"position\":3,\"name\":\"Kevlarseil 6mm \u2013 Robustes Spezialseil mit hoher Bruchlast &#038; minimaler Dehnung \u2013 Ideal f\u00fcr industrielle Anwendungen\"}]},{\"@type\":\"WebSite\",\"@id\":\"https:\\\/\\\/ropesandmore.fr\\\/de\\\/#website\",\"url\":\"https:\\\/\\\/ropesandmore.fr\\\/de\\\/\",\"name\":\"ropes and more\",\"description\":\"Your Trusted Partner\",\"publisher\":{\"@id\":\"https:\\\/\\\/ropesandmore.fr\\\/de\\\/#organization\"},\"potentialAction\":[{\"@type\":\"SearchAction\",\"target\":{\"@type\":\"EntryPoint\",\"urlTemplate\":\"https:\\\/\\\/ropesandmore.fr\\\/de\\\/?s={search_term_string}\"},\"query-input\":{\"@type\":\"PropertyValueSpecification\",\"valueRequired\":true,\"valueName\":\"search_term_string\"}}],\"inLanguage\":\"de\"},{\"@type\":\"Organization\",\"@id\":\"https:\\\/\\\/ropesandmore.fr\\\/de\\\/#organization\",\"name\":\"ropes and more\",\"url\":\"https:\\\/\\\/ropesandmore.fr\\\/de\\\/\",\"logo\":{\"@type\":\"ImageObject\",\"inLanguage\":\"de\",\"@id\":\"https:\\\/\\\/ropesandmore.fr\\\/de\\\/#\\\/schema\\\/logo\\\/image\\\/\",\"url\":\"https:\\\/\\\/ropesandmore.fr\\\/wp-content\\\/uploads\\\/2025\\\/06\\\/Bild6.webp\",\"contentUrl\":\"https:\\\/\\\/ropesandmore.fr\\\/wp-content\\\/uploads\\\/2025\\\/06\\\/Bild6.webp\",\"width\":1023,\"height\":480,\"caption\":\"ropes and more\"},\"image\":{\"@id\":\"https:\\\/\\\/ropesandmore.fr\\\/de\\\/#\\\/schema\\\/logo\\\/image\\\/\"},\"sameAs\":[\"https:\\\/\\\/www.instagram.com\\\/ropesandmoregmbh\\\/\"]}]}<\/script>\n<!-- \/ Yoast SEO plugin. -->","yoast_head_json":{"title":"Kevlarseil 6mm \u2013 Hochleistungsseil robust & hitzebest\u00e4ndig","description":"Kevlarseil 6mm mit hoher Bruchlast und minimaler Dehnung: Das perfekte Spezialseil f\u00fcr industrielle Eins\u00e4tze, Kletterseile und Hochleistungsanwendungen.","robots":{"index":"index","follow":"follow","max-snippet":"max-snippet:-1","max-image-preview":"max-image-preview:large","max-video-preview":"max-video-preview:-1"},"canonical":"https:\/\/ropesandmore.fr\/de\/produkt\/kevlarseil-6mm-spezialseil-geringe-dehnung-hohe-bruchlast\/","og_locale":"de_DE","og_type":"article","og_title":"Kevlarseil 6mm \u2013 Hochleistungsseil robust & hitzebest\u00e4ndig","og_description":"Kevlarseil 6mm mit hoher Bruchlast und minimaler Dehnung: Das perfekte Spezialseil f\u00fcr industrielle Eins\u00e4tze, Kletterseile und Hochleistungsanwendungen.","og_url":"https:\/\/ropesandmore.fr\/de\/produkt\/kevlarseil-6mm-spezialseil-geringe-dehnung-hohe-bruchlast\/","og_site_name":"Ropes and More","article_publisher":"https:\/\/www.instagram.com\/ropesandmoregmbh\/","article_modified_time":"2025-08-09T13:27:39+00:00","og_image":[{"width":1000,"height":1000,"url":"https:\/\/ropesandmore.fr\/wp-content\/uploads\/2025\/06\/Kevlarseil-6mm-100m.jpg","type":"image\/jpeg"}],"twitter_card":"summary_large_image","twitter_misc":{"Gesch\u00e4tzte Lesezeit":"1\u00a0Minute"},"schema":{"@context":"https:\/\/schema.org","@graph":[{"@type":"WebPage","@id":"https:\/\/ropesandmore.fr\/de\/produkt\/kevlarseil-6mm-spezialseil-geringe-dehnung-hohe-bruchlast\/","url":"https:\/\/ropesandmore.fr\/de\/produkt\/kevlarseil-6mm-spezialseil-geringe-dehnung-hohe-bruchlast\/","name":"Kevlarseil 6mm \u2013 Hochleistungsseil robust & hitzebest\u00e4ndig","isPartOf":{"@id":"https:\/\/ropesandmore.fr\/de\/#website"},"primaryImageOfPage":{"@id":"https:\/\/ropesandmore.fr\/de\/produkt\/kevlarseil-6mm-spezialseil-geringe-dehnung-hohe-bruchlast\/#primaryimage"},"image":{"@id":"https:\/\/ropesandmore.fr\/de\/produkt\/kevlarseil-6mm-spezialseil-geringe-dehnung-hohe-bruchlast\/#primaryimage"},"thumbnailUrl":"https:\/\/ropesandmore.fr\/wp-content\/uploads\/2025\/06\/Kevlarseil-6mm-100m.jpg","datePublished":"2025-06-03T15:51:43+00:00","dateModified":"2025-08-09T13:27:39+00:00","description":"Kevlarseil 6mm mit hoher Bruchlast und minimaler Dehnung: Das perfekte Spezialseil f\u00fcr industrielle Eins\u00e4tze, Kletterseile und Hochleistungsanwendungen.","breadcrumb":{"@id":"https:\/\/ropesandmore.fr\/de\/produkt\/kevlarseil-6mm-spezialseil-geringe-dehnung-hohe-bruchlast\/#breadcrumb"},"inLanguage":"de","potentialAction":[{"@type":"ReadAction","target":["https:\/\/ropesandmore.fr\/de\/produkt\/kevlarseil-6mm-spezialseil-geringe-dehnung-hohe-bruchlast\/"]}]},{"@type":"ImageObject","inLanguage":"de","@id":"https:\/\/ropesandmore.fr\/de\/produkt\/kevlarseil-6mm-spezialseil-geringe-dehnung-hohe-bruchlast\/#primaryimage","url":"https:\/\/ropesandmore.fr\/wp-content\/uploads\/2025\/06\/Kevlarseil-6mm-100m.jpg","contentUrl":"https:\/\/ropesandmore.fr\/wp-content\/uploads\/2025\/06\/Kevlarseil-6mm-100m.jpg","width":1000,"height":1000},{"@type":"BreadcrumbList","@id":"https:\/\/ropesandmore.fr\/de\/produkt\/kevlarseil-6mm-spezialseil-geringe-dehnung-hohe-bruchlast\/#breadcrumb","itemListElement":[{"@type":"ListItem","position":1,"name":"Startseite","item":"https:\/\/ropesandmore.fr\/de\/"},{"@type":"ListItem","position":2,"name":"Ropes and More \u2013 Dein Shop f\u00fcr Seile, Tauwerk &amp; Spezialschn\u00fcre","item":"https:\/\/ropesandmore.fr\/ropes-and-more-dein-shop-fuer-seile-tauwerk-spezialschnuere\/"},{"@type":"ListItem","position":3,"name":"Kevlarseil 6mm \u2013 Robustes Spezialseil mit hoher Bruchlast &#038; minimaler Dehnung \u2013 Ideal f\u00fcr industrielle Anwendungen"}]},{"@type":"WebSite","@id":"https:\/\/ropesandmore.fr\/de\/#website","url":"https:\/\/ropesandmore.fr\/de\/","name":"ropes and more","description":"Your Trusted Partner","publisher":{"@id":"https:\/\/ropesandmore.fr\/de\/#organization"},"potentialAction":[{"@type":"SearchAction","target":{"@type":"EntryPoint","urlTemplate":"https:\/\/ropesandmore.fr\/de\/?s={search_term_string}"},"query-input":{"@type":"PropertyValueSpecification","valueRequired":true,"valueName":"search_term_string"}}],"inLanguage":"de"},{"@type":"Organization","@id":"https:\/\/ropesandmore.fr\/de\/#organization","name":"ropes and more","url":"https:\/\/ropesandmore.fr\/de\/","logo":{"@type":"ImageObject","inLanguage":"de","@id":"https:\/\/ropesandmore.fr\/de\/#\/schema\/logo\/image\/","url":"https:\/\/ropesandmore.fr\/wp-content\/uploads\/2025\/06\/Bild6.webp","contentUrl":"https:\/\/ropesandmore.fr\/wp-content\/uploads\/2025\/06\/Bild6.webp","width":1023,"height":480,"caption":"ropes and more"},"image":{"@id":"https:\/\/ropesandmore.fr\/de\/#\/schema\/logo\/image\/"},"sameAs":["https:\/\/www.instagram.com\/ropesandmoregmbh\/"]}]}},"_links":{"self":[{"href":"https:\/\/ropesandmore.fr\/de\/wp-json\/wp\/v2\/product\/10038","targetHints":{"allow":["GET"]}}],"collection":[{"href":"https:\/\/ropesandmore.fr\/de\/wp-json\/wp\/v2\/product"}],"about":[{"href":"https:\/\/ropesandmore.fr\/de\/wp-json\/wp\/v2\/types\/product"}],"version-history":[{"count":0,"href":"https:\/\/ropesandmore.fr\/de\/wp-json\/wp\/v2\/product\/10038\/revisions"}],"wp:featuredmedia":[{"embeddable":true,"href":"https:\/\/ropesandmore.fr\/de\/wp-json\/wp\/v2\/media\/10042"}],"wp:attachment":[{"href":"https:\/\/ropesandmore.fr\/de\/wp-json\/wp\/v2\/media?parent=10038"}],"wp:term":[{"taxonomy":"product_brand","embeddable":true,"href":"https:\/\/ropesandmore.fr\/de\/wp-json\/wp\/v2\/product_brand?post=10038"},{"taxonomy":"product_cat","embeddable":true,"href":"https:\/\/ropesandmore.fr\/de\/wp-json\/wp\/v2\/product_cat?post=10038"},{"taxonomy":"product_tag","embeddable":true,"href":"https:\/\/ropesandmore.fr\/de\/wp-json\/wp\/v2\/product_tag?post=10038"}],"curies":[{"name":"wp","href":"https:\/\/api.w.org\/{rel}","templated":true}]}}