{"id":10461,"date":"2025-06-25T18:41:05","date_gmt":"2025-06-25T18:41:05","guid":{"rendered":"https:\/\/ropesandmore.fr\/?post_type=product&#038;p=10461"},"modified":"2025-08-18T19:03:40","modified_gmt":"2025-08-18T19:03:40","slug":"hanfseil-mit-schlaufe-o8-mm-bis-o30mm-1-m-bis-210-m","status":"publish","type":"product","link":"https:\/\/ropesandmore.fr\/de\/produkt\/hanfseil-mit-schlaufe-o8-mm-bis-o30mm-1-m-bis-210-m\/","title":{"rendered":"Hanfseil Seil mit Schlaufe \u2013 Konfektioniert nach Ma\u00df \u2013 \u00d88mm-30\u202fmm \u2013 1m bis 210m \u2013 Robust f\u00fcr Garten, Spielplatz &#038; Bau"},"content":{"rendered":"<h3 data-start=\"1127\" data-end=\"1210\"><strong data-start=\"1131\" data-end=\"1210\">\ud83e\udea2 Hanfseil mit Schlaufe \u2013 Konfektioniert nach Ma\u00df (\u00d88\u202f\u2013\u202f30\u202fmm | 1\u202f\u2013\u202f210\u202fm)<\/strong><\/h3>\n<p data-start=\"1212\" data-end=\"1454\">Unser hochwertiges Hanfseil aus nat\u00fcrlicher Faser wird individuell f\u00fcr dich angefertigt \u2013 mit stabil eingesplei\u00dfter Schlaufe (Augsplei\u00df) an einem Ende. Ob 1\u202fMeter oder 210\u202fMeter: Du bestimmst die L\u00e4nge, wir fertigen pr\u00e4zise und einsatzbereit.<\/p>\n<p data-start=\"1456\" data-end=\"1677\">Hanfseile bieten nicht nur eine rustikale, dekorative Optik, sondern \u00fcberzeugen durch ihre Griffigkeit, Umweltfreundlichkeit und hohe Rei\u00dffestigkeit. Perfekt f\u00fcr Garten, Spielplatz, Bau, Events oder kreative DIY-Projekte.<\/p>\n<hr data-start=\"1126\" data-end=\"1129\" \/>\n<p data-start=\"1131\" data-end=\"1468\">\u2705 <strong data-start=\"1133\" data-end=\"1153\">Technische Daten<\/strong><br data-start=\"1153\" data-end=\"1156\" \/>\u2022 <strong data-start=\"1158\" data-end=\"1174\">Durchmesser:<\/strong> 8mm, 10mm, 20mm<br data-start=\"1180\" data-end=\"1183\" \/>\u2022 <strong data-start=\"1185\" data-end=\"1202\">Konstruktion:<\/strong> 3-litizg (8mm, 10mm) &#8211; 4-litzig gedreht (20mm)<br data-start=\"1219\" data-end=\"1222\" \/>\u2022 <strong data-start=\"1224\" data-end=\"1237\">Material:<\/strong> Reines Hanfseil (Naturfaser)<br data-start=\"1364\" data-end=\"1367\" \/>\u2022 <strong data-start=\"1369\" data-end=\"1387\">Eigenschaften:<\/strong> Nat\u00fcrlich, biologisch abbaubar, hohe Griffigkeit, leicht feuchtigkeitsanf\u00e4llig<\/p>\n<table>\n<thead>\n<tr>\n<th><strong>Durchmesser<\/strong><\/th>\n<th><strong>Bruchlast ohne Schlaufe<\/strong><\/th>\n<th><strong>Bruchlast mit Schlaufe (\u201315\u202f%)<\/strong><\/th>\n<th><strong>Gewicht pro 100\u202fm<\/strong><\/th>\n<\/tr>\n<\/thead>\n<tbody>\n<tr>\n<td>8\u202fmm<\/td>\n<td>ca. 450\u202fdaN<\/td>\n<td>ca. 380\u202fdaN<\/td>\n<td>ca. 4,6\u202fkg<\/td>\n<\/tr>\n<tr>\n<td>10\u202fmm<\/td>\n<td>ca. 700\u202fdaN<\/td>\n<td>ca. 595\u202fdaN<\/td>\n<td>ca. 7,5\u202fkg<\/td>\n<\/tr>\n<tr>\n<td>20\u202fmm<\/td>\n<td>ca. 2780\u202fdaN<\/td>\n<td>ca. 2360\u202fdaN<\/td>\n<td>ca. 25,5\u202fkg<\/td>\n<\/tr>\n<tr>\n<td>24\u202fmm<\/td>\n<td>ca. 3980\u202fdaN<\/td>\n<td>ca. 3380\u202fdaN<\/td>\n<td>ca. 37\u202fkg<\/td>\n<\/tr>\n<tr>\n<td>30\u202fmm<\/td>\n<td>ca. 6180\u202fdaN<\/td>\n<td>ca. 5250\u202fdaN<\/td>\n<td>ca. 48\u202fkg<\/td>\n<\/tr>\n<\/tbody>\n<\/table>\n<p data-start=\"1475\" data-end=\"1819\">\ud83d\udca1 <strong data-start=\"1478\" data-end=\"1507\">Typische Einsatzbereiche:<\/strong><br data-start=\"1507\" data-end=\"1510\" \/>\ud83c\udfe1 Garten &amp; Spielplatz \u2013 Balancierseile, Kletterelemente, Naturspielger\u00e4te<br data-start=\"1584\" data-end=\"1587\" \/>\ud83c\udfd7\ufe0f Bau &amp; Handwerk \u2013 Ziehseile, Absperrungen, tempor\u00e4re Befestigungen<br data-start=\"1656\" data-end=\"1659\" \/>\ud83c\udfaa Veranstaltungen &amp; Deko \u2013 rustikale Gestaltung, B\u00fchnenbau, Absperrungen<br data-start=\"1732\" data-end=\"1735\" \/>\ud83e\uddf0 DIY &amp; Heimwerken \u2013 Trainingsger\u00e4te, Seilinstallationen, Kunst- &amp; Designprojekte<\/p>\n<hr data-start=\"1821\" data-end=\"1824\" \/>\n<p data-start=\"1826\" data-end=\"2129\"><strong data-start=\"1826\" data-end=\"1838\">Hinweis:<\/strong> Naturhanfseile sind nicht verrottungsfest und sollten bei dauerhafter Feuchtigkeit regelm\u00e4\u00dfig kontrolliert werden. Das Seil wird auf L\u00e4nge zugeschnitten (z.\u202fB. 1m-210m) und mit eingesplei\u00dfter Schlaufe geliefert. Geringe Ma\u00dfabweichungen sind produktionsbedingt m\u00f6glich.<\/p>\n","protected":false},"excerpt":{"rendered":"<ul>\n<li data-start=\"131\" data-end=\"296\"><strong data-start=\"133\" data-end=\"174\">100\u202f% Naturhanf \u2013 robust &amp; nachhaltig &#8211; <\/strong>Reines Hanfseil mit authentischer Optik und nat\u00fcrlicher Haptik \u2013 plastikfrei, biologisch abbaubar und umweltfreundlich.<\/li>\n<li data-start=\"131\" data-end=\"296\"><strong style=\"font-size: 16px;\" data-start=\"300\" data-end=\"333\">Fertig eingesplei\u00dfte Schlaufe &#8211; <\/strong>F\u00fcr sofortige, sichere Anwendung als Zugseil, Kletterhilfe oder Befestigung \u2013 ohne zus\u00e4tzliches Zubeh\u00f6r einsetzbar.<\/li>\n<li data-start=\"131\" data-end=\"296\"><strong style=\"font-size: 16px;\" data-start=\"455\" data-end=\"492\">Hohe Rei\u00dffestigkeit &amp; Griffigkeit &#8211; <\/strong>Ideal f\u00fcr starke Belastung im Garten, Bau oder Heimwerkerbereich \u2013 das Seil liegt rutschfest und angenehm in der Hand.<\/li>\n<li data-start=\"131\" data-end=\"296\"><strong style=\"font-size: 16px;\" data-start=\"617\" data-end=\"642\">Vielseitig einsetzbar &#8211; <\/strong>Perfekt f\u00fcr Spielplatz, Kletterparcours, rustikale Dekoration, Eventbau, Gartenprojekte oder kreative DIY-Ideen.<\/li>\n<li data-start=\"131\" data-end=\"296\"><strong style=\"font-size: 16px;\" data-start=\"761\" data-end=\"814\">Traditionell &amp; dekorativ \u2013 mit nat\u00fcrlichem Geruch &#8211; <\/strong>Nat\u00fcrlich gedrehtes Hanfseil mit rustikalem Look und leichtem Naturgeruch \u2013 ein Zeichen echter Qualit\u00e4t.<\/li>\n<\/ul>\n","protected":false},"featured_media":10470,"template":"","meta":{"_acf_changed":false,"site-sidebar-layout":"default","site-content-layout":"","ast-site-content-layout":"default","site-content-style":"default","site-sidebar-style":"default","ast-global-header-display":"","ast-banner-title-visibility":"","ast-main-header-display":"","ast-hfb-above-header-display":"","ast-hfb-below-header-display":"","ast-hfb-mobile-header-display":"","site-post-title":"","ast-breadcrumbs-content":"","ast-featured-img":"","footer-sml-layout":"","ast-disable-related-posts":"","theme-transparent-header-meta":"default","adv-header-id-meta":"","stick-header-meta":"","header-above-stick-meta":"","header-main-stick-meta":"","header-below-stick-meta":"","astra-migrate-meta-layouts":"set","ast-page-background-enabled":"default","ast-page-background-meta":{"desktop":{"background-color":"","background-image":"","background-repeat":"repeat","background-position":"center center","background-size":"auto","background-attachment":"scroll","background-type":"","background-media":"","overlay-type":"","overlay-color":"","overlay-opacity":"","overlay-gradient":""},"tablet":{"background-color":"","background-image":"","background-repeat":"repeat","background-position":"center center","background-size":"auto","background-attachment":"scroll","background-type":"","background-media":"","overlay-type":"","overlay-color":"","overlay-opacity":"","overlay-gradient":""},"mobile":{"background-color":"","background-image":"","background-repeat":"repeat","background-position":"center center","background-size":"auto","background-attachment":"scroll","background-type":"","background-media":"","overlay-type":"","overlay-color":"","overlay-opacity":"","overlay-gradient":""}},"ast-content-background-meta":{"desktop":{"background-color":"var(--ast-global-color-5)","background-image":"","background-repeat":"repeat","background-position":"center center","background-size":"auto","background-attachment":"scroll","background-type":"","background-media":"","overlay-type":"","overlay-color":"","overlay-opacity":"","overlay-gradient":""},"tablet":{"background-color":"var(--ast-global-color-5)","background-image":"","background-repeat":"repeat","background-position":"center center","background-size":"auto","background-attachment":"scroll","background-type":"","background-media":"","overlay-type":"","overlay-color":"","overlay-opacity":"","overlay-gradient":""},"mobile":{"background-color":"var(--ast-global-color-5)","background-image":"","background-repeat":"repeat","background-position":"center center","background-size":"auto","background-attachment":"scroll","background-type":"","background-media":"","overlay-type":"","overlay-color":"","overlay-opacity":"","overlay-gradient":""}}},"product_brand":[193],"product_cat":[96,87,107],"product_tag":[1152,1159,1157,1151,428,1147,1146,676,1149,1148,1155,1145,1154,1158,1156,784,1150,717,437,1153],"class_list":{"0":"post-10461","1":"product","2":"type-product","3":"status-publish","4":"has-post-thumbnail","6":"product_brand-ropes-and-more","7":"product_cat-seile-fuer-geruestbau","8":"product_cat-seile-fuer-sport-outdoor","9":"product_cat-seile-mit-augspleiss-standardlaengen","10":"product_tag-aufhaengeseil","11":"product_tag-balancierseil","12":"product_tag-bau-und-hebeseil","13":"product_tag-garten-seil","14":"product_tag-hanfoptik-seil","15":"product_tag-hanfseil-wetterfest","16":"product_tag-kletterseil-16-mm","17":"product_tag-langlebiges-seil","18":"product_tag-outdoor-seil-robust","19":"product_tag-polyhanf-kletterseil","20":"product_tag-polyhanf-rundseil","21":"product_tag-polyhanfseil","22":"product_tag-reissfestes-kletterseil","23":"product_tag-schimmelresistentes-seil","24":"product_tag-seil-fuer-kinder","25":"product_tag-seil-mit-schlaufe","26":"product_tag-spielplatz-seil","27":"product_tag-synthetisches-hanfseil","28":"product_tag-witterungsbestaendiges-seil","29":"product_tag-zugseil","30":"desktop-align-left","31":"tablet-align-left","32":"mobile-align-left","34":"first","35":"instock","36":"featured","37":"taxable","38":"shipping-taxable","39":"purchasable","40":"product-type-variable"},"acf":[],"yoast_head":"<!-- This site is optimized with the Yoast SEO plugin v27.5 - https:\/\/yoast.com\/product\/yoast-seo-wordpress\/ -->\n<title>Hanfseil \u00d88-30\u202fmm mit Schlaufe \u2013 Naturseil f\u00fcr Garten, Bau &amp; Deko<\/title>\n<meta name=\"description\" content=\"Robustes Hanfseil 8mm-30\u202fmm mit eingesplei\u00dfter Schlaufe \u2013 100\u202f% Naturfaser, rei\u00dffest, biologisch abbaubar &amp; ideal f\u00fcr Garten, Spielplatz, Bau &amp; DIY.\" \/>\n<meta name=\"robots\" content=\"index, follow, max-snippet:-1, max-image-preview:large, max-video-preview:-1\" \/>\n<link rel=\"canonical\" href=\"https:\/\/ropesandmore.fr\/de\/produkt\/hanfseil-mit-schlaufe-o8-mm-bis-o30mm-1-m-bis-210-m\/\" \/>\n<meta property=\"og:locale\" content=\"de_DE\" \/>\n<meta property=\"og:type\" content=\"article\" \/>\n<meta property=\"og:title\" content=\"Hanfseil \u00d88-30\u202fmm mit Schlaufe \u2013 Naturseil f\u00fcr Garten, Bau &amp; Deko\" \/>\n<meta property=\"og:description\" content=\"Robustes Hanfseil 8mm-30\u202fmm mit eingesplei\u00dfter Schlaufe \u2013 100\u202f% Naturfaser, rei\u00dffest, biologisch abbaubar &amp; ideal f\u00fcr Garten, Spielplatz, Bau &amp; DIY.\" \/>\n<meta property=\"og:url\" content=\"https:\/\/ropesandmore.fr\/de\/produkt\/hanfseil-mit-schlaufe-o8-mm-bis-o30mm-1-m-bis-210-m\/\" \/>\n<meta property=\"og:site_name\" content=\"Ropes and More\" \/>\n<meta property=\"article:publisher\" content=\"https:\/\/www.instagram.com\/ropesandmoregmbh\/\" \/>\n<meta property=\"article:modified_time\" content=\"2025-08-18T19:03:40+00:00\" \/>\n<meta property=\"og:image\" content=\"https:\/\/ropesandmore.fr\/wp-content\/uploads\/2025\/06\/Kletterseil-20mm-Hanf.jpg\" \/>\n\t<meta property=\"og:image:width\" content=\"1000\" \/>\n\t<meta property=\"og:image:height\" content=\"1000\" \/>\n\t<meta property=\"og:image:type\" content=\"image\/jpeg\" \/>\n<meta name=\"twitter:card\" content=\"summary_large_image\" \/>\n<meta name=\"twitter:label1\" content=\"Gesch\u00e4tzte Lesezeit\" \/>\n\t<meta name=\"twitter:data1\" content=\"2\u00a0Minute\" \/>\n<script type=\"application\/ld+json\" class=\"yoast-schema-graph\">{\"@context\":\"https:\\\/\\\/schema.org\",\"@graph\":[{\"@type\":\"WebPage\",\"@id\":\"https:\\\/\\\/ropesandmore.fr\\\/de\\\/produkt\\\/hanfseil-mit-schlaufe-o8-mm-bis-o30mm-1-m-bis-210-m\\\/\",\"url\":\"https:\\\/\\\/ropesandmore.fr\\\/de\\\/produkt\\\/hanfseil-mit-schlaufe-o8-mm-bis-o30mm-1-m-bis-210-m\\\/\",\"name\":\"Hanfseil \u00d88-30\u202fmm mit Schlaufe \u2013 Naturseil f\u00fcr Garten, Bau & Deko\",\"isPartOf\":{\"@id\":\"https:\\\/\\\/ropesandmore.fr\\\/de\\\/#website\"},\"primaryImageOfPage\":{\"@id\":\"https:\\\/\\\/ropesandmore.fr\\\/de\\\/produkt\\\/hanfseil-mit-schlaufe-o8-mm-bis-o30mm-1-m-bis-210-m\\\/#primaryimage\"},\"image\":{\"@id\":\"https:\\\/\\\/ropesandmore.fr\\\/de\\\/produkt\\\/hanfseil-mit-schlaufe-o8-mm-bis-o30mm-1-m-bis-210-m\\\/#primaryimage\"},\"thumbnailUrl\":\"https:\\\/\\\/ropesandmore.fr\\\/wp-content\\\/uploads\\\/2025\\\/06\\\/Kletterseil-20mm-Hanf.jpg\",\"datePublished\":\"2025-06-25T18:41:05+00:00\",\"dateModified\":\"2025-08-18T19:03:40+00:00\",\"description\":\"Robustes Hanfseil 8mm-30\u202fmm mit eingesplei\u00dfter Schlaufe \u2013 100\u202f% Naturfaser, rei\u00dffest, biologisch abbaubar & ideal f\u00fcr Garten, Spielplatz, Bau & DIY.\",\"breadcrumb\":{\"@id\":\"https:\\\/\\\/ropesandmore.fr\\\/de\\\/produkt\\\/hanfseil-mit-schlaufe-o8-mm-bis-o30mm-1-m-bis-210-m\\\/#breadcrumb\"},\"inLanguage\":\"de\",\"potentialAction\":[{\"@type\":\"ReadAction\",\"target\":[\"https:\\\/\\\/ropesandmore.fr\\\/de\\\/produkt\\\/hanfseil-mit-schlaufe-o8-mm-bis-o30mm-1-m-bis-210-m\\\/\"]}]},{\"@type\":\"ImageObject\",\"inLanguage\":\"de\",\"@id\":\"https:\\\/\\\/ropesandmore.fr\\\/de\\\/produkt\\\/hanfseil-mit-schlaufe-o8-mm-bis-o30mm-1-m-bis-210-m\\\/#primaryimage\",\"url\":\"https:\\\/\\\/ropesandmore.fr\\\/wp-content\\\/uploads\\\/2025\\\/06\\\/Kletterseil-20mm-Hanf.jpg\",\"contentUrl\":\"https:\\\/\\\/ropesandmore.fr\\\/wp-content\\\/uploads\\\/2025\\\/06\\\/Kletterseil-20mm-Hanf.jpg\",\"width\":1000,\"height\":1000},{\"@type\":\"BreadcrumbList\",\"@id\":\"https:\\\/\\\/ropesandmore.fr\\\/de\\\/produkt\\\/hanfseil-mit-schlaufe-o8-mm-bis-o30mm-1-m-bis-210-m\\\/#breadcrumb\",\"itemListElement\":[{\"@type\":\"ListItem\",\"position\":1,\"name\":\"Startseite\",\"item\":\"https:\\\/\\\/ropesandmore.fr\\\/de\\\/\"},{\"@type\":\"ListItem\",\"position\":2,\"name\":\"Ropes and More \u2013 Dein Shop f\u00fcr Seile, Tauwerk &amp; Spezialschn\u00fcre\",\"item\":\"https:\\\/\\\/ropesandmore.fr\\\/ropes-and-more-dein-shop-fuer-seile-tauwerk-spezialschnuere\\\/\"},{\"@type\":\"ListItem\",\"position\":3,\"name\":\"Hanfseil Seil mit Schlaufe \u2013 Konfektioniert nach Ma\u00df \u2013 \u00d88mm-30\u202fmm \u2013 1m bis 210m \u2013 Robust f\u00fcr Garten, Spielplatz &#038; Bau\"}]},{\"@type\":\"WebSite\",\"@id\":\"https:\\\/\\\/ropesandmore.fr\\\/de\\\/#website\",\"url\":\"https:\\\/\\\/ropesandmore.fr\\\/de\\\/\",\"name\":\"ropes and more\",\"description\":\"Your Trusted Partner\",\"publisher\":{\"@id\":\"https:\\\/\\\/ropesandmore.fr\\\/de\\\/#organization\"},\"potentialAction\":[{\"@type\":\"SearchAction\",\"target\":{\"@type\":\"EntryPoint\",\"urlTemplate\":\"https:\\\/\\\/ropesandmore.fr\\\/de\\\/?s={search_term_string}\"},\"query-input\":{\"@type\":\"PropertyValueSpecification\",\"valueRequired\":true,\"valueName\":\"search_term_string\"}}],\"inLanguage\":\"de\"},{\"@type\":\"Organization\",\"@id\":\"https:\\\/\\\/ropesandmore.fr\\\/de\\\/#organization\",\"name\":\"ropes and more\",\"url\":\"https:\\\/\\\/ropesandmore.fr\\\/de\\\/\",\"logo\":{\"@type\":\"ImageObject\",\"inLanguage\":\"de\",\"@id\":\"https:\\\/\\\/ropesandmore.fr\\\/de\\\/#\\\/schema\\\/logo\\\/image\\\/\",\"url\":\"https:\\\/\\\/ropesandmore.fr\\\/wp-content\\\/uploads\\\/2025\\\/06\\\/Bild6.webp\",\"contentUrl\":\"https:\\\/\\\/ropesandmore.fr\\\/wp-content\\\/uploads\\\/2025\\\/06\\\/Bild6.webp\",\"width\":1023,\"height\":480,\"caption\":\"ropes and more\"},\"image\":{\"@id\":\"https:\\\/\\\/ropesandmore.fr\\\/de\\\/#\\\/schema\\\/logo\\\/image\\\/\"},\"sameAs\":[\"https:\\\/\\\/www.instagram.com\\\/ropesandmoregmbh\\\/\"]}]}<\/script>\n<!-- \/ Yoast SEO plugin. -->","yoast_head_json":{"title":"Hanfseil \u00d88-30\u202fmm mit Schlaufe \u2013 Naturseil f\u00fcr Garten, Bau & Deko","description":"Robustes Hanfseil 8mm-30\u202fmm mit eingesplei\u00dfter Schlaufe \u2013 100\u202f% Naturfaser, rei\u00dffest, biologisch abbaubar & ideal f\u00fcr Garten, Spielplatz, Bau & DIY.","robots":{"index":"index","follow":"follow","max-snippet":"max-snippet:-1","max-image-preview":"max-image-preview:large","max-video-preview":"max-video-preview:-1"},"canonical":"https:\/\/ropesandmore.fr\/de\/produkt\/hanfseil-mit-schlaufe-o8-mm-bis-o30mm-1-m-bis-210-m\/","og_locale":"de_DE","og_type":"article","og_title":"Hanfseil \u00d88-30\u202fmm mit Schlaufe \u2013 Naturseil f\u00fcr Garten, Bau & Deko","og_description":"Robustes Hanfseil 8mm-30\u202fmm mit eingesplei\u00dfter Schlaufe \u2013 100\u202f% Naturfaser, rei\u00dffest, biologisch abbaubar & ideal f\u00fcr Garten, Spielplatz, Bau & DIY.","og_url":"https:\/\/ropesandmore.fr\/de\/produkt\/hanfseil-mit-schlaufe-o8-mm-bis-o30mm-1-m-bis-210-m\/","og_site_name":"Ropes and More","article_publisher":"https:\/\/www.instagram.com\/ropesandmoregmbh\/","article_modified_time":"2025-08-18T19:03:40+00:00","og_image":[{"width":1000,"height":1000,"url":"https:\/\/ropesandmore.fr\/wp-content\/uploads\/2025\/06\/Kletterseil-20mm-Hanf.jpg","type":"image\/jpeg"}],"twitter_card":"summary_large_image","twitter_misc":{"Gesch\u00e4tzte Lesezeit":"2\u00a0Minute"},"schema":{"@context":"https:\/\/schema.org","@graph":[{"@type":"WebPage","@id":"https:\/\/ropesandmore.fr\/de\/produkt\/hanfseil-mit-schlaufe-o8-mm-bis-o30mm-1-m-bis-210-m\/","url":"https:\/\/ropesandmore.fr\/de\/produkt\/hanfseil-mit-schlaufe-o8-mm-bis-o30mm-1-m-bis-210-m\/","name":"Hanfseil \u00d88-30\u202fmm mit Schlaufe \u2013 Naturseil f\u00fcr Garten, Bau & Deko","isPartOf":{"@id":"https:\/\/ropesandmore.fr\/de\/#website"},"primaryImageOfPage":{"@id":"https:\/\/ropesandmore.fr\/de\/produkt\/hanfseil-mit-schlaufe-o8-mm-bis-o30mm-1-m-bis-210-m\/#primaryimage"},"image":{"@id":"https:\/\/ropesandmore.fr\/de\/produkt\/hanfseil-mit-schlaufe-o8-mm-bis-o30mm-1-m-bis-210-m\/#primaryimage"},"thumbnailUrl":"https:\/\/ropesandmore.fr\/wp-content\/uploads\/2025\/06\/Kletterseil-20mm-Hanf.jpg","datePublished":"2025-06-25T18:41:05+00:00","dateModified":"2025-08-18T19:03:40+00:00","description":"Robustes Hanfseil 8mm-30\u202fmm mit eingesplei\u00dfter Schlaufe \u2013 100\u202f% Naturfaser, rei\u00dffest, biologisch abbaubar & ideal f\u00fcr Garten, Spielplatz, Bau & DIY.","breadcrumb":{"@id":"https:\/\/ropesandmore.fr\/de\/produkt\/hanfseil-mit-schlaufe-o8-mm-bis-o30mm-1-m-bis-210-m\/#breadcrumb"},"inLanguage":"de","potentialAction":[{"@type":"ReadAction","target":["https:\/\/ropesandmore.fr\/de\/produkt\/hanfseil-mit-schlaufe-o8-mm-bis-o30mm-1-m-bis-210-m\/"]}]},{"@type":"ImageObject","inLanguage":"de","@id":"https:\/\/ropesandmore.fr\/de\/produkt\/hanfseil-mit-schlaufe-o8-mm-bis-o30mm-1-m-bis-210-m\/#primaryimage","url":"https:\/\/ropesandmore.fr\/wp-content\/uploads\/2025\/06\/Kletterseil-20mm-Hanf.jpg","contentUrl":"https:\/\/ropesandmore.fr\/wp-content\/uploads\/2025\/06\/Kletterseil-20mm-Hanf.jpg","width":1000,"height":1000},{"@type":"BreadcrumbList","@id":"https:\/\/ropesandmore.fr\/de\/produkt\/hanfseil-mit-schlaufe-o8-mm-bis-o30mm-1-m-bis-210-m\/#breadcrumb","itemListElement":[{"@type":"ListItem","position":1,"name":"Startseite","item":"https:\/\/ropesandmore.fr\/de\/"},{"@type":"ListItem","position":2,"name":"Ropes and More \u2013 Dein Shop f\u00fcr Seile, Tauwerk &amp; Spezialschn\u00fcre","item":"https:\/\/ropesandmore.fr\/ropes-and-more-dein-shop-fuer-seile-tauwerk-spezialschnuere\/"},{"@type":"ListItem","position":3,"name":"Hanfseil Seil mit Schlaufe \u2013 Konfektioniert nach Ma\u00df \u2013 \u00d88mm-30\u202fmm \u2013 1m bis 210m \u2013 Robust f\u00fcr Garten, Spielplatz &#038; Bau"}]},{"@type":"WebSite","@id":"https:\/\/ropesandmore.fr\/de\/#website","url":"https:\/\/ropesandmore.fr\/de\/","name":"ropes and more","description":"Your Trusted Partner","publisher":{"@id":"https:\/\/ropesandmore.fr\/de\/#organization"},"potentialAction":[{"@type":"SearchAction","target":{"@type":"EntryPoint","urlTemplate":"https:\/\/ropesandmore.fr\/de\/?s={search_term_string}"},"query-input":{"@type":"PropertyValueSpecification","valueRequired":true,"valueName":"search_term_string"}}],"inLanguage":"de"},{"@type":"Organization","@id":"https:\/\/ropesandmore.fr\/de\/#organization","name":"ropes and more","url":"https:\/\/ropesandmore.fr\/de\/","logo":{"@type":"ImageObject","inLanguage":"de","@id":"https:\/\/ropesandmore.fr\/de\/#\/schema\/logo\/image\/","url":"https:\/\/ropesandmore.fr\/wp-content\/uploads\/2025\/06\/Bild6.webp","contentUrl":"https:\/\/ropesandmore.fr\/wp-content\/uploads\/2025\/06\/Bild6.webp","width":1023,"height":480,"caption":"ropes and more"},"image":{"@id":"https:\/\/ropesandmore.fr\/de\/#\/schema\/logo\/image\/"},"sameAs":["https:\/\/www.instagram.com\/ropesandmoregmbh\/"]}]}},"_links":{"self":[{"href":"https:\/\/ropesandmore.fr\/de\/wp-json\/wp\/v2\/product\/10461","targetHints":{"allow":["GET"]}}],"collection":[{"href":"https:\/\/ropesandmore.fr\/de\/wp-json\/wp\/v2\/product"}],"about":[{"href":"https:\/\/ropesandmore.fr\/de\/wp-json\/wp\/v2\/types\/product"}],"version-history":[{"count":0,"href":"https:\/\/ropesandmore.fr\/de\/wp-json\/wp\/v2\/product\/10461\/revisions"}],"wp:featuredmedia":[{"embeddable":true,"href":"https:\/\/ropesandmore.fr\/de\/wp-json\/wp\/v2\/media\/10470"}],"wp:attachment":[{"href":"https:\/\/ropesandmore.fr\/de\/wp-json\/wp\/v2\/media?parent=10461"}],"wp:term":[{"taxonomy":"product_brand","embeddable":true,"href":"https:\/\/ropesandmore.fr\/de\/wp-json\/wp\/v2\/product_brand?post=10461"},{"taxonomy":"product_cat","embeddable":true,"href":"https:\/\/ropesandmore.fr\/de\/wp-json\/wp\/v2\/product_cat?post=10461"},{"taxonomy":"product_tag","embeddable":true,"href":"https:\/\/ropesandmore.fr\/de\/wp-json\/wp\/v2\/product_tag?post=10461"}],"curies":[{"name":"wp","href":"https:\/\/api.w.org\/{rel}","templated":true}]}}