{"id":4734,"date":"2025-01-02T08:37:24","date_gmt":"2025-01-02T08:37:24","guid":{"rendered":"https:\/\/ropesandmore.fr\/?post_type=product&#038;p=4734"},"modified":"2025-08-06T17:51:30","modified_gmt":"2025-08-06T17:51:30","slug":"o3mm-ppm-seil-polypropylenseile-geflochten","status":"publish","type":"product","link":"https:\/\/ropesandmore.fr\/de\/produkt\/o3mm-ppm-seil-polypropylenseile-geflochten\/","title":{"rendered":"Polypropylenseile PPM Seil \u00d83mm 16-fach geflochten 34 Farben"},"content":{"rendered":"<h3 data-start=\"173\" data-end=\"237\"><strong>PPM Seile &amp; Schn\u00fcre\u00a0 \u2013 Vielseitig \u2699\ufe0f, robust , widerstandsf\u00e4hig \ud83d\udee1\ufe0f<\/strong><\/h3>\n<p class=\"\" data-start=\"239\" data-end=\"575\">Unsere PPM-Seile und -Schn\u00fcre werden aus 100\u202f% hochwertigem Polypropylen-Multifilamentgarn in Deutschland hergestellt. Sie eignen sich ideal zum <strong>Knoten, Kn\u00fcpfen und Flechten<\/strong>\ud83e\udea2 \u2013 zum Beispiel f\u00fcr <strong>Armb\u00e4nder, Hundehalsb\u00e4nder und -leinen<\/strong> \ud83d\udc15\u200d\ud83e\uddba, <strong>Pferdehalfter<\/strong> \ud83d\udc0e, <strong>Halsketten, kreative DIY-Projekte<\/strong> \u2702\ufe0f, <strong>Dekorationen oder zur Etikettierung im Designbereich<\/strong> \ud83c\udff7\ufe0f.<\/p>\n<p class=\"\" data-start=\"577\" data-end=\"608\"><strong data-start=\"577\" data-end=\"608\">Eigenschaften im \u00dcberblick:<\/strong><\/p>\n<p>\u2728 Seidig gl\u00e4nzende Oberfl\u00e4che<br data-start=\"635\" data-end=\"638\" \/>\ud83d\udc43 Geruchsneutral und geschmeidig<br data-start=\"671\" data-end=\"674\" \/>\ud83c\udf0a Schwimmf\u00e4hig und wetterbest\u00e4ndig<br data-start=\"709\" data-end=\"712\" \/>\ud83d\udd17\u00a0Hohe Zugfestigkeit<br data-start=\"733\" data-end=\"736\" \/>\ud83e\uddea Sehr gute Best\u00e4ndigkeit gegen\u00fcber Chemikalien<br data-start=\"784\" data-end=\"787\" \/>\ud83c\udfd5\ufe0f Ideal f\u00fcr den Innen- und Au\u00dfeneinsatz<\/p>\n<p class=\"\" data-start=\"827\" data-end=\"1029\">Dank ihrer vielseitigen Einsatzm\u00f6glichkeiten und ihrer hervorragenden Materialeigenschaften sind unsere PP-Seile besonders beliebt bei <strong>Bastlern, Designern, Outdoor-Fans und Tierliebhabern<\/strong> gleicherma\u00dfen.<\/p>\n<hr \/>\n<p><strong data-start=\"139\" data-end=\"171\">Hinweis zur Farbdarstellung:<\/strong><br data-start=\"171\" data-end=\"174\" \/>Bitte beachten Sie, dass es durch Lichtverh\u00e4ltnisse bei der Produktfotografie sowie durch unterschiedliche Bildschirmdarstellungen zu leichten Farbabweichungen kommen kann.<\/p>\n","protected":false},"excerpt":{"rendered":"<ul>\n<li><strong>Durchmesser: 3 mm<\/strong><\/li>\n<li>Bruchlast: 150 daN(kg)<\/li>\n<li>Flechtung: 16-fach geflochten mit Seilkern<\/li>\n<li>Arbeitsdehnung &lt;12%<\/li>\n<li>Werkstoff: Polypropylen (PP) Multifil hochfest<\/li>\n<li><span data-contrast=\"auto\">Gewicht per 100m: 0,39 kg<\/span><\/li>\n<li>Sonderl\u00e4ngen auf Anfrage<\/li>\n<\/ul>\n","protected":false},"featured_media":7421,"template":"","meta":{"_acf_changed":false,"site-sidebar-layout":"default","site-content-layout":"","ast-site-content-layout":"default","site-content-style":"default","site-sidebar-style":"default","ast-global-header-display":"","ast-banner-title-visibility":"","ast-main-header-display":"","ast-hfb-above-header-display":"","ast-hfb-below-header-display":"","ast-hfb-mobile-header-display":"","site-post-title":"","ast-breadcrumbs-content":"","ast-featured-img":"","footer-sml-layout":"","ast-disable-related-posts":"","theme-transparent-header-meta":"default","adv-header-id-meta":"","stick-header-meta":"","header-above-stick-meta":"","header-main-stick-meta":"","header-below-stick-meta":"","astra-migrate-meta-layouts":"set","ast-page-background-enabled":"default","ast-page-background-meta":{"desktop":{"background-color":"","background-image":"","background-repeat":"repeat","background-position":"center center","background-size":"auto","background-attachment":"scroll","background-type":"","background-media":"","overlay-type":"","overlay-color":"","overlay-opacity":"","overlay-gradient":""},"tablet":{"background-color":"","background-image":"","background-repeat":"repeat","background-position":"center center","background-size":"auto","background-attachment":"scroll","background-type":"","background-media":"","overlay-type":"","overlay-color":"","overlay-opacity":"","overlay-gradient":""},"mobile":{"background-color":"","background-image":"","background-repeat":"repeat","background-position":"center center","background-size":"auto","background-attachment":"scroll","background-type":"","background-media":"","overlay-type":"","overlay-color":"","overlay-opacity":"","overlay-gradient":""}},"ast-content-background-meta":{"desktop":{"background-color":"var(--ast-global-color-5)","background-image":"","background-repeat":"repeat","background-position":"center center","background-size":"auto","background-attachment":"scroll","background-type":"","background-media":"","overlay-type":"","overlay-color":"","overlay-opacity":"","overlay-gradient":""},"tablet":{"background-color":"var(--ast-global-color-5)","background-image":"","background-repeat":"repeat","background-position":"center center","background-size":"auto","background-attachment":"scroll","background-type":"","background-media":"","overlay-type":"","overlay-color":"","overlay-opacity":"","overlay-gradient":""},"mobile":{"background-color":"var(--ast-global-color-5)","background-image":"","background-repeat":"repeat","background-position":"center center","background-size":"auto","background-attachment":"scroll","background-type":"","background-media":"","overlay-type":"","overlay-color":"","overlay-opacity":"","overlay-gradient":""}}},"product_brand":[193],"product_cat":[91,85,930,58,73,949,87,86,929],"product_tag":[162,161,160,159,61,59,158,163,60],"class_list":{"0":"post-4734","1":"product","2":"type-product","3":"status-publish","4":"has-post-thumbnail","6":"product_brand-ropes-and-more","7":"product_cat-haushalts-handwerkerseile","8":"product_cat-kreativbedarf-diy-materialien-basteln-naehen-deko","9":"product_cat-naturseile","10":"product_cat-polypropylenseil","11":"product_cat-polypropylenseile-geflochten","12":"product_cat-seile-fuer-planen-zelte","13":"product_cat-seile-fuer-sport-outdoor","14":"product_cat-seile-nach-anwendung-seile-fuer-tierbedarf-und-spielzeug","15":"product_cat-kategorie-seile-nach-anwendung","16":"product_tag-diy-kordel-3mm","17":"product_tag-flechtschnur-3mm","18":"product_tag-makramee-3mm","19":"product_tag-polypropylen-3mm","20":"product_tag-polypropylenseile","21":"product_tag-ppm","22":"product_tag-ppm-3mm","23":"product_tag-schmuckzubehoer-3mm","24":"product_tag-seil","25":"desktop-align-left","26":"tablet-align-left","27":"mobile-align-left","29":"first","30":"instock","31":"featured","32":"taxable","33":"shipping-taxable","34":"purchasable","35":"product-type-variable"},"acf":[],"yoast_head":"<!-- This site is optimized with the Yoast SEO plugin v27.5 - https:\/\/yoast.com\/product\/yoast-seo-wordpress\/ -->\n<title>Polypropylenseil \u00d83mm 16-fach geflochten \u2013 34 Farben |<\/title>\n<meta name=\"description\" content=\"Polypropylenseil \u00d83mm, 16-fach geflochten, in 34 Farben erh\u00e4ltlich. Robust, UV-best\u00e4ndig &amp; schwimmf\u00e4hig \u2013 ideal f\u00fcr Wassersport, Outdoor &amp; DIY.\" \/>\n<meta name=\"robots\" content=\"index, follow, max-snippet:-1, max-image-preview:large, max-video-preview:-1\" \/>\n<link rel=\"canonical\" href=\"https:\/\/ropesandmore.fr\/de\/produkt\/o3mm-ppm-seil-polypropylenseile-geflochten\/\" \/>\n<meta property=\"og:locale\" content=\"de_DE\" \/>\n<meta property=\"og:type\" content=\"article\" \/>\n<meta property=\"og:title\" content=\"Polypropylenseil \u00d83mm 16-fach geflochten \u2013 34 Farben |\" \/>\n<meta property=\"og:description\" content=\"Polypropylenseil \u00d83mm, 16-fach geflochten, in 34 Farben erh\u00e4ltlich. Robust, UV-best\u00e4ndig &amp; schwimmf\u00e4hig \u2013 ideal f\u00fcr Wassersport, Outdoor &amp; DIY.\" \/>\n<meta property=\"og:url\" content=\"https:\/\/ropesandmore.fr\/de\/produkt\/o3mm-ppm-seil-polypropylenseile-geflochten\/\" \/>\n<meta property=\"og:site_name\" content=\"Ropes and More\" \/>\n<meta property=\"article:publisher\" content=\"https:\/\/www.instagram.com\/ropesandmoregmbh\/\" \/>\n<meta property=\"article:modified_time\" content=\"2025-08-06T17:51:30+00:00\" \/>\n<meta property=\"og:image\" content=\"https:\/\/ropesandmore.fr\/wp-content\/uploads\/2025\/01\/3mm-PP-Front.jpg\" \/>\n\t<meta property=\"og:image:width\" content=\"1000\" \/>\n\t<meta property=\"og:image:height\" content=\"1000\" \/>\n\t<meta property=\"og:image:type\" content=\"image\/jpeg\" \/>\n<meta name=\"twitter:card\" content=\"summary_large_image\" \/>\n<meta name=\"twitter:label1\" content=\"Gesch\u00e4tzte Lesezeit\" \/>\n\t<meta name=\"twitter:data1\" content=\"1\u00a0Minute\" \/>\n<script type=\"application\/ld+json\" class=\"yoast-schema-graph\">{\"@context\":\"https:\\\/\\\/schema.org\",\"@graph\":[{\"@type\":\"WebPage\",\"@id\":\"https:\\\/\\\/ropesandmore.fr\\\/de\\\/produkt\\\/o3mm-ppm-seil-polypropylenseile-geflochten\\\/\",\"url\":\"https:\\\/\\\/ropesandmore.fr\\\/de\\\/produkt\\\/o3mm-ppm-seil-polypropylenseile-geflochten\\\/\",\"name\":\"Polypropylenseil \u00d83mm 16-fach geflochten \u2013 34 Farben |\",\"isPartOf\":{\"@id\":\"https:\\\/\\\/ropesandmore.fr\\\/de\\\/#website\"},\"primaryImageOfPage\":{\"@id\":\"https:\\\/\\\/ropesandmore.fr\\\/de\\\/produkt\\\/o3mm-ppm-seil-polypropylenseile-geflochten\\\/#primaryimage\"},\"image\":{\"@id\":\"https:\\\/\\\/ropesandmore.fr\\\/de\\\/produkt\\\/o3mm-ppm-seil-polypropylenseile-geflochten\\\/#primaryimage\"},\"thumbnailUrl\":\"https:\\\/\\\/ropesandmore.fr\\\/wp-content\\\/uploads\\\/2025\\\/01\\\/3mm-PP-Front.jpg\",\"datePublished\":\"2025-01-02T08:37:24+00:00\",\"dateModified\":\"2025-08-06T17:51:30+00:00\",\"description\":\"Polypropylenseil \u00d83mm, 16-fach geflochten, in 34 Farben erh\u00e4ltlich. Robust, UV-best\u00e4ndig & schwimmf\u00e4hig \u2013 ideal f\u00fcr Wassersport, Outdoor & DIY.\",\"breadcrumb\":{\"@id\":\"https:\\\/\\\/ropesandmore.fr\\\/de\\\/produkt\\\/o3mm-ppm-seil-polypropylenseile-geflochten\\\/#breadcrumb\"},\"inLanguage\":\"de\",\"potentialAction\":[{\"@type\":\"ReadAction\",\"target\":[\"https:\\\/\\\/ropesandmore.fr\\\/de\\\/produkt\\\/o3mm-ppm-seil-polypropylenseile-geflochten\\\/\"]}]},{\"@type\":\"ImageObject\",\"inLanguage\":\"de\",\"@id\":\"https:\\\/\\\/ropesandmore.fr\\\/de\\\/produkt\\\/o3mm-ppm-seil-polypropylenseile-geflochten\\\/#primaryimage\",\"url\":\"https:\\\/\\\/ropesandmore.fr\\\/wp-content\\\/uploads\\\/2025\\\/01\\\/3mm-PP-Front.jpg\",\"contentUrl\":\"https:\\\/\\\/ropesandmore.fr\\\/wp-content\\\/uploads\\\/2025\\\/01\\\/3mm-PP-Front.jpg\",\"width\":1000,\"height\":1000},{\"@type\":\"BreadcrumbList\",\"@id\":\"https:\\\/\\\/ropesandmore.fr\\\/de\\\/produkt\\\/o3mm-ppm-seil-polypropylenseile-geflochten\\\/#breadcrumb\",\"itemListElement\":[{\"@type\":\"ListItem\",\"position\":1,\"name\":\"Startseite\",\"item\":\"https:\\\/\\\/ropesandmore.fr\\\/de\\\/\"},{\"@type\":\"ListItem\",\"position\":2,\"name\":\"Ropes and More \u2013 Dein Shop f\u00fcr Seile, Tauwerk &amp; Spezialschn\u00fcre\",\"item\":\"https:\\\/\\\/ropesandmore.fr\\\/ropes-and-more-dein-shop-fuer-seile-tauwerk-spezialschnuere\\\/\"},{\"@type\":\"ListItem\",\"position\":3,\"name\":\"Polypropylenseile PPM Seil \u00d83mm 16-fach geflochten 34 Farben\"}]},{\"@type\":\"WebSite\",\"@id\":\"https:\\\/\\\/ropesandmore.fr\\\/de\\\/#website\",\"url\":\"https:\\\/\\\/ropesandmore.fr\\\/de\\\/\",\"name\":\"ropes and more\",\"description\":\"Your Trusted Partner\",\"publisher\":{\"@id\":\"https:\\\/\\\/ropesandmore.fr\\\/de\\\/#organization\"},\"potentialAction\":[{\"@type\":\"SearchAction\",\"target\":{\"@type\":\"EntryPoint\",\"urlTemplate\":\"https:\\\/\\\/ropesandmore.fr\\\/de\\\/?s={search_term_string}\"},\"query-input\":{\"@type\":\"PropertyValueSpecification\",\"valueRequired\":true,\"valueName\":\"search_term_string\"}}],\"inLanguage\":\"de\"},{\"@type\":\"Organization\",\"@id\":\"https:\\\/\\\/ropesandmore.fr\\\/de\\\/#organization\",\"name\":\"ropes and more\",\"url\":\"https:\\\/\\\/ropesandmore.fr\\\/de\\\/\",\"logo\":{\"@type\":\"ImageObject\",\"inLanguage\":\"de\",\"@id\":\"https:\\\/\\\/ropesandmore.fr\\\/de\\\/#\\\/schema\\\/logo\\\/image\\\/\",\"url\":\"https:\\\/\\\/ropesandmore.fr\\\/wp-content\\\/uploads\\\/2025\\\/06\\\/Bild6.webp\",\"contentUrl\":\"https:\\\/\\\/ropesandmore.fr\\\/wp-content\\\/uploads\\\/2025\\\/06\\\/Bild6.webp\",\"width\":1023,\"height\":480,\"caption\":\"ropes and more\"},\"image\":{\"@id\":\"https:\\\/\\\/ropesandmore.fr\\\/de\\\/#\\\/schema\\\/logo\\\/image\\\/\"},\"sameAs\":[\"https:\\\/\\\/www.instagram.com\\\/ropesandmoregmbh\\\/\"]}]}<\/script>\n<!-- \/ Yoast SEO plugin. -->","yoast_head_json":{"title":"Polypropylenseil \u00d83mm 16-fach geflochten \u2013 34 Farben |","description":"Polypropylenseil \u00d83mm, 16-fach geflochten, in 34 Farben erh\u00e4ltlich. Robust, UV-best\u00e4ndig & schwimmf\u00e4hig \u2013 ideal f\u00fcr Wassersport, Outdoor & DIY.","robots":{"index":"index","follow":"follow","max-snippet":"max-snippet:-1","max-image-preview":"max-image-preview:large","max-video-preview":"max-video-preview:-1"},"canonical":"https:\/\/ropesandmore.fr\/de\/produkt\/o3mm-ppm-seil-polypropylenseile-geflochten\/","og_locale":"de_DE","og_type":"article","og_title":"Polypropylenseil \u00d83mm 16-fach geflochten \u2013 34 Farben |","og_description":"Polypropylenseil \u00d83mm, 16-fach geflochten, in 34 Farben erh\u00e4ltlich. Robust, UV-best\u00e4ndig & schwimmf\u00e4hig \u2013 ideal f\u00fcr Wassersport, Outdoor & DIY.","og_url":"https:\/\/ropesandmore.fr\/de\/produkt\/o3mm-ppm-seil-polypropylenseile-geflochten\/","og_site_name":"Ropes and More","article_publisher":"https:\/\/www.instagram.com\/ropesandmoregmbh\/","article_modified_time":"2025-08-06T17:51:30+00:00","og_image":[{"width":1000,"height":1000,"url":"https:\/\/ropesandmore.fr\/wp-content\/uploads\/2025\/01\/3mm-PP-Front.jpg","type":"image\/jpeg"}],"twitter_card":"summary_large_image","twitter_misc":{"Gesch\u00e4tzte Lesezeit":"1\u00a0Minute"},"schema":{"@context":"https:\/\/schema.org","@graph":[{"@type":"WebPage","@id":"https:\/\/ropesandmore.fr\/de\/produkt\/o3mm-ppm-seil-polypropylenseile-geflochten\/","url":"https:\/\/ropesandmore.fr\/de\/produkt\/o3mm-ppm-seil-polypropylenseile-geflochten\/","name":"Polypropylenseil \u00d83mm 16-fach geflochten \u2013 34 Farben |","isPartOf":{"@id":"https:\/\/ropesandmore.fr\/de\/#website"},"primaryImageOfPage":{"@id":"https:\/\/ropesandmore.fr\/de\/produkt\/o3mm-ppm-seil-polypropylenseile-geflochten\/#primaryimage"},"image":{"@id":"https:\/\/ropesandmore.fr\/de\/produkt\/o3mm-ppm-seil-polypropylenseile-geflochten\/#primaryimage"},"thumbnailUrl":"https:\/\/ropesandmore.fr\/wp-content\/uploads\/2025\/01\/3mm-PP-Front.jpg","datePublished":"2025-01-02T08:37:24+00:00","dateModified":"2025-08-06T17:51:30+00:00","description":"Polypropylenseil \u00d83mm, 16-fach geflochten, in 34 Farben erh\u00e4ltlich. Robust, UV-best\u00e4ndig & schwimmf\u00e4hig \u2013 ideal f\u00fcr Wassersport, Outdoor & DIY.","breadcrumb":{"@id":"https:\/\/ropesandmore.fr\/de\/produkt\/o3mm-ppm-seil-polypropylenseile-geflochten\/#breadcrumb"},"inLanguage":"de","potentialAction":[{"@type":"ReadAction","target":["https:\/\/ropesandmore.fr\/de\/produkt\/o3mm-ppm-seil-polypropylenseile-geflochten\/"]}]},{"@type":"ImageObject","inLanguage":"de","@id":"https:\/\/ropesandmore.fr\/de\/produkt\/o3mm-ppm-seil-polypropylenseile-geflochten\/#primaryimage","url":"https:\/\/ropesandmore.fr\/wp-content\/uploads\/2025\/01\/3mm-PP-Front.jpg","contentUrl":"https:\/\/ropesandmore.fr\/wp-content\/uploads\/2025\/01\/3mm-PP-Front.jpg","width":1000,"height":1000},{"@type":"BreadcrumbList","@id":"https:\/\/ropesandmore.fr\/de\/produkt\/o3mm-ppm-seil-polypropylenseile-geflochten\/#breadcrumb","itemListElement":[{"@type":"ListItem","position":1,"name":"Startseite","item":"https:\/\/ropesandmore.fr\/de\/"},{"@type":"ListItem","position":2,"name":"Ropes and More \u2013 Dein Shop f\u00fcr Seile, Tauwerk &amp; Spezialschn\u00fcre","item":"https:\/\/ropesandmore.fr\/ropes-and-more-dein-shop-fuer-seile-tauwerk-spezialschnuere\/"},{"@type":"ListItem","position":3,"name":"Polypropylenseile PPM Seil \u00d83mm 16-fach geflochten 34 Farben"}]},{"@type":"WebSite","@id":"https:\/\/ropesandmore.fr\/de\/#website","url":"https:\/\/ropesandmore.fr\/de\/","name":"ropes and more","description":"Your Trusted Partner","publisher":{"@id":"https:\/\/ropesandmore.fr\/de\/#organization"},"potentialAction":[{"@type":"SearchAction","target":{"@type":"EntryPoint","urlTemplate":"https:\/\/ropesandmore.fr\/de\/?s={search_term_string}"},"query-input":{"@type":"PropertyValueSpecification","valueRequired":true,"valueName":"search_term_string"}}],"inLanguage":"de"},{"@type":"Organization","@id":"https:\/\/ropesandmore.fr\/de\/#organization","name":"ropes and more","url":"https:\/\/ropesandmore.fr\/de\/","logo":{"@type":"ImageObject","inLanguage":"de","@id":"https:\/\/ropesandmore.fr\/de\/#\/schema\/logo\/image\/","url":"https:\/\/ropesandmore.fr\/wp-content\/uploads\/2025\/06\/Bild6.webp","contentUrl":"https:\/\/ropesandmore.fr\/wp-content\/uploads\/2025\/06\/Bild6.webp","width":1023,"height":480,"caption":"ropes and more"},"image":{"@id":"https:\/\/ropesandmore.fr\/de\/#\/schema\/logo\/image\/"},"sameAs":["https:\/\/www.instagram.com\/ropesandmoregmbh\/"]}]}},"_links":{"self":[{"href":"https:\/\/ropesandmore.fr\/de\/wp-json\/wp\/v2\/product\/4734","targetHints":{"allow":["GET"]}}],"collection":[{"href":"https:\/\/ropesandmore.fr\/de\/wp-json\/wp\/v2\/product"}],"about":[{"href":"https:\/\/ropesandmore.fr\/de\/wp-json\/wp\/v2\/types\/product"}],"version-history":[{"count":0,"href":"https:\/\/ropesandmore.fr\/de\/wp-json\/wp\/v2\/product\/4734\/revisions"}],"wp:featuredmedia":[{"embeddable":true,"href":"https:\/\/ropesandmore.fr\/de\/wp-json\/wp\/v2\/media\/7421"}],"wp:attachment":[{"href":"https:\/\/ropesandmore.fr\/de\/wp-json\/wp\/v2\/media?parent=4734"}],"wp:term":[{"taxonomy":"product_brand","embeddable":true,"href":"https:\/\/ropesandmore.fr\/de\/wp-json\/wp\/v2\/product_brand?post=4734"},{"taxonomy":"product_cat","embeddable":true,"href":"https:\/\/ropesandmore.fr\/de\/wp-json\/wp\/v2\/product_cat?post=4734"},{"taxonomy":"product_tag","embeddable":true,"href":"https:\/\/ropesandmore.fr\/de\/wp-json\/wp\/v2\/product_tag?post=4734"}],"curies":[{"name":"wp","href":"https:\/\/api.w.org\/{rel}","templated":true}]}}