{"id":5802,"date":"2025-05-06T18:09:15","date_gmt":"2025-05-06T18:09:15","guid":{"rendered":"https:\/\/ropesandmore.fr\/?post_type=product&#038;p=5802"},"modified":"2025-08-12T17:53:33","modified_gmt":"2025-08-12T17:53:33","slug":"baumwollseil-o6mm-tauwerk-3-litzig-gedreht-100-baumwolle","status":"publish","type":"product","link":"https:\/\/ropesandmore.fr\/de\/produkt\/baumwollseil-o6mm-tauwerk-3-litzig-gedreht-100-baumwolle\/","title":{"rendered":"Baumwollseil \u00d86mm Tauwerk 3-litzig gedreht 100% Baumwolle"},"content":{"rendered":"<h3 data-start=\"157\" data-end=\"438\"><strong data-start=\"157\" data-end=\"218\">Hochwertige Baumwollseile \u2013 weich \u2601\ufe0f, ideal f\u00fcr DIY \u2702\ufe0f<\/strong><\/h3>\n<p class=\"\" data-start=\"157\" data-end=\"438\">Unsere <strong data-start=\"268\" data-end=\"298\">hochwertigen Baumwollseile<\/strong> werden in Deutschland produziert und stehen f\u00fcr h\u00f6chste Verarbeitungsqualit\u00e4t.<br data-start=\"377\" data-end=\"380\" \/>Die <strong data-start=\"384\" data-end=\"409\">weiche Baumwollschnur<\/strong> ist besonders <strong data-start=\"424\" data-end=\"442\">hautfreundlich<\/strong>, <strong data-start=\"444\" data-end=\"462\">geruchsneutral<\/strong>, <strong data-start=\"464\" data-end=\"476\">waschbar<\/strong> und l\u00e4sst sich <strong data-start=\"492\" data-end=\"509\">leicht knoten<\/strong> \u2013 perfekt f\u00fcr alle, die kreativ arbeiten m\u00f6chten.<br \/>\n<!--more--><\/p>\n<hr \/>\n<h3 class=\"\" data-start=\"566\" data-end=\"597\">\u2728 <strong data-start=\"572\" data-end=\"597\">Vielseitig einsetzbar<\/strong><\/h3>\n<p class=\"\" data-start=\"599\" data-end=\"611\">Egal ob f\u00fcr:<\/p>\n<ul>\n<li data-start=\"615\" data-end=\"638\"><strong data-start=\"769\" data-end=\"798\">Makramee &amp; Knotenarbeiten<\/strong>: perfekt f\u00fcr <strong data-start=\"812\" data-end=\"856\">Boho-Projekte oder einfache Knotenmuster<\/strong><\/li>\n<li data-start=\"641\" data-end=\"681\"><strong data-start=\"675\" data-end=\"708\">Dekoration &amp; Inneneinrichtung<\/strong>: z.\u202fB. f\u00fcr <strong data-start=\"720\" data-end=\"764\">Wanddeko, Seil-Garderoben, M\u00f6belverzierung<\/strong><\/li>\n<li data-start=\"684\" data-end=\"726\"><strong data-start=\"584\" data-end=\"608\">DIY &amp; Bastelprojekte<\/strong>: ideal f\u00fcr <strong data-start=\"620\" data-end=\"670\">Taschen, K\u00f6rbe, Untersetzer, Schl\u00fcsselanh\u00e4nger<\/strong><\/li>\n<li data-start=\"684\" data-end=\"726\"><strong data-start=\"787\" data-end=\"816\">Hunde- und Haustierbedarf<\/strong>, z.\u202fB. Leinen, Spielzeug<\/li>\n<li data-start=\"684\" data-end=\"726\"><strong>Kindgerechtes Basteln: <\/strong>weich, hautfreundlich und sicher f\u00fcr kreative Projekte<\/li>\n<li data-start=\"773\" data-end=\"810\">oder als <strong data-start=\"1102\" data-end=\"1128\">Nachhaltige Verpackung<\/strong>: z.\u202fB. als <strong data-start=\"1140\" data-end=\"1166\">Wickelband oder Schnur <\/strong>und vieles mehr&#8230;<\/li>\n<\/ul>\n<p class=\"\" data-start=\"812\" data-end=\"930\">Unsere Baumwollkordel \u00fcberzeugt durch angenehme Haptik und zuverl\u00e4ssige Qualit\u00e4t \u2013 <strong>auch bei empfindlichen Oberfl\u00e4chen<\/strong>.<\/p>\n<hr \/>\n<h3 class=\"\" data-start=\"937\" data-end=\"970\"><strong data-start=\"944\" data-end=\"970\">\ud83c\udf31Nat\u00fcrlich &amp; nachhaltig<\/strong><\/h3>\n<p class=\"\" data-start=\"972\" data-end=\"1182\">Die Baumwolle stammt aus <strong data-start=\"997\" data-end=\"1026\">nachwachsenden Rohstoffen<\/strong> und ist <strong data-start=\"1035\" data-end=\"1049\">recycelbar<\/strong>.<br data-start=\"1050\" data-end=\"1053\" \/>Damit ist unsere Baumwollschnur nicht nur sch\u00f6n, sondern auch gut f\u00fcr die Umwelt \u2013 ganz ohne Kunstfasern oder sch\u00e4dliche Zus\u00e4tze.<\/p>\n<hr \/>\n<p class=\"\" data-start=\"139\" data-end=\"346\"><strong data-start=\"139\" data-end=\"171\">Hinweis zur Farbdarstellung:<\/strong><br data-start=\"171\" data-end=\"174\" \/>Bitte beachten Sie, dass es durch Lichtverh\u00e4ltnisse bei der Produktfotografie sowie durch unterschiedliche Bildschirmdarstellungen zu leichten Farbabweichungen kommen kann.<\/p>\n","protected":false},"excerpt":{"rendered":"<ul>\n<li><span data-contrast=\"auto\">Premium Qualit\u00e4t &#8211; Made in Germany<\/span><span data-ccp-props=\"{}\">\u00a0<\/span><\/li>\n<li><strong>Durchmesser: 6 mm\u00a0<\/strong><\/li>\n<li>Farbe: Natur<\/li>\n<li><span data-contrast=\"auto\">Konstruktion: 3-sch\u00e4ftig gedreht<\/span><span data-ccp-props=\"{}\">\u00a0<\/span><\/li>\n<li><span data-contrast=\"auto\">Material: 100% Baumwolle<\/span><\/li>\n<li><span data-ccp-props=\"{&quot;134233117&quot;:false,&quot;134233118&quot;:false,&quot;201341983&quot;:0,&quot;335551550&quot;:1,&quot;335551620&quot;:1,&quot;335559685&quot;:720,&quot;335559737&quot;:0,&quot;335559738&quot;:0,&quot;335559739&quot;:160,&quot;335559740&quot;:259,&quot;335559991&quot;:360}\">sehr gut splei\u00dfbar\u00a0<\/span><\/li>\n<li><span data-contrast=\"auto\">Sonderl\u00e4ngen auf Anfrage<\/span><\/li>\n<li>Gewicht per 100m : 1,5 kg<\/li>\n<\/ul>\n","protected":false},"featured_media":9044,"template":"","meta":{"_acf_changed":false,"site-sidebar-layout":"default","site-content-layout":"","ast-site-content-layout":"default","site-content-style":"default","site-sidebar-style":"default","ast-global-header-display":"","ast-banner-title-visibility":"","ast-main-header-display":"","ast-hfb-above-header-display":"","ast-hfb-below-header-display":"","ast-hfb-mobile-header-display":"","site-post-title":"","ast-breadcrumbs-content":"","ast-featured-img":"","footer-sml-layout":"","ast-disable-related-posts":"","theme-transparent-header-meta":"default","adv-header-id-meta":"","stick-header-meta":"","header-above-stick-meta":"","header-main-stick-meta":"","header-below-stick-meta":"","astra-migrate-meta-layouts":"set","ast-page-background-enabled":"default","ast-page-background-meta":{"desktop":{"background-color":"","background-image":"","background-repeat":"repeat","background-position":"center center","background-size":"auto","background-attachment":"scroll","background-type":"","background-media":"","overlay-type":"","overlay-color":"","overlay-opacity":"","overlay-gradient":""},"tablet":{"background-color":"","background-image":"","background-repeat":"repeat","background-position":"center center","background-size":"auto","background-attachment":"scroll","background-type":"","background-media":"","overlay-type":"","overlay-color":"","overlay-opacity":"","overlay-gradient":""},"mobile":{"background-color":"","background-image":"","background-repeat":"repeat","background-position":"center center","background-size":"auto","background-attachment":"scroll","background-type":"","background-media":"","overlay-type":"","overlay-color":"","overlay-opacity":"","overlay-gradient":""}},"ast-content-background-meta":{"desktop":{"background-color":"var(--ast-global-color-5)","background-image":"","background-repeat":"repeat","background-position":"center center","background-size":"auto","background-attachment":"scroll","background-type":"","background-media":"","overlay-type":"","overlay-color":"","overlay-opacity":"","overlay-gradient":""},"tablet":{"background-color":"var(--ast-global-color-5)","background-image":"","background-repeat":"repeat","background-position":"center center","background-size":"auto","background-attachment":"scroll","background-type":"","background-media":"","overlay-type":"","overlay-color":"","overlay-opacity":"","overlay-gradient":""},"mobile":{"background-color":"var(--ast-global-color-5)","background-image":"","background-repeat":"repeat","background-position":"center center","background-size":"auto","background-attachment":"scroll","background-type":"","background-media":"","overlay-type":"","overlay-color":"","overlay-opacity":"","overlay-gradient":""}}},"product_brand":[193],"product_cat":[71,202,91,85,95,86,396,109],"product_tag":[239,287,270,275,269,288,286,268,289],"class_list":{"0":"post-5802","1":"product","2":"type-product","3":"status-publish","4":"has-post-thumbnail","6":"product_brand-ropes-and-more","7":"product_cat-baumwollseile-gedreht","8":"product_cat-baumwollseile","9":"product_cat-haushalts-handwerkerseile","10":"product_cat-kreativbedarf-diy-materialien-basteln-naehen-deko","11":"product_cat-seile-fuer-innen-und-aussenausbau","12":"product_cat-seile-nach-anwendung-seile-fuer-tierbedarf-und-spielzeug","13":"product_cat-spezielle-seilprodukte","14":"product_cat-spleissbare-seile","15":"product_tag-100m","16":"product_tag-50m","17":"product_tag-baumwoll-tauwerk","18":"product_tag-baumwollseil-6mm","19":"product_tag-baumwollseil-fuer-dekoration","20":"product_tag-bauprojekte","21":"product_tag-meterware","22":"product_tag-naturbelassenes-seil","23":"product_tag-wandbehaenge-und-moebelgestaltung","24":"desktop-align-left","25":"tablet-align-left","26":"mobile-align-left","28":"first","29":"instock","30":"taxable","31":"shipping-taxable","32":"purchasable","33":"product-type-variable"},"acf":[],"yoast_head":"<!-- This site is optimized with the Yoast SEO plugin v27.5 - https:\/\/yoast.com\/product\/yoast-seo-wordpress\/ -->\n<title>Baumwollseil \u00d86mm \u2013 3-litzig gedreht, 100\u202f% Baumwolle<\/title>\n<meta name=\"description\" content=\"Naturseil \u00d86mm aus 100\u202f% Baumwolle \u2013 3-litzig gedreht, weich &amp; griffig. Ideal f\u00fcr DIY, Dekoration, Basteln, Garten &amp; textile Anwendungen.\" \/>\n<meta name=\"robots\" content=\"index, follow, max-snippet:-1, max-image-preview:large, max-video-preview:-1\" \/>\n<link rel=\"canonical\" href=\"https:\/\/ropesandmore.fr\/de\/produkt\/baumwollseil-o6mm-tauwerk-3-litzig-gedreht-100-baumwolle\/\" \/>\n<meta property=\"og:locale\" content=\"de_DE\" \/>\n<meta property=\"og:type\" content=\"article\" \/>\n<meta property=\"og:title\" content=\"Baumwollseil \u00d86mm \u2013 3-litzig gedreht, 100\u202f% Baumwolle\" \/>\n<meta property=\"og:description\" content=\"Naturseil \u00d86mm aus 100\u202f% Baumwolle \u2013 3-litzig gedreht, weich &amp; griffig. Ideal f\u00fcr DIY, Dekoration, Basteln, Garten &amp; textile Anwendungen.\" \/>\n<meta property=\"og:url\" content=\"https:\/\/ropesandmore.fr\/de\/produkt\/baumwollseil-o6mm-tauwerk-3-litzig-gedreht-100-baumwolle\/\" \/>\n<meta property=\"og:site_name\" content=\"Ropes and More\" \/>\n<meta property=\"article:publisher\" content=\"https:\/\/www.instagram.com\/ropesandmoregmbh\/\" \/>\n<meta property=\"article:modified_time\" content=\"2025-08-12T17:53:33+00:00\" \/>\n<meta property=\"og:image\" content=\"https:\/\/ropesandmore.fr\/wp-content\/uploads\/2025\/05\/Baumwolle-6mm-gedreht-100m.jpg\" \/>\n\t<meta property=\"og:image:width\" content=\"1000\" \/>\n\t<meta property=\"og:image:height\" content=\"1000\" \/>\n\t<meta property=\"og:image:type\" content=\"image\/jpeg\" \/>\n<meta name=\"twitter:card\" content=\"summary_large_image\" \/>\n<meta name=\"twitter:label1\" content=\"Gesch\u00e4tzte Lesezeit\" \/>\n\t<meta name=\"twitter:data1\" content=\"2\u00a0Minute\" \/>\n<script type=\"application\/ld+json\" class=\"yoast-schema-graph\">{\"@context\":\"https:\\\/\\\/schema.org\",\"@graph\":[{\"@type\":\"WebPage\",\"@id\":\"https:\\\/\\\/ropesandmore.fr\\\/de\\\/produkt\\\/baumwollseil-o6mm-tauwerk-3-litzig-gedreht-100-baumwolle\\\/\",\"url\":\"https:\\\/\\\/ropesandmore.fr\\\/de\\\/produkt\\\/baumwollseil-o6mm-tauwerk-3-litzig-gedreht-100-baumwolle\\\/\",\"name\":\"Baumwollseil \u00d86mm \u2013 3-litzig gedreht, 100\u202f% Baumwolle\",\"isPartOf\":{\"@id\":\"https:\\\/\\\/ropesandmore.fr\\\/de\\\/#website\"},\"primaryImageOfPage\":{\"@id\":\"https:\\\/\\\/ropesandmore.fr\\\/de\\\/produkt\\\/baumwollseil-o6mm-tauwerk-3-litzig-gedreht-100-baumwolle\\\/#primaryimage\"},\"image\":{\"@id\":\"https:\\\/\\\/ropesandmore.fr\\\/de\\\/produkt\\\/baumwollseil-o6mm-tauwerk-3-litzig-gedreht-100-baumwolle\\\/#primaryimage\"},\"thumbnailUrl\":\"https:\\\/\\\/ropesandmore.fr\\\/wp-content\\\/uploads\\\/2025\\\/05\\\/Baumwolle-6mm-gedreht-100m.jpg\",\"datePublished\":\"2025-05-06T18:09:15+00:00\",\"dateModified\":\"2025-08-12T17:53:33+00:00\",\"description\":\"Naturseil \u00d86mm aus 100\u202f% Baumwolle \u2013 3-litzig gedreht, weich & griffig. Ideal f\u00fcr DIY, Dekoration, Basteln, Garten & textile Anwendungen.\",\"breadcrumb\":{\"@id\":\"https:\\\/\\\/ropesandmore.fr\\\/de\\\/produkt\\\/baumwollseil-o6mm-tauwerk-3-litzig-gedreht-100-baumwolle\\\/#breadcrumb\"},\"inLanguage\":\"de\",\"potentialAction\":[{\"@type\":\"ReadAction\",\"target\":[\"https:\\\/\\\/ropesandmore.fr\\\/de\\\/produkt\\\/baumwollseil-o6mm-tauwerk-3-litzig-gedreht-100-baumwolle\\\/\"]}]},{\"@type\":\"ImageObject\",\"inLanguage\":\"de\",\"@id\":\"https:\\\/\\\/ropesandmore.fr\\\/de\\\/produkt\\\/baumwollseil-o6mm-tauwerk-3-litzig-gedreht-100-baumwolle\\\/#primaryimage\",\"url\":\"https:\\\/\\\/ropesandmore.fr\\\/wp-content\\\/uploads\\\/2025\\\/05\\\/Baumwolle-6mm-gedreht-100m.jpg\",\"contentUrl\":\"https:\\\/\\\/ropesandmore.fr\\\/wp-content\\\/uploads\\\/2025\\\/05\\\/Baumwolle-6mm-gedreht-100m.jpg\",\"width\":1000,\"height\":1000},{\"@type\":\"BreadcrumbList\",\"@id\":\"https:\\\/\\\/ropesandmore.fr\\\/de\\\/produkt\\\/baumwollseil-o6mm-tauwerk-3-litzig-gedreht-100-baumwolle\\\/#breadcrumb\",\"itemListElement\":[{\"@type\":\"ListItem\",\"position\":1,\"name\":\"Startseite\",\"item\":\"https:\\\/\\\/ropesandmore.fr\\\/de\\\/\"},{\"@type\":\"ListItem\",\"position\":2,\"name\":\"Ropes and More \u2013 Dein Shop f\u00fcr Seile, Tauwerk &amp; Spezialschn\u00fcre\",\"item\":\"https:\\\/\\\/ropesandmore.fr\\\/ropes-and-more-dein-shop-fuer-seile-tauwerk-spezialschnuere\\\/\"},{\"@type\":\"ListItem\",\"position\":3,\"name\":\"Baumwollseil \u00d86mm Tauwerk 3-litzig gedreht 100% Baumwolle\"}]},{\"@type\":\"WebSite\",\"@id\":\"https:\\\/\\\/ropesandmore.fr\\\/de\\\/#website\",\"url\":\"https:\\\/\\\/ropesandmore.fr\\\/de\\\/\",\"name\":\"ropes and more\",\"description\":\"Your Trusted Partner\",\"publisher\":{\"@id\":\"https:\\\/\\\/ropesandmore.fr\\\/de\\\/#organization\"},\"potentialAction\":[{\"@type\":\"SearchAction\",\"target\":{\"@type\":\"EntryPoint\",\"urlTemplate\":\"https:\\\/\\\/ropesandmore.fr\\\/de\\\/?s={search_term_string}\"},\"query-input\":{\"@type\":\"PropertyValueSpecification\",\"valueRequired\":true,\"valueName\":\"search_term_string\"}}],\"inLanguage\":\"de\"},{\"@type\":\"Organization\",\"@id\":\"https:\\\/\\\/ropesandmore.fr\\\/de\\\/#organization\",\"name\":\"ropes and more\",\"url\":\"https:\\\/\\\/ropesandmore.fr\\\/de\\\/\",\"logo\":{\"@type\":\"ImageObject\",\"inLanguage\":\"de\",\"@id\":\"https:\\\/\\\/ropesandmore.fr\\\/de\\\/#\\\/schema\\\/logo\\\/image\\\/\",\"url\":\"https:\\\/\\\/ropesandmore.fr\\\/wp-content\\\/uploads\\\/2025\\\/06\\\/Bild6.webp\",\"contentUrl\":\"https:\\\/\\\/ropesandmore.fr\\\/wp-content\\\/uploads\\\/2025\\\/06\\\/Bild6.webp\",\"width\":1023,\"height\":480,\"caption\":\"ropes and more\"},\"image\":{\"@id\":\"https:\\\/\\\/ropesandmore.fr\\\/de\\\/#\\\/schema\\\/logo\\\/image\\\/\"},\"sameAs\":[\"https:\\\/\\\/www.instagram.com\\\/ropesandmoregmbh\\\/\"]}]}<\/script>\n<!-- \/ Yoast SEO plugin. -->","yoast_head_json":{"title":"Baumwollseil \u00d86mm \u2013 3-litzig gedreht, 100\u202f% Baumwolle","description":"Naturseil \u00d86mm aus 100\u202f% Baumwolle \u2013 3-litzig gedreht, weich & griffig. Ideal f\u00fcr DIY, Dekoration, Basteln, Garten & textile Anwendungen.","robots":{"index":"index","follow":"follow","max-snippet":"max-snippet:-1","max-image-preview":"max-image-preview:large","max-video-preview":"max-video-preview:-1"},"canonical":"https:\/\/ropesandmore.fr\/de\/produkt\/baumwollseil-o6mm-tauwerk-3-litzig-gedreht-100-baumwolle\/","og_locale":"de_DE","og_type":"article","og_title":"Baumwollseil \u00d86mm \u2013 3-litzig gedreht, 100\u202f% Baumwolle","og_description":"Naturseil \u00d86mm aus 100\u202f% Baumwolle \u2013 3-litzig gedreht, weich & griffig. Ideal f\u00fcr DIY, Dekoration, Basteln, Garten & textile Anwendungen.","og_url":"https:\/\/ropesandmore.fr\/de\/produkt\/baumwollseil-o6mm-tauwerk-3-litzig-gedreht-100-baumwolle\/","og_site_name":"Ropes and More","article_publisher":"https:\/\/www.instagram.com\/ropesandmoregmbh\/","article_modified_time":"2025-08-12T17:53:33+00:00","og_image":[{"width":1000,"height":1000,"url":"https:\/\/ropesandmore.fr\/wp-content\/uploads\/2025\/05\/Baumwolle-6mm-gedreht-100m.jpg","type":"image\/jpeg"}],"twitter_card":"summary_large_image","twitter_misc":{"Gesch\u00e4tzte Lesezeit":"2\u00a0Minute"},"schema":{"@context":"https:\/\/schema.org","@graph":[{"@type":"WebPage","@id":"https:\/\/ropesandmore.fr\/de\/produkt\/baumwollseil-o6mm-tauwerk-3-litzig-gedreht-100-baumwolle\/","url":"https:\/\/ropesandmore.fr\/de\/produkt\/baumwollseil-o6mm-tauwerk-3-litzig-gedreht-100-baumwolle\/","name":"Baumwollseil \u00d86mm \u2013 3-litzig gedreht, 100\u202f% Baumwolle","isPartOf":{"@id":"https:\/\/ropesandmore.fr\/de\/#website"},"primaryImageOfPage":{"@id":"https:\/\/ropesandmore.fr\/de\/produkt\/baumwollseil-o6mm-tauwerk-3-litzig-gedreht-100-baumwolle\/#primaryimage"},"image":{"@id":"https:\/\/ropesandmore.fr\/de\/produkt\/baumwollseil-o6mm-tauwerk-3-litzig-gedreht-100-baumwolle\/#primaryimage"},"thumbnailUrl":"https:\/\/ropesandmore.fr\/wp-content\/uploads\/2025\/05\/Baumwolle-6mm-gedreht-100m.jpg","datePublished":"2025-05-06T18:09:15+00:00","dateModified":"2025-08-12T17:53:33+00:00","description":"Naturseil \u00d86mm aus 100\u202f% Baumwolle \u2013 3-litzig gedreht, weich & griffig. Ideal f\u00fcr DIY, Dekoration, Basteln, Garten & textile Anwendungen.","breadcrumb":{"@id":"https:\/\/ropesandmore.fr\/de\/produkt\/baumwollseil-o6mm-tauwerk-3-litzig-gedreht-100-baumwolle\/#breadcrumb"},"inLanguage":"de","potentialAction":[{"@type":"ReadAction","target":["https:\/\/ropesandmore.fr\/de\/produkt\/baumwollseil-o6mm-tauwerk-3-litzig-gedreht-100-baumwolle\/"]}]},{"@type":"ImageObject","inLanguage":"de","@id":"https:\/\/ropesandmore.fr\/de\/produkt\/baumwollseil-o6mm-tauwerk-3-litzig-gedreht-100-baumwolle\/#primaryimage","url":"https:\/\/ropesandmore.fr\/wp-content\/uploads\/2025\/05\/Baumwolle-6mm-gedreht-100m.jpg","contentUrl":"https:\/\/ropesandmore.fr\/wp-content\/uploads\/2025\/05\/Baumwolle-6mm-gedreht-100m.jpg","width":1000,"height":1000},{"@type":"BreadcrumbList","@id":"https:\/\/ropesandmore.fr\/de\/produkt\/baumwollseil-o6mm-tauwerk-3-litzig-gedreht-100-baumwolle\/#breadcrumb","itemListElement":[{"@type":"ListItem","position":1,"name":"Startseite","item":"https:\/\/ropesandmore.fr\/de\/"},{"@type":"ListItem","position":2,"name":"Ropes and More \u2013 Dein Shop f\u00fcr Seile, Tauwerk &amp; Spezialschn\u00fcre","item":"https:\/\/ropesandmore.fr\/ropes-and-more-dein-shop-fuer-seile-tauwerk-spezialschnuere\/"},{"@type":"ListItem","position":3,"name":"Baumwollseil \u00d86mm Tauwerk 3-litzig gedreht 100% Baumwolle"}]},{"@type":"WebSite","@id":"https:\/\/ropesandmore.fr\/de\/#website","url":"https:\/\/ropesandmore.fr\/de\/","name":"ropes and more","description":"Your Trusted Partner","publisher":{"@id":"https:\/\/ropesandmore.fr\/de\/#organization"},"potentialAction":[{"@type":"SearchAction","target":{"@type":"EntryPoint","urlTemplate":"https:\/\/ropesandmore.fr\/de\/?s={search_term_string}"},"query-input":{"@type":"PropertyValueSpecification","valueRequired":true,"valueName":"search_term_string"}}],"inLanguage":"de"},{"@type":"Organization","@id":"https:\/\/ropesandmore.fr\/de\/#organization","name":"ropes and more","url":"https:\/\/ropesandmore.fr\/de\/","logo":{"@type":"ImageObject","inLanguage":"de","@id":"https:\/\/ropesandmore.fr\/de\/#\/schema\/logo\/image\/","url":"https:\/\/ropesandmore.fr\/wp-content\/uploads\/2025\/06\/Bild6.webp","contentUrl":"https:\/\/ropesandmore.fr\/wp-content\/uploads\/2025\/06\/Bild6.webp","width":1023,"height":480,"caption":"ropes and more"},"image":{"@id":"https:\/\/ropesandmore.fr\/de\/#\/schema\/logo\/image\/"},"sameAs":["https:\/\/www.instagram.com\/ropesandmoregmbh\/"]}]}},"_links":{"self":[{"href":"https:\/\/ropesandmore.fr\/de\/wp-json\/wp\/v2\/product\/5802","targetHints":{"allow":["GET"]}}],"collection":[{"href":"https:\/\/ropesandmore.fr\/de\/wp-json\/wp\/v2\/product"}],"about":[{"href":"https:\/\/ropesandmore.fr\/de\/wp-json\/wp\/v2\/types\/product"}],"version-history":[{"count":0,"href":"https:\/\/ropesandmore.fr\/de\/wp-json\/wp\/v2\/product\/5802\/revisions"}],"wp:featuredmedia":[{"embeddable":true,"href":"https:\/\/ropesandmore.fr\/de\/wp-json\/wp\/v2\/media\/9044"}],"wp:attachment":[{"href":"https:\/\/ropesandmore.fr\/de\/wp-json\/wp\/v2\/media?parent=5802"}],"wp:term":[{"taxonomy":"product_brand","embeddable":true,"href":"https:\/\/ropesandmore.fr\/de\/wp-json\/wp\/v2\/product_brand?post=5802"},{"taxonomy":"product_cat","embeddable":true,"href":"https:\/\/ropesandmore.fr\/de\/wp-json\/wp\/v2\/product_cat?post=5802"},{"taxonomy":"product_tag","embeddable":true,"href":"https:\/\/ropesandmore.fr\/de\/wp-json\/wp\/v2\/product_tag?post=5802"}],"curies":[{"name":"wp","href":"https:\/\/api.w.org\/{rel}","templated":true}]}}