{"id":6763,"date":"2025-05-06T15:13:57","date_gmt":"2025-05-06T15:13:57","guid":{"rendered":"https:\/\/ropesandmore.fr\/?post_type=product&#038;p=6763"},"modified":"2025-08-03T16:24:42","modified_gmt":"2025-08-03T16:24:42","slug":"polyhanfseil-spleitex-o8mm-3-litzig-gedreht","status":"publish","type":"product","link":"https:\/\/ropesandmore.fr\/de\/produkt\/polyhanfseil-spleitex-o8mm-3-litzig-gedreht\/","title":{"rendered":"Polyhanfseil Spleitex \u00d88mm 3-litzig gedreht"},"content":{"rendered":"<h3 data-start=\"138\" data-end=\"215\"><strong data-start=\"140\" data-end=\"157\">Polyhanfseile<\/strong> \u2013 <strong data-start=\"160\" data-end=\"173\">Langlebig<\/strong> \ud83d\udee1\ufe0f | <strong data-start=\"180\" data-end=\"192\">Rustikal<\/strong> \ud83c\udf3f | <strong data-start=\"198\" data-end=\"212\">Vielseitig<\/strong> \u2699\ufe0f<\/h3>\n<p class=\"\" data-start=\"217\" data-end=\"569\">Unsere <strong data-start=\"224\" data-end=\"241\">Polyhanfseile<\/strong> werden aus <strong data-start=\"253\" data-end=\"303\">hochwertigen 100 % Spleitex (Spinnfasergarnen)<\/strong> in <strong data-start=\"307\" data-end=\"322\">Deutschland<\/strong> hergestellt. Das <strong data-start=\"340\" data-end=\"357\">Kunsthanfseil<\/strong> kombiniert <strong data-start=\"369\" data-end=\"387\">Funktionalit\u00e4t<\/strong> mit \u00e4sthetischem <strong data-start=\"405\" data-end=\"415\">Design<\/strong> und ist die ideale Wahl f\u00fcr alle, die ein <strong data-start=\"458\" data-end=\"484\">strapazierf\u00e4higes Seil<\/strong> suchen, das gleichzeitig eine <strong data-start=\"515\" data-end=\"529\">nat\u00fcrliche<\/strong> und <strong data-start=\"534\" data-end=\"547\">rustikale<\/strong> Ausstrahlung besitzt.<\/p>\n<h3 class=\"\" data-start=\"571\" data-end=\"609\"><strong data-start=\"578\" data-end=\"609\">\ud83c\udfafVorteile von Polyhanfseilen<\/strong><\/h3>\n<p class=\"\" data-start=\"611\" data-end=\"969\">\u2022 <strong data-start=\"613\" data-end=\"630\">Langlebigkeit<\/strong> \u2013 h\u00f6her widerstandsf\u00e4hig als nat\u00fcrliche Hanfseile<br data-start=\"680\" data-end=\"683\" \/>\u2022 <strong data-start=\"685\" data-end=\"708\">Witterungsbest\u00e4ndig<\/strong> \u2013 ideal f\u00fcr den Au\u00dfeneinsatz<br data-start=\"737\" data-end=\"740\" \/>\u2022 <strong data-start=\"742\" data-end=\"760\">Lichtbest\u00e4ndig<\/strong> \u2013 beh\u00e4lt seine Farbe auch bei Sonneneinstrahlung<br data-start=\"809\" data-end=\"812\" \/>\u2022 <strong data-start=\"814\" data-end=\"832\">Geruchsneutral<\/strong> \u2013 ganz ohne den typischen Hanfgeruch<br data-start=\"869\" data-end=\"872\" \/>\u2022 <strong data-start=\"874\" data-end=\"902\">Rustikale Optik &amp; Haptik<\/strong> \u2013 wie traditionelle Hanfseile, aber mit verbesserter Haltbarkeit<\/p>\n<p class=\"\" data-start=\"971\" data-end=\"1155\">Die <strong data-start=\"975\" data-end=\"992\">Polyhanfseile<\/strong> bieten <strong data-start=\"1000\" data-end=\"1024\">die perfekte Balance<\/strong> zwischen traditionellem Aussehen und moderner Funktionalit\u00e4t, wodurch sie in vielen Bereichen eine ausgezeichnete Wahl darstellen.<\/p>\n<p data-start=\"971\" data-end=\"1155\"><!--more--><\/p>\n<hr \/>\n<h3 class=\"\" data-start=\"1157\" data-end=\"1193\">\ud83c\udfd7\ufe0f <strong data-start=\"1165\" data-end=\"1193\">Typische Einsatzbereiche<\/strong><\/h3>\n<p class=\"\" data-start=\"1195\" data-end=\"1278\">Unsere <strong data-start=\"1202\" data-end=\"1219\">Polyhanfseile<\/strong> sind vielseitig und werden in folgenden Bereichen genutzt:<\/p>\n<p class=\"\" data-start=\"1280\" data-end=\"1792\">\u2022 <strong data-start=\"1282\" data-end=\"1295\">Industrie<\/strong> \u2013 f\u00fcr verschiedenste Anwendungen<br data-start=\"1328\" data-end=\"1331\" \/>\u2022 <strong data-start=\"1333\" data-end=\"1348\">Schifffahrt<\/strong> \u2013 als robustes <strong data-start=\"1364\" data-end=\"1379\">Schiffsseil<\/strong><br data-start=\"1379\" data-end=\"1382\" \/>\u2022 <strong data-start=\"1384\" data-end=\"1414\">Garten- und Landschaftsbau<\/strong> \u2013 f\u00fcr Z\u00e4une, Begrenzungen und Dekoration<br data-start=\"1455\" data-end=\"1458\" \/>\u2022 <strong data-start=\"1460\" data-end=\"1476\">Bauindustrie<\/strong> \u2013 als <strong data-start=\"1483\" data-end=\"1506\">Bau- und Aufzugseil<\/strong><br data-start=\"1506\" data-end=\"1509\" \/>\u2022 <strong data-start=\"1511\" data-end=\"1523\">Ladenbau<\/strong> \u2013 f\u00fcr kreative Einrichtungsl\u00f6sungen<br data-start=\"1648\" data-end=\"1651\" \/>\u2022 <strong data-start=\"1653\" data-end=\"1669\">Absperrseile<\/strong> \u2013 f\u00fcr Sicherheitsanwendungen<br data-start=\"1720\" data-end=\"1723\" \/>\u2022 <strong>Outdoor-Einsatz<\/strong> \u2013 robust und zuverl\u00e4ssig<\/p>\n<hr \/>\n<p data-start=\"1280\" data-end=\"1792\"><strong data-start=\"139\" data-end=\"171\">Hinweis zur Farbdarstellung:<\/strong><br data-start=\"171\" data-end=\"174\" \/>Bitte beachten Sie, dass es durch Lichtverh\u00e4ltnisse bei der Produktfotografie sowie durch unterschiedliche Bildschirmdarstellungen zu leichten Farbabweichungen kommen kann.<\/p>\n","protected":false},"excerpt":{"rendered":"<p><strong>Polyhanfseil Spleitex \u00d88mm 3-litzig gedreht\u00a0<\/strong><\/p>\n<ul>\n<li>Durchmesser: 8 mm<\/li>\n<li>Farbe: Natur<\/li>\n<li>Bruchlast: 595 daN(kg)<\/li>\n<li>Material: Spleitex<\/li>\n<li>Konstruktion: Form A, 3-litzig gedreht<\/li>\n<li>Eigenschaften: Nat\u00fcrliche Optik, Witterungsbest\u00e4ndigkeit, geringe Dehnung<\/li>\n<li><span data-contrast=\"auto\">Gewicht per 100m: 2,7 kg<\/span><\/li>\n<li>Sonderl\u00e4ngen auf Anfrage<\/li>\n<\/ul>\n","protected":false},"featured_media":6764,"template":"","meta":{"_acf_changed":false,"site-sidebar-layout":"default","site-content-layout":"","ast-site-content-layout":"default","site-content-style":"default","site-sidebar-style":"default","ast-global-header-display":"","ast-banner-title-visibility":"","ast-main-header-display":"","ast-hfb-above-header-display":"","ast-hfb-below-header-display":"","ast-hfb-mobile-header-display":"","site-post-title":"","ast-breadcrumbs-content":"","ast-featured-img":"","footer-sml-layout":"","ast-disable-related-posts":"","theme-transparent-header-meta":"default","adv-header-id-meta":"","stick-header-meta":"","header-above-stick-meta":"","header-main-stick-meta":"","header-below-stick-meta":"","astra-migrate-meta-layouts":"set","ast-page-background-enabled":"default","ast-page-background-meta":{"desktop":{"background-color":"","background-image":"","background-repeat":"repeat","background-position":"center center","background-size":"auto","background-attachment":"scroll","background-type":"","background-media":"","overlay-type":"","overlay-color":"","overlay-opacity":"","overlay-gradient":""},"tablet":{"background-color":"","background-image":"","background-repeat":"repeat","background-position":"center center","background-size":"auto","background-attachment":"scroll","background-type":"","background-media":"","overlay-type":"","overlay-color":"","overlay-opacity":"","overlay-gradient":""},"mobile":{"background-color":"","background-image":"","background-repeat":"repeat","background-position":"center center","background-size":"auto","background-attachment":"scroll","background-type":"","background-media":"","overlay-type":"","overlay-color":"","overlay-opacity":"","overlay-gradient":""}},"ast-content-background-meta":{"desktop":{"background-color":"var(--ast-global-color-5)","background-image":"","background-repeat":"repeat","background-position":"center center","background-size":"auto","background-attachment":"scroll","background-type":"","background-media":"","overlay-type":"","overlay-color":"","overlay-opacity":"","overlay-gradient":""},"tablet":{"background-color":"var(--ast-global-color-5)","background-image":"","background-repeat":"repeat","background-position":"center center","background-size":"auto","background-attachment":"scroll","background-type":"","background-media":"","overlay-type":"","overlay-color":"","overlay-opacity":"","overlay-gradient":""},"mobile":{"background-color":"var(--ast-global-color-5)","background-image":"","background-repeat":"repeat","background-position":"center center","background-size":"auto","background-attachment":"scroll","background-type":"","background-media":"","overlay-type":"","overlay-color":"","overlay-opacity":"","overlay-gradient":""}}},"product_brand":[193],"product_cat":[1116,91,85,930,76,93,92,105,96,928,860,97,98,87,929,396,109,1121],"product_tag":[427,704,722,244,428,710,725,719,723,701,718,724,721,727,720,726,717,712,121,120],"class_list":{"0":"post-6763","1":"product","2":"type-product","3":"status-publish","4":"has-post-thumbnail","6":"product_brand-ropes-and-more","7":"product_cat-festmacher-ankerleinen","8":"product_cat-haushalts-handwerkerseile","9":"product_cat-kreativbedarf-diy-materialien-basteln-naehen-deko","10":"product_cat-naturseile","11":"product_cat-polyhanfseile","12":"product_cat-seile-fuer-baugewerbe","13":"product_cat-seile-fuer-boote-segelsport","14":"product_cat-seile-fuer-forstwirtschaft","15":"product_cat-seile-fuer-geruestbau","16":"product_cat-seile-fuer-industrie","17":"product_cat-seile-fuer-land-und-forstwirtschaft","18":"product_cat-seile-fuer-landwirtschaft","19":"product_cat-seile-fuer-schifffahrt","20":"product_cat-seile-fuer-sport-outdoor","21":"product_cat-kategorie-seile-nach-anwendung","22":"product_cat-spezielle-seilprodukte","23":"product_cat-spleissbare-seile","24":"product_cat-traditionelles-tauwerk","25":"product_tag-3-litzig-gedreht","26":"product_tag-bootszubehoer","27":"product_tag-deko-seil","28":"product_tag-gartenseil","29":"product_tag-hanfoptik-seil","30":"product_tag-kunststoffhanfseil","31":"product_tag-langlebiges-polyhanf","32":"product_tag-polyhanfseil-8mm","33":"product_tag-requisite-seil","34":"product_tag-robustes-seil","35":"product_tag-ropes-and-more","36":"product_tag-seil-fuer-draussen","37":"product_tag-seil-naturfarben","38":"product_tag-spleitex-rolle","39":"product_tag-spleitex-seil-100m","40":"product_tag-starkes-seil-8mm","41":"product_tag-synthetisches-hanfseil","42":"product_tag-theaterseil","43":"product_tag-uv-bestaendig","44":"product_tag-wetterfestes-seil","45":"desktop-align-left","46":"tablet-align-left","47":"mobile-align-left","49":"first","50":"instock","51":"taxable","52":"shipping-taxable","53":"purchasable","54":"product-type-variable"},"acf":[],"yoast_head":"<!-- This site is optimized with the Yoast SEO plugin v27.5 - https:\/\/yoast.com\/product\/yoast-seo-wordpress\/ -->\n<title>Polyhanfseil Spleitex \u00d88mm 3-litzig gedreht - Ropes and More<\/title>\n<meta name=\"description\" content=\"Robustes Polyhanfseil Spleitex \u00d88mm, 3-litzig gedreht \u2013 witterungsbest\u00e4ndig, UV-stabil &amp; ideal f\u00fcr Garten, Deko &amp; maritime Anwendungen.\" \/>\n<meta name=\"robots\" content=\"index, follow, max-snippet:-1, max-image-preview:large, max-video-preview:-1\" \/>\n<link rel=\"canonical\" href=\"https:\/\/ropesandmore.fr\/de\/produkt\/polyhanfseil-spleitex-o8mm-3-litzig-gedreht\/\" \/>\n<meta property=\"og:locale\" content=\"de_DE\" \/>\n<meta property=\"og:type\" content=\"article\" \/>\n<meta property=\"og:title\" content=\"Polyhanfseil Spleitex \u00d88mm 3-litzig gedreht - Ropes and More\" \/>\n<meta property=\"og:description\" content=\"Robustes Polyhanfseil Spleitex \u00d88mm, 3-litzig gedreht \u2013 witterungsbest\u00e4ndig, UV-stabil &amp; ideal f\u00fcr Garten, Deko &amp; maritime Anwendungen.\" \/>\n<meta property=\"og:url\" content=\"https:\/\/ropesandmore.fr\/de\/produkt\/polyhanfseil-spleitex-o8mm-3-litzig-gedreht\/\" \/>\n<meta property=\"og:site_name\" content=\"Ropes and More\" \/>\n<meta property=\"article:publisher\" content=\"https:\/\/www.instagram.com\/ropesandmoregmbh\/\" \/>\n<meta property=\"article:modified_time\" content=\"2025-08-03T16:24:42+00:00\" \/>\n<meta property=\"og:image\" content=\"https:\/\/ropesandmore.fr\/wp-content\/uploads\/2025\/03\/Polyhanf-8mm-100m.jpg\" \/>\n\t<meta property=\"og:image:width\" content=\"1000\" \/>\n\t<meta property=\"og:image:height\" content=\"1000\" \/>\n\t<meta property=\"og:image:type\" content=\"image\/jpeg\" \/>\n<meta name=\"twitter:card\" content=\"summary_large_image\" \/>\n<meta name=\"twitter:label1\" content=\"Gesch\u00e4tzte Lesezeit\" \/>\n\t<meta name=\"twitter:data1\" content=\"2\u00a0Minute\" \/>\n<script type=\"application\/ld+json\" class=\"yoast-schema-graph\">{\"@context\":\"https:\\\/\\\/schema.org\",\"@graph\":[{\"@type\":\"WebPage\",\"@id\":\"https:\\\/\\\/ropesandmore.fr\\\/de\\\/produkt\\\/polyhanfseil-spleitex-o8mm-3-litzig-gedreht\\\/\",\"url\":\"https:\\\/\\\/ropesandmore.fr\\\/de\\\/produkt\\\/polyhanfseil-spleitex-o8mm-3-litzig-gedreht\\\/\",\"name\":\"Polyhanfseil Spleitex \u00d88mm 3-litzig gedreht - Ropes and More\",\"isPartOf\":{\"@id\":\"https:\\\/\\\/ropesandmore.fr\\\/de\\\/#website\"},\"primaryImageOfPage\":{\"@id\":\"https:\\\/\\\/ropesandmore.fr\\\/de\\\/produkt\\\/polyhanfseil-spleitex-o8mm-3-litzig-gedreht\\\/#primaryimage\"},\"image\":{\"@id\":\"https:\\\/\\\/ropesandmore.fr\\\/de\\\/produkt\\\/polyhanfseil-spleitex-o8mm-3-litzig-gedreht\\\/#primaryimage\"},\"thumbnailUrl\":\"https:\\\/\\\/ropesandmore.fr\\\/wp-content\\\/uploads\\\/2025\\\/03\\\/Polyhanf-8mm-100m.jpg\",\"datePublished\":\"2025-05-06T15:13:57+00:00\",\"dateModified\":\"2025-08-03T16:24:42+00:00\",\"description\":\"Robustes Polyhanfseil Spleitex \u00d88mm, 3-litzig gedreht \u2013 witterungsbest\u00e4ndig, UV-stabil & ideal f\u00fcr Garten, Deko & maritime Anwendungen.\",\"breadcrumb\":{\"@id\":\"https:\\\/\\\/ropesandmore.fr\\\/de\\\/produkt\\\/polyhanfseil-spleitex-o8mm-3-litzig-gedreht\\\/#breadcrumb\"},\"inLanguage\":\"de\",\"potentialAction\":[{\"@type\":\"ReadAction\",\"target\":[\"https:\\\/\\\/ropesandmore.fr\\\/de\\\/produkt\\\/polyhanfseil-spleitex-o8mm-3-litzig-gedreht\\\/\"]}]},{\"@type\":\"ImageObject\",\"inLanguage\":\"de\",\"@id\":\"https:\\\/\\\/ropesandmore.fr\\\/de\\\/produkt\\\/polyhanfseil-spleitex-o8mm-3-litzig-gedreht\\\/#primaryimage\",\"url\":\"https:\\\/\\\/ropesandmore.fr\\\/wp-content\\\/uploads\\\/2025\\\/03\\\/Polyhanf-8mm-100m.jpg\",\"contentUrl\":\"https:\\\/\\\/ropesandmore.fr\\\/wp-content\\\/uploads\\\/2025\\\/03\\\/Polyhanf-8mm-100m.jpg\",\"width\":1000,\"height\":1000},{\"@type\":\"BreadcrumbList\",\"@id\":\"https:\\\/\\\/ropesandmore.fr\\\/de\\\/produkt\\\/polyhanfseil-spleitex-o8mm-3-litzig-gedreht\\\/#breadcrumb\",\"itemListElement\":[{\"@type\":\"ListItem\",\"position\":1,\"name\":\"Startseite\",\"item\":\"https:\\\/\\\/ropesandmore.fr\\\/de\\\/\"},{\"@type\":\"ListItem\",\"position\":2,\"name\":\"Ropes and More \u2013 Dein Shop f\u00fcr Seile, Tauwerk &amp; Spezialschn\u00fcre\",\"item\":\"https:\\\/\\\/ropesandmore.fr\\\/ropes-and-more-dein-shop-fuer-seile-tauwerk-spezialschnuere\\\/\"},{\"@type\":\"ListItem\",\"position\":3,\"name\":\"Polyhanfseil Spleitex \u00d88mm 3-litzig gedreht\"}]},{\"@type\":\"WebSite\",\"@id\":\"https:\\\/\\\/ropesandmore.fr\\\/de\\\/#website\",\"url\":\"https:\\\/\\\/ropesandmore.fr\\\/de\\\/\",\"name\":\"ropes and more\",\"description\":\"Your Trusted Partner\",\"publisher\":{\"@id\":\"https:\\\/\\\/ropesandmore.fr\\\/de\\\/#organization\"},\"potentialAction\":[{\"@type\":\"SearchAction\",\"target\":{\"@type\":\"EntryPoint\",\"urlTemplate\":\"https:\\\/\\\/ropesandmore.fr\\\/de\\\/?s={search_term_string}\"},\"query-input\":{\"@type\":\"PropertyValueSpecification\",\"valueRequired\":true,\"valueName\":\"search_term_string\"}}],\"inLanguage\":\"de\"},{\"@type\":\"Organization\",\"@id\":\"https:\\\/\\\/ropesandmore.fr\\\/de\\\/#organization\",\"name\":\"ropes and more\",\"url\":\"https:\\\/\\\/ropesandmore.fr\\\/de\\\/\",\"logo\":{\"@type\":\"ImageObject\",\"inLanguage\":\"de\",\"@id\":\"https:\\\/\\\/ropesandmore.fr\\\/de\\\/#\\\/schema\\\/logo\\\/image\\\/\",\"url\":\"https:\\\/\\\/ropesandmore.fr\\\/wp-content\\\/uploads\\\/2025\\\/06\\\/Bild6.webp\",\"contentUrl\":\"https:\\\/\\\/ropesandmore.fr\\\/wp-content\\\/uploads\\\/2025\\\/06\\\/Bild6.webp\",\"width\":1023,\"height\":480,\"caption\":\"ropes and more\"},\"image\":{\"@id\":\"https:\\\/\\\/ropesandmore.fr\\\/de\\\/#\\\/schema\\\/logo\\\/image\\\/\"},\"sameAs\":[\"https:\\\/\\\/www.instagram.com\\\/ropesandmoregmbh\\\/\"]}]}<\/script>\n<!-- \/ Yoast SEO plugin. -->","yoast_head_json":{"title":"Polyhanfseil Spleitex \u00d88mm 3-litzig gedreht - Ropes and More","description":"Robustes Polyhanfseil Spleitex \u00d88mm, 3-litzig gedreht \u2013 witterungsbest\u00e4ndig, UV-stabil & ideal f\u00fcr Garten, Deko & maritime Anwendungen.","robots":{"index":"index","follow":"follow","max-snippet":"max-snippet:-1","max-image-preview":"max-image-preview:large","max-video-preview":"max-video-preview:-1"},"canonical":"https:\/\/ropesandmore.fr\/de\/produkt\/polyhanfseil-spleitex-o8mm-3-litzig-gedreht\/","og_locale":"de_DE","og_type":"article","og_title":"Polyhanfseil Spleitex \u00d88mm 3-litzig gedreht - Ropes and More","og_description":"Robustes Polyhanfseil Spleitex \u00d88mm, 3-litzig gedreht \u2013 witterungsbest\u00e4ndig, UV-stabil & ideal f\u00fcr Garten, Deko & maritime Anwendungen.","og_url":"https:\/\/ropesandmore.fr\/de\/produkt\/polyhanfseil-spleitex-o8mm-3-litzig-gedreht\/","og_site_name":"Ropes and More","article_publisher":"https:\/\/www.instagram.com\/ropesandmoregmbh\/","article_modified_time":"2025-08-03T16:24:42+00:00","og_image":[{"width":1000,"height":1000,"url":"https:\/\/ropesandmore.fr\/wp-content\/uploads\/2025\/03\/Polyhanf-8mm-100m.jpg","type":"image\/jpeg"}],"twitter_card":"summary_large_image","twitter_misc":{"Gesch\u00e4tzte Lesezeit":"2\u00a0Minute"},"schema":{"@context":"https:\/\/schema.org","@graph":[{"@type":"WebPage","@id":"https:\/\/ropesandmore.fr\/de\/produkt\/polyhanfseil-spleitex-o8mm-3-litzig-gedreht\/","url":"https:\/\/ropesandmore.fr\/de\/produkt\/polyhanfseil-spleitex-o8mm-3-litzig-gedreht\/","name":"Polyhanfseil Spleitex \u00d88mm 3-litzig gedreht - Ropes and More","isPartOf":{"@id":"https:\/\/ropesandmore.fr\/de\/#website"},"primaryImageOfPage":{"@id":"https:\/\/ropesandmore.fr\/de\/produkt\/polyhanfseil-spleitex-o8mm-3-litzig-gedreht\/#primaryimage"},"image":{"@id":"https:\/\/ropesandmore.fr\/de\/produkt\/polyhanfseil-spleitex-o8mm-3-litzig-gedreht\/#primaryimage"},"thumbnailUrl":"https:\/\/ropesandmore.fr\/wp-content\/uploads\/2025\/03\/Polyhanf-8mm-100m.jpg","datePublished":"2025-05-06T15:13:57+00:00","dateModified":"2025-08-03T16:24:42+00:00","description":"Robustes Polyhanfseil Spleitex \u00d88mm, 3-litzig gedreht \u2013 witterungsbest\u00e4ndig, UV-stabil & ideal f\u00fcr Garten, Deko & maritime Anwendungen.","breadcrumb":{"@id":"https:\/\/ropesandmore.fr\/de\/produkt\/polyhanfseil-spleitex-o8mm-3-litzig-gedreht\/#breadcrumb"},"inLanguage":"de","potentialAction":[{"@type":"ReadAction","target":["https:\/\/ropesandmore.fr\/de\/produkt\/polyhanfseil-spleitex-o8mm-3-litzig-gedreht\/"]}]},{"@type":"ImageObject","inLanguage":"de","@id":"https:\/\/ropesandmore.fr\/de\/produkt\/polyhanfseil-spleitex-o8mm-3-litzig-gedreht\/#primaryimage","url":"https:\/\/ropesandmore.fr\/wp-content\/uploads\/2025\/03\/Polyhanf-8mm-100m.jpg","contentUrl":"https:\/\/ropesandmore.fr\/wp-content\/uploads\/2025\/03\/Polyhanf-8mm-100m.jpg","width":1000,"height":1000},{"@type":"BreadcrumbList","@id":"https:\/\/ropesandmore.fr\/de\/produkt\/polyhanfseil-spleitex-o8mm-3-litzig-gedreht\/#breadcrumb","itemListElement":[{"@type":"ListItem","position":1,"name":"Startseite","item":"https:\/\/ropesandmore.fr\/de\/"},{"@type":"ListItem","position":2,"name":"Ropes and More \u2013 Dein Shop f\u00fcr Seile, Tauwerk &amp; Spezialschn\u00fcre","item":"https:\/\/ropesandmore.fr\/ropes-and-more-dein-shop-fuer-seile-tauwerk-spezialschnuere\/"},{"@type":"ListItem","position":3,"name":"Polyhanfseil Spleitex \u00d88mm 3-litzig gedreht"}]},{"@type":"WebSite","@id":"https:\/\/ropesandmore.fr\/de\/#website","url":"https:\/\/ropesandmore.fr\/de\/","name":"ropes and more","description":"Your Trusted Partner","publisher":{"@id":"https:\/\/ropesandmore.fr\/de\/#organization"},"potentialAction":[{"@type":"SearchAction","target":{"@type":"EntryPoint","urlTemplate":"https:\/\/ropesandmore.fr\/de\/?s={search_term_string}"},"query-input":{"@type":"PropertyValueSpecification","valueRequired":true,"valueName":"search_term_string"}}],"inLanguage":"de"},{"@type":"Organization","@id":"https:\/\/ropesandmore.fr\/de\/#organization","name":"ropes and more","url":"https:\/\/ropesandmore.fr\/de\/","logo":{"@type":"ImageObject","inLanguage":"de","@id":"https:\/\/ropesandmore.fr\/de\/#\/schema\/logo\/image\/","url":"https:\/\/ropesandmore.fr\/wp-content\/uploads\/2025\/06\/Bild6.webp","contentUrl":"https:\/\/ropesandmore.fr\/wp-content\/uploads\/2025\/06\/Bild6.webp","width":1023,"height":480,"caption":"ropes and more"},"image":{"@id":"https:\/\/ropesandmore.fr\/de\/#\/schema\/logo\/image\/"},"sameAs":["https:\/\/www.instagram.com\/ropesandmoregmbh\/"]}]}},"_links":{"self":[{"href":"https:\/\/ropesandmore.fr\/de\/wp-json\/wp\/v2\/product\/6763","targetHints":{"allow":["GET"]}}],"collection":[{"href":"https:\/\/ropesandmore.fr\/de\/wp-json\/wp\/v2\/product"}],"about":[{"href":"https:\/\/ropesandmore.fr\/de\/wp-json\/wp\/v2\/types\/product"}],"version-history":[{"count":0,"href":"https:\/\/ropesandmore.fr\/de\/wp-json\/wp\/v2\/product\/6763\/revisions"}],"wp:featuredmedia":[{"embeddable":true,"href":"https:\/\/ropesandmore.fr\/de\/wp-json\/wp\/v2\/media\/6764"}],"wp:attachment":[{"href":"https:\/\/ropesandmore.fr\/de\/wp-json\/wp\/v2\/media?parent=6763"}],"wp:term":[{"taxonomy":"product_brand","embeddable":true,"href":"https:\/\/ropesandmore.fr\/de\/wp-json\/wp\/v2\/product_brand?post=6763"},{"taxonomy":"product_cat","embeddable":true,"href":"https:\/\/ropesandmore.fr\/de\/wp-json\/wp\/v2\/product_cat?post=6763"},{"taxonomy":"product_tag","embeddable":true,"href":"https:\/\/ropesandmore.fr\/de\/wp-json\/wp\/v2\/product_tag?post=6763"}],"curies":[{"name":"wp","href":"https:\/\/api.w.org\/{rel}","templated":true}]}}