{"id":6839,"date":"2025-04-11T09:15:39","date_gmt":"2025-04-11T09:15:39","guid":{"rendered":"https:\/\/ropesandmore.fr\/?post_type=product&#038;p=6839"},"modified":"2025-08-06T18:43:47","modified_gmt":"2025-08-06T18:43:47","slug":"polyesterseil-pes-o6mm-kernmantelgeflecht-spleissbar-viele-farben","status":"publish","type":"product","link":"https:\/\/ropesandmore.fr\/de\/produkt\/polyesterseil-pes-o6mm-kernmantelgeflecht-spleissbar-viele-farben\/","title":{"rendered":"Polyesterseil PES \u00d86mm Kernmantelgeflecht splei\u00dfbar &#8211; viele Farben"},"content":{"rendered":"<h3 class=\"\" data-start=\"85\" data-end=\"179\"><strong data-start=\"89\" data-end=\"179\">Kernmantelgeflochtenes Polyesterseil \u2013 Vielseitigkeit, Festigkeit und Langlebigkeit \ud83d\udd29<\/strong><\/h3>\n<p class=\"\" data-start=\"181\" data-end=\"566\">Unsere <strong data-start=\"188\" data-end=\"243\">einzigartigen kernmantelgeflochtenen Polyesterseile<\/strong> werden aus <strong data-start=\"255\" data-end=\"287\">hochwertigen Polyesterfasern<\/strong> (<strong data-start=\"289\" data-end=\"316\">Polyethylenterephthalat<\/strong>) in <strong data-start=\"321\" data-end=\"336\">Deutschland<\/strong> hergestellt. Sie bieten die perfekte Kombination aus <strong data-start=\"390\" data-end=\"404\">Festigkeit<\/strong>, <strong data-start=\"406\" data-end=\"423\">Langlebigkeit<\/strong>, <strong data-start=\"425\" data-end=\"453\">hoher Lichtbest\u00e4ndigkeit<\/strong>, <strong data-start=\"455\" data-end=\"482\">Witterungsbest\u00e4ndigkeit<\/strong> und <strong data-start=\"487\" data-end=\"507\">geringer Dehnung<\/strong> \u2013 eine ausgezeichnete Wahl f\u00fcr anspruchsvolle Anwendungen. Das Polyesterseil mit Kernmantelgeflecht ist ein Rundgeflecht mit Einlage (Seilkern).<\/p>\n<hr \/>\n<h3 class=\"\" data-start=\"573\" data-end=\"635\"><strong data-start=\"577\" data-end=\"635\">\ud83c\udfaf Vorteile des Kernmantelgeflochtenen Polyesterseils:<\/strong><\/h3>\n<ul>\n<li data-start=\"639\" data-end=\"685\"><strong data-start=\"639\" data-end=\"658\">Hohe Festigkeit<\/strong> und <strong data-start=\"663\" data-end=\"680\">Langlebigkeit<\/strong> \ud83d\udcaa<\/li>\n<li data-start=\"688\" data-end=\"753\"><strong data-start=\"688\" data-end=\"715\">Hohe Lichtbest\u00e4ndigkeit<\/strong> und <strong data-start=\"720\" data-end=\"747\">Witterungsbest\u00e4ndigkeit<\/strong> \ud83c\udf26\ufe0f<\/li>\n<li data-start=\"756\" data-end=\"806\"><strong data-start=\"756\" data-end=\"775\">Geringe Dehnung<\/strong> f\u00fcr zuverl\u00e4ssige Leistung \u26d3\ufe0f<\/li>\n<li data-start=\"809\" data-end=\"881\"><strong data-start=\"809\" data-end=\"833\">Perfekt f\u00fcr Splei\u00dfen<\/strong> \u2013 dank hohem <strong data-start=\"847\" data-end=\"872\">Masseanteil des Kerns<\/strong> (50%) \ud83d\udd27<\/li>\n<\/ul>\n<hr \/>\n<h3 class=\"\" data-start=\"888\" data-end=\"932\"><strong data-start=\"892\" data-end=\"932\">\ud83d\udca1 Vielseitige Einsatzm\u00f6glichkeiten:<\/strong><\/h3>\n<p class=\"\" data-start=\"934\" data-end=\"998\">Unsere <strong data-start=\"941\" data-end=\"982\">Polyesterseile mit Kernmantelgeflecht<\/strong> sind ideal f\u00fcr:<\/p>\n<ul>\n<li data-start=\"1002\" data-end=\"1025\"><strong data-start=\"1002\" data-end=\"1020\">Allzweckleinen<\/strong><\/li>\n<li data-start=\"1028\" data-end=\"1059\"><strong data-start=\"1028\" data-end=\"1053\">Hebe- und Zugvorg\u00e4nge<\/strong><\/li>\n<li data-start=\"1062\" data-end=\"1138\"><strong data-start=\"1062\" data-end=\"1090\">Sicherung von Baustellen<\/strong> und <strong data-start=\"1095\" data-end=\"1133\">Stabilisierung von Arbeitsger\u00fcsten<\/strong><\/li>\n<li data-start=\"1141\" data-end=\"1203\"><strong data-start=\"1141\" data-end=\"1151\">Knoten<\/strong> und <strong data-start=\"1156\" data-end=\"1167\">Kn\u00fcpfen<\/strong> f\u00fcr verschiedenste Anwendungen<\/li>\n<li data-start=\"1206\" data-end=\"1240\"><strong data-start=\"1206\" data-end=\"1219\">Aufh\u00e4ngen<\/strong> von Gegenst\u00e4nden<\/li>\n<\/ul>\n<h3 class=\"\" data-start=\"1416\" data-end=\"1450\"><strong data-start=\"1420\" data-end=\"1450\">\u00a0Besonders geeignet f\u00fcr:<\/strong><\/h3>\n<ul>\n<li data-start=\"1454\" data-end=\"1473\"><strong data-start=\"1454\" data-end=\"1471\">Knotenhalfter \ud83d\udc34<\/strong><\/li>\n<li data-start=\"1476\" data-end=\"1500\"><strong data-start=\"1476\" data-end=\"1497\">D\u00fcnne Hundeleinen<\/strong> \ud83d\udc15\u200d\ud83e\uddba<\/li>\n<\/ul>\n<p><!--more--><\/p>\n<hr \/>\n<h3 class=\"\" data-start=\"67\" data-end=\"105\"><strong data-start=\"71\" data-end=\"105\">\u00a0Breites Anwendungsspektrum:<\/strong><\/h3>\n<ul>\n<li data-start=\"109\" data-end=\"131\"><strong data-start=\"109\" data-end=\"125\">Bauindustrie<\/strong> \ud83c\udfd7\ufe0f<\/li>\n<li data-start=\"134\" data-end=\"157\"><strong data-start=\"134\" data-end=\"152\">Landwirtschaft<\/strong> \ud83c\udf3e<\/li>\n<li data-start=\"160\" data-end=\"179\"><strong data-start=\"160\" data-end=\"175\">Schifffahrt<\/strong> \u2693<\/li>\n<li data-start=\"182\" data-end=\"211\"><strong data-start=\"182\" data-end=\"205\">Outdoor-Aktivit\u00e4ten<\/strong> \ud83c\udfde\ufe0f<\/li>\n<li data-start=\"214\" data-end=\"231\"><strong data-start=\"214\" data-end=\"226\">Haushalt<\/strong> \ud83c\udfe1<\/li>\n<\/ul>\n<hr \/>\n<p><strong data-start=\"139\" data-end=\"171\">Hinweis zur Farbdarstellung:<\/strong><br data-start=\"171\" data-end=\"174\" \/>Bitte beachten Sie, dass es durch Lichtverh\u00e4ltnisse bei der Produktfotografie sowie durch unterschiedliche Bildschirmdarstellungen zu leichten Farbabweichungen kommen kann.<\/p>\n","protected":false},"excerpt":{"rendered":"<p><strong>Kernmantelgeflecht Form K<\/strong><\/p>\n<ul>\n<li>Durchmesser: 6 mm<\/li>\n<li>Bruchlast: 575 daN(kg)<\/li>\n<li>Material: Polyester hochfest<\/li>\n<li>Flechtung: Kernmantelgeflecht mit Seilkern<\/li>\n<li>Seil ist splei\u00dfbar, sehr gut knotbar<\/li>\n<li>Arbeitsdehnung &lt;5%<\/li>\n<li>Eigenschaften: hohe Festigkeit, Witterungsbest\u00e4ndigkeit, Abriebfestigkeit, geringe Dehnung<\/li>\n<li><span data-contrast=\"auto\">Gewicht per 100m: 2,7 kg<\/span><\/li>\n<li>Sonderl\u00e4ngen auf Anfrage<\/li>\n<\/ul>\n","protected":false},"featured_media":6888,"template":"","meta":{"_acf_changed":false,"site-sidebar-layout":"default","site-content-layout":"","ast-site-content-layout":"default","site-content-style":"default","site-sidebar-style":"default","ast-global-header-display":"","ast-banner-title-visibility":"","ast-main-header-display":"","ast-hfb-above-header-display":"","ast-hfb-below-header-display":"","ast-hfb-mobile-header-display":"","site-post-title":"","ast-breadcrumbs-content":"","ast-featured-img":"","footer-sml-layout":"","ast-disable-related-posts":"","theme-transparent-header-meta":"default","adv-header-id-meta":"","stick-header-meta":"","header-above-stick-meta":"","header-main-stick-meta":"","header-below-stick-meta":"","astra-migrate-meta-layouts":"set","ast-page-background-enabled":"default","ast-page-background-meta":{"desktop":{"background-color":"","background-image":"","background-repeat":"repeat","background-position":"center center","background-size":"auto","background-attachment":"scroll","background-type":"","background-media":"","overlay-type":"","overlay-color":"","overlay-opacity":"","overlay-gradient":""},"tablet":{"background-color":"","background-image":"","background-repeat":"repeat","background-position":"center center","background-size":"auto","background-attachment":"scroll","background-type":"","background-media":"","overlay-type":"","overlay-color":"","overlay-opacity":"","overlay-gradient":""},"mobile":{"background-color":"","background-image":"","background-repeat":"repeat","background-position":"center center","background-size":"auto","background-attachment":"scroll","background-type":"","background-media":"","overlay-type":"","overlay-color":"","overlay-opacity":"","overlay-gradient":""}},"ast-content-background-meta":{"desktop":{"background-color":"var(--ast-global-color-5)","background-image":"","background-repeat":"repeat","background-position":"center center","background-size":"auto","background-attachment":"scroll","background-type":"","background-media":"","overlay-type":"","overlay-color":"","overlay-opacity":"","overlay-gradient":""},"tablet":{"background-color":"var(--ast-global-color-5)","background-image":"","background-repeat":"repeat","background-position":"center center","background-size":"auto","background-attachment":"scroll","background-type":"","background-media":"","overlay-type":"","overlay-color":"","overlay-opacity":"","overlay-gradient":""},"mobile":{"background-color":"var(--ast-global-color-5)","background-image":"","background-repeat":"repeat","background-position":"center center","background-size":"auto","background-attachment":"scroll","background-type":"","background-media":"","overlay-type":"","overlay-color":"","overlay-opacity":"","overlay-gradient":""}}},"product_brand":[193],"product_cat":[91,85,930,101,75,93,96,928,95,949,98,87,86,929],"product_tag":[628,780,676,122,779,657,432,701,796,809,732,845,843,785,622,120],"class_list":{"0":"post-6839","1":"product","2":"type-product","3":"status-publish","4":"has-post-thumbnail","6":"product_brand-ropes-and-more","7":"product_cat-haushalts-handwerkerseile","8":"product_cat-kreativbedarf-diy-materialien-basteln-naehen-deko","9":"product_cat-naturseile","10":"product_cat-polyesterseile","11":"product_cat-polyesterseile-geflochten","12":"product_cat-seile-fuer-baugewerbe","13":"product_cat-seile-fuer-geruestbau","14":"product_cat-seile-fuer-industrie","15":"product_cat-seile-fuer-innen-und-aussenausbau","16":"product_cat-seile-fuer-planen-zelte","17":"product_cat-seile-fuer-schifffahrt","18":"product_cat-seile-fuer-sport-outdoor","19":"product_cat-seile-nach-anwendung-seile-fuer-tierbedarf-und-spielzeug","20":"product_cat-kategorie-seile-nach-anwendung","21":"product_tag-farbiges-polyesterseil","22":"product_tag-kernmantelgeflecht","23":"product_tag-langlebiges-seil","24":"product_tag-outdoor-seil","25":"product_tag-pes-seil-6mm","26":"product_tag-polyesterseil-6mm","27":"product_tag-reissfestes-seil","28":"product_tag-robustes-seil","29":"product_tag-seil-fuer-bootszubehoer","30":"product_tag-seil-fuer-camping","31":"product_tag-seil-fuer-diy","32":"product_tag-seil-in-vielen-farben","33":"product_tag-spleissbares-seil","34":"product_tag-uv-bestaendiges-seil","35":"product_tag-vielseitiges-seil","36":"product_tag-wetterfestes-seil","37":"desktop-align-left","38":"tablet-align-left","39":"mobile-align-left","41":"first","42":"outofstock","43":"taxable","44":"shipping-taxable","45":"purchasable","46":"product-type-variable"},"acf":[],"yoast_head":"<!-- This site is optimized with the Yoast SEO plugin v27.5 - https:\/\/yoast.com\/product\/yoast-seo-wordpress\/ -->\n<title>Polyesterseil \u00d86mm \u2013 Kernmantel, splei\u00dfbar, in vielen Farben<\/title>\n<meta name=\"description\" content=\"Polyesterseil \u00d86mm mit Kernmantelgeflecht \u2013 splei\u00dfbar, UV-best\u00e4ndig &amp; abriebfest. In vielen Farben erh\u00e4ltlich \u2013 ideal f\u00fcr Outdoor, Segeln &amp; DIY-Projekte.\" \/>\n<meta name=\"robots\" content=\"index, follow, max-snippet:-1, max-image-preview:large, max-video-preview:-1\" \/>\n<link rel=\"canonical\" href=\"https:\/\/ropesandmore.fr\/de\/produkt\/polyesterseil-pes-o6mm-kernmantelgeflecht-spleissbar-viele-farben\/\" \/>\n<meta property=\"og:locale\" content=\"de_DE\" \/>\n<meta property=\"og:type\" content=\"article\" \/>\n<meta property=\"og:title\" content=\"Polyesterseil \u00d86mm \u2013 Kernmantel, splei\u00dfbar, in vielen Farben\" \/>\n<meta property=\"og:description\" content=\"Polyesterseil \u00d86mm mit Kernmantelgeflecht \u2013 splei\u00dfbar, UV-best\u00e4ndig &amp; abriebfest. In vielen Farben erh\u00e4ltlich \u2013 ideal f\u00fcr Outdoor, Segeln &amp; DIY-Projekte.\" \/>\n<meta property=\"og:url\" content=\"https:\/\/ropesandmore.fr\/de\/produkt\/polyesterseil-pes-o6mm-kernmantelgeflecht-spleissbar-viele-farben\/\" \/>\n<meta property=\"og:site_name\" content=\"Ropes and More\" \/>\n<meta property=\"article:publisher\" content=\"https:\/\/www.instagram.com\/ropesandmoregmbh\/\" \/>\n<meta property=\"article:modified_time\" content=\"2025-08-06T18:43:47+00:00\" \/>\n<meta property=\"og:image\" content=\"https:\/\/ropesandmore.fr\/wp-content\/uploads\/2025\/03\/6mm-Front-FK-250m.jpg\" \/>\n\t<meta property=\"og:image:width\" content=\"1000\" \/>\n\t<meta property=\"og:image:height\" content=\"1000\" \/>\n\t<meta property=\"og:image:type\" content=\"image\/jpeg\" \/>\n<meta name=\"twitter:card\" content=\"summary_large_image\" \/>\n<meta name=\"twitter:label1\" content=\"Gesch\u00e4tzte Lesezeit\" \/>\n\t<meta name=\"twitter:data1\" content=\"2\u00a0Minute\" \/>\n<script type=\"application\/ld+json\" class=\"yoast-schema-graph\">{\"@context\":\"https:\\\/\\\/schema.org\",\"@graph\":[{\"@type\":\"WebPage\",\"@id\":\"https:\\\/\\\/ropesandmore.fr\\\/de\\\/produkt\\\/polyesterseil-pes-o6mm-kernmantelgeflecht-spleissbar-viele-farben\\\/\",\"url\":\"https:\\\/\\\/ropesandmore.fr\\\/de\\\/produkt\\\/polyesterseil-pes-o6mm-kernmantelgeflecht-spleissbar-viele-farben\\\/\",\"name\":\"Polyesterseil \u00d86mm \u2013 Kernmantel, splei\u00dfbar, in vielen Farben\",\"isPartOf\":{\"@id\":\"https:\\\/\\\/ropesandmore.fr\\\/de\\\/#website\"},\"primaryImageOfPage\":{\"@id\":\"https:\\\/\\\/ropesandmore.fr\\\/de\\\/produkt\\\/polyesterseil-pes-o6mm-kernmantelgeflecht-spleissbar-viele-farben\\\/#primaryimage\"},\"image\":{\"@id\":\"https:\\\/\\\/ropesandmore.fr\\\/de\\\/produkt\\\/polyesterseil-pes-o6mm-kernmantelgeflecht-spleissbar-viele-farben\\\/#primaryimage\"},\"thumbnailUrl\":\"https:\\\/\\\/ropesandmore.fr\\\/wp-content\\\/uploads\\\/2025\\\/03\\\/6mm-Front-FK-250m.jpg\",\"datePublished\":\"2025-04-11T09:15:39+00:00\",\"dateModified\":\"2025-08-06T18:43:47+00:00\",\"description\":\"Polyesterseil \u00d86mm mit Kernmantelgeflecht \u2013 splei\u00dfbar, UV-best\u00e4ndig & abriebfest. In vielen Farben erh\u00e4ltlich \u2013 ideal f\u00fcr Outdoor, Segeln & DIY-Projekte.\",\"breadcrumb\":{\"@id\":\"https:\\\/\\\/ropesandmore.fr\\\/de\\\/produkt\\\/polyesterseil-pes-o6mm-kernmantelgeflecht-spleissbar-viele-farben\\\/#breadcrumb\"},\"inLanguage\":\"de\",\"potentialAction\":[{\"@type\":\"ReadAction\",\"target\":[\"https:\\\/\\\/ropesandmore.fr\\\/de\\\/produkt\\\/polyesterseil-pes-o6mm-kernmantelgeflecht-spleissbar-viele-farben\\\/\"]}]},{\"@type\":\"ImageObject\",\"inLanguage\":\"de\",\"@id\":\"https:\\\/\\\/ropesandmore.fr\\\/de\\\/produkt\\\/polyesterseil-pes-o6mm-kernmantelgeflecht-spleissbar-viele-farben\\\/#primaryimage\",\"url\":\"https:\\\/\\\/ropesandmore.fr\\\/wp-content\\\/uploads\\\/2025\\\/03\\\/6mm-Front-FK-250m.jpg\",\"contentUrl\":\"https:\\\/\\\/ropesandmore.fr\\\/wp-content\\\/uploads\\\/2025\\\/03\\\/6mm-Front-FK-250m.jpg\",\"width\":1000,\"height\":1000},{\"@type\":\"BreadcrumbList\",\"@id\":\"https:\\\/\\\/ropesandmore.fr\\\/de\\\/produkt\\\/polyesterseil-pes-o6mm-kernmantelgeflecht-spleissbar-viele-farben\\\/#breadcrumb\",\"itemListElement\":[{\"@type\":\"ListItem\",\"position\":1,\"name\":\"Startseite\",\"item\":\"https:\\\/\\\/ropesandmore.fr\\\/de\\\/\"},{\"@type\":\"ListItem\",\"position\":2,\"name\":\"Ropes and More \u2013 Dein Shop f\u00fcr Seile, Tauwerk &amp; Spezialschn\u00fcre\",\"item\":\"https:\\\/\\\/ropesandmore.fr\\\/ropes-and-more-dein-shop-fuer-seile-tauwerk-spezialschnuere\\\/\"},{\"@type\":\"ListItem\",\"position\":3,\"name\":\"Polyesterseil PES \u00d86mm Kernmantelgeflecht splei\u00dfbar &#8211; viele Farben\"}]},{\"@type\":\"WebSite\",\"@id\":\"https:\\\/\\\/ropesandmore.fr\\\/de\\\/#website\",\"url\":\"https:\\\/\\\/ropesandmore.fr\\\/de\\\/\",\"name\":\"ropes and more\",\"description\":\"Your Trusted Partner\",\"publisher\":{\"@id\":\"https:\\\/\\\/ropesandmore.fr\\\/de\\\/#organization\"},\"potentialAction\":[{\"@type\":\"SearchAction\",\"target\":{\"@type\":\"EntryPoint\",\"urlTemplate\":\"https:\\\/\\\/ropesandmore.fr\\\/de\\\/?s={search_term_string}\"},\"query-input\":{\"@type\":\"PropertyValueSpecification\",\"valueRequired\":true,\"valueName\":\"search_term_string\"}}],\"inLanguage\":\"de\"},{\"@type\":\"Organization\",\"@id\":\"https:\\\/\\\/ropesandmore.fr\\\/de\\\/#organization\",\"name\":\"ropes and more\",\"url\":\"https:\\\/\\\/ropesandmore.fr\\\/de\\\/\",\"logo\":{\"@type\":\"ImageObject\",\"inLanguage\":\"de\",\"@id\":\"https:\\\/\\\/ropesandmore.fr\\\/de\\\/#\\\/schema\\\/logo\\\/image\\\/\",\"url\":\"https:\\\/\\\/ropesandmore.fr\\\/wp-content\\\/uploads\\\/2025\\\/06\\\/Bild6.webp\",\"contentUrl\":\"https:\\\/\\\/ropesandmore.fr\\\/wp-content\\\/uploads\\\/2025\\\/06\\\/Bild6.webp\",\"width\":1023,\"height\":480,\"caption\":\"ropes and more\"},\"image\":{\"@id\":\"https:\\\/\\\/ropesandmore.fr\\\/de\\\/#\\\/schema\\\/logo\\\/image\\\/\"},\"sameAs\":[\"https:\\\/\\\/www.instagram.com\\\/ropesandmoregmbh\\\/\"]}]}<\/script>\n<!-- \/ Yoast SEO plugin. -->","yoast_head_json":{"title":"Polyesterseil \u00d86mm \u2013 Kernmantel, splei\u00dfbar, in vielen Farben","description":"Polyesterseil \u00d86mm mit Kernmantelgeflecht \u2013 splei\u00dfbar, UV-best\u00e4ndig & abriebfest. In vielen Farben erh\u00e4ltlich \u2013 ideal f\u00fcr Outdoor, Segeln & DIY-Projekte.","robots":{"index":"index","follow":"follow","max-snippet":"max-snippet:-1","max-image-preview":"max-image-preview:large","max-video-preview":"max-video-preview:-1"},"canonical":"https:\/\/ropesandmore.fr\/de\/produkt\/polyesterseil-pes-o6mm-kernmantelgeflecht-spleissbar-viele-farben\/","og_locale":"de_DE","og_type":"article","og_title":"Polyesterseil \u00d86mm \u2013 Kernmantel, splei\u00dfbar, in vielen Farben","og_description":"Polyesterseil \u00d86mm mit Kernmantelgeflecht \u2013 splei\u00dfbar, UV-best\u00e4ndig & abriebfest. In vielen Farben erh\u00e4ltlich \u2013 ideal f\u00fcr Outdoor, Segeln & DIY-Projekte.","og_url":"https:\/\/ropesandmore.fr\/de\/produkt\/polyesterseil-pes-o6mm-kernmantelgeflecht-spleissbar-viele-farben\/","og_site_name":"Ropes and More","article_publisher":"https:\/\/www.instagram.com\/ropesandmoregmbh\/","article_modified_time":"2025-08-06T18:43:47+00:00","og_image":[{"width":1000,"height":1000,"url":"https:\/\/ropesandmore.fr\/wp-content\/uploads\/2025\/03\/6mm-Front-FK-250m.jpg","type":"image\/jpeg"}],"twitter_card":"summary_large_image","twitter_misc":{"Gesch\u00e4tzte Lesezeit":"2\u00a0Minute"},"schema":{"@context":"https:\/\/schema.org","@graph":[{"@type":"WebPage","@id":"https:\/\/ropesandmore.fr\/de\/produkt\/polyesterseil-pes-o6mm-kernmantelgeflecht-spleissbar-viele-farben\/","url":"https:\/\/ropesandmore.fr\/de\/produkt\/polyesterseil-pes-o6mm-kernmantelgeflecht-spleissbar-viele-farben\/","name":"Polyesterseil \u00d86mm \u2013 Kernmantel, splei\u00dfbar, in vielen Farben","isPartOf":{"@id":"https:\/\/ropesandmore.fr\/de\/#website"},"primaryImageOfPage":{"@id":"https:\/\/ropesandmore.fr\/de\/produkt\/polyesterseil-pes-o6mm-kernmantelgeflecht-spleissbar-viele-farben\/#primaryimage"},"image":{"@id":"https:\/\/ropesandmore.fr\/de\/produkt\/polyesterseil-pes-o6mm-kernmantelgeflecht-spleissbar-viele-farben\/#primaryimage"},"thumbnailUrl":"https:\/\/ropesandmore.fr\/wp-content\/uploads\/2025\/03\/6mm-Front-FK-250m.jpg","datePublished":"2025-04-11T09:15:39+00:00","dateModified":"2025-08-06T18:43:47+00:00","description":"Polyesterseil \u00d86mm mit Kernmantelgeflecht \u2013 splei\u00dfbar, UV-best\u00e4ndig & abriebfest. In vielen Farben erh\u00e4ltlich \u2013 ideal f\u00fcr Outdoor, Segeln & DIY-Projekte.","breadcrumb":{"@id":"https:\/\/ropesandmore.fr\/de\/produkt\/polyesterseil-pes-o6mm-kernmantelgeflecht-spleissbar-viele-farben\/#breadcrumb"},"inLanguage":"de","potentialAction":[{"@type":"ReadAction","target":["https:\/\/ropesandmore.fr\/de\/produkt\/polyesterseil-pes-o6mm-kernmantelgeflecht-spleissbar-viele-farben\/"]}]},{"@type":"ImageObject","inLanguage":"de","@id":"https:\/\/ropesandmore.fr\/de\/produkt\/polyesterseil-pes-o6mm-kernmantelgeflecht-spleissbar-viele-farben\/#primaryimage","url":"https:\/\/ropesandmore.fr\/wp-content\/uploads\/2025\/03\/6mm-Front-FK-250m.jpg","contentUrl":"https:\/\/ropesandmore.fr\/wp-content\/uploads\/2025\/03\/6mm-Front-FK-250m.jpg","width":1000,"height":1000},{"@type":"BreadcrumbList","@id":"https:\/\/ropesandmore.fr\/de\/produkt\/polyesterseil-pes-o6mm-kernmantelgeflecht-spleissbar-viele-farben\/#breadcrumb","itemListElement":[{"@type":"ListItem","position":1,"name":"Startseite","item":"https:\/\/ropesandmore.fr\/de\/"},{"@type":"ListItem","position":2,"name":"Ropes and More \u2013 Dein Shop f\u00fcr Seile, Tauwerk &amp; Spezialschn\u00fcre","item":"https:\/\/ropesandmore.fr\/ropes-and-more-dein-shop-fuer-seile-tauwerk-spezialschnuere\/"},{"@type":"ListItem","position":3,"name":"Polyesterseil PES \u00d86mm Kernmantelgeflecht splei\u00dfbar &#8211; viele Farben"}]},{"@type":"WebSite","@id":"https:\/\/ropesandmore.fr\/de\/#website","url":"https:\/\/ropesandmore.fr\/de\/","name":"ropes and more","description":"Your Trusted Partner","publisher":{"@id":"https:\/\/ropesandmore.fr\/de\/#organization"},"potentialAction":[{"@type":"SearchAction","target":{"@type":"EntryPoint","urlTemplate":"https:\/\/ropesandmore.fr\/de\/?s={search_term_string}"},"query-input":{"@type":"PropertyValueSpecification","valueRequired":true,"valueName":"search_term_string"}}],"inLanguage":"de"},{"@type":"Organization","@id":"https:\/\/ropesandmore.fr\/de\/#organization","name":"ropes and more","url":"https:\/\/ropesandmore.fr\/de\/","logo":{"@type":"ImageObject","inLanguage":"de","@id":"https:\/\/ropesandmore.fr\/de\/#\/schema\/logo\/image\/","url":"https:\/\/ropesandmore.fr\/wp-content\/uploads\/2025\/06\/Bild6.webp","contentUrl":"https:\/\/ropesandmore.fr\/wp-content\/uploads\/2025\/06\/Bild6.webp","width":1023,"height":480,"caption":"ropes and more"},"image":{"@id":"https:\/\/ropesandmore.fr\/de\/#\/schema\/logo\/image\/"},"sameAs":["https:\/\/www.instagram.com\/ropesandmoregmbh\/"]}]}},"_links":{"self":[{"href":"https:\/\/ropesandmore.fr\/de\/wp-json\/wp\/v2\/product\/6839","targetHints":{"allow":["GET"]}}],"collection":[{"href":"https:\/\/ropesandmore.fr\/de\/wp-json\/wp\/v2\/product"}],"about":[{"href":"https:\/\/ropesandmore.fr\/de\/wp-json\/wp\/v2\/types\/product"}],"version-history":[{"count":0,"href":"https:\/\/ropesandmore.fr\/de\/wp-json\/wp\/v2\/product\/6839\/revisions"}],"wp:featuredmedia":[{"embeddable":true,"href":"https:\/\/ropesandmore.fr\/de\/wp-json\/wp\/v2\/media\/6888"}],"wp:attachment":[{"href":"https:\/\/ropesandmore.fr\/de\/wp-json\/wp\/v2\/media?parent=6839"}],"wp:term":[{"taxonomy":"product_brand","embeddable":true,"href":"https:\/\/ropesandmore.fr\/de\/wp-json\/wp\/v2\/product_brand?post=6839"},{"taxonomy":"product_cat","embeddable":true,"href":"https:\/\/ropesandmore.fr\/de\/wp-json\/wp\/v2\/product_cat?post=6839"},{"taxonomy":"product_tag","embeddable":true,"href":"https:\/\/ropesandmore.fr\/de\/wp-json\/wp\/v2\/product_tag?post=6839"}],"curies":[{"name":"wp","href":"https:\/\/api.w.org\/{rel}","templated":true}]}}