{"id":7097,"date":"2025-05-06T09:52:19","date_gmt":"2025-05-06T09:52:19","guid":{"rendered":"https:\/\/ropesandmore.fr\/?post_type=product&#038;p=7097"},"modified":"2025-08-03T16:41:52","modified_gmt":"2025-08-03T16:41:52","slug":"sisalgarn-bindfaden-22mm-800-2-50dan-naturprodukt","status":"publish","type":"product","link":"https:\/\/ropesandmore.fr\/de\/produkt\/sisalgarn-bindfaden-22mm-800-2-50dan-naturprodukt\/","title":{"rendered":"Sisalgarn Bindfaden 2,2mm 800\/2 50daN Naturprodukt"},"content":{"rendered":"<h3 class=\"\" data-start=\"265\" data-end=\"333\"><strong data-start=\"269\" data-end=\"330\">Hochwertiges Sisalgarn \u2013 Nat\u00fcrlich, robust und vielseitig<\/strong> \ud83c\udf43<\/h3>\n<p class=\"\" data-start=\"335\" data-end=\"573\">Unser <strong data-start=\"341\" data-end=\"354\">Sisalgarn<\/strong> ist ein reines <strong data-start=\"370\" data-end=\"386\">Naturprodukt<\/strong> aus hochwertigen Sisalfasern \u2013 nachhaltig, robust und vielseitig einsetzbar. Durch das wachsende <strong data-start=\"484\" data-end=\"505\">Umweltbewusstsein<\/strong> erfreut sich Sisalgarn zunehmender Beliebtheit in vielen Bereichen.<\/p>\n<hr class=\"\" data-start=\"575\" data-end=\"578\" \/>\n<h4 class=\"\" data-start=\"580\" data-end=\"605\"><strong data-start=\"585\" data-end=\"605\">Warum Sisalgarn?<\/strong><\/h4>\n<ul>\n<li data-start=\"608\" data-end=\"691\"><strong data-start=\"608\" data-end=\"642\">Nat\u00fcrlich und umweltfreundlich<\/strong> \ud83c\udf31: 100\u202f% aus nachhaltigen Rohstoffen gefertigt.<\/li>\n<li data-start=\"694\" data-end=\"787\"><strong data-start=\"694\" data-end=\"716\">Hohe Zugfestigkeit<\/strong>: Ideal f\u00fcr Anwendungen, die Stabilit\u00e4t und Langlebigkeit erfordern.<\/li>\n<li data-start=\"790\" data-end=\"869\"><strong data-start=\"790\" data-end=\"815\">Vielseitig einsetzbar<\/strong>: F\u00fcr Handwerk, Gartenbau, Tierhaltung und Dekoration.<\/li>\n<\/ul>\n<hr class=\"\" data-start=\"871\" data-end=\"874\" \/>\n<h4 class=\"\" data-start=\"876\" data-end=\"909\"><strong data-start=\"881\" data-end=\"909\">Typische Einsatzbereiche<\/strong><\/h4>\n<ul>\n<li data-start=\"912\" data-end=\"960\"><strong data-start=\"912\" data-end=\"955\">\ud83e\uddf6Herstellung von Seilen und Bodenbel\u00e4gen<\/strong><\/li>\n<li data-start=\"912\" data-end=\"960\"><strong data-start=\"963\" data-end=\"994\">\ud83d\udc3e Ausstattung von Tiergehegen<\/strong> in Zoos oder f\u00fcr Haustiere<\/li>\n<li data-start=\"1029\" data-end=\"1063\"><strong data-start=\"1029\" data-end=\"1058\">\ud83d\udc31 Bau von Katzenkratzb\u00e4umen<\/strong><\/li>\n<li data-start=\"1066\" data-end=\"1092\"><strong data-start=\"1066\" data-end=\"1087\">\ud83c\udfe1 Teppichproduktion<\/strong><\/li>\n<li data-start=\"1095\" data-end=\"1148\"><strong data-start=\"1095\" data-end=\"1125\">\ud83c\udf3b Biologische Landwirtschaft<\/strong> und <strong data-start=\"1130\" data-end=\"1143\">Gartenbau<\/strong><\/li>\n<\/ul>\n<hr class=\"\" data-start=\"1150\" data-end=\"1153\" \/>\n<h3 class=\"\" data-start=\"1155\" data-end=\"1205\"><strong data-start=\"1159\" data-end=\"1205\">\ud83c\udf43Nat\u00fcrlich stark<\/strong><strong data-start=\"1159\" data-end=\"1205\">\ud83d\udee0\ufe0f<\/strong><strong data-start=\"1159\" data-end=\"1205\">\u2013 f\u00fcr nachhaltige Projekte<\/strong><\/h3>\n<p class=\"\" data-start=\"1207\" data-end=\"1493\">Ob im professionellen Bereich oder im eigenen Garten \u2013 mit unserem <strong data-start=\"1274\" data-end=\"1287\">Sisalgarn<\/strong> setzen Sie auf eine <strong data-start=\"1308\" data-end=\"1330\">\u00f6kologische L\u00f6sung<\/strong>, die h\u00f6chste <strong data-start=\"1344\" data-end=\"1361\">Zugfestigkeit<\/strong> mit nat\u00fcrlicher Sch\u00f6nheit verbindet. Perfekt geeignet f\u00fcr kreative Projekte, robuste Konstruktionen oder nachhaltige Ausstattungen.<\/p>\n<hr class=\"\" data-start=\"1495\" data-end=\"1498\" \/>\n<p class=\"\" data-start=\"1540\" data-end=\"1678\"><strong data-start=\"139\" data-end=\"171\">Hinweis zur Farbdarstellung:<\/strong><br data-start=\"171\" data-end=\"174\" \/>Bitte beachten Sie, dass es durch Lichtverh\u00e4ltnisse bei der Produktfotografie sowie durch unterschiedliche Bildschirmdarstellungen zu leichten Farbabweichungen kommen kann.<\/p>\n<p><span data-ccp-props=\"{&quot;134233117&quot;:false,&quot;134233118&quot;:false,&quot;335551550&quot;:0,&quot;335551620&quot;:0,&quot;335559738&quot;:240,&quot;335559739&quot;:240}\">\u00a0<\/span><\/p>\n","protected":false},"excerpt":{"rendered":"<p><b>Sisalgarn ca. 4500m<\/b><\/p>\n<ul>\n<li data-leveltext=\"\uf0a7\" data-font=\"Wingdings\" data-listid=\"3\" data-list-defn-props=\"{&quot;335552541&quot;:1,&quot;335559685&quot;:720,&quot;335559991&quot;:360,&quot;469769226&quot;:&quot;Wingdings&quot;,&quot;469769242&quot;:[9642],&quot;469777803&quot;:&quot;left&quot;,&quot;469777804&quot;:&quot;\uf0a7&quot;,&quot;469777815&quot;:&quot;multilevel&quot;}\" aria-setsize=\"-1\" data-aria-posinset=\"35\" data-aria-level=\"1\"><span data-contrast=\"auto\">Premium Qualit\u00e4t &#8211; Made in Germany<\/span><span data-ccp-props=\"{}\">\u00a0<\/span><\/li>\n<li data-leveltext=\"\uf0a7\" data-font=\"Wingdings\" data-listid=\"3\" data-list-defn-props=\"{&quot;335552541&quot;:1,&quot;335559685&quot;:720,&quot;335559991&quot;:360,&quot;469769226&quot;:&quot;Wingdings&quot;,&quot;469769242&quot;:[9642],&quot;469777803&quot;:&quot;left&quot;,&quot;469777804&quot;:&quot;\uf0a7&quot;,&quot;469777815&quot;:&quot;multilevel&quot;}\" aria-setsize=\"-1\" data-aria-posinset=\"35\" data-aria-level=\"1\"><span data-contrast=\"auto\">Durchmesser: ca. 1,2-1,5 mm<\/span><span data-ccp-props=\"{}\">\u00a0<\/span><\/li>\n<li data-leveltext=\"\uf0a7\" data-font=\"Wingdings\" data-listid=\"3\" data-list-defn-props=\"{&quot;335552541&quot;:1,&quot;335559685&quot;:720,&quot;335559991&quot;:360,&quot;469769226&quot;:&quot;Wingdings&quot;,&quot;469769242&quot;:[9642],&quot;469777803&quot;:&quot;left&quot;,&quot;469777804&quot;:&quot;\uf0a7&quot;,&quot;469777815&quot;:&quot;multilevel&quot;}\" aria-setsize=\"-1\" data-aria-posinset=\"35\" data-aria-level=\"1\">Farbe: Natur<\/li>\n<li data-leveltext=\"\uf0a7\" data-font=\"Wingdings\" data-listid=\"3\" data-list-defn-props=\"{&quot;335552541&quot;:1,&quot;335559685&quot;:720,&quot;335559991&quot;:360,&quot;469769226&quot;:&quot;Wingdings&quot;,&quot;469769242&quot;:[9642],&quot;469777803&quot;:&quot;left&quot;,&quot;469777804&quot;:&quot;\uf0a7&quot;,&quot;469777815&quot;:&quot;multilevel&quot;}\" aria-setsize=\"-1\" data-aria-posinset=\"35\" data-aria-level=\"1\"><span data-contrast=\"auto\">Flechtung: gezwirnt<\/span><\/li>\n<li data-leveltext=\"\uf0a7\" data-font=\"Wingdings\" data-listid=\"3\" data-list-defn-props=\"{&quot;335552541&quot;:1,&quot;335559685&quot;:720,&quot;335559991&quot;:360,&quot;469769226&quot;:&quot;Wingdings&quot;,&quot;469769242&quot;:[9642],&quot;469777803&quot;:&quot;left&quot;,&quot;469777804&quot;:&quot;\uf0a7&quot;,&quot;469777815&quot;:&quot;multilevel&quot;}\" aria-setsize=\"-1\" data-aria-posinset=\"35\" data-aria-level=\"1\"><span data-contrast=\"auto\">Material: Sisalfaser<\/span><\/li>\n<li data-leveltext=\"\uf0a7\" data-font=\"Wingdings\" data-listid=\"3\" data-list-defn-props=\"{&quot;335552541&quot;:1,&quot;335559685&quot;:720,&quot;335559991&quot;:360,&quot;469769226&quot;:&quot;Wingdings&quot;,&quot;469769242&quot;:[9642],&quot;469777803&quot;:&quot;left&quot;,&quot;469777804&quot;:&quot;\uf0a7&quot;,&quot;469777815&quot;:&quot;multilevel&quot;}\" aria-setsize=\"-1\" data-aria-posinset=\"35\" data-aria-level=\"1\"><span data-contrast=\"auto\">Gewicht per 100m: 2,0 kg<\/span><\/li>\n<\/ul>\n","protected":false},"featured_media":7098,"template":"","meta":{"_acf_changed":false,"site-sidebar-layout":"default","site-content-layout":"","ast-site-content-layout":"default","site-content-style":"default","site-sidebar-style":"default","ast-global-header-display":"","ast-banner-title-visibility":"","ast-main-header-display":"","ast-hfb-above-header-display":"","ast-hfb-below-header-display":"","ast-hfb-mobile-header-display":"","site-post-title":"","ast-breadcrumbs-content":"","ast-featured-img":"","footer-sml-layout":"","ast-disable-related-posts":"","theme-transparent-header-meta":"default","adv-header-id-meta":"","stick-header-meta":"","header-above-stick-meta":"","header-main-stick-meta":"","header-below-stick-meta":"","astra-migrate-meta-layouts":"set","ast-page-background-enabled":"default","ast-page-background-meta":{"desktop":{"background-color":"","background-image":"","background-repeat":"repeat","background-position":"center center","background-size":"auto","background-attachment":"scroll","background-type":"","background-media":"","overlay-type":"","overlay-color":"","overlay-opacity":"","overlay-gradient":""},"tablet":{"background-color":"","background-image":"","background-repeat":"repeat","background-position":"center center","background-size":"auto","background-attachment":"scroll","background-type":"","background-media":"","overlay-type":"","overlay-color":"","overlay-opacity":"","overlay-gradient":""},"mobile":{"background-color":"","background-image":"","background-repeat":"repeat","background-position":"center center","background-size":"auto","background-attachment":"scroll","background-type":"","background-media":"","overlay-type":"","overlay-color":"","overlay-opacity":"","overlay-gradient":""}},"ast-content-background-meta":{"desktop":{"background-color":"var(--ast-global-color-5)","background-image":"","background-repeat":"repeat","background-position":"center center","background-size":"auto","background-attachment":"scroll","background-type":"","background-media":"","overlay-type":"","overlay-color":"","overlay-opacity":"","overlay-gradient":""},"tablet":{"background-color":"var(--ast-global-color-5)","background-image":"","background-repeat":"repeat","background-position":"center center","background-size":"auto","background-attachment":"scroll","background-type":"","background-media":"","overlay-type":"","overlay-color":"","overlay-opacity":"","overlay-gradient":""},"mobile":{"background-color":"var(--ast-global-color-5)","background-image":"","background-repeat":"repeat","background-position":"center center","background-size":"auto","background-attachment":"scroll","background-type":"","background-media":"","overlay-type":"","overlay-color":"","overlay-opacity":"","overlay-gradient":""}}},"product_brand":[193],"product_cat":[79,91,85,930,105,90,928,86,929,606],"product_tag":[608,611,610,609,615,616,614,612,613,607,548],"class_list":{"0":"post-7097","1":"product","2":"type-product","3":"status-publish","4":"has-post-thumbnail","6":"product_brand-ropes-and-more","7":"product_cat-garne-zwirne-paketschnur","8":"product_cat-haushalts-handwerkerseile","9":"product_cat-kreativbedarf-diy-materialien-basteln-naehen-deko","10":"product_cat-naturseile","11":"product_cat-seile-fuer-forstwirtschaft","12":"product_cat-seile-fuer-gartenarbeit","13":"product_cat-seile-fuer-industrie","14":"product_cat-seile-nach-anwendung-seile-fuer-tierbedarf-und-spielzeug","15":"product_cat-kategorie-seile-nach-anwendung","16":"product_cat-sisalseile","17":"product_tag-2mm","18":"product_tag-50dan-bindfaden","19":"product_tag-800-2-sisalgarn","20":"product_tag-bindfaden-sisal","21":"product_tag-dekogarn-naturfaser","22":"product_tag-hohe-reissfestigkeit-sisal","23":"product_tag-natuerliche-sisalschnur","24":"product_tag-naturprodukt-garn","25":"product_tag-robustes-sisalgarn","26":"product_tag-sisalgarn-2","27":"product_tag-umweltfreundliche-schnur","28":"desktop-align-left","29":"tablet-align-left","30":"mobile-align-left","32":"first","33":"outofstock","34":"taxable","35":"shipping-taxable","36":"purchasable","37":"product-type-simple"},"acf":[],"yoast_head":"<!-- This site is optimized with the Yoast SEO plugin v27.5 - https:\/\/yoast.com\/product\/yoast-seo-wordpress\/ -->\n<title>Sisalgarn Bindfaden 2,2mm 800\/2 \u2013 Naturprodukt, 50daN Zugkraft<\/title>\n<meta name=\"description\" content=\"Robuster Sisalgarn Bindfaden 2,2mm (800\/2), Naturprodukt mit 50daN Zugkraft. Ideal zum Binden, Verpacken und f\u00fcr handwerkliche nachhaltige Anwendungen.\" \/>\n<meta name=\"robots\" content=\"index, follow, max-snippet:-1, max-image-preview:large, max-video-preview:-1\" \/>\n<link rel=\"canonical\" href=\"https:\/\/ropesandmore.fr\/de\/produkt\/sisalgarn-bindfaden-22mm-800-2-50dan-naturprodukt\/\" \/>\n<meta property=\"og:locale\" content=\"de_DE\" \/>\n<meta property=\"og:type\" content=\"article\" \/>\n<meta property=\"og:title\" content=\"Sisalgarn Bindfaden 2,2mm 800\/2 \u2013 Naturprodukt, 50daN Zugkraft\" \/>\n<meta property=\"og:description\" content=\"Robuster Sisalgarn Bindfaden 2,2mm (800\/2), Naturprodukt mit 50daN Zugkraft. Ideal zum Binden, Verpacken und f\u00fcr handwerkliche nachhaltige Anwendungen.\" \/>\n<meta property=\"og:url\" content=\"https:\/\/ropesandmore.fr\/de\/produkt\/sisalgarn-bindfaden-22mm-800-2-50dan-naturprodukt\/\" \/>\n<meta property=\"og:site_name\" content=\"Ropes and More\" \/>\n<meta property=\"article:publisher\" content=\"https:\/\/www.instagram.com\/ropesandmoregmbh\/\" \/>\n<meta property=\"article:modified_time\" content=\"2025-08-03T16:41:52+00:00\" \/>\n<meta property=\"og:image\" content=\"https:\/\/ropesandmore.fr\/wp-content\/uploads\/2025\/03\/Bindfaden-Sisal.jpg\" \/>\n\t<meta property=\"og:image:width\" content=\"1000\" \/>\n\t<meta property=\"og:image:height\" content=\"990\" \/>\n\t<meta property=\"og:image:type\" content=\"image\/jpeg\" \/>\n<meta name=\"twitter:card\" content=\"summary_large_image\" \/>\n<meta name=\"twitter:label1\" content=\"Gesch\u00e4tzte Lesezeit\" \/>\n\t<meta name=\"twitter:data1\" content=\"2\u00a0Minute\" \/>\n<script type=\"application\/ld+json\" class=\"yoast-schema-graph\">{\"@context\":\"https:\\\/\\\/schema.org\",\"@graph\":[{\"@type\":\"WebPage\",\"@id\":\"https:\\\/\\\/ropesandmore.fr\\\/de\\\/produkt\\\/sisalgarn-bindfaden-22mm-800-2-50dan-naturprodukt\\\/\",\"url\":\"https:\\\/\\\/ropesandmore.fr\\\/de\\\/produkt\\\/sisalgarn-bindfaden-22mm-800-2-50dan-naturprodukt\\\/\",\"name\":\"Sisalgarn Bindfaden 2,2mm 800\\\/2 \u2013 Naturprodukt, 50daN Zugkraft\",\"isPartOf\":{\"@id\":\"https:\\\/\\\/ropesandmore.fr\\\/de\\\/#website\"},\"primaryImageOfPage\":{\"@id\":\"https:\\\/\\\/ropesandmore.fr\\\/de\\\/produkt\\\/sisalgarn-bindfaden-22mm-800-2-50dan-naturprodukt\\\/#primaryimage\"},\"image\":{\"@id\":\"https:\\\/\\\/ropesandmore.fr\\\/de\\\/produkt\\\/sisalgarn-bindfaden-22mm-800-2-50dan-naturprodukt\\\/#primaryimage\"},\"thumbnailUrl\":\"https:\\\/\\\/ropesandmore.fr\\\/wp-content\\\/uploads\\\/2025\\\/03\\\/Bindfaden-Sisal.jpg\",\"datePublished\":\"2025-05-06T09:52:19+00:00\",\"dateModified\":\"2025-08-03T16:41:52+00:00\",\"description\":\"Robuster Sisalgarn Bindfaden 2,2mm (800\\\/2), Naturprodukt mit 50daN Zugkraft. Ideal zum Binden, Verpacken und f\u00fcr handwerkliche nachhaltige Anwendungen.\",\"breadcrumb\":{\"@id\":\"https:\\\/\\\/ropesandmore.fr\\\/de\\\/produkt\\\/sisalgarn-bindfaden-22mm-800-2-50dan-naturprodukt\\\/#breadcrumb\"},\"inLanguage\":\"de\",\"potentialAction\":[{\"@type\":\"ReadAction\",\"target\":[\"https:\\\/\\\/ropesandmore.fr\\\/de\\\/produkt\\\/sisalgarn-bindfaden-22mm-800-2-50dan-naturprodukt\\\/\"]}]},{\"@type\":\"ImageObject\",\"inLanguage\":\"de\",\"@id\":\"https:\\\/\\\/ropesandmore.fr\\\/de\\\/produkt\\\/sisalgarn-bindfaden-22mm-800-2-50dan-naturprodukt\\\/#primaryimage\",\"url\":\"https:\\\/\\\/ropesandmore.fr\\\/wp-content\\\/uploads\\\/2025\\\/03\\\/Bindfaden-Sisal.jpg\",\"contentUrl\":\"https:\\\/\\\/ropesandmore.fr\\\/wp-content\\\/uploads\\\/2025\\\/03\\\/Bindfaden-Sisal.jpg\",\"width\":1000,\"height\":990},{\"@type\":\"BreadcrumbList\",\"@id\":\"https:\\\/\\\/ropesandmore.fr\\\/de\\\/produkt\\\/sisalgarn-bindfaden-22mm-800-2-50dan-naturprodukt\\\/#breadcrumb\",\"itemListElement\":[{\"@type\":\"ListItem\",\"position\":1,\"name\":\"Startseite\",\"item\":\"https:\\\/\\\/ropesandmore.fr\\\/de\\\/\"},{\"@type\":\"ListItem\",\"position\":2,\"name\":\"Ropes and More \u2013 Dein Shop f\u00fcr Seile, Tauwerk &amp; Spezialschn\u00fcre\",\"item\":\"https:\\\/\\\/ropesandmore.fr\\\/ropes-and-more-dein-shop-fuer-seile-tauwerk-spezialschnuere\\\/\"},{\"@type\":\"ListItem\",\"position\":3,\"name\":\"Sisalgarn Bindfaden 2,2mm 800\\\/2 50daN Naturprodukt\"}]},{\"@type\":\"WebSite\",\"@id\":\"https:\\\/\\\/ropesandmore.fr\\\/de\\\/#website\",\"url\":\"https:\\\/\\\/ropesandmore.fr\\\/de\\\/\",\"name\":\"ropes and more\",\"description\":\"Your Trusted Partner\",\"publisher\":{\"@id\":\"https:\\\/\\\/ropesandmore.fr\\\/de\\\/#organization\"},\"potentialAction\":[{\"@type\":\"SearchAction\",\"target\":{\"@type\":\"EntryPoint\",\"urlTemplate\":\"https:\\\/\\\/ropesandmore.fr\\\/de\\\/?s={search_term_string}\"},\"query-input\":{\"@type\":\"PropertyValueSpecification\",\"valueRequired\":true,\"valueName\":\"search_term_string\"}}],\"inLanguage\":\"de\"},{\"@type\":\"Organization\",\"@id\":\"https:\\\/\\\/ropesandmore.fr\\\/de\\\/#organization\",\"name\":\"ropes and more\",\"url\":\"https:\\\/\\\/ropesandmore.fr\\\/de\\\/\",\"logo\":{\"@type\":\"ImageObject\",\"inLanguage\":\"de\",\"@id\":\"https:\\\/\\\/ropesandmore.fr\\\/de\\\/#\\\/schema\\\/logo\\\/image\\\/\",\"url\":\"https:\\\/\\\/ropesandmore.fr\\\/wp-content\\\/uploads\\\/2025\\\/06\\\/Bild6.webp\",\"contentUrl\":\"https:\\\/\\\/ropesandmore.fr\\\/wp-content\\\/uploads\\\/2025\\\/06\\\/Bild6.webp\",\"width\":1023,\"height\":480,\"caption\":\"ropes and more\"},\"image\":{\"@id\":\"https:\\\/\\\/ropesandmore.fr\\\/de\\\/#\\\/schema\\\/logo\\\/image\\\/\"},\"sameAs\":[\"https:\\\/\\\/www.instagram.com\\\/ropesandmoregmbh\\\/\"]}]}<\/script>\n<!-- \/ Yoast SEO plugin. -->","yoast_head_json":{"title":"Sisalgarn Bindfaden 2,2mm 800\/2 \u2013 Naturprodukt, 50daN Zugkraft","description":"Robuster Sisalgarn Bindfaden 2,2mm (800\/2), Naturprodukt mit 50daN Zugkraft. Ideal zum Binden, Verpacken und f\u00fcr handwerkliche nachhaltige Anwendungen.","robots":{"index":"index","follow":"follow","max-snippet":"max-snippet:-1","max-image-preview":"max-image-preview:large","max-video-preview":"max-video-preview:-1"},"canonical":"https:\/\/ropesandmore.fr\/de\/produkt\/sisalgarn-bindfaden-22mm-800-2-50dan-naturprodukt\/","og_locale":"de_DE","og_type":"article","og_title":"Sisalgarn Bindfaden 2,2mm 800\/2 \u2013 Naturprodukt, 50daN Zugkraft","og_description":"Robuster Sisalgarn Bindfaden 2,2mm (800\/2), Naturprodukt mit 50daN Zugkraft. Ideal zum Binden, Verpacken und f\u00fcr handwerkliche nachhaltige Anwendungen.","og_url":"https:\/\/ropesandmore.fr\/de\/produkt\/sisalgarn-bindfaden-22mm-800-2-50dan-naturprodukt\/","og_site_name":"Ropes and More","article_publisher":"https:\/\/www.instagram.com\/ropesandmoregmbh\/","article_modified_time":"2025-08-03T16:41:52+00:00","og_image":[{"width":1000,"height":990,"url":"https:\/\/ropesandmore.fr\/wp-content\/uploads\/2025\/03\/Bindfaden-Sisal.jpg","type":"image\/jpeg"}],"twitter_card":"summary_large_image","twitter_misc":{"Gesch\u00e4tzte Lesezeit":"2\u00a0Minute"},"schema":{"@context":"https:\/\/schema.org","@graph":[{"@type":"WebPage","@id":"https:\/\/ropesandmore.fr\/de\/produkt\/sisalgarn-bindfaden-22mm-800-2-50dan-naturprodukt\/","url":"https:\/\/ropesandmore.fr\/de\/produkt\/sisalgarn-bindfaden-22mm-800-2-50dan-naturprodukt\/","name":"Sisalgarn Bindfaden 2,2mm 800\/2 \u2013 Naturprodukt, 50daN Zugkraft","isPartOf":{"@id":"https:\/\/ropesandmore.fr\/de\/#website"},"primaryImageOfPage":{"@id":"https:\/\/ropesandmore.fr\/de\/produkt\/sisalgarn-bindfaden-22mm-800-2-50dan-naturprodukt\/#primaryimage"},"image":{"@id":"https:\/\/ropesandmore.fr\/de\/produkt\/sisalgarn-bindfaden-22mm-800-2-50dan-naturprodukt\/#primaryimage"},"thumbnailUrl":"https:\/\/ropesandmore.fr\/wp-content\/uploads\/2025\/03\/Bindfaden-Sisal.jpg","datePublished":"2025-05-06T09:52:19+00:00","dateModified":"2025-08-03T16:41:52+00:00","description":"Robuster Sisalgarn Bindfaden 2,2mm (800\/2), Naturprodukt mit 50daN Zugkraft. Ideal zum Binden, Verpacken und f\u00fcr handwerkliche nachhaltige Anwendungen.","breadcrumb":{"@id":"https:\/\/ropesandmore.fr\/de\/produkt\/sisalgarn-bindfaden-22mm-800-2-50dan-naturprodukt\/#breadcrumb"},"inLanguage":"de","potentialAction":[{"@type":"ReadAction","target":["https:\/\/ropesandmore.fr\/de\/produkt\/sisalgarn-bindfaden-22mm-800-2-50dan-naturprodukt\/"]}]},{"@type":"ImageObject","inLanguage":"de","@id":"https:\/\/ropesandmore.fr\/de\/produkt\/sisalgarn-bindfaden-22mm-800-2-50dan-naturprodukt\/#primaryimage","url":"https:\/\/ropesandmore.fr\/wp-content\/uploads\/2025\/03\/Bindfaden-Sisal.jpg","contentUrl":"https:\/\/ropesandmore.fr\/wp-content\/uploads\/2025\/03\/Bindfaden-Sisal.jpg","width":1000,"height":990},{"@type":"BreadcrumbList","@id":"https:\/\/ropesandmore.fr\/de\/produkt\/sisalgarn-bindfaden-22mm-800-2-50dan-naturprodukt\/#breadcrumb","itemListElement":[{"@type":"ListItem","position":1,"name":"Startseite","item":"https:\/\/ropesandmore.fr\/de\/"},{"@type":"ListItem","position":2,"name":"Ropes and More \u2013 Dein Shop f\u00fcr Seile, Tauwerk &amp; Spezialschn\u00fcre","item":"https:\/\/ropesandmore.fr\/ropes-and-more-dein-shop-fuer-seile-tauwerk-spezialschnuere\/"},{"@type":"ListItem","position":3,"name":"Sisalgarn Bindfaden 2,2mm 800\/2 50daN Naturprodukt"}]},{"@type":"WebSite","@id":"https:\/\/ropesandmore.fr\/de\/#website","url":"https:\/\/ropesandmore.fr\/de\/","name":"ropes and more","description":"Your Trusted Partner","publisher":{"@id":"https:\/\/ropesandmore.fr\/de\/#organization"},"potentialAction":[{"@type":"SearchAction","target":{"@type":"EntryPoint","urlTemplate":"https:\/\/ropesandmore.fr\/de\/?s={search_term_string}"},"query-input":{"@type":"PropertyValueSpecification","valueRequired":true,"valueName":"search_term_string"}}],"inLanguage":"de"},{"@type":"Organization","@id":"https:\/\/ropesandmore.fr\/de\/#organization","name":"ropes and more","url":"https:\/\/ropesandmore.fr\/de\/","logo":{"@type":"ImageObject","inLanguage":"de","@id":"https:\/\/ropesandmore.fr\/de\/#\/schema\/logo\/image\/","url":"https:\/\/ropesandmore.fr\/wp-content\/uploads\/2025\/06\/Bild6.webp","contentUrl":"https:\/\/ropesandmore.fr\/wp-content\/uploads\/2025\/06\/Bild6.webp","width":1023,"height":480,"caption":"ropes and more"},"image":{"@id":"https:\/\/ropesandmore.fr\/de\/#\/schema\/logo\/image\/"},"sameAs":["https:\/\/www.instagram.com\/ropesandmoregmbh\/"]}]}},"_links":{"self":[{"href":"https:\/\/ropesandmore.fr\/de\/wp-json\/wp\/v2\/product\/7097","targetHints":{"allow":["GET"]}}],"collection":[{"href":"https:\/\/ropesandmore.fr\/de\/wp-json\/wp\/v2\/product"}],"about":[{"href":"https:\/\/ropesandmore.fr\/de\/wp-json\/wp\/v2\/types\/product"}],"version-history":[{"count":0,"href":"https:\/\/ropesandmore.fr\/de\/wp-json\/wp\/v2\/product\/7097\/revisions"}],"wp:featuredmedia":[{"embeddable":true,"href":"https:\/\/ropesandmore.fr\/de\/wp-json\/wp\/v2\/media\/7098"}],"wp:attachment":[{"href":"https:\/\/ropesandmore.fr\/de\/wp-json\/wp\/v2\/media?parent=7097"}],"wp:term":[{"taxonomy":"product_brand","embeddable":true,"href":"https:\/\/ropesandmore.fr\/de\/wp-json\/wp\/v2\/product_brand?post=7097"},{"taxonomy":"product_cat","embeddable":true,"href":"https:\/\/ropesandmore.fr\/de\/wp-json\/wp\/v2\/product_cat?post=7097"},{"taxonomy":"product_tag","embeddable":true,"href":"https:\/\/ropesandmore.fr\/de\/wp-json\/wp\/v2\/product_tag?post=7097"}],"curies":[{"name":"wp","href":"https:\/\/api.w.org\/{rel}","templated":true}]}}