{"id":7136,"date":"2025-03-28T13:33:26","date_gmt":"2025-03-28T13:33:26","guid":{"rendered":"https:\/\/ropesandmore.fr\/?post_type=product&#038;p=7136"},"modified":"2025-08-06T17:41:49","modified_gmt":"2025-08-06T17:41:49","slug":"richtschnur-pes-polyester-o25mm-geflochten","status":"publish","type":"product","link":"https:\/\/ropesandmore.fr\/de\/produkt\/richtschnur-pes-polyester-o25mm-geflochten\/","title":{"rendered":"Richtschnur PES Polyester \u00d82,5mm geflochten texturiert hochelastisch100m"},"content":{"rendered":"<h3 class=\"\" data-start=\"101\" data-end=\"167\"><strong data-start=\"105\" data-end=\"163\">Hochwertige Richtschnur \u2013 Pr\u00e4zision f\u00fcr jede Baustelle<\/strong> \ud83d\udee0\ufe0f<\/h3>\n<p class=\"\" data-start=\"169\" data-end=\"595\">Unsere <strong data-start=\"176\" data-end=\"191\">Richtschnur<\/strong> ist das ideale Hilfsmittel f\u00fcr <strong data-start=\"223\" data-end=\"248\">pr\u00e4zise Ausrichtungen<\/strong> und <strong data-start=\"253\" data-end=\"270\">gerade Linien<\/strong> auf Baustellen und bei Renovierungen. Mit dieser <strong data-start=\"320\" data-end=\"348\">hochwertigen Richtschnur<\/strong> erzielen Sie stets exakte Ergebnisse und gew\u00e4hrleisten die <strong data-start=\"408\" data-end=\"436\">Genauigkeit Ihrer Arbeit<\/strong>. Sie ist unverzichtbar f\u00fcr <strong data-start=\"464\" data-end=\"478\">Handwerker<\/strong>, <strong data-start=\"480\" data-end=\"493\">Bauleiter<\/strong> und <strong data-start=\"498\" data-end=\"517\">Hobbyhandwerker<\/strong>, bei denen <strong data-start=\"529\" data-end=\"547\">pr\u00e4zise Linien<\/strong> und <strong data-start=\"552\" data-end=\"576\">genaue Ausrichtungen<\/strong> erforderlich sind.<\/p>\n<h4 class=\"\" data-start=\"597\" data-end=\"629\"><strong data-start=\"602\" data-end=\"627\">Robust und wetterfest<\/strong><\/h4>\n<p class=\"\" data-start=\"630\" data-end=\"881\">Gefertigt aus <strong data-start=\"644\" data-end=\"679\">robustem, wetterfestem Material<\/strong>, sorgt die <strong data-start=\"691\" data-end=\"706\">Richtschnur<\/strong> f\u00fcr eine zuverl\u00e4ssige Handhabung unter allen Bedingungen \u2013 sowohl bei <strong data-start=\"777\" data-end=\"810\">Innen- als auch Au\u00dfenarbeiten<\/strong>. Sie eignet sich perfekt f\u00fcr das <strong data-start=\"844\" data-end=\"876\">Markieren von geraden Linien<\/strong> bei:<\/p>\n<ul>\n<li data-start=\"885\" data-end=\"902\"><strong data-start=\"885\" data-end=\"897\">Mauerbau<\/strong> \ud83e\uddf1<\/li>\n<li data-start=\"905\" data-end=\"933\"><strong data-start=\"905\" data-end=\"928\">Vermessungsarbeiten<\/strong> \ud83d\udccf<\/li>\n<li data-start=\"936\" data-end=\"961\"><strong data-start=\"936\" data-end=\"956\">Fliesenverlegung<\/strong><\/li>\n<li data-start=\"964\" data-end=\"993\"><strong data-start=\"964\" data-end=\"988\">Renovierungsarbeiten<\/strong> \ud83c\udfe1<\/li>\n<\/ul>\n<h4 class=\"\" data-start=\"995\" data-end=\"1033\"><strong data-start=\"1000\" data-end=\"1031\">Vielseitige Einsatzbereiche<\/strong><\/h4>\n<ul>\n<li data-start=\"1036\" data-end=\"1055\"><strong data-start=\"1036\" data-end=\"1050\">Stra\u00dfenbau<\/strong> \ud83d\udea7<\/li>\n<li data-start=\"1058\" data-end=\"1077\"><strong data-start=\"1058\" data-end=\"1071\">Baugruben<\/strong> \ud83c\udfd7\ufe0f<\/li>\n<li data-start=\"1080\" data-end=\"1118\"><strong data-start=\"1080\" data-end=\"1113\">Terrassen- und Gartenarbeiten<\/strong> \ud83c\udf3f<\/li>\n<\/ul>\n<p class=\"\" data-start=\"1120\" data-end=\"1261\">Vertrauen Sie auf unsere <strong data-start=\"1145\" data-end=\"1172\">hochwertige Richtschnur<\/strong>, um <strong data-start=\"1177\" data-end=\"1201\">pr\u00e4zise Markierungen<\/strong> und <strong data-start=\"1206\" data-end=\"1230\">exakte Ausrichtungen<\/strong> f\u00fcr Ihre Projekte zu erzielen.<\/p>\n<hr \/>\n<p data-start=\"1120\" data-end=\"1261\"><strong data-start=\"139\" data-end=\"171\">Hinweis zur Farbdarstellung:<\/strong><br data-start=\"171\" data-end=\"174\" \/>Bitte beachten Sie, dass es durch Lichtverh\u00e4ltnisse bei der Produktfotografie sowie durch unterschiedliche Bildschirmdarstellungen zu leichten Farbabweichungen kommen kann.<\/p>\n","protected":false},"excerpt":{"rendered":"<ul>\n<li><span data-contrast=\"auto\">Premium Qualit\u00e4t &#8211; Made in Germany<\/span><span data-ccp-props=\"{}\">\u00a0<\/span><\/li>\n<li><strong>Durchmesser: 2,5 mm<\/strong><\/li>\n<li>Farbe: Gelb oder Orange<\/li>\n<li><span data-contrast=\"auto\">Material: texturiertes hochelastisches Polyester geflochten<\/span><\/li>\n<li>Eigenschaften: Hochelastisch, gute R\u00fcckstellkr\u00e4fte = selbstspannend, Wetterbest\u00e4ndigkeit, Langlebigkeit, leichte Handhabung<\/li>\n<li><span data-contrast=\"auto\">Gewicht per 100m: 0,3 kg<\/span><\/li>\n<\/ul>\n","protected":false},"featured_media":7145,"template":"","meta":{"_acf_changed":false,"site-sidebar-layout":"default","site-content-layout":"","ast-site-content-layout":"default","site-content-style":"default","site-sidebar-style":"default","ast-global-header-display":"","ast-banner-title-visibility":"","ast-main-header-display":"","ast-hfb-above-header-display":"","ast-hfb-below-header-display":"","ast-hfb-mobile-header-display":"","site-post-title":"","ast-breadcrumbs-content":"","ast-featured-img":"","footer-sml-layout":"","ast-disable-related-posts":"","theme-transparent-header-meta":"default","adv-header-id-meta":"","stick-header-meta":"","header-above-stick-meta":"","header-main-stick-meta":"","header-below-stick-meta":"","astra-migrate-meta-layouts":"set","ast-page-background-enabled":"default","ast-page-background-meta":{"desktop":{"background-color":"","background-image":"","background-repeat":"repeat","background-position":"center center","background-size":"auto","background-attachment":"scroll","background-type":"","background-media":"","overlay-type":"","overlay-color":"","overlay-opacity":"","overlay-gradient":""},"tablet":{"background-color":"","background-image":"","background-repeat":"repeat","background-position":"center center","background-size":"auto","background-attachment":"scroll","background-type":"","background-media":"","overlay-type":"","overlay-color":"","overlay-opacity":"","overlay-gradient":""},"mobile":{"background-color":"","background-image":"","background-repeat":"repeat","background-position":"center center","background-size":"auto","background-attachment":"scroll","background-type":"","background-media":"","overlay-type":"","overlay-color":"","overlay-opacity":"","overlay-gradient":""}},"ast-content-background-meta":{"desktop":{"background-color":"var(--ast-global-color-5)","background-image":"","background-repeat":"repeat","background-position":"center center","background-size":"auto","background-attachment":"scroll","background-type":"","background-media":"","overlay-type":"","overlay-color":"","overlay-opacity":"","overlay-gradient":""},"tablet":{"background-color":"var(--ast-global-color-5)","background-image":"","background-repeat":"repeat","background-position":"center center","background-size":"auto","background-attachment":"scroll","background-type":"","background-media":"","overlay-type":"","overlay-color":"","overlay-opacity":"","overlay-gradient":""},"mobile":{"background-color":"var(--ast-global-color-5)","background-image":"","background-repeat":"repeat","background-position":"center center","background-size":"auto","background-attachment":"scroll","background-type":"","background-media":"","overlay-type":"","overlay-color":"","overlay-opacity":"","overlay-gradient":""}}},"product_brand":[193],"product_cat":[91,80,930,101,75,93,90,928,95,860,94,977,929],"product_tag":[1028,1025,1023,1027,1021,1026,1024,1022],"class_list":{"0":"post-7136","1":"product","2":"type-product","3":"status-publish","4":"has-post-thumbnail","6":"product_brand-ropes-and-more","7":"product_cat-haushalts-handwerkerseile","8":"product_cat-maurer-richtschnuere","9":"product_cat-naturseile","10":"product_cat-polyesterseile","11":"product_cat-polyesterseile-geflochten","12":"product_cat-seile-fuer-baugewerbe","13":"product_cat-seile-fuer-gartenarbeit","14":"product_cat-seile-fuer-industrie","15":"product_cat-seile-fuer-innen-und-aussenausbau","16":"product_cat-seile-fuer-land-und-forstwirtschaft","17":"product_cat-seile-fuer-maurerarbeiten","18":"product_cat-seile-fuer-strassenbau","19":"product_cat-kategorie-seile-nach-anwendung","20":"product_tag-25mm-richtschnur","21":"product_tag-bau-richtschnur","22":"product_tag-feine-richtschnur-geflochten","23":"product_tag-hochelastische-richtschnur","24":"product_tag-pes-richtschnur-100m","25":"product_tag-praezisionsschnur-bau","26":"product_tag-richtschnur-fuer-bauprojekte","27":"product_tag-richtschnur-polyester","28":"desktop-align-left","29":"tablet-align-left","30":"mobile-align-left","32":"first","33":"outofstock","34":"taxable","35":"shipping-taxable","36":"purchasable","37":"product-type-variable"},"acf":[],"yoast_head":"<!-- This site is optimized with the Yoast SEO plugin v27.5 - https:\/\/yoast.com\/product\/yoast-seo-wordpress\/ -->\n<title>Richtschnur PES \u00d82,5mm - geflochten, texturiert &amp; hochelastisch<\/title>\n<meta name=\"description\" content=\"Richtschnur PES \u00d82,5mm \u2013 geflochten, texturiert &amp; hochelastisch. 100m Rolle, ideal f\u00fcr Bau, Handwerk und pr\u00e4zises Abstecken bei allen Bedingungen.\" \/>\n<meta name=\"robots\" content=\"index, follow, max-snippet:-1, max-image-preview:large, max-video-preview:-1\" \/>\n<link rel=\"canonical\" href=\"https:\/\/ropesandmore.fr\/de\/produkt\/richtschnur-pes-polyester-o25mm-geflochten\/\" \/>\n<meta property=\"og:locale\" content=\"de_DE\" \/>\n<meta property=\"og:type\" content=\"article\" \/>\n<meta property=\"og:title\" content=\"Richtschnur PES \u00d82,5mm - geflochten, texturiert &amp; hochelastisch\" \/>\n<meta property=\"og:description\" content=\"Richtschnur PES \u00d82,5mm \u2013 geflochten, texturiert &amp; hochelastisch. 100m Rolle, ideal f\u00fcr Bau, Handwerk und pr\u00e4zises Abstecken bei allen Bedingungen.\" \/>\n<meta property=\"og:url\" content=\"https:\/\/ropesandmore.fr\/de\/produkt\/richtschnur-pes-polyester-o25mm-geflochten\/\" \/>\n<meta property=\"og:site_name\" content=\"Ropes and More\" \/>\n<meta property=\"article:publisher\" content=\"https:\/\/www.instagram.com\/ropesandmoregmbh\/\" \/>\n<meta property=\"article:modified_time\" content=\"2025-08-06T17:41:49+00:00\" \/>\n<meta property=\"og:image\" content=\"https:\/\/ropesandmore.fr\/wp-content\/uploads\/2025\/03\/25mm-Richt-PES-fluoror-100.jpg\" \/>\n\t<meta property=\"og:image:width\" content=\"1000\" \/>\n\t<meta property=\"og:image:height\" content=\"1000\" \/>\n\t<meta property=\"og:image:type\" content=\"image\/jpeg\" \/>\n<meta name=\"twitter:card\" content=\"summary_large_image\" \/>\n<meta name=\"twitter:label1\" content=\"Gesch\u00e4tzte Lesezeit\" \/>\n\t<meta name=\"twitter:data1\" content=\"2\u00a0Minute\" \/>\n<script type=\"application\/ld+json\" class=\"yoast-schema-graph\">{\"@context\":\"https:\\\/\\\/schema.org\",\"@graph\":[{\"@type\":\"WebPage\",\"@id\":\"https:\\\/\\\/ropesandmore.fr\\\/de\\\/produkt\\\/richtschnur-pes-polyester-o25mm-geflochten\\\/\",\"url\":\"https:\\\/\\\/ropesandmore.fr\\\/de\\\/produkt\\\/richtschnur-pes-polyester-o25mm-geflochten\\\/\",\"name\":\"Richtschnur PES \u00d82,5mm - geflochten, texturiert & hochelastisch\",\"isPartOf\":{\"@id\":\"https:\\\/\\\/ropesandmore.fr\\\/de\\\/#website\"},\"primaryImageOfPage\":{\"@id\":\"https:\\\/\\\/ropesandmore.fr\\\/de\\\/produkt\\\/richtschnur-pes-polyester-o25mm-geflochten\\\/#primaryimage\"},\"image\":{\"@id\":\"https:\\\/\\\/ropesandmore.fr\\\/de\\\/produkt\\\/richtschnur-pes-polyester-o25mm-geflochten\\\/#primaryimage\"},\"thumbnailUrl\":\"https:\\\/\\\/ropesandmore.fr\\\/wp-content\\\/uploads\\\/2025\\\/03\\\/25mm-Richt-PES-fluoror-100.jpg\",\"datePublished\":\"2025-03-28T13:33:26+00:00\",\"dateModified\":\"2025-08-06T17:41:49+00:00\",\"description\":\"Richtschnur PES \u00d82,5mm \u2013 geflochten, texturiert & hochelastisch. 100m Rolle, ideal f\u00fcr Bau, Handwerk und pr\u00e4zises Abstecken bei allen Bedingungen.\",\"breadcrumb\":{\"@id\":\"https:\\\/\\\/ropesandmore.fr\\\/de\\\/produkt\\\/richtschnur-pes-polyester-o25mm-geflochten\\\/#breadcrumb\"},\"inLanguage\":\"de\",\"potentialAction\":[{\"@type\":\"ReadAction\",\"target\":[\"https:\\\/\\\/ropesandmore.fr\\\/de\\\/produkt\\\/richtschnur-pes-polyester-o25mm-geflochten\\\/\"]}]},{\"@type\":\"ImageObject\",\"inLanguage\":\"de\",\"@id\":\"https:\\\/\\\/ropesandmore.fr\\\/de\\\/produkt\\\/richtschnur-pes-polyester-o25mm-geflochten\\\/#primaryimage\",\"url\":\"https:\\\/\\\/ropesandmore.fr\\\/wp-content\\\/uploads\\\/2025\\\/03\\\/25mm-Richt-PES-fluoror-100.jpg\",\"contentUrl\":\"https:\\\/\\\/ropesandmore.fr\\\/wp-content\\\/uploads\\\/2025\\\/03\\\/25mm-Richt-PES-fluoror-100.jpg\",\"width\":1000,\"height\":1000},{\"@type\":\"BreadcrumbList\",\"@id\":\"https:\\\/\\\/ropesandmore.fr\\\/de\\\/produkt\\\/richtschnur-pes-polyester-o25mm-geflochten\\\/#breadcrumb\",\"itemListElement\":[{\"@type\":\"ListItem\",\"position\":1,\"name\":\"Startseite\",\"item\":\"https:\\\/\\\/ropesandmore.fr\\\/de\\\/\"},{\"@type\":\"ListItem\",\"position\":2,\"name\":\"Ropes and More \u2013 Dein Shop f\u00fcr Seile, Tauwerk &amp; Spezialschn\u00fcre\",\"item\":\"https:\\\/\\\/ropesandmore.fr\\\/ropes-and-more-dein-shop-fuer-seile-tauwerk-spezialschnuere\\\/\"},{\"@type\":\"ListItem\",\"position\":3,\"name\":\"Richtschnur PES Polyester \u00d82,5mm geflochten texturiert hochelastisch100m\"}]},{\"@type\":\"WebSite\",\"@id\":\"https:\\\/\\\/ropesandmore.fr\\\/de\\\/#website\",\"url\":\"https:\\\/\\\/ropesandmore.fr\\\/de\\\/\",\"name\":\"ropes and more\",\"description\":\"Your Trusted Partner\",\"publisher\":{\"@id\":\"https:\\\/\\\/ropesandmore.fr\\\/de\\\/#organization\"},\"potentialAction\":[{\"@type\":\"SearchAction\",\"target\":{\"@type\":\"EntryPoint\",\"urlTemplate\":\"https:\\\/\\\/ropesandmore.fr\\\/de\\\/?s={search_term_string}\"},\"query-input\":{\"@type\":\"PropertyValueSpecification\",\"valueRequired\":true,\"valueName\":\"search_term_string\"}}],\"inLanguage\":\"de\"},{\"@type\":\"Organization\",\"@id\":\"https:\\\/\\\/ropesandmore.fr\\\/de\\\/#organization\",\"name\":\"ropes and more\",\"url\":\"https:\\\/\\\/ropesandmore.fr\\\/de\\\/\",\"logo\":{\"@type\":\"ImageObject\",\"inLanguage\":\"de\",\"@id\":\"https:\\\/\\\/ropesandmore.fr\\\/de\\\/#\\\/schema\\\/logo\\\/image\\\/\",\"url\":\"https:\\\/\\\/ropesandmore.fr\\\/wp-content\\\/uploads\\\/2025\\\/06\\\/Bild6.webp\",\"contentUrl\":\"https:\\\/\\\/ropesandmore.fr\\\/wp-content\\\/uploads\\\/2025\\\/06\\\/Bild6.webp\",\"width\":1023,\"height\":480,\"caption\":\"ropes and more\"},\"image\":{\"@id\":\"https:\\\/\\\/ropesandmore.fr\\\/de\\\/#\\\/schema\\\/logo\\\/image\\\/\"},\"sameAs\":[\"https:\\\/\\\/www.instagram.com\\\/ropesandmoregmbh\\\/\"]}]}<\/script>\n<!-- \/ Yoast SEO plugin. -->","yoast_head_json":{"title":"Richtschnur PES \u00d82,5mm - geflochten, texturiert & hochelastisch","description":"Richtschnur PES \u00d82,5mm \u2013 geflochten, texturiert & hochelastisch. 100m Rolle, ideal f\u00fcr Bau, Handwerk und pr\u00e4zises Abstecken bei allen Bedingungen.","robots":{"index":"index","follow":"follow","max-snippet":"max-snippet:-1","max-image-preview":"max-image-preview:large","max-video-preview":"max-video-preview:-1"},"canonical":"https:\/\/ropesandmore.fr\/de\/produkt\/richtschnur-pes-polyester-o25mm-geflochten\/","og_locale":"de_DE","og_type":"article","og_title":"Richtschnur PES \u00d82,5mm - geflochten, texturiert & hochelastisch","og_description":"Richtschnur PES \u00d82,5mm \u2013 geflochten, texturiert & hochelastisch. 100m Rolle, ideal f\u00fcr Bau, Handwerk und pr\u00e4zises Abstecken bei allen Bedingungen.","og_url":"https:\/\/ropesandmore.fr\/de\/produkt\/richtschnur-pes-polyester-o25mm-geflochten\/","og_site_name":"Ropes and More","article_publisher":"https:\/\/www.instagram.com\/ropesandmoregmbh\/","article_modified_time":"2025-08-06T17:41:49+00:00","og_image":[{"width":1000,"height":1000,"url":"https:\/\/ropesandmore.fr\/wp-content\/uploads\/2025\/03\/25mm-Richt-PES-fluoror-100.jpg","type":"image\/jpeg"}],"twitter_card":"summary_large_image","twitter_misc":{"Gesch\u00e4tzte Lesezeit":"2\u00a0Minute"},"schema":{"@context":"https:\/\/schema.org","@graph":[{"@type":"WebPage","@id":"https:\/\/ropesandmore.fr\/de\/produkt\/richtschnur-pes-polyester-o25mm-geflochten\/","url":"https:\/\/ropesandmore.fr\/de\/produkt\/richtschnur-pes-polyester-o25mm-geflochten\/","name":"Richtschnur PES \u00d82,5mm - geflochten, texturiert & hochelastisch","isPartOf":{"@id":"https:\/\/ropesandmore.fr\/de\/#website"},"primaryImageOfPage":{"@id":"https:\/\/ropesandmore.fr\/de\/produkt\/richtschnur-pes-polyester-o25mm-geflochten\/#primaryimage"},"image":{"@id":"https:\/\/ropesandmore.fr\/de\/produkt\/richtschnur-pes-polyester-o25mm-geflochten\/#primaryimage"},"thumbnailUrl":"https:\/\/ropesandmore.fr\/wp-content\/uploads\/2025\/03\/25mm-Richt-PES-fluoror-100.jpg","datePublished":"2025-03-28T13:33:26+00:00","dateModified":"2025-08-06T17:41:49+00:00","description":"Richtschnur PES \u00d82,5mm \u2013 geflochten, texturiert & hochelastisch. 100m Rolle, ideal f\u00fcr Bau, Handwerk und pr\u00e4zises Abstecken bei allen Bedingungen.","breadcrumb":{"@id":"https:\/\/ropesandmore.fr\/de\/produkt\/richtschnur-pes-polyester-o25mm-geflochten\/#breadcrumb"},"inLanguage":"de","potentialAction":[{"@type":"ReadAction","target":["https:\/\/ropesandmore.fr\/de\/produkt\/richtschnur-pes-polyester-o25mm-geflochten\/"]}]},{"@type":"ImageObject","inLanguage":"de","@id":"https:\/\/ropesandmore.fr\/de\/produkt\/richtschnur-pes-polyester-o25mm-geflochten\/#primaryimage","url":"https:\/\/ropesandmore.fr\/wp-content\/uploads\/2025\/03\/25mm-Richt-PES-fluoror-100.jpg","contentUrl":"https:\/\/ropesandmore.fr\/wp-content\/uploads\/2025\/03\/25mm-Richt-PES-fluoror-100.jpg","width":1000,"height":1000},{"@type":"BreadcrumbList","@id":"https:\/\/ropesandmore.fr\/de\/produkt\/richtschnur-pes-polyester-o25mm-geflochten\/#breadcrumb","itemListElement":[{"@type":"ListItem","position":1,"name":"Startseite","item":"https:\/\/ropesandmore.fr\/de\/"},{"@type":"ListItem","position":2,"name":"Ropes and More \u2013 Dein Shop f\u00fcr Seile, Tauwerk &amp; Spezialschn\u00fcre","item":"https:\/\/ropesandmore.fr\/ropes-and-more-dein-shop-fuer-seile-tauwerk-spezialschnuere\/"},{"@type":"ListItem","position":3,"name":"Richtschnur PES Polyester \u00d82,5mm geflochten texturiert hochelastisch100m"}]},{"@type":"WebSite","@id":"https:\/\/ropesandmore.fr\/de\/#website","url":"https:\/\/ropesandmore.fr\/de\/","name":"ropes and more","description":"Your Trusted Partner","publisher":{"@id":"https:\/\/ropesandmore.fr\/de\/#organization"},"potentialAction":[{"@type":"SearchAction","target":{"@type":"EntryPoint","urlTemplate":"https:\/\/ropesandmore.fr\/de\/?s={search_term_string}"},"query-input":{"@type":"PropertyValueSpecification","valueRequired":true,"valueName":"search_term_string"}}],"inLanguage":"de"},{"@type":"Organization","@id":"https:\/\/ropesandmore.fr\/de\/#organization","name":"ropes and more","url":"https:\/\/ropesandmore.fr\/de\/","logo":{"@type":"ImageObject","inLanguage":"de","@id":"https:\/\/ropesandmore.fr\/de\/#\/schema\/logo\/image\/","url":"https:\/\/ropesandmore.fr\/wp-content\/uploads\/2025\/06\/Bild6.webp","contentUrl":"https:\/\/ropesandmore.fr\/wp-content\/uploads\/2025\/06\/Bild6.webp","width":1023,"height":480,"caption":"ropes and more"},"image":{"@id":"https:\/\/ropesandmore.fr\/de\/#\/schema\/logo\/image\/"},"sameAs":["https:\/\/www.instagram.com\/ropesandmoregmbh\/"]}]}},"_links":{"self":[{"href":"https:\/\/ropesandmore.fr\/de\/wp-json\/wp\/v2\/product\/7136","targetHints":{"allow":["GET"]}}],"collection":[{"href":"https:\/\/ropesandmore.fr\/de\/wp-json\/wp\/v2\/product"}],"about":[{"href":"https:\/\/ropesandmore.fr\/de\/wp-json\/wp\/v2\/types\/product"}],"version-history":[{"count":0,"href":"https:\/\/ropesandmore.fr\/de\/wp-json\/wp\/v2\/product\/7136\/revisions"}],"wp:featuredmedia":[{"embeddable":true,"href":"https:\/\/ropesandmore.fr\/de\/wp-json\/wp\/v2\/media\/7145"}],"wp:attachment":[{"href":"https:\/\/ropesandmore.fr\/de\/wp-json\/wp\/v2\/media?parent=7136"}],"wp:term":[{"taxonomy":"product_brand","embeddable":true,"href":"https:\/\/ropesandmore.fr\/de\/wp-json\/wp\/v2\/product_brand?post=7136"},{"taxonomy":"product_cat","embeddable":true,"href":"https:\/\/ropesandmore.fr\/de\/wp-json\/wp\/v2\/product_cat?post=7136"},{"taxonomy":"product_tag","embeddable":true,"href":"https:\/\/ropesandmore.fr\/de\/wp-json\/wp\/v2\/product_tag?post=7136"}],"curies":[{"name":"wp","href":"https:\/\/api.w.org\/{rel}","templated":true}]}}