{"id":7178,"date":"2025-03-28T14:43:17","date_gmt":"2025-03-28T14:43:17","guid":{"rendered":"https:\/\/ropesandmore.fr\/?post_type=product&#038;p=7178"},"modified":"2025-08-06T19:49:32","modified_gmt":"2025-08-06T19:49:32","slug":"expanderseil-gummiseil-pes-polyester-o15mm-mantelgeflecht-100m","status":"publish","type":"product","link":"https:\/\/ropesandmore.fr\/de\/produkt\/expanderseil-gummiseil-pes-polyester-o15mm-mantelgeflecht-100m\/","title":{"rendered":"Expanderseil Gummiseil PES Polyester \u00d81,5mm Mantelgeflecht 100m"},"content":{"rendered":"<h3 class=\"\" data-start=\"113\" data-end=\"186\"><strong data-start=\"117\" data-end=\"183\">Hochwertige Expanderseile \u2013 Flexibel, Belastbar und Vielseitig<\/strong> \ud83e\udea2<\/h3>\n<p class=\"\" data-start=\"188\" data-end=\"585\">Unsere <strong data-start=\"195\" data-end=\"212\">Expanderseile<\/strong> sind <strong data-start=\"218\" data-end=\"237\">Made in Germany<\/strong> und garantieren <strong data-start=\"254\" data-end=\"274\">h\u00f6chste Qualit\u00e4t<\/strong>. Dank ihrer <strong data-start=\"287\" data-end=\"309\">hohen Flexibilit\u00e4t<\/strong> und <strong data-start=\"314\" data-end=\"331\">Belastbarkeit<\/strong> bieten sie eine zuverl\u00e4ssige L\u00f6sung in vielen Einsatzbereichen. Egal, ob beim <strong data-start=\"410\" data-end=\"421\">Camping<\/strong>, f\u00fcr den <strong data-start=\"431\" data-end=\"443\">Haushalt<\/strong> oder beim <strong data-start=\"454\" data-end=\"481\">Fixieren von Ausr\u00fcstung<\/strong> \u2013 das Expanderseil passt sich durch seine <strong data-start=\"524\" data-end=\"553\">elastischen Eigenschaften<\/strong> perfekt an Ihre Bed\u00fcrfnisse an.<\/p>\n<h3 data-start=\"587\" data-end=\"625\"><strong data-start=\"592\" data-end=\"623\">Warum unsere Expanderseile?<\/strong><\/h3>\n<ul>\n<li data-start=\"628\" data-end=\"752\"><strong data-start=\"628\" data-end=\"667\">Hohe Flexibilit\u00e4t und Belastbarkeit<\/strong>: Ideal, um Dinge sicher zu fixieren oder zu spannen, ohne diese zu besch\u00e4digen.<\/li>\n<li data-start=\"755\" data-end=\"913\"><strong data-start=\"755\" data-end=\"788\">Hochwertige Gummif\u00e4den (Kern)<\/strong>: Ummantelt mit strapazierf\u00e4higem <strong data-start=\"822\" data-end=\"835\">Polyester<\/strong><\/li>\n<li data-start=\"755\" data-end=\"913\"><strong data-start=\"845\" data-end=\"876\">Sehr hohe Scheuerfestigkeit<\/strong> und <strong data-start=\"881\" data-end=\"901\">UV-Best\u00e4ndigkeit<\/strong> \ud83c\udf1e<\/li>\n<\/ul>\n<hr class=\"\" data-start=\"1031\" data-end=\"1034\" \/>\n<h3 class=\"\" data-start=\"1034\" data-end=\"1067\"><strong data-start=\"1038\" data-end=\"1067\">Typische Einsatzbereiche:<\/strong><\/h3>\n<p class=\"\" data-start=\"1069\" data-end=\"1395\">\ud83c\udfe0 <strong data-start=\"1072\" data-end=\"1084\">Haushalt<\/strong> \u2013 zum B\u00fcndeln, Fixieren oder Sichern<br data-start=\"1121\" data-end=\"1124\" \/>\u26fa <strong data-start=\"1126\" data-end=\"1137\">Camping<\/strong> \u2013 z.\u202fB. als Spannseil f\u00fcr Zelt, Plane oder Sonnensegel<br data-start=\"1192\" data-end=\"1195\" \/>\ud83d\udee5\ufe0f <strong data-start=\"1199\" data-end=\"1215\">Boot &amp; Yacht<\/strong> \u2013 salzwasserresistent und robust<br data-start=\"1248\" data-end=\"1251\" \/>\ud83c\udf92 <strong data-start=\"1254\" data-end=\"1280\">Ausr\u00fcstung &amp; Transport<\/strong> \u2013 ideal f\u00fcr Fahrradtr\u00e4ger, Gep\u00e4cknetze und mehr<br data-start=\"1328\" data-end=\"1331\" \/>\ud83d\udd27 <strong data-start=\"1334\" data-end=\"1352\">DIY &amp; Handwerk<\/strong> \u2013 flexibel einsetzbar bei vielen Projekten<\/p>\n<hr class=\"\" data-start=\"1171\" data-end=\"1174\" \/>\n<h3 data-start=\"1402\" data-end=\"1439\"><strong data-start=\"1405\" data-end=\"1439\">Zuverl\u00e4ssig in jeder Situation<\/strong><\/h3>\n<p class=\"\" data-start=\"1441\" data-end=\"1678\">Egal ob im Alltag, auf Reisen oder im professionellen Einsatz: Unsere <strong data-start=\"1511\" data-end=\"1549\">Expanderseile mit Polyester-Mantel<\/strong> \u00fcberzeugen durch Elastizit\u00e4t, Langlebigkeit und universelle Einsetzbarkeit \u2013 <strong>ein echtes Multitalent f\u00fcr jede Herausforderung<\/strong>.<\/p>\n<hr \/>\n<p><strong data-start=\"139\" data-end=\"171\">Hinweis zur Farbdarstellung:<\/strong><br data-start=\"171\" data-end=\"174\" \/>Bitte beachten Sie, dass es durch Lichtverh\u00e4ltnisse bei der Produktfotografie sowie durch unterschiedliche Bildschirmdarstellungen zu leichten Farbabweichungen kommen kann.<\/p>\n","protected":false},"excerpt":{"rendered":"<ul>\n<li><span data-contrast=\"auto\">Premium Qualit\u00e4t &#8211; Made in Germany<\/span><span data-ccp-props=\"{}\">\u00a0<\/span><\/li>\n<li><strong>Durchmesser: 1,5 mm<\/strong><\/li>\n<li><span data-contrast=\"auto\">Material: <\/span>Polyester Mantelgeflecht mit hochelastischen Latexf\u00e4den (Kern)<\/li>\n<li>Dehnung ca. 100%-120%<\/li>\n<li>Eigenschaften: Hochelastisch, scheuerbest\u00e4ndig, UV lichtbest\u00e4ndig<\/li>\n<li><span data-contrast=\"auto\">Gewicht per 100m: 0,1 kg<\/span><\/li>\n<li>Sonderl\u00e4ngen auf Anfrage<\/li>\n<\/ul>\n","protected":false},"featured_media":8174,"template":"","meta":{"_acf_changed":false,"site-sidebar-layout":"default","site-content-layout":"","ast-site-content-layout":"default","site-content-style":"default","site-sidebar-style":"default","ast-global-header-display":"","ast-banner-title-visibility":"","ast-main-header-display":"","ast-hfb-above-header-display":"","ast-hfb-below-header-display":"","ast-hfb-mobile-header-display":"","site-post-title":"","ast-breadcrumbs-content":"","ast-featured-img":"","footer-sml-layout":"","ast-disable-related-posts":"","theme-transparent-header-meta":"default","adv-header-id-meta":"","stick-header-meta":"","header-above-stick-meta":"","header-main-stick-meta":"","header-below-stick-meta":"","astra-migrate-meta-layouts":"set","ast-page-background-enabled":"default","ast-page-background-meta":{"desktop":{"background-color":"","background-image":"","background-repeat":"repeat","background-position":"center center","background-size":"auto","background-attachment":"scroll","background-type":"","background-media":"","overlay-type":"","overlay-color":"","overlay-opacity":"","overlay-gradient":""},"tablet":{"background-color":"","background-image":"","background-repeat":"repeat","background-position":"center center","background-size":"auto","background-attachment":"scroll","background-type":"","background-media":"","overlay-type":"","overlay-color":"","overlay-opacity":"","overlay-gradient":""},"mobile":{"background-color":"","background-image":"","background-repeat":"repeat","background-position":"center center","background-size":"auto","background-attachment":"scroll","background-type":"","background-media":"","overlay-type":"","overlay-color":"","overlay-opacity":"","overlay-gradient":""}},"ast-content-background-meta":{"desktop":{"background-color":"var(--ast-global-color-5)","background-image":"","background-repeat":"repeat","background-position":"center center","background-size":"auto","background-attachment":"scroll","background-type":"","background-media":"","overlay-type":"","overlay-color":"","overlay-opacity":"","overlay-gradient":""},"tablet":{"background-color":"var(--ast-global-color-5)","background-image":"","background-repeat":"repeat","background-position":"center center","background-size":"auto","background-attachment":"scroll","background-type":"","background-media":"","overlay-type":"","overlay-color":"","overlay-opacity":"","overlay-gradient":""},"mobile":{"background-color":"var(--ast-global-color-5)","background-image":"","background-repeat":"repeat","background-position":"center center","background-size":"auto","background-attachment":"scroll","background-type":"","background-media":"","overlay-type":"","overlay-color":"","overlay-opacity":"","overlay-gradient":""}}},"product_brand":[193],"product_cat":[82,91,85,930,92,949,87,103,929,1122,396],"product_tag":[241,247,234,267,212,64,244,240,246,245,243],"class_list":{"0":"post-7178","1":"product","2":"type-product","3":"status-publish","4":"has-post-thumbnail","6":"product_brand-ropes-and-more","7":"product_cat-gummi-expanderseile","8":"product_cat-haushalts-handwerkerseile","9":"product_cat-kreativbedarf-diy-materialien-basteln-naehen-deko","10":"product_cat-naturseile","11":"product_cat-seile-fuer-boote-segelsport","12":"product_cat-seile-fuer-planen-zelte","13":"product_cat-seile-fuer-sport-outdoor","14":"product_cat-seile-mit-dynamischer-dehnung","15":"product_cat-kategorie-seile-nach-anwendung","16":"product_cat-sichern-befestigen","17":"product_cat-spezielle-seilprodukte","18":"product_tag-100m-seil","19":"product_tag-1mm","20":"product_tag-basteln","21":"product_tag-deko","22":"product_tag-elastisches-seil","23":"product_tag-expanderseil","24":"product_tag-gartenseil","25":"product_tag-gummiseil","26":"product_tag-polyester-seil","27":"product_tag-transportseil","28":"product_tag-zeltabspannseil","29":"desktop-align-left","30":"tablet-align-left","31":"mobile-align-left","33":"first","34":"instock","35":"taxable","36":"shipping-taxable","37":"purchasable","38":"product-type-variable"},"acf":[],"yoast_head":"<!-- This site is optimized with the Yoast SEO plugin v27.5 - https:\/\/yoast.com\/product\/yoast-seo-wordpress\/ -->\n<title>Expanderseil \u00d81,5mm \u2013 Gummiseil mit PES-Mantelgeflecht, 100m<\/title>\n<meta name=\"description\" content=\"Expanderseil \u00d81,5mm mit PES-Mantelgeflecht \u2013 elastisch, robust &amp; wetterbest\u00e4ndig. 100m Rolle, ideal f\u00fcr Camping, Planen, Transport &amp; Outdoor-Anwendungen.\" \/>\n<meta name=\"robots\" content=\"index, follow, max-snippet:-1, max-image-preview:large, max-video-preview:-1\" \/>\n<link rel=\"canonical\" href=\"https:\/\/ropesandmore.fr\/de\/produkt\/expanderseil-gummiseil-pes-polyester-o15mm-mantelgeflecht-100m\/\" \/>\n<meta property=\"og:locale\" content=\"de_DE\" \/>\n<meta property=\"og:type\" content=\"article\" \/>\n<meta property=\"og:title\" content=\"Expanderseil \u00d81,5mm \u2013 Gummiseil mit PES-Mantelgeflecht, 100m\" \/>\n<meta property=\"og:description\" content=\"Expanderseil \u00d81,5mm mit PES-Mantelgeflecht \u2013 elastisch, robust &amp; wetterbest\u00e4ndig. 100m Rolle, ideal f\u00fcr Camping, Planen, Transport &amp; Outdoor-Anwendungen.\" \/>\n<meta property=\"og:url\" content=\"https:\/\/ropesandmore.fr\/de\/produkt\/expanderseil-gummiseil-pes-polyester-o15mm-mantelgeflecht-100m\/\" \/>\n<meta property=\"og:site_name\" content=\"Ropes and More\" \/>\n<meta property=\"article:publisher\" content=\"https:\/\/www.instagram.com\/ropesandmoregmbh\/\" \/>\n<meta property=\"article:modified_time\" content=\"2025-08-06T19:49:32+00:00\" \/>\n<meta property=\"og:image\" content=\"https:\/\/ropesandmore.fr\/wp-content\/uploads\/2025\/03\/15mm-Gummi-PES-Front.jpg\" \/>\n\t<meta property=\"og:image:width\" content=\"1000\" \/>\n\t<meta property=\"og:image:height\" content=\"1000\" \/>\n\t<meta property=\"og:image:type\" content=\"image\/jpeg\" \/>\n<meta name=\"twitter:card\" content=\"summary_large_image\" \/>\n<meta name=\"twitter:label1\" content=\"Gesch\u00e4tzte Lesezeit\" \/>\n\t<meta name=\"twitter:data1\" content=\"2\u00a0Minute\" \/>\n<script type=\"application\/ld+json\" class=\"yoast-schema-graph\">{\"@context\":\"https:\\\/\\\/schema.org\",\"@graph\":[{\"@type\":\"WebPage\",\"@id\":\"https:\\\/\\\/ropesandmore.fr\\\/de\\\/produkt\\\/expanderseil-gummiseil-pes-polyester-o15mm-mantelgeflecht-100m\\\/\",\"url\":\"https:\\\/\\\/ropesandmore.fr\\\/de\\\/produkt\\\/expanderseil-gummiseil-pes-polyester-o15mm-mantelgeflecht-100m\\\/\",\"name\":\"Expanderseil \u00d81,5mm \u2013 Gummiseil mit PES-Mantelgeflecht, 100m\",\"isPartOf\":{\"@id\":\"https:\\\/\\\/ropesandmore.fr\\\/de\\\/#website\"},\"primaryImageOfPage\":{\"@id\":\"https:\\\/\\\/ropesandmore.fr\\\/de\\\/produkt\\\/expanderseil-gummiseil-pes-polyester-o15mm-mantelgeflecht-100m\\\/#primaryimage\"},\"image\":{\"@id\":\"https:\\\/\\\/ropesandmore.fr\\\/de\\\/produkt\\\/expanderseil-gummiseil-pes-polyester-o15mm-mantelgeflecht-100m\\\/#primaryimage\"},\"thumbnailUrl\":\"https:\\\/\\\/ropesandmore.fr\\\/wp-content\\\/uploads\\\/2025\\\/03\\\/15mm-Gummi-PES-Front.jpg\",\"datePublished\":\"2025-03-28T14:43:17+00:00\",\"dateModified\":\"2025-08-06T19:49:32+00:00\",\"description\":\"Expanderseil \u00d81,5mm mit PES-Mantelgeflecht \u2013 elastisch, robust & wetterbest\u00e4ndig. 100m Rolle, ideal f\u00fcr Camping, Planen, Transport & Outdoor-Anwendungen.\",\"breadcrumb\":{\"@id\":\"https:\\\/\\\/ropesandmore.fr\\\/de\\\/produkt\\\/expanderseil-gummiseil-pes-polyester-o15mm-mantelgeflecht-100m\\\/#breadcrumb\"},\"inLanguage\":\"de\",\"potentialAction\":[{\"@type\":\"ReadAction\",\"target\":[\"https:\\\/\\\/ropesandmore.fr\\\/de\\\/produkt\\\/expanderseil-gummiseil-pes-polyester-o15mm-mantelgeflecht-100m\\\/\"]}]},{\"@type\":\"ImageObject\",\"inLanguage\":\"de\",\"@id\":\"https:\\\/\\\/ropesandmore.fr\\\/de\\\/produkt\\\/expanderseil-gummiseil-pes-polyester-o15mm-mantelgeflecht-100m\\\/#primaryimage\",\"url\":\"https:\\\/\\\/ropesandmore.fr\\\/wp-content\\\/uploads\\\/2025\\\/03\\\/15mm-Gummi-PES-Front.jpg\",\"contentUrl\":\"https:\\\/\\\/ropesandmore.fr\\\/wp-content\\\/uploads\\\/2025\\\/03\\\/15mm-Gummi-PES-Front.jpg\",\"width\":1000,\"height\":1000},{\"@type\":\"BreadcrumbList\",\"@id\":\"https:\\\/\\\/ropesandmore.fr\\\/de\\\/produkt\\\/expanderseil-gummiseil-pes-polyester-o15mm-mantelgeflecht-100m\\\/#breadcrumb\",\"itemListElement\":[{\"@type\":\"ListItem\",\"position\":1,\"name\":\"Startseite\",\"item\":\"https:\\\/\\\/ropesandmore.fr\\\/de\\\/\"},{\"@type\":\"ListItem\",\"position\":2,\"name\":\"Ropes and More \u2013 Dein Shop f\u00fcr Seile, Tauwerk &amp; Spezialschn\u00fcre\",\"item\":\"https:\\\/\\\/ropesandmore.fr\\\/ropes-and-more-dein-shop-fuer-seile-tauwerk-spezialschnuere\\\/\"},{\"@type\":\"ListItem\",\"position\":3,\"name\":\"Expanderseil Gummiseil PES Polyester \u00d81,5mm Mantelgeflecht 100m\"}]},{\"@type\":\"WebSite\",\"@id\":\"https:\\\/\\\/ropesandmore.fr\\\/de\\\/#website\",\"url\":\"https:\\\/\\\/ropesandmore.fr\\\/de\\\/\",\"name\":\"ropes and more\",\"description\":\"Your Trusted Partner\",\"publisher\":{\"@id\":\"https:\\\/\\\/ropesandmore.fr\\\/de\\\/#organization\"},\"potentialAction\":[{\"@type\":\"SearchAction\",\"target\":{\"@type\":\"EntryPoint\",\"urlTemplate\":\"https:\\\/\\\/ropesandmore.fr\\\/de\\\/?s={search_term_string}\"},\"query-input\":{\"@type\":\"PropertyValueSpecification\",\"valueRequired\":true,\"valueName\":\"search_term_string\"}}],\"inLanguage\":\"de\"},{\"@type\":\"Organization\",\"@id\":\"https:\\\/\\\/ropesandmore.fr\\\/de\\\/#organization\",\"name\":\"ropes and more\",\"url\":\"https:\\\/\\\/ropesandmore.fr\\\/de\\\/\",\"logo\":{\"@type\":\"ImageObject\",\"inLanguage\":\"de\",\"@id\":\"https:\\\/\\\/ropesandmore.fr\\\/de\\\/#\\\/schema\\\/logo\\\/image\\\/\",\"url\":\"https:\\\/\\\/ropesandmore.fr\\\/wp-content\\\/uploads\\\/2025\\\/06\\\/Bild6.webp\",\"contentUrl\":\"https:\\\/\\\/ropesandmore.fr\\\/wp-content\\\/uploads\\\/2025\\\/06\\\/Bild6.webp\",\"width\":1023,\"height\":480,\"caption\":\"ropes and more\"},\"image\":{\"@id\":\"https:\\\/\\\/ropesandmore.fr\\\/de\\\/#\\\/schema\\\/logo\\\/image\\\/\"},\"sameAs\":[\"https:\\\/\\\/www.instagram.com\\\/ropesandmoregmbh\\\/\"]}]}<\/script>\n<!-- \/ Yoast SEO plugin. -->","yoast_head_json":{"title":"Expanderseil \u00d81,5mm \u2013 Gummiseil mit PES-Mantelgeflecht, 100m","description":"Expanderseil \u00d81,5mm mit PES-Mantelgeflecht \u2013 elastisch, robust & wetterbest\u00e4ndig. 100m Rolle, ideal f\u00fcr Camping, Planen, Transport & Outdoor-Anwendungen.","robots":{"index":"index","follow":"follow","max-snippet":"max-snippet:-1","max-image-preview":"max-image-preview:large","max-video-preview":"max-video-preview:-1"},"canonical":"https:\/\/ropesandmore.fr\/de\/produkt\/expanderseil-gummiseil-pes-polyester-o15mm-mantelgeflecht-100m\/","og_locale":"de_DE","og_type":"article","og_title":"Expanderseil \u00d81,5mm \u2013 Gummiseil mit PES-Mantelgeflecht, 100m","og_description":"Expanderseil \u00d81,5mm mit PES-Mantelgeflecht \u2013 elastisch, robust & wetterbest\u00e4ndig. 100m Rolle, ideal f\u00fcr Camping, Planen, Transport & Outdoor-Anwendungen.","og_url":"https:\/\/ropesandmore.fr\/de\/produkt\/expanderseil-gummiseil-pes-polyester-o15mm-mantelgeflecht-100m\/","og_site_name":"Ropes and More","article_publisher":"https:\/\/www.instagram.com\/ropesandmoregmbh\/","article_modified_time":"2025-08-06T19:49:32+00:00","og_image":[{"width":1000,"height":1000,"url":"https:\/\/ropesandmore.fr\/wp-content\/uploads\/2025\/03\/15mm-Gummi-PES-Front.jpg","type":"image\/jpeg"}],"twitter_card":"summary_large_image","twitter_misc":{"Gesch\u00e4tzte Lesezeit":"2\u00a0Minute"},"schema":{"@context":"https:\/\/schema.org","@graph":[{"@type":"WebPage","@id":"https:\/\/ropesandmore.fr\/de\/produkt\/expanderseil-gummiseil-pes-polyester-o15mm-mantelgeflecht-100m\/","url":"https:\/\/ropesandmore.fr\/de\/produkt\/expanderseil-gummiseil-pes-polyester-o15mm-mantelgeflecht-100m\/","name":"Expanderseil \u00d81,5mm \u2013 Gummiseil mit PES-Mantelgeflecht, 100m","isPartOf":{"@id":"https:\/\/ropesandmore.fr\/de\/#website"},"primaryImageOfPage":{"@id":"https:\/\/ropesandmore.fr\/de\/produkt\/expanderseil-gummiseil-pes-polyester-o15mm-mantelgeflecht-100m\/#primaryimage"},"image":{"@id":"https:\/\/ropesandmore.fr\/de\/produkt\/expanderseil-gummiseil-pes-polyester-o15mm-mantelgeflecht-100m\/#primaryimage"},"thumbnailUrl":"https:\/\/ropesandmore.fr\/wp-content\/uploads\/2025\/03\/15mm-Gummi-PES-Front.jpg","datePublished":"2025-03-28T14:43:17+00:00","dateModified":"2025-08-06T19:49:32+00:00","description":"Expanderseil \u00d81,5mm mit PES-Mantelgeflecht \u2013 elastisch, robust & wetterbest\u00e4ndig. 100m Rolle, ideal f\u00fcr Camping, Planen, Transport & Outdoor-Anwendungen.","breadcrumb":{"@id":"https:\/\/ropesandmore.fr\/de\/produkt\/expanderseil-gummiseil-pes-polyester-o15mm-mantelgeflecht-100m\/#breadcrumb"},"inLanguage":"de","potentialAction":[{"@type":"ReadAction","target":["https:\/\/ropesandmore.fr\/de\/produkt\/expanderseil-gummiseil-pes-polyester-o15mm-mantelgeflecht-100m\/"]}]},{"@type":"ImageObject","inLanguage":"de","@id":"https:\/\/ropesandmore.fr\/de\/produkt\/expanderseil-gummiseil-pes-polyester-o15mm-mantelgeflecht-100m\/#primaryimage","url":"https:\/\/ropesandmore.fr\/wp-content\/uploads\/2025\/03\/15mm-Gummi-PES-Front.jpg","contentUrl":"https:\/\/ropesandmore.fr\/wp-content\/uploads\/2025\/03\/15mm-Gummi-PES-Front.jpg","width":1000,"height":1000},{"@type":"BreadcrumbList","@id":"https:\/\/ropesandmore.fr\/de\/produkt\/expanderseil-gummiseil-pes-polyester-o15mm-mantelgeflecht-100m\/#breadcrumb","itemListElement":[{"@type":"ListItem","position":1,"name":"Startseite","item":"https:\/\/ropesandmore.fr\/de\/"},{"@type":"ListItem","position":2,"name":"Ropes and More \u2013 Dein Shop f\u00fcr Seile, Tauwerk &amp; Spezialschn\u00fcre","item":"https:\/\/ropesandmore.fr\/ropes-and-more-dein-shop-fuer-seile-tauwerk-spezialschnuere\/"},{"@type":"ListItem","position":3,"name":"Expanderseil Gummiseil PES Polyester \u00d81,5mm Mantelgeflecht 100m"}]},{"@type":"WebSite","@id":"https:\/\/ropesandmore.fr\/de\/#website","url":"https:\/\/ropesandmore.fr\/de\/","name":"ropes and more","description":"Your Trusted Partner","publisher":{"@id":"https:\/\/ropesandmore.fr\/de\/#organization"},"potentialAction":[{"@type":"SearchAction","target":{"@type":"EntryPoint","urlTemplate":"https:\/\/ropesandmore.fr\/de\/?s={search_term_string}"},"query-input":{"@type":"PropertyValueSpecification","valueRequired":true,"valueName":"search_term_string"}}],"inLanguage":"de"},{"@type":"Organization","@id":"https:\/\/ropesandmore.fr\/de\/#organization","name":"ropes and more","url":"https:\/\/ropesandmore.fr\/de\/","logo":{"@type":"ImageObject","inLanguage":"de","@id":"https:\/\/ropesandmore.fr\/de\/#\/schema\/logo\/image\/","url":"https:\/\/ropesandmore.fr\/wp-content\/uploads\/2025\/06\/Bild6.webp","contentUrl":"https:\/\/ropesandmore.fr\/wp-content\/uploads\/2025\/06\/Bild6.webp","width":1023,"height":480,"caption":"ropes and more"},"image":{"@id":"https:\/\/ropesandmore.fr\/de\/#\/schema\/logo\/image\/"},"sameAs":["https:\/\/www.instagram.com\/ropesandmoregmbh\/"]}]}},"_links":{"self":[{"href":"https:\/\/ropesandmore.fr\/de\/wp-json\/wp\/v2\/product\/7178","targetHints":{"allow":["GET"]}}],"collection":[{"href":"https:\/\/ropesandmore.fr\/de\/wp-json\/wp\/v2\/product"}],"about":[{"href":"https:\/\/ropesandmore.fr\/de\/wp-json\/wp\/v2\/types\/product"}],"version-history":[{"count":0,"href":"https:\/\/ropesandmore.fr\/de\/wp-json\/wp\/v2\/product\/7178\/revisions"}],"wp:featuredmedia":[{"embeddable":true,"href":"https:\/\/ropesandmore.fr\/de\/wp-json\/wp\/v2\/media\/8174"}],"wp:attachment":[{"href":"https:\/\/ropesandmore.fr\/de\/wp-json\/wp\/v2\/media?parent=7178"}],"wp:term":[{"taxonomy":"product_brand","embeddable":true,"href":"https:\/\/ropesandmore.fr\/de\/wp-json\/wp\/v2\/product_brand?post=7178"},{"taxonomy":"product_cat","embeddable":true,"href":"https:\/\/ropesandmore.fr\/de\/wp-json\/wp\/v2\/product_cat?post=7178"},{"taxonomy":"product_tag","embeddable":true,"href":"https:\/\/ropesandmore.fr\/de\/wp-json\/wp\/v2\/product_tag?post=7178"}],"curies":[{"name":"wp","href":"https:\/\/api.w.org\/{rel}","templated":true}]}}