{"id":7243,"date":"2025-05-06T08:44:43","date_gmt":"2025-05-06T08:44:43","guid":{"rendered":"https:\/\/ropesandmore.fr\/?post_type=product&#038;p=7243"},"modified":"2025-08-05T18:47:41","modified_gmt":"2025-08-05T18:47:41","slug":"expanderseil-gummiseil-pp-polypropylen-o10mm-mantelgeflecht-100m","status":"publish","type":"product","link":"https:\/\/ropesandmore.fr\/de\/produkt\/expanderseil-gummiseil-pp-polypropylen-o10mm-mantelgeflecht-100m\/","title":{"rendered":"Expanderseil Gummiseil PP Polypropylen \u00d810mm Mantelgeflecht"},"content":{"rendered":"<div class=\"flex shrink basis-auto flex-col overflow-hidden -mb-(--composer-overlap-px) [--composer-overlap-px:24px] grow\">\n<div class=\"relative h-full\">\n<div class=\"flex h-full flex-col overflow-y-auto [scrollbar-gutter:stable] @[84rem]\/thread:pt-(--header-height)\">\n<div class=\"@thread-xl\/thread:pt-header-height mt-1.5 flex flex-col text-sm pb-25\">\n<article class=\"text-token-text-primary w-full\" dir=\"auto\" data-testid=\"conversation-turn-34\" data-scroll-anchor=\"true\">\n<div class=\"text-base my-auto mx-auto py-5 [--thread-content-margin:--spacing(4)] @[37rem]:[--thread-content-margin:--spacing(6)] @[70rem]:[--thread-content-margin:--spacing(12)] px-(--thread-content-margin)\">\n<div class=\"[--thread-content-max-width:32rem] @[34rem]:[--thread-content-max-width:40rem] @[64rem]:[--thread-content-max-width:48rem] mx-auto flex max-w-(--thread-content-max-width) flex-1 text-base gap-4 md:gap-5 lg:gap-6 group\/turn-messages focus-visible:outline-hidden\" tabindex=\"-1\">\n<div class=\"group\/conversation-turn relative flex w-full min-w-0 flex-col agent-turn\">\n<div class=\"relative flex-col gap-1 md:gap-3\">\n<div class=\"flex max-w-full flex-col grow\">\n<div class=\"min-h-8 text-message relative flex w-full flex-col items-end gap-2 text-start break-words whitespace-normal [.text-message+&amp;]:mt-5\" dir=\"auto\" data-message-author-role=\"assistant\" data-message-id=\"06f8a6f0-b644-4a7c-ac14-930fa3c8756a\" data-message-model-slug=\"gpt-4o-mini\">\n<div class=\"flex w-full flex-col gap-1 empty:hidden first:pt-[3px]\">\n<div class=\"markdown prose dark:prose-invert w-full break-words light\">\n<div class=\"flex shrink basis-auto flex-col overflow-hidden -mb-(--composer-overlap-px) [--composer-overlap-px:24px] grow\">\n<div class=\"relative h-full\">\n<div class=\"flex h-full flex-col overflow-y-auto [scrollbar-gutter:stable] @[84rem]\/thread:pt-(--header-height)\">\n<div class=\"@thread-xl\/thread:pt-header-height mt-1.5 flex flex-col text-sm pb-25\">\n<article class=\"text-token-text-primary w-full\" dir=\"auto\" data-testid=\"conversation-turn-34\" data-scroll-anchor=\"true\">\n<div class=\"text-base my-auto mx-auto py-5 [--thread-content-margin:--spacing(4)] @[37rem]:[--thread-content-margin:--spacing(6)] @[70rem]:[--thread-content-margin:--spacing(12)] px-(--thread-content-margin)\">\n<div class=\"[--thread-content-max-width:32rem] @[34rem]:[--thread-content-max-width:40rem] @[64rem]:[--thread-content-max-width:48rem] mx-auto flex max-w-(--thread-content-max-width) flex-1 text-base gap-4 md:gap-5 lg:gap-6 group\/turn-messages focus-visible:outline-hidden\" tabindex=\"-1\">\n<div class=\"group\/conversation-turn relative flex w-full min-w-0 flex-col agent-turn\">\n<div class=\"relative flex-col gap-1 md:gap-3\">\n<div class=\"flex max-w-full flex-col grow\">\n<div class=\"min-h-8 text-message relative flex w-full flex-col items-end gap-2 text-start break-words whitespace-normal [.text-message+&amp;]:mt-5\" dir=\"auto\" data-message-author-role=\"assistant\" data-message-id=\"06f8a6f0-b644-4a7c-ac14-930fa3c8756a\" data-message-model-slug=\"gpt-4o-mini\">\n<div class=\"flex w-full flex-col gap-1 empty:hidden first:pt-[3px]\">\n<div class=\"markdown prose dark:prose-invert w-full break-words light\">\n<h3 class=\"\" data-start=\"130\" data-end=\"193\"><strong data-start=\"134\" data-end=\"190\">Hochwertige Expanderseile \u2013 Vielseitig und Belastbar<\/strong> \ud83e\udea2<\/h3>\n<p class=\"\" data-start=\"195\" data-end=\"563\">Unsere <strong data-start=\"375\" data-end=\"392\">Expanderseile<\/strong> werden mit h\u00f6chster Sorgfalt in <strong data-start=\"425\" data-end=\"452\">Deutschland hergestellt<\/strong> und stehen f\u00fcr Qualit\u00e4t, Langlebigkeit und Flexibilit\u00e4t. Ob als <strong data-start=\"517\" data-end=\"542\">elastisches Spannseil<\/strong>, <strong data-start=\"544\" data-end=\"568\">Gummiseil f\u00fcr Planen<\/strong>, <strong data-start=\"570\" data-end=\"585\">Campingseil<\/strong> oder zur <strong data-start=\"595\" data-end=\"625\">Befestigung von Ausr\u00fcstung<\/strong> \u2013 dieses Produkt ist in zahlreichen Einsatzbereichen unverzichtbar.<\/p>\n<h3 data-start=\"565\" data-end=\"603\"><strong data-start=\"570\" data-end=\"601\">Warum unsere Expanderseile?<\/strong><\/h3>\n<ul>\n<li data-start=\"606\" data-end=\"707\"><strong data-start=\"606\" data-end=\"645\">Hohe Flexibilit\u00e4t und Belastbarkeit<\/strong> \u26a1: Perfekt f\u00fcr den Einsatz in anspruchsvollen Situationen.<\/li>\n<li data-start=\"710\" data-end=\"882\"><strong data-start=\"710\" data-end=\"743\">Hochwertige Gummif\u00e4den (Kern)<\/strong>: Umwickelt mit strapazierf\u00e4higem <strong data-start=\"777\" data-end=\"802\">Polypropylen-Geflecht<\/strong><\/li>\n<li data-start=\"710\" data-end=\"882\"><strong data-start=\"817\" data-end=\"843\">Hohe Scheuerfestigkeit<\/strong> und <strong data-start=\"848\" data-end=\"873\">gute UV-Best\u00e4ndigkeit<\/strong> \ud83c\udf1e<\/li>\n<li data-start=\"885\" data-end=\"983\"><strong data-start=\"885\" data-end=\"910\">Vielseitig einsetzbar<\/strong>: Ideal f\u00fcr den <strong data-start=\"926\" data-end=\"937\">Camping<\/strong>, <strong data-start=\"939\" data-end=\"951\">Haushalt<\/strong>, <strong data-start=\"953\" data-end=\"966\">Transport<\/strong> und vieles mehr.<\/li>\n<\/ul>\n<hr class=\"\" data-start=\"985\" data-end=\"988\" \/>\n<h3 data-start=\"990\" data-end=\"1028\"><strong data-start=\"995\" data-end=\"1026\">Vielseitige Einsatzbereiche<\/strong><\/h3>\n<p>\ud83c\udf0a <strong data-start=\"1436\" data-end=\"1460\">Wassersport &amp; Segeln<\/strong> \u2013 zum Sichern von Ausr\u00fcstung, Abdeckungen und Bootszubeh\u00f6r<br data-start=\"1519\" data-end=\"1522\" \/>\u26fa <strong data-start=\"1524\" data-end=\"1545\">Camping &amp; Outdoor<\/strong> \u2013 als Zeltseil, Spannseil oder f\u00fcr Planen<br data-start=\"1587\" data-end=\"1590\" \/>\ud83d\ude97 <strong data-start=\"1593\" data-end=\"1618\">Fahrzeuge &amp; Transport<\/strong> \u2013 f\u00fcr Anh\u00e4nger, Fahrradtr\u00e4ger oder Gep\u00e4cknetze<br data-start=\"1665\" data-end=\"1668\" \/>\ud83c\udfe0 <strong data-start=\"1671\" data-end=\"1692\">Haushalt &amp; Garten<\/strong> \u2013 zur Fixierung, B\u00fcndelung oder Befestigung<br data-start=\"1736\" data-end=\"1739\" \/>\u2699\ufe0f <strong data-start=\"1742\" data-end=\"1770\">DIY-Projekte &amp; Werkstatt<\/strong> \u2013 flexibel und zuverl\u00e4ssig f\u00fcr viele Anwendungen<\/p>\n<hr class=\"\" data-start=\"1203\" data-end=\"1206\" \/>\n<h3 data-start=\"1208\" data-end=\"1248\"><strong data-start=\"1212\" data-end=\"1248\">Perfekt f\u00fcr jeden Einsatzbereich<\/strong><\/h3>\n<p class=\"\" data-start=\"1250\" data-end=\"1487\">Mit ihrer Kombination aus <strong data-start=\"1918\" data-end=\"1983\">Dehnbarkeit, Widerstandskraft und vielseitiger Verwendbarkeit<\/strong> sind unsere <strong data-start=\"1996\" data-end=\"2043\">Expanderseile mit Gummikern und PP-Geflecht<\/strong> die ideale Wahl f\u00fcr alle, die Wert auf Funktionalit\u00e4t und Qualit\u00e4t legen.<\/p>\n<\/div>\n<hr class=\"\" data-start=\"1489\" data-end=\"1492\" \/>\n<\/div>\n<\/div>\n<\/div>\n<\/div>\n<\/div>\n<\/div>\n<\/div>\n<\/article>\n<\/div>\n<\/div>\n<\/div>\n<\/div>\n<div id=\"thread-bottom-container\" class=\"isolate z-3 w-full basis-auto has-data-has-thread-error:pt-2 has-data-has-thread-error:[box-shadow:var(--sharp-edge-bottom-shadow)] md:border-transparent md:pt-0 dark:border-white\/20 md:dark:border-transparent flex flex-col\">\n<div id=\"thread-bottom\">\n<div class=\"text-base mx-auto [--thread-content-margin:--spacing(4)] @[37rem]:[--thread-content-margin:--spacing(6)] @[70rem]:[--thread-content-margin:--spacing(12)] px-(--thread-content-margin)\">\n<div class=\"[--thread-content-max-width:32rem] @[34rem]:[--thread-content-max-width:40rem] @[64rem]:[--thread-content-max-width:48rem] mx-auto flex max-w-(--thread-content-max-width) flex-1 text-base gap-4 md:gap-5 lg:gap-6\">\n<div class=\"relative z-1 flex max-w-full flex-1 flex-col h-full max-xs:[--force-hide-label:none]\" aria-haspopup=\"dialog\" aria-expanded=\"false\" aria-controls=\"radix-\u00abR1i9ckukkth95j5\u00bb\" data-state=\"closed\">\n<form class=\"w-full [view-transition-name:var(--vt-composer)]\" data-type=\"unified-composer\">\n<div class=\"border-token-border-default flex w-full cursor-text flex-col items-center justify-center rounded-[28px] border bg-clip-padding contain-inline-size overflow-clip shadow-sm sm:shadow-lg dark:shadow-none! bg-token-main-surface-primary dark:bg-[#303030]\">\n<div class=\"relative flex w-full items-end px-3 py-3\">\n<div class=\"relative flex w-full flex-auto flex-col\">\n<div class=\"justify-content-end relative ms-2 flex w-full flex-auto flex-col\">\n<div class=\"flex-auto\"><strong data-start=\"139\" data-end=\"171\">Hinweis zur Farbdarstellung:<\/strong><br data-start=\"171\" data-end=\"174\" \/>Bitte beachten Sie, dass es durch Lichtverh\u00e4ltnisse bei der Produktfotografie sowie durch unterschiedliche Bildschirmdarstellungen zu leichten Farbabweichungen kommen kann.<\/div>\n<\/div>\n<div><\/div>\n<\/div>\n<\/div>\n<\/div>\n<\/form>\n<\/div>\n<\/div>\n<\/div>\n<\/div>\n<\/div>\n<\/div>\n<\/div>\n<\/div>\n<\/div>\n<\/div>\n<\/div>\n<\/div>\n<\/div>\n<\/article>\n<\/div>\n<\/div>\n<\/div>\n<\/div>\n","protected":false},"excerpt":{"rendered":"<ul>\n<li><span data-contrast=\"auto\">Premium Qualit\u00e4t &#8211; Made in Germany<\/span><span data-ccp-props=\"{}\">\u00a0<\/span><\/li>\n<li><strong>Durchmesser: 10 mm<\/strong><\/li>\n<li><span data-contrast=\"auto\">Material: <\/span>Polypropylen Mantelgeflecht mit hochelastischen Latexf\u00e4den (Kern)<\/li>\n<li>Dehnung ca. 100%-120%<\/li>\n<li>Eigenschaften: Hochelastisch, Chemikalienbest\u00e4ndigkeit, schwimmf\u00e4hig<\/li>\n<li><span data-contrast=\"auto\">Gewicht per 100m: 4,5 kg<\/span><\/li>\n<li>Sonderl\u00e4ngen auf Anfrage<\/li>\n<\/ul>\n","protected":false},"featured_media":7426,"template":"","meta":{"_acf_changed":false,"site-sidebar-layout":"default","site-content-layout":"","ast-site-content-layout":"default","site-content-style":"default","site-sidebar-style":"default","ast-global-header-display":"","ast-banner-title-visibility":"","ast-main-header-display":"","ast-hfb-above-header-display":"","ast-hfb-below-header-display":"","ast-hfb-mobile-header-display":"","site-post-title":"","ast-breadcrumbs-content":"","ast-featured-img":"","footer-sml-layout":"","ast-disable-related-posts":"","theme-transparent-header-meta":"default","adv-header-id-meta":"","stick-header-meta":"","header-above-stick-meta":"","header-main-stick-meta":"","header-below-stick-meta":"","astra-migrate-meta-layouts":"set","ast-page-background-enabled":"default","ast-page-background-meta":{"desktop":{"background-color":"","background-image":"","background-repeat":"repeat","background-position":"center center","background-size":"auto","background-attachment":"scroll","background-type":"","background-media":"","overlay-type":"","overlay-color":"","overlay-opacity":"","overlay-gradient":""},"tablet":{"background-color":"","background-image":"","background-repeat":"repeat","background-position":"center center","background-size":"auto","background-attachment":"scroll","background-type":"","background-media":"","overlay-type":"","overlay-color":"","overlay-opacity":"","overlay-gradient":""},"mobile":{"background-color":"","background-image":"","background-repeat":"repeat","background-position":"center center","background-size":"auto","background-attachment":"scroll","background-type":"","background-media":"","overlay-type":"","overlay-color":"","overlay-opacity":"","overlay-gradient":""}},"ast-content-background-meta":{"desktop":{"background-color":"var(--ast-global-color-5)","background-image":"","background-repeat":"repeat","background-position":"center center","background-size":"auto","background-attachment":"scroll","background-type":"","background-media":"","overlay-type":"","overlay-color":"","overlay-opacity":"","overlay-gradient":""},"tablet":{"background-color":"var(--ast-global-color-5)","background-image":"","background-repeat":"repeat","background-position":"center center","background-size":"auto","background-attachment":"scroll","background-type":"","background-media":"","overlay-type":"","overlay-color":"","overlay-opacity":"","overlay-gradient":""},"mobile":{"background-color":"var(--ast-global-color-5)","background-image":"","background-repeat":"repeat","background-position":"center center","background-size":"auto","background-attachment":"scroll","background-type":"","background-media":"","overlay-type":"","overlay-color":"","overlay-opacity":"","overlay-gradient":""}}},"product_brand":[193],"product_cat":[82,91,930,92,112,90,928,87,103,929,1122,396],"product_tag":[260,207,204,209,208,205,206,261,210],"class_list":{"0":"post-7243","1":"product","2":"type-product","3":"status-publish","4":"has-post-thumbnail","6":"product_brand-ropes-and-more","7":"product_cat-gummi-expanderseile","8":"product_cat-haushalts-handwerkerseile","9":"product_cat-naturseile","10":"product_cat-seile-fuer-boote-segelsport","11":"product_cat-seile-fuer-fahrzeugbau","12":"product_cat-seile-fuer-gartenarbeit","13":"product_cat-seile-fuer-industrie","14":"product_cat-seile-fuer-sport-outdoor","15":"product_cat-seile-mit-dynamischer-dehnung","16":"product_cat-kategorie-seile-nach-anwendung","17":"product_cat-sichern-befestigen","18":"product_cat-spezielle-seilprodukte","19":"product_tag-baugewerbe","20":"product_tag-elastisches-seil-10mm","21":"product_tag-expanderseil-10mm","22":"product_tag-expanderseil-meterware","23":"product_tag-expanderseil-polypropylen","24":"product_tag-gummiseil-100m","25":"product_tag-gummiseil-mit-pp-mantel","26":"product_tag-industrielle-sicherungen","27":"product_tag-spanngummi-10mm","28":"desktop-align-left","29":"tablet-align-left","30":"mobile-align-left","32":"first","33":"instock","34":"taxable","35":"shipping-taxable","36":"purchasable","37":"product-type-variable"},"acf":[],"yoast_head":"<!-- This site is optimized with the Yoast SEO plugin v27.5 - https:\/\/yoast.com\/product\/yoast-seo-wordpress\/ -->\n<title>Expanderseil \u00d810\u202fmm \u2013 Gummiseil mit PP Polypropylen Mantelgeflecht<\/title>\n<meta name=\"description\" content=\"Expanderseil \u00d810mm mit robustem PP-Mantelgeflecht \u2013 elastisch, wetterfest &amp; rei\u00dffest. Perfekt f\u00fcr Bau, Camping, Transport &amp; vielseitige Outdoor-Anwendungen.\" \/>\n<meta name=\"robots\" content=\"index, follow, max-snippet:-1, max-image-preview:large, max-video-preview:-1\" \/>\n<link rel=\"canonical\" href=\"https:\/\/ropesandmore.fr\/de\/produkt\/expanderseil-gummiseil-pp-polypropylen-o10mm-mantelgeflecht-100m\/\" \/>\n<meta property=\"og:locale\" content=\"de_DE\" \/>\n<meta property=\"og:type\" content=\"article\" \/>\n<meta property=\"og:title\" content=\"Expanderseil \u00d810\u202fmm \u2013 Gummiseil mit PP Polypropylen Mantelgeflecht\" \/>\n<meta property=\"og:description\" content=\"Expanderseil \u00d810mm mit robustem PP-Mantelgeflecht \u2013 elastisch, wetterfest &amp; rei\u00dffest. Perfekt f\u00fcr Bau, Camping, Transport &amp; vielseitige Outdoor-Anwendungen.\" \/>\n<meta property=\"og:url\" content=\"https:\/\/ropesandmore.fr\/de\/produkt\/expanderseil-gummiseil-pp-polypropylen-o10mm-mantelgeflecht-100m\/\" \/>\n<meta property=\"og:site_name\" content=\"Ropes and More\" \/>\n<meta property=\"article:publisher\" content=\"https:\/\/www.instagram.com\/ropesandmoregmbh\/\" \/>\n<meta property=\"article:modified_time\" content=\"2025-08-05T18:47:41+00:00\" \/>\n<meta property=\"og:image\" content=\"https:\/\/ropesandmore.fr\/wp-content\/uploads\/2025\/03\/10mm-Gummi-PP-Front.jpg\" \/>\n\t<meta property=\"og:image:width\" content=\"1000\" \/>\n\t<meta property=\"og:image:height\" content=\"1000\" \/>\n\t<meta property=\"og:image:type\" content=\"image\/jpeg\" \/>\n<meta name=\"twitter:card\" content=\"summary_large_image\" \/>\n<meta name=\"twitter:label1\" content=\"Gesch\u00e4tzte Lesezeit\" \/>\n\t<meta name=\"twitter:data1\" content=\"2\u00a0Minute\" \/>\n<script type=\"application\/ld+json\" class=\"yoast-schema-graph\">{\"@context\":\"https:\\\/\\\/schema.org\",\"@graph\":[{\"@type\":\"WebPage\",\"@id\":\"https:\\\/\\\/ropesandmore.fr\\\/de\\\/produkt\\\/expanderseil-gummiseil-pp-polypropylen-o10mm-mantelgeflecht-100m\\\/\",\"url\":\"https:\\\/\\\/ropesandmore.fr\\\/de\\\/produkt\\\/expanderseil-gummiseil-pp-polypropylen-o10mm-mantelgeflecht-100m\\\/\",\"name\":\"Expanderseil \u00d810\u202fmm \u2013 Gummiseil mit PP Polypropylen Mantelgeflecht\",\"isPartOf\":{\"@id\":\"https:\\\/\\\/ropesandmore.fr\\\/de\\\/#website\"},\"primaryImageOfPage\":{\"@id\":\"https:\\\/\\\/ropesandmore.fr\\\/de\\\/produkt\\\/expanderseil-gummiseil-pp-polypropylen-o10mm-mantelgeflecht-100m\\\/#primaryimage\"},\"image\":{\"@id\":\"https:\\\/\\\/ropesandmore.fr\\\/de\\\/produkt\\\/expanderseil-gummiseil-pp-polypropylen-o10mm-mantelgeflecht-100m\\\/#primaryimage\"},\"thumbnailUrl\":\"https:\\\/\\\/ropesandmore.fr\\\/wp-content\\\/uploads\\\/2025\\\/03\\\/10mm-Gummi-PP-Front.jpg\",\"datePublished\":\"2025-05-06T08:44:43+00:00\",\"dateModified\":\"2025-08-05T18:47:41+00:00\",\"description\":\"Expanderseil \u00d810mm mit robustem PP-Mantelgeflecht \u2013 elastisch, wetterfest & rei\u00dffest. Perfekt f\u00fcr Bau, Camping, Transport & vielseitige Outdoor-Anwendungen.\",\"breadcrumb\":{\"@id\":\"https:\\\/\\\/ropesandmore.fr\\\/de\\\/produkt\\\/expanderseil-gummiseil-pp-polypropylen-o10mm-mantelgeflecht-100m\\\/#breadcrumb\"},\"inLanguage\":\"de\",\"potentialAction\":[{\"@type\":\"ReadAction\",\"target\":[\"https:\\\/\\\/ropesandmore.fr\\\/de\\\/produkt\\\/expanderseil-gummiseil-pp-polypropylen-o10mm-mantelgeflecht-100m\\\/\"]}]},{\"@type\":\"ImageObject\",\"inLanguage\":\"de\",\"@id\":\"https:\\\/\\\/ropesandmore.fr\\\/de\\\/produkt\\\/expanderseil-gummiseil-pp-polypropylen-o10mm-mantelgeflecht-100m\\\/#primaryimage\",\"url\":\"https:\\\/\\\/ropesandmore.fr\\\/wp-content\\\/uploads\\\/2025\\\/03\\\/10mm-Gummi-PP-Front.jpg\",\"contentUrl\":\"https:\\\/\\\/ropesandmore.fr\\\/wp-content\\\/uploads\\\/2025\\\/03\\\/10mm-Gummi-PP-Front.jpg\",\"width\":1000,\"height\":1000},{\"@type\":\"BreadcrumbList\",\"@id\":\"https:\\\/\\\/ropesandmore.fr\\\/de\\\/produkt\\\/expanderseil-gummiseil-pp-polypropylen-o10mm-mantelgeflecht-100m\\\/#breadcrumb\",\"itemListElement\":[{\"@type\":\"ListItem\",\"position\":1,\"name\":\"Startseite\",\"item\":\"https:\\\/\\\/ropesandmore.fr\\\/de\\\/\"},{\"@type\":\"ListItem\",\"position\":2,\"name\":\"Ropes and More \u2013 Dein Shop f\u00fcr Seile, Tauwerk &amp; Spezialschn\u00fcre\",\"item\":\"https:\\\/\\\/ropesandmore.fr\\\/ropes-and-more-dein-shop-fuer-seile-tauwerk-spezialschnuere\\\/\"},{\"@type\":\"ListItem\",\"position\":3,\"name\":\"Expanderseil Gummiseil PP Polypropylen \u00d810mm Mantelgeflecht\"}]},{\"@type\":\"WebSite\",\"@id\":\"https:\\\/\\\/ropesandmore.fr\\\/de\\\/#website\",\"url\":\"https:\\\/\\\/ropesandmore.fr\\\/de\\\/\",\"name\":\"ropes and more\",\"description\":\"Your Trusted Partner\",\"publisher\":{\"@id\":\"https:\\\/\\\/ropesandmore.fr\\\/de\\\/#organization\"},\"potentialAction\":[{\"@type\":\"SearchAction\",\"target\":{\"@type\":\"EntryPoint\",\"urlTemplate\":\"https:\\\/\\\/ropesandmore.fr\\\/de\\\/?s={search_term_string}\"},\"query-input\":{\"@type\":\"PropertyValueSpecification\",\"valueRequired\":true,\"valueName\":\"search_term_string\"}}],\"inLanguage\":\"de\"},{\"@type\":\"Organization\",\"@id\":\"https:\\\/\\\/ropesandmore.fr\\\/de\\\/#organization\",\"name\":\"ropes and more\",\"url\":\"https:\\\/\\\/ropesandmore.fr\\\/de\\\/\",\"logo\":{\"@type\":\"ImageObject\",\"inLanguage\":\"de\",\"@id\":\"https:\\\/\\\/ropesandmore.fr\\\/de\\\/#\\\/schema\\\/logo\\\/image\\\/\",\"url\":\"https:\\\/\\\/ropesandmore.fr\\\/wp-content\\\/uploads\\\/2025\\\/06\\\/Bild6.webp\",\"contentUrl\":\"https:\\\/\\\/ropesandmore.fr\\\/wp-content\\\/uploads\\\/2025\\\/06\\\/Bild6.webp\",\"width\":1023,\"height\":480,\"caption\":\"ropes and more\"},\"image\":{\"@id\":\"https:\\\/\\\/ropesandmore.fr\\\/de\\\/#\\\/schema\\\/logo\\\/image\\\/\"},\"sameAs\":[\"https:\\\/\\\/www.instagram.com\\\/ropesandmoregmbh\\\/\"]}]}<\/script>\n<!-- \/ Yoast SEO plugin. -->","yoast_head_json":{"title":"Expanderseil \u00d810\u202fmm \u2013 Gummiseil mit PP Polypropylen Mantelgeflecht","description":"Expanderseil \u00d810mm mit robustem PP-Mantelgeflecht \u2013 elastisch, wetterfest & rei\u00dffest. Perfekt f\u00fcr Bau, Camping, Transport & vielseitige Outdoor-Anwendungen.","robots":{"index":"index","follow":"follow","max-snippet":"max-snippet:-1","max-image-preview":"max-image-preview:large","max-video-preview":"max-video-preview:-1"},"canonical":"https:\/\/ropesandmore.fr\/de\/produkt\/expanderseil-gummiseil-pp-polypropylen-o10mm-mantelgeflecht-100m\/","og_locale":"de_DE","og_type":"article","og_title":"Expanderseil \u00d810\u202fmm \u2013 Gummiseil mit PP Polypropylen Mantelgeflecht","og_description":"Expanderseil \u00d810mm mit robustem PP-Mantelgeflecht \u2013 elastisch, wetterfest & rei\u00dffest. Perfekt f\u00fcr Bau, Camping, Transport & vielseitige Outdoor-Anwendungen.","og_url":"https:\/\/ropesandmore.fr\/de\/produkt\/expanderseil-gummiseil-pp-polypropylen-o10mm-mantelgeflecht-100m\/","og_site_name":"Ropes and More","article_publisher":"https:\/\/www.instagram.com\/ropesandmoregmbh\/","article_modified_time":"2025-08-05T18:47:41+00:00","og_image":[{"width":1000,"height":1000,"url":"https:\/\/ropesandmore.fr\/wp-content\/uploads\/2025\/03\/10mm-Gummi-PP-Front.jpg","type":"image\/jpeg"}],"twitter_card":"summary_large_image","twitter_misc":{"Gesch\u00e4tzte Lesezeit":"2\u00a0Minute"},"schema":{"@context":"https:\/\/schema.org","@graph":[{"@type":"WebPage","@id":"https:\/\/ropesandmore.fr\/de\/produkt\/expanderseil-gummiseil-pp-polypropylen-o10mm-mantelgeflecht-100m\/","url":"https:\/\/ropesandmore.fr\/de\/produkt\/expanderseil-gummiseil-pp-polypropylen-o10mm-mantelgeflecht-100m\/","name":"Expanderseil \u00d810\u202fmm \u2013 Gummiseil mit PP Polypropylen Mantelgeflecht","isPartOf":{"@id":"https:\/\/ropesandmore.fr\/de\/#website"},"primaryImageOfPage":{"@id":"https:\/\/ropesandmore.fr\/de\/produkt\/expanderseil-gummiseil-pp-polypropylen-o10mm-mantelgeflecht-100m\/#primaryimage"},"image":{"@id":"https:\/\/ropesandmore.fr\/de\/produkt\/expanderseil-gummiseil-pp-polypropylen-o10mm-mantelgeflecht-100m\/#primaryimage"},"thumbnailUrl":"https:\/\/ropesandmore.fr\/wp-content\/uploads\/2025\/03\/10mm-Gummi-PP-Front.jpg","datePublished":"2025-05-06T08:44:43+00:00","dateModified":"2025-08-05T18:47:41+00:00","description":"Expanderseil \u00d810mm mit robustem PP-Mantelgeflecht \u2013 elastisch, wetterfest & rei\u00dffest. Perfekt f\u00fcr Bau, Camping, Transport & vielseitige Outdoor-Anwendungen.","breadcrumb":{"@id":"https:\/\/ropesandmore.fr\/de\/produkt\/expanderseil-gummiseil-pp-polypropylen-o10mm-mantelgeflecht-100m\/#breadcrumb"},"inLanguage":"de","potentialAction":[{"@type":"ReadAction","target":["https:\/\/ropesandmore.fr\/de\/produkt\/expanderseil-gummiseil-pp-polypropylen-o10mm-mantelgeflecht-100m\/"]}]},{"@type":"ImageObject","inLanguage":"de","@id":"https:\/\/ropesandmore.fr\/de\/produkt\/expanderseil-gummiseil-pp-polypropylen-o10mm-mantelgeflecht-100m\/#primaryimage","url":"https:\/\/ropesandmore.fr\/wp-content\/uploads\/2025\/03\/10mm-Gummi-PP-Front.jpg","contentUrl":"https:\/\/ropesandmore.fr\/wp-content\/uploads\/2025\/03\/10mm-Gummi-PP-Front.jpg","width":1000,"height":1000},{"@type":"BreadcrumbList","@id":"https:\/\/ropesandmore.fr\/de\/produkt\/expanderseil-gummiseil-pp-polypropylen-o10mm-mantelgeflecht-100m\/#breadcrumb","itemListElement":[{"@type":"ListItem","position":1,"name":"Startseite","item":"https:\/\/ropesandmore.fr\/de\/"},{"@type":"ListItem","position":2,"name":"Ropes and More \u2013 Dein Shop f\u00fcr Seile, Tauwerk &amp; Spezialschn\u00fcre","item":"https:\/\/ropesandmore.fr\/ropes-and-more-dein-shop-fuer-seile-tauwerk-spezialschnuere\/"},{"@type":"ListItem","position":3,"name":"Expanderseil Gummiseil PP Polypropylen \u00d810mm Mantelgeflecht"}]},{"@type":"WebSite","@id":"https:\/\/ropesandmore.fr\/de\/#website","url":"https:\/\/ropesandmore.fr\/de\/","name":"ropes and more","description":"Your Trusted Partner","publisher":{"@id":"https:\/\/ropesandmore.fr\/de\/#organization"},"potentialAction":[{"@type":"SearchAction","target":{"@type":"EntryPoint","urlTemplate":"https:\/\/ropesandmore.fr\/de\/?s={search_term_string}"},"query-input":{"@type":"PropertyValueSpecification","valueRequired":true,"valueName":"search_term_string"}}],"inLanguage":"de"},{"@type":"Organization","@id":"https:\/\/ropesandmore.fr\/de\/#organization","name":"ropes and more","url":"https:\/\/ropesandmore.fr\/de\/","logo":{"@type":"ImageObject","inLanguage":"de","@id":"https:\/\/ropesandmore.fr\/de\/#\/schema\/logo\/image\/","url":"https:\/\/ropesandmore.fr\/wp-content\/uploads\/2025\/06\/Bild6.webp","contentUrl":"https:\/\/ropesandmore.fr\/wp-content\/uploads\/2025\/06\/Bild6.webp","width":1023,"height":480,"caption":"ropes and more"},"image":{"@id":"https:\/\/ropesandmore.fr\/de\/#\/schema\/logo\/image\/"},"sameAs":["https:\/\/www.instagram.com\/ropesandmoregmbh\/"]}]}},"_links":{"self":[{"href":"https:\/\/ropesandmore.fr\/de\/wp-json\/wp\/v2\/product\/7243","targetHints":{"allow":["GET"]}}],"collection":[{"href":"https:\/\/ropesandmore.fr\/de\/wp-json\/wp\/v2\/product"}],"about":[{"href":"https:\/\/ropesandmore.fr\/de\/wp-json\/wp\/v2\/types\/product"}],"version-history":[{"count":0,"href":"https:\/\/ropesandmore.fr\/de\/wp-json\/wp\/v2\/product\/7243\/revisions"}],"wp:featuredmedia":[{"embeddable":true,"href":"https:\/\/ropesandmore.fr\/de\/wp-json\/wp\/v2\/media\/7426"}],"wp:attachment":[{"href":"https:\/\/ropesandmore.fr\/de\/wp-json\/wp\/v2\/media?parent=7243"}],"wp:term":[{"taxonomy":"product_brand","embeddable":true,"href":"https:\/\/ropesandmore.fr\/de\/wp-json\/wp\/v2\/product_brand?post=7243"},{"taxonomy":"product_cat","embeddable":true,"href":"https:\/\/ropesandmore.fr\/de\/wp-json\/wp\/v2\/product_cat?post=7243"},{"taxonomy":"product_tag","embeddable":true,"href":"https:\/\/ropesandmore.fr\/de\/wp-json\/wp\/v2\/product_tag?post=7243"}],"curies":[{"name":"wp","href":"https:\/\/api.w.org\/{rel}","templated":true}]}}