{"id":7274,"date":"2025-03-28T14:42:31","date_gmt":"2025-03-28T14:42:31","guid":{"rendered":"https:\/\/ropesandmore.fr\/?post_type=product&#038;p=7274"},"modified":"2025-08-06T19:53:57","modified_gmt":"2025-08-06T19:53:57","slug":"jalousinenseil-rolloseil-14mm-geflochten-100m","status":"publish","type":"product","link":"https:\/\/ropesandmore.fr\/de\/produkt\/jalousinenseil-rolloseil-14mm-geflochten-100m\/","title":{"rendered":"Jalousien Schnur Rollo Zugschnur 1,4mm geflochten 100m Wei\u00df, Schwarz"},"content":{"rendered":"<h3 data-start=\"165\" data-end=\"254\"><strong>Hochwertige Jalousien-Schnur\u00a0<\/strong><\/h3>\n<h3 data-start=\"165\" data-end=\"254\"><em><strong>Pr\u00e4zision und Zuverl\u00e4ssigkeit f\u00fcr Ihre Fensterl\u00f6sungen<\/strong><\/em><strong> \ud83e\ude9f<\/strong><\/h3>\n<p class=\"\" data-start=\"256\" data-end=\"494\">Unsere <strong data-start=\"263\" data-end=\"282\">Jalousien-Schnur<\/strong> wird in Deutschland gefertigt und steht f\u00fcr h\u00f6chste Qualit\u00e4t und Langlebigkeit.<br data-start=\"365\" data-end=\"368\" \/>Sie sind speziell entwickelt, um einen reibungslosen und sicheren Betrieb von Jalousien und Fensterjalousien zu gew\u00e4hrleisten.<\/p>\n<h3 class=\"\" data-start=\"496\" data-end=\"530\">\u2705\u00a0Ihre Vorteile auf einen Blick:<\/h3>\n<ul>\n<li data-start=\"533\" data-end=\"604\"><strong data-start=\"533\" data-end=\"566\">Strapazierf\u00e4hig und langlebig<\/strong>: Ideal f\u00fcr den dauerhaften Einsatz.<\/li>\n<li data-start=\"607\" data-end=\"689\"><strong data-start=\"607\" data-end=\"634\">Perfekte Funktionalit\u00e4t<\/strong>: Sorgt f\u00fcr sanftes Heben und Senken Ihrer Jalousien.<\/li>\n<li data-start=\"692\" data-end=\"824\"><strong data-start=\"692\" data-end=\"717\">Vielseitig einsetzbar<\/strong>: F\u00fcr Reparatur, Wartung oder Nachr\u00fcstung von Jalousien und Rollladensystemen mit Seilmechanismus geeignet.<\/li>\n<\/ul>\n<p class=\"\" data-start=\"826\" data-end=\"1044\">Unsere <strong data-start=\"833\" data-end=\"852\">Jalousien-Schn\u00fcre<\/strong>\u00a0sind das unverzichtbare Zubeh\u00f6r, wenn es um die zuverl\u00e4ssige Bedienung und Instandhaltung Ihrer Fensteranlagen geht \u2013 sowohl f\u00fcr den privaten Bereich als auch f\u00fcr den professionellen Einsatz.<\/p>\n<hr \/>\n<p><strong data-start=\"139\" data-end=\"171\">Hinweis zur Farbdarstellung:<\/strong><br data-start=\"171\" data-end=\"174\" \/>Bitte beachten Sie, dass es durch Lichtverh\u00e4ltnisse bei der Produktfotografie sowie durch unterschiedliche Bildschirmdarstellungen zu leichten Farbabweichungen kommen kann.<\/p>\n","protected":false},"excerpt":{"rendered":"<ul>\n<li><strong>Durchmesser: 1,4 mm<\/strong><\/li>\n<li><strong>Farbe: Wei\u00df oder Schwarz<\/strong><\/li>\n<li>Bruchlast: 30 daN(kg)<\/li>\n<li>Material: Polyester geflochten<\/li>\n<li>Arbeitsdehnung &lt;5%<\/li>\n<li>Eigenschaften: hohe Abriebfestigkeit, Flexibilit\u00e4t, Rei\u00dffestigkeit<\/li>\n<li><span data-contrast=\"auto\">Gewicht per 100m: 0,1 kg<\/span><\/li>\n<li>Sonderl\u00e4ngen auf Anfrage<\/li>\n<\/ul>\n","protected":false},"featured_media":7278,"template":"","meta":{"_acf_changed":false,"site-sidebar-layout":"default","site-content-layout":"","ast-site-content-layout":"default","site-content-style":"default","site-sidebar-style":"default","ast-global-header-display":"","ast-banner-title-visibility":"","ast-main-header-display":"","ast-hfb-above-header-display":"","ast-hfb-below-header-display":"","ast-hfb-mobile-header-display":"","site-post-title":"","ast-breadcrumbs-content":"","ast-featured-img":"","footer-sml-layout":"","ast-disable-related-posts":"","theme-transparent-header-meta":"default","adv-header-id-meta":"","stick-header-meta":"","header-above-stick-meta":"","header-main-stick-meta":"","header-below-stick-meta":"","astra-migrate-meta-layouts":"set","ast-page-background-enabled":"default","ast-page-background-meta":{"desktop":{"background-color":"","background-image":"","background-repeat":"repeat","background-position":"center center","background-size":"auto","background-attachment":"scroll","background-type":"","background-media":"","overlay-type":"","overlay-color":"","overlay-opacity":"","overlay-gradient":""},"tablet":{"background-color":"","background-image":"","background-repeat":"repeat","background-position":"center center","background-size":"auto","background-attachment":"scroll","background-type":"","background-media":"","overlay-type":"","overlay-color":"","overlay-opacity":"","overlay-gradient":""},"mobile":{"background-color":"","background-image":"","background-repeat":"repeat","background-position":"center center","background-size":"auto","background-attachment":"scroll","background-type":"","background-media":"","overlay-type":"","overlay-color":"","overlay-opacity":"","overlay-gradient":""}},"ast-content-background-meta":{"desktop":{"background-color":"var(--ast-global-color-5)","background-image":"","background-repeat":"repeat","background-position":"center center","background-size":"auto","background-attachment":"scroll","background-type":"","background-media":"","overlay-type":"","overlay-color":"","overlay-opacity":"","overlay-gradient":""},"tablet":{"background-color":"var(--ast-global-color-5)","background-image":"","background-repeat":"repeat","background-position":"center center","background-size":"auto","background-attachment":"scroll","background-type":"","background-media":"","overlay-type":"","overlay-color":"","overlay-opacity":"","overlay-gradient":""},"mobile":{"background-color":"var(--ast-global-color-5)","background-image":"","background-repeat":"repeat","background-position":"center center","background-size":"auto","background-attachment":"scroll","background-type":"","background-media":"","overlay-type":"","overlay-color":"","overlay-opacity":"","overlay-gradient":""}}},"product_brand":[193],"product_cat":[91,1123,930,101,75,929],"product_tag":[415,899,901,447,902,900,903,904],"class_list":{"0":"post-7274","1":"product","2":"type-product","3":"status-publish","4":"has-post-thumbnail","6":"product_brand-ropes-and-more","7":"product_cat-haushalts-handwerkerseile","8":"product_cat-jalousien-schnur","9":"product_cat-naturseile","10":"product_cat-polyesterseile","11":"product_cat-polyesterseile-geflochten","12":"product_cat-kategorie-seile-nach-anwendung","13":"product_tag-jalousien","14":"product_tag-jalousienschnur","15":"product_tag-jalousienschnur-100m","16":"product_tag-rolloschnur-100m","17":"product_tag-schnur-fuer-fensterjalousie","18":"product_tag-zugschnur","19":"product_tag-zugschnur-fuer-lamellen","20":"product_tag-zugschnur-fuer-sichtschutz","21":"desktop-align-left","22":"tablet-align-left","23":"mobile-align-left","25":"first","26":"outofstock","27":"taxable","28":"shipping-taxable","29":"purchasable","30":"product-type-variable"},"acf":[],"yoast_head":"<!-- This site is optimized with the Yoast SEO plugin v27.5 - https:\/\/yoast.com\/product\/yoast-seo-wordpress\/ -->\n<title>Jalousien Schnur 1,4mm \u2013 geflochtene Zugschnur, 100m (w\/s)<\/title>\n<meta name=\"description\" content=\"Hochwertige Jalousien Schnur 1,4\u202fmm geflochten, 100\u202fm L\u00e4nge in Wei\u00df und Schwarz. Robust, flexibel und ideal f\u00fcr Rolll\u00e4den, Jalousien und Zugsysteme.\" \/>\n<meta name=\"robots\" content=\"index, follow, max-snippet:-1, max-image-preview:large, max-video-preview:-1\" \/>\n<link rel=\"canonical\" href=\"https:\/\/ropesandmore.fr\/de\/produkt\/jalousinenseil-rolloseil-14mm-geflochten-100m\/\" \/>\n<meta property=\"og:locale\" content=\"de_DE\" \/>\n<meta property=\"og:type\" content=\"article\" \/>\n<meta property=\"og:title\" content=\"Jalousien Schnur 1,4mm \u2013 geflochtene Zugschnur, 100m (w\/s)\" \/>\n<meta property=\"og:description\" content=\"Hochwertige Jalousien Schnur 1,4\u202fmm geflochten, 100\u202fm L\u00e4nge in Wei\u00df und Schwarz. Robust, flexibel und ideal f\u00fcr Rolll\u00e4den, Jalousien und Zugsysteme.\" \/>\n<meta property=\"og:url\" content=\"https:\/\/ropesandmore.fr\/de\/produkt\/jalousinenseil-rolloseil-14mm-geflochten-100m\/\" \/>\n<meta property=\"og:site_name\" content=\"Ropes and More\" \/>\n<meta property=\"article:publisher\" content=\"https:\/\/www.instagram.com\/ropesandmoregmbh\/\" \/>\n<meta property=\"article:modified_time\" content=\"2025-08-06T19:53:57+00:00\" \/>\n<meta property=\"og:image\" content=\"https:\/\/ropesandmore.fr\/wp-content\/uploads\/2025\/03\/14mm.Jalousinen-PES-weiss-.jpg\" \/>\n\t<meta property=\"og:image:width\" content=\"1000\" \/>\n\t<meta property=\"og:image:height\" content=\"1000\" \/>\n\t<meta property=\"og:image:type\" content=\"image\/jpeg\" \/>\n<meta name=\"twitter:card\" content=\"summary_large_image\" \/>\n<meta name=\"twitter:label1\" content=\"Gesch\u00e4tzte Lesezeit\" \/>\n\t<meta name=\"twitter:data1\" content=\"1\u00a0Minute\" \/>\n<script type=\"application\/ld+json\" class=\"yoast-schema-graph\">{\"@context\":\"https:\\\/\\\/schema.org\",\"@graph\":[{\"@type\":\"WebPage\",\"@id\":\"https:\\\/\\\/ropesandmore.fr\\\/de\\\/produkt\\\/jalousinenseil-rolloseil-14mm-geflochten-100m\\\/\",\"url\":\"https:\\\/\\\/ropesandmore.fr\\\/de\\\/produkt\\\/jalousinenseil-rolloseil-14mm-geflochten-100m\\\/\",\"name\":\"Jalousien Schnur 1,4mm \u2013 geflochtene Zugschnur, 100m (w\\\/s)\",\"isPartOf\":{\"@id\":\"https:\\\/\\\/ropesandmore.fr\\\/de\\\/#website\"},\"primaryImageOfPage\":{\"@id\":\"https:\\\/\\\/ropesandmore.fr\\\/de\\\/produkt\\\/jalousinenseil-rolloseil-14mm-geflochten-100m\\\/#primaryimage\"},\"image\":{\"@id\":\"https:\\\/\\\/ropesandmore.fr\\\/de\\\/produkt\\\/jalousinenseil-rolloseil-14mm-geflochten-100m\\\/#primaryimage\"},\"thumbnailUrl\":\"https:\\\/\\\/ropesandmore.fr\\\/wp-content\\\/uploads\\\/2025\\\/03\\\/14mm.Jalousinen-PES-weiss-.jpg\",\"datePublished\":\"2025-03-28T14:42:31+00:00\",\"dateModified\":\"2025-08-06T19:53:57+00:00\",\"description\":\"Hochwertige Jalousien Schnur 1,4\u202fmm geflochten, 100\u202fm L\u00e4nge in Wei\u00df und Schwarz. Robust, flexibel und ideal f\u00fcr Rolll\u00e4den, Jalousien und Zugsysteme.\",\"breadcrumb\":{\"@id\":\"https:\\\/\\\/ropesandmore.fr\\\/de\\\/produkt\\\/jalousinenseil-rolloseil-14mm-geflochten-100m\\\/#breadcrumb\"},\"inLanguage\":\"de\",\"potentialAction\":[{\"@type\":\"ReadAction\",\"target\":[\"https:\\\/\\\/ropesandmore.fr\\\/de\\\/produkt\\\/jalousinenseil-rolloseil-14mm-geflochten-100m\\\/\"]}]},{\"@type\":\"ImageObject\",\"inLanguage\":\"de\",\"@id\":\"https:\\\/\\\/ropesandmore.fr\\\/de\\\/produkt\\\/jalousinenseil-rolloseil-14mm-geflochten-100m\\\/#primaryimage\",\"url\":\"https:\\\/\\\/ropesandmore.fr\\\/wp-content\\\/uploads\\\/2025\\\/03\\\/14mm.Jalousinen-PES-weiss-.jpg\",\"contentUrl\":\"https:\\\/\\\/ropesandmore.fr\\\/wp-content\\\/uploads\\\/2025\\\/03\\\/14mm.Jalousinen-PES-weiss-.jpg\",\"width\":1000,\"height\":1000},{\"@type\":\"BreadcrumbList\",\"@id\":\"https:\\\/\\\/ropesandmore.fr\\\/de\\\/produkt\\\/jalousinenseil-rolloseil-14mm-geflochten-100m\\\/#breadcrumb\",\"itemListElement\":[{\"@type\":\"ListItem\",\"position\":1,\"name\":\"Startseite\",\"item\":\"https:\\\/\\\/ropesandmore.fr\\\/de\\\/\"},{\"@type\":\"ListItem\",\"position\":2,\"name\":\"Ropes and More \u2013 Dein Shop f\u00fcr Seile, Tauwerk &amp; Spezialschn\u00fcre\",\"item\":\"https:\\\/\\\/ropesandmore.fr\\\/ropes-and-more-dein-shop-fuer-seile-tauwerk-spezialschnuere\\\/\"},{\"@type\":\"ListItem\",\"position\":3,\"name\":\"Jalousien Schnur Rollo Zugschnur 1,4mm geflochten 100m Wei\u00df, Schwarz\"}]},{\"@type\":\"WebSite\",\"@id\":\"https:\\\/\\\/ropesandmore.fr\\\/de\\\/#website\",\"url\":\"https:\\\/\\\/ropesandmore.fr\\\/de\\\/\",\"name\":\"ropes and more\",\"description\":\"Your Trusted Partner\",\"publisher\":{\"@id\":\"https:\\\/\\\/ropesandmore.fr\\\/de\\\/#organization\"},\"potentialAction\":[{\"@type\":\"SearchAction\",\"target\":{\"@type\":\"EntryPoint\",\"urlTemplate\":\"https:\\\/\\\/ropesandmore.fr\\\/de\\\/?s={search_term_string}\"},\"query-input\":{\"@type\":\"PropertyValueSpecification\",\"valueRequired\":true,\"valueName\":\"search_term_string\"}}],\"inLanguage\":\"de\"},{\"@type\":\"Organization\",\"@id\":\"https:\\\/\\\/ropesandmore.fr\\\/de\\\/#organization\",\"name\":\"ropes and more\",\"url\":\"https:\\\/\\\/ropesandmore.fr\\\/de\\\/\",\"logo\":{\"@type\":\"ImageObject\",\"inLanguage\":\"de\",\"@id\":\"https:\\\/\\\/ropesandmore.fr\\\/de\\\/#\\\/schema\\\/logo\\\/image\\\/\",\"url\":\"https:\\\/\\\/ropesandmore.fr\\\/wp-content\\\/uploads\\\/2025\\\/06\\\/Bild6.webp\",\"contentUrl\":\"https:\\\/\\\/ropesandmore.fr\\\/wp-content\\\/uploads\\\/2025\\\/06\\\/Bild6.webp\",\"width\":1023,\"height\":480,\"caption\":\"ropes and more\"},\"image\":{\"@id\":\"https:\\\/\\\/ropesandmore.fr\\\/de\\\/#\\\/schema\\\/logo\\\/image\\\/\"},\"sameAs\":[\"https:\\\/\\\/www.instagram.com\\\/ropesandmoregmbh\\\/\"]}]}<\/script>\n<!-- \/ Yoast SEO plugin. -->","yoast_head_json":{"title":"Jalousien Schnur 1,4mm \u2013 geflochtene Zugschnur, 100m (w\/s)","description":"Hochwertige Jalousien Schnur 1,4\u202fmm geflochten, 100\u202fm L\u00e4nge in Wei\u00df und Schwarz. Robust, flexibel und ideal f\u00fcr Rolll\u00e4den, Jalousien und Zugsysteme.","robots":{"index":"index","follow":"follow","max-snippet":"max-snippet:-1","max-image-preview":"max-image-preview:large","max-video-preview":"max-video-preview:-1"},"canonical":"https:\/\/ropesandmore.fr\/de\/produkt\/jalousinenseil-rolloseil-14mm-geflochten-100m\/","og_locale":"de_DE","og_type":"article","og_title":"Jalousien Schnur 1,4mm \u2013 geflochtene Zugschnur, 100m (w\/s)","og_description":"Hochwertige Jalousien Schnur 1,4\u202fmm geflochten, 100\u202fm L\u00e4nge in Wei\u00df und Schwarz. Robust, flexibel und ideal f\u00fcr Rolll\u00e4den, Jalousien und Zugsysteme.","og_url":"https:\/\/ropesandmore.fr\/de\/produkt\/jalousinenseil-rolloseil-14mm-geflochten-100m\/","og_site_name":"Ropes and More","article_publisher":"https:\/\/www.instagram.com\/ropesandmoregmbh\/","article_modified_time":"2025-08-06T19:53:57+00:00","og_image":[{"width":1000,"height":1000,"url":"https:\/\/ropesandmore.fr\/wp-content\/uploads\/2025\/03\/14mm.Jalousinen-PES-weiss-.jpg","type":"image\/jpeg"}],"twitter_card":"summary_large_image","twitter_misc":{"Gesch\u00e4tzte Lesezeit":"1\u00a0Minute"},"schema":{"@context":"https:\/\/schema.org","@graph":[{"@type":"WebPage","@id":"https:\/\/ropesandmore.fr\/de\/produkt\/jalousinenseil-rolloseil-14mm-geflochten-100m\/","url":"https:\/\/ropesandmore.fr\/de\/produkt\/jalousinenseil-rolloseil-14mm-geflochten-100m\/","name":"Jalousien Schnur 1,4mm \u2013 geflochtene Zugschnur, 100m (w\/s)","isPartOf":{"@id":"https:\/\/ropesandmore.fr\/de\/#website"},"primaryImageOfPage":{"@id":"https:\/\/ropesandmore.fr\/de\/produkt\/jalousinenseil-rolloseil-14mm-geflochten-100m\/#primaryimage"},"image":{"@id":"https:\/\/ropesandmore.fr\/de\/produkt\/jalousinenseil-rolloseil-14mm-geflochten-100m\/#primaryimage"},"thumbnailUrl":"https:\/\/ropesandmore.fr\/wp-content\/uploads\/2025\/03\/14mm.Jalousinen-PES-weiss-.jpg","datePublished":"2025-03-28T14:42:31+00:00","dateModified":"2025-08-06T19:53:57+00:00","description":"Hochwertige Jalousien Schnur 1,4\u202fmm geflochten, 100\u202fm L\u00e4nge in Wei\u00df und Schwarz. Robust, flexibel und ideal f\u00fcr Rolll\u00e4den, Jalousien und Zugsysteme.","breadcrumb":{"@id":"https:\/\/ropesandmore.fr\/de\/produkt\/jalousinenseil-rolloseil-14mm-geflochten-100m\/#breadcrumb"},"inLanguage":"de","potentialAction":[{"@type":"ReadAction","target":["https:\/\/ropesandmore.fr\/de\/produkt\/jalousinenseil-rolloseil-14mm-geflochten-100m\/"]}]},{"@type":"ImageObject","inLanguage":"de","@id":"https:\/\/ropesandmore.fr\/de\/produkt\/jalousinenseil-rolloseil-14mm-geflochten-100m\/#primaryimage","url":"https:\/\/ropesandmore.fr\/wp-content\/uploads\/2025\/03\/14mm.Jalousinen-PES-weiss-.jpg","contentUrl":"https:\/\/ropesandmore.fr\/wp-content\/uploads\/2025\/03\/14mm.Jalousinen-PES-weiss-.jpg","width":1000,"height":1000},{"@type":"BreadcrumbList","@id":"https:\/\/ropesandmore.fr\/de\/produkt\/jalousinenseil-rolloseil-14mm-geflochten-100m\/#breadcrumb","itemListElement":[{"@type":"ListItem","position":1,"name":"Startseite","item":"https:\/\/ropesandmore.fr\/de\/"},{"@type":"ListItem","position":2,"name":"Ropes and More \u2013 Dein Shop f\u00fcr Seile, Tauwerk &amp; Spezialschn\u00fcre","item":"https:\/\/ropesandmore.fr\/ropes-and-more-dein-shop-fuer-seile-tauwerk-spezialschnuere\/"},{"@type":"ListItem","position":3,"name":"Jalousien Schnur Rollo Zugschnur 1,4mm geflochten 100m Wei\u00df, Schwarz"}]},{"@type":"WebSite","@id":"https:\/\/ropesandmore.fr\/de\/#website","url":"https:\/\/ropesandmore.fr\/de\/","name":"ropes and more","description":"Your Trusted Partner","publisher":{"@id":"https:\/\/ropesandmore.fr\/de\/#organization"},"potentialAction":[{"@type":"SearchAction","target":{"@type":"EntryPoint","urlTemplate":"https:\/\/ropesandmore.fr\/de\/?s={search_term_string}"},"query-input":{"@type":"PropertyValueSpecification","valueRequired":true,"valueName":"search_term_string"}}],"inLanguage":"de"},{"@type":"Organization","@id":"https:\/\/ropesandmore.fr\/de\/#organization","name":"ropes and more","url":"https:\/\/ropesandmore.fr\/de\/","logo":{"@type":"ImageObject","inLanguage":"de","@id":"https:\/\/ropesandmore.fr\/de\/#\/schema\/logo\/image\/","url":"https:\/\/ropesandmore.fr\/wp-content\/uploads\/2025\/06\/Bild6.webp","contentUrl":"https:\/\/ropesandmore.fr\/wp-content\/uploads\/2025\/06\/Bild6.webp","width":1023,"height":480,"caption":"ropes and more"},"image":{"@id":"https:\/\/ropesandmore.fr\/de\/#\/schema\/logo\/image\/"},"sameAs":["https:\/\/www.instagram.com\/ropesandmoregmbh\/"]}]}},"_links":{"self":[{"href":"https:\/\/ropesandmore.fr\/de\/wp-json\/wp\/v2\/product\/7274","targetHints":{"allow":["GET"]}}],"collection":[{"href":"https:\/\/ropesandmore.fr\/de\/wp-json\/wp\/v2\/product"}],"about":[{"href":"https:\/\/ropesandmore.fr\/de\/wp-json\/wp\/v2\/types\/product"}],"version-history":[{"count":0,"href":"https:\/\/ropesandmore.fr\/de\/wp-json\/wp\/v2\/product\/7274\/revisions"}],"wp:featuredmedia":[{"embeddable":true,"href":"https:\/\/ropesandmore.fr\/de\/wp-json\/wp\/v2\/media\/7278"}],"wp:attachment":[{"href":"https:\/\/ropesandmore.fr\/de\/wp-json\/wp\/v2\/media?parent=7274"}],"wp:term":[{"taxonomy":"product_brand","embeddable":true,"href":"https:\/\/ropesandmore.fr\/de\/wp-json\/wp\/v2\/product_brand?post=7274"},{"taxonomy":"product_cat","embeddable":true,"href":"https:\/\/ropesandmore.fr\/de\/wp-json\/wp\/v2\/product_cat?post=7274"},{"taxonomy":"product_tag","embeddable":true,"href":"https:\/\/ropesandmore.fr\/de\/wp-json\/wp\/v2\/product_tag?post=7274"}],"curies":[{"name":"wp","href":"https:\/\/api.w.org\/{rel}","templated":true}]}}