{"id":7314,"date":"2025-03-14T16:45:46","date_gmt":"2025-03-14T16:45:46","guid":{"rendered":"https:\/\/ropesandmore.fr\/?post_type=product&#038;p=7314"},"modified":"2025-08-06T17:45:49","modified_gmt":"2025-08-06T17:45:49","slug":"takelgarn-pes-polyester-o16mm-ungewachst","status":"publish","type":"product","link":"https:\/\/ropesandmore.fr\/de\/produkt\/takelgarn-pes-polyester-o16mm-ungewachst\/","title":{"rendered":"Takelgarn PES Polyester \u00d81,6mm ungewachst f\u00fcr Leinen, Seile, Tauwerk"},"content":{"rendered":"<h3 class=\"\" data-start=\"59\" data-end=\"134\">Takelgarn &#8211; vielseitig einsetzbar \ud83e\uddf5\u2693<\/h3>\n<p class=\"\" data-start=\"136\" data-end=\"418\">Unser <strong data-start=\"142\" data-end=\"155\">Takelgarn<\/strong> ist ein wahres Multitalent und \u00fcberzeugt durch seine Vielseitigkeit und <strong data-start=\"228\" data-end=\"256\">hochwertige Verarbeitung<\/strong>. Ideal f\u00fcr s\u00e4mtliche Arbeiten rund um <strong data-start=\"295\" data-end=\"306\">Tauwerk<\/strong>, <strong data-start=\"308\" data-end=\"316\">Rigs<\/strong> und <strong data-start=\"321\" data-end=\"336\">N\u00e4harbeiten<\/strong> an Bord. Ob <strong>Reparaturen<\/strong> oder <strong>kreative DIY-Projekte<\/strong>, es bietet die perfekte L\u00f6sung f\u00fcr anspruchsvolle Anwendungen.<\/p>\n<hr \/>\n<p class=\"\" data-start=\"420\" data-end=\"515\">Dank der <strong data-start=\"429\" data-end=\"471\">robusten, ungewachsten Polyesterstruktur<\/strong> eignet sich das Takelgarn hervorragend f\u00fcr:<\/p>\n<ul>\n<li data-start=\"519\" data-end=\"577\"><strong data-start=\"519\" data-end=\"542\">N\u00e4hen von Taklingen<\/strong> an Schoten, Fallen, Trimmleinen und Festmacher<\/li>\n<li data-start=\"580\" data-end=\"641\"><strong data-start=\"580\" data-end=\"612\">Reparaturen von Persenningen<\/strong>, Sprayhoods und Sonnensegeln<\/li>\n<li data-start=\"644\" data-end=\"766\"><strong data-start=\"644\" data-end=\"675\">Binden, Splei\u00dfen und Knoten<\/strong> von Seilen<\/li>\n<li data-start=\"644\" data-end=\"766\">um ihre <strong data-start=\"696\" data-end=\"731\">Funktionalit\u00e4t zu gew\u00e4hrleisten<\/strong> und ihre Lebensdauer zu verl\u00e4ngern<\/li>\n<li data-start=\"769\" data-end=\"835\"><strong data-start=\"769\" data-end=\"794\">Befestigen von Seilen<\/strong>, sowohl an Bord als auch im Au\u00dfenbereich<\/li>\n<\/ul>\n<p class=\"\" data-start=\"837\" data-end=\"1171\">Unser <strong data-start=\"843\" data-end=\"856\">Takelgarn<\/strong> bietet h\u00f6chste <strong data-start=\"872\" data-end=\"899\">Witterungsbest\u00e4ndigkeit \ud83c\udf26\ufe0f<\/strong> und ist besonders <strong data-start=\"918\" data-end=\"937\">strapazierf\u00e4hig<\/strong> <strong data-start=\"1145\" data-end=\"1170\">\ud83e\udea2<\/strong>.<\/p>\n<hr \/>\n<h3 class=\"\" data-start=\"59\" data-end=\"134\">Einsatzm\u00f6glichkeiten:<\/h3>\n<p class=\"\" style=\"text-align: left;\" data-start=\"136\" data-end=\"418\">Ob im <strong data-start=\"1122\" data-end=\"1134\">Bootsbau<\/strong>, beim <strong data-start=\"1141\" data-end=\"1155\">Segelsport<\/strong>, f\u00fcr <strong data-start=\"1161\" data-end=\"1172\">Camping<\/strong>, <strong data-start=\"1174\" data-end=\"1187\">Bushcraft<\/strong>, <strong data-start=\"1189\" data-end=\"1206\">Lederarbeiten<\/strong> oder <strong data-start=\"1212\" data-end=\"1226\">Dekoration<\/strong> \u2013 dieses Takelgarn bietet die n\u00f6tige Stabilit\u00e4t und Qualit\u00e4t f\u00fcr viele Einsatzgebiete. Auch beliebt in der <strong data-start=\"1334\" data-end=\"1352\">Makramee-Szene<\/strong> f\u00fcr feine Details.<\/p>\n<hr \/>\n<p class=\"\" data-start=\"1173\" data-end=\"1317\">\ud83e\udded Vertrauen Sie auf <strong data-start=\"1165\" data-end=\"1183\">Ropes and More<\/strong> und unsere Qualit\u00e4t, wir sorgen daf\u00fcr, dass Ihr <strong>Projekt<\/strong> stets in Bestform bleibt!<\/p>\n<hr \/>\n<p data-start=\"1173\" data-end=\"1317\"><strong data-start=\"139\" data-end=\"171\">Hinweis zur Farbdarstellung:<\/strong><br data-start=\"171\" data-end=\"174\" \/>Bitte beachten Sie, dass es durch Lichtverh\u00e4ltnisse bei der Produktfotografie sowie durch unterschiedliche Bildschirmdarstellungen zu leichten Farbabweichungen kommen kann.<\/p>\n","protected":false},"excerpt":{"rendered":"<ul>\n<li><strong>Durchmesser: 1,6 mm \/ 100m<\/strong><\/li>\n<li>Bruchlast: 75 daN(kg)<\/li>\n<li>Material: Polyester<\/li>\n<li>Flechtung: geflochten ohne Seilkern<\/li>\n<li>Arbeitsdehnung &lt;5%<\/li>\n<li>Eigenschaften: hohe Festigkeit, Witterungsbest\u00e4ndigkeit, Abriebfestigkeit, geringe Dehnung<\/li>\n<li><span data-contrast=\"auto\">Gewicht per 100m: 0,3 kg<\/span><\/li>\n<\/ul>\n","protected":false},"featured_media":7339,"template":"","meta":{"_acf_changed":false,"site-sidebar-layout":"default","site-content-layout":"","ast-site-content-layout":"default","site-content-style":"default","site-sidebar-style":"default","ast-global-header-display":"","ast-banner-title-visibility":"","ast-main-header-display":"","ast-hfb-above-header-display":"","ast-hfb-below-header-display":"","ast-hfb-mobile-header-display":"","site-post-title":"","ast-breadcrumbs-content":"","ast-featured-img":"","footer-sml-layout":"","ast-disable-related-posts":"","theme-transparent-header-meta":"default","adv-header-id-meta":"","stick-header-meta":"","header-above-stick-meta":"","header-main-stick-meta":"","header-below-stick-meta":"","astra-migrate-meta-layouts":"set","ast-page-background-enabled":"default","ast-page-background-meta":{"desktop":{"background-color":"","background-image":"","background-repeat":"repeat","background-position":"center center","background-size":"auto","background-attachment":"scroll","background-type":"","background-media":"","overlay-type":"","overlay-color":"","overlay-opacity":"","overlay-gradient":""},"tablet":{"background-color":"","background-image":"","background-repeat":"repeat","background-position":"center center","background-size":"auto","background-attachment":"scroll","background-type":"","background-media":"","overlay-type":"","overlay-color":"","overlay-opacity":"","overlay-gradient":""},"mobile":{"background-color":"","background-image":"","background-repeat":"repeat","background-position":"center center","background-size":"auto","background-attachment":"scroll","background-type":"","background-media":"","overlay-type":"","overlay-color":"","overlay-opacity":"","overlay-gradient":""}},"ast-content-background-meta":{"desktop":{"background-color":"var(--ast-global-color-5)","background-image":"","background-repeat":"repeat","background-position":"center center","background-size":"auto","background-attachment":"scroll","background-type":"","background-media":"","overlay-type":"","overlay-color":"","overlay-opacity":"","overlay-gradient":""},"tablet":{"background-color":"var(--ast-global-color-5)","background-image":"","background-repeat":"repeat","background-position":"center center","background-size":"auto","background-attachment":"scroll","background-type":"","background-media":"","overlay-type":"","overlay-color":"","overlay-opacity":"","overlay-gradient":""},"mobile":{"background-color":"var(--ast-global-color-5)","background-image":"","background-repeat":"repeat","background-position":"center center","background-size":"auto","background-attachment":"scroll","background-type":"","background-media":"","overlay-type":"","overlay-color":"","overlay-opacity":"","overlay-gradient":""}}},"product_brand":[193],"product_cat":[91,92,928,98,87,929,1114],"product_tag":[908,195,906,910,907,197,909,905],"class_list":{"0":"post-7314","1":"product","2":"type-product","3":"status-publish","4":"has-post-thumbnail","6":"product_brand-ropes-and-more","7":"product_cat-haushalts-handwerkerseile","8":"product_cat-seile-fuer-boote-segelsport","9":"product_cat-seile-fuer-industrie","10":"product_cat-seile-fuer-schifffahrt","11":"product_cat-seile-fuer-sport-outdoor","12":"product_cat-kategorie-seile-nach-anwendung","13":"product_cat-takelgarn-werkzeug","14":"product_tag-seilumwicklung-garn","15":"product_tag-takelgarn","16":"product_tag-takelgarn-fuer-seile","17":"product_tag-takelgarn-fuer-seilreparatur","18":"product_tag-takelgarn-fuer-tauwerk","19":"product_tag-takelgarn-polyester","20":"product_tag-takelgarn-rolle","21":"product_tag-takelgarn-ungewachst","22":"desktop-align-left","23":"tablet-align-left","24":"mobile-align-left","26":"first","27":"instock","28":"taxable","29":"shipping-taxable","30":"purchasable","31":"product-type-variable"},"acf":[],"yoast_head":"<!-- This site is optimized with the Yoast SEO plugin v27.5 - https:\/\/yoast.com\/product\/yoast-seo-wordpress\/ -->\n<title>Takelgarn PES \u00d81,6mm ungewachst \u2013 Garn f\u00fcr Tauwerk &amp; Leinen<\/title>\n<meta name=\"description\" content=\"Hochwertiges Takelgarn aus ungewachstem PES Polyester \u00d81,6\u202fmm. Ideal zum Umwickeln, Splei\u00dfen und Reparieren von Leinen, Seilen und Tauwerk.\" \/>\n<meta name=\"robots\" content=\"index, follow, max-snippet:-1, max-image-preview:large, max-video-preview:-1\" \/>\n<link rel=\"canonical\" href=\"https:\/\/ropesandmore.fr\/de\/produkt\/takelgarn-pes-polyester-o16mm-ungewachst\/\" \/>\n<meta property=\"og:locale\" content=\"de_DE\" \/>\n<meta property=\"og:type\" content=\"article\" \/>\n<meta property=\"og:title\" content=\"Takelgarn PES \u00d81,6mm ungewachst \u2013 Garn f\u00fcr Tauwerk &amp; Leinen\" \/>\n<meta property=\"og:description\" content=\"Hochwertiges Takelgarn aus ungewachstem PES Polyester \u00d81,6\u202fmm. Ideal zum Umwickeln, Splei\u00dfen und Reparieren von Leinen, Seilen und Tauwerk.\" \/>\n<meta property=\"og:url\" content=\"https:\/\/ropesandmore.fr\/de\/produkt\/takelgarn-pes-polyester-o16mm-ungewachst\/\" \/>\n<meta property=\"og:site_name\" content=\"Ropes and More\" \/>\n<meta property=\"article:publisher\" content=\"https:\/\/www.instagram.com\/ropesandmoregmbh\/\" \/>\n<meta property=\"article:modified_time\" content=\"2025-08-06T17:45:49+00:00\" \/>\n<meta property=\"og:image\" content=\"https:\/\/ropesandmore.fr\/wp-content\/uploads\/2025\/03\/16mm-Takelgarn-Front.jpg\" \/>\n\t<meta property=\"og:image:width\" content=\"1000\" \/>\n\t<meta property=\"og:image:height\" content=\"1000\" \/>\n\t<meta property=\"og:image:type\" content=\"image\/jpeg\" \/>\n<meta name=\"twitter:card\" content=\"summary_large_image\" \/>\n<meta name=\"twitter:label1\" content=\"Gesch\u00e4tzte Lesezeit\" \/>\n\t<meta name=\"twitter:data1\" content=\"2\u00a0Minute\" \/>\n<script type=\"application\/ld+json\" class=\"yoast-schema-graph\">{\"@context\":\"https:\\\/\\\/schema.org\",\"@graph\":[{\"@type\":\"WebPage\",\"@id\":\"https:\\\/\\\/ropesandmore.fr\\\/de\\\/produkt\\\/takelgarn-pes-polyester-o16mm-ungewachst\\\/\",\"url\":\"https:\\\/\\\/ropesandmore.fr\\\/de\\\/produkt\\\/takelgarn-pes-polyester-o16mm-ungewachst\\\/\",\"name\":\"Takelgarn PES \u00d81,6mm ungewachst \u2013 Garn f\u00fcr Tauwerk & Leinen\",\"isPartOf\":{\"@id\":\"https:\\\/\\\/ropesandmore.fr\\\/de\\\/#website\"},\"primaryImageOfPage\":{\"@id\":\"https:\\\/\\\/ropesandmore.fr\\\/de\\\/produkt\\\/takelgarn-pes-polyester-o16mm-ungewachst\\\/#primaryimage\"},\"image\":{\"@id\":\"https:\\\/\\\/ropesandmore.fr\\\/de\\\/produkt\\\/takelgarn-pes-polyester-o16mm-ungewachst\\\/#primaryimage\"},\"thumbnailUrl\":\"https:\\\/\\\/ropesandmore.fr\\\/wp-content\\\/uploads\\\/2025\\\/03\\\/16mm-Takelgarn-Front.jpg\",\"datePublished\":\"2025-03-14T16:45:46+00:00\",\"dateModified\":\"2025-08-06T17:45:49+00:00\",\"description\":\"Hochwertiges Takelgarn aus ungewachstem PES Polyester \u00d81,6\u202fmm. Ideal zum Umwickeln, Splei\u00dfen und Reparieren von Leinen, Seilen und Tauwerk.\",\"breadcrumb\":{\"@id\":\"https:\\\/\\\/ropesandmore.fr\\\/de\\\/produkt\\\/takelgarn-pes-polyester-o16mm-ungewachst\\\/#breadcrumb\"},\"inLanguage\":\"de\",\"potentialAction\":[{\"@type\":\"ReadAction\",\"target\":[\"https:\\\/\\\/ropesandmore.fr\\\/de\\\/produkt\\\/takelgarn-pes-polyester-o16mm-ungewachst\\\/\"]}]},{\"@type\":\"ImageObject\",\"inLanguage\":\"de\",\"@id\":\"https:\\\/\\\/ropesandmore.fr\\\/de\\\/produkt\\\/takelgarn-pes-polyester-o16mm-ungewachst\\\/#primaryimage\",\"url\":\"https:\\\/\\\/ropesandmore.fr\\\/wp-content\\\/uploads\\\/2025\\\/03\\\/16mm-Takelgarn-Front.jpg\",\"contentUrl\":\"https:\\\/\\\/ropesandmore.fr\\\/wp-content\\\/uploads\\\/2025\\\/03\\\/16mm-Takelgarn-Front.jpg\",\"width\":1000,\"height\":1000},{\"@type\":\"BreadcrumbList\",\"@id\":\"https:\\\/\\\/ropesandmore.fr\\\/de\\\/produkt\\\/takelgarn-pes-polyester-o16mm-ungewachst\\\/#breadcrumb\",\"itemListElement\":[{\"@type\":\"ListItem\",\"position\":1,\"name\":\"Startseite\",\"item\":\"https:\\\/\\\/ropesandmore.fr\\\/de\\\/\"},{\"@type\":\"ListItem\",\"position\":2,\"name\":\"Ropes and More \u2013 Dein Shop f\u00fcr Seile, Tauwerk &amp; Spezialschn\u00fcre\",\"item\":\"https:\\\/\\\/ropesandmore.fr\\\/ropes-and-more-dein-shop-fuer-seile-tauwerk-spezialschnuere\\\/\"},{\"@type\":\"ListItem\",\"position\":3,\"name\":\"Takelgarn PES Polyester \u00d81,6mm ungewachst f\u00fcr Leinen, Seile, Tauwerk\"}]},{\"@type\":\"WebSite\",\"@id\":\"https:\\\/\\\/ropesandmore.fr\\\/de\\\/#website\",\"url\":\"https:\\\/\\\/ropesandmore.fr\\\/de\\\/\",\"name\":\"ropes and more\",\"description\":\"Your Trusted Partner\",\"publisher\":{\"@id\":\"https:\\\/\\\/ropesandmore.fr\\\/de\\\/#organization\"},\"potentialAction\":[{\"@type\":\"SearchAction\",\"target\":{\"@type\":\"EntryPoint\",\"urlTemplate\":\"https:\\\/\\\/ropesandmore.fr\\\/de\\\/?s={search_term_string}\"},\"query-input\":{\"@type\":\"PropertyValueSpecification\",\"valueRequired\":true,\"valueName\":\"search_term_string\"}}],\"inLanguage\":\"de\"},{\"@type\":\"Organization\",\"@id\":\"https:\\\/\\\/ropesandmore.fr\\\/de\\\/#organization\",\"name\":\"ropes and more\",\"url\":\"https:\\\/\\\/ropesandmore.fr\\\/de\\\/\",\"logo\":{\"@type\":\"ImageObject\",\"inLanguage\":\"de\",\"@id\":\"https:\\\/\\\/ropesandmore.fr\\\/de\\\/#\\\/schema\\\/logo\\\/image\\\/\",\"url\":\"https:\\\/\\\/ropesandmore.fr\\\/wp-content\\\/uploads\\\/2025\\\/06\\\/Bild6.webp\",\"contentUrl\":\"https:\\\/\\\/ropesandmore.fr\\\/wp-content\\\/uploads\\\/2025\\\/06\\\/Bild6.webp\",\"width\":1023,\"height\":480,\"caption\":\"ropes and more\"},\"image\":{\"@id\":\"https:\\\/\\\/ropesandmore.fr\\\/de\\\/#\\\/schema\\\/logo\\\/image\\\/\"},\"sameAs\":[\"https:\\\/\\\/www.instagram.com\\\/ropesandmoregmbh\\\/\"]}]}<\/script>\n<!-- \/ Yoast SEO plugin. -->","yoast_head_json":{"title":"Takelgarn PES \u00d81,6mm ungewachst \u2013 Garn f\u00fcr Tauwerk & Leinen","description":"Hochwertiges Takelgarn aus ungewachstem PES Polyester \u00d81,6\u202fmm. Ideal zum Umwickeln, Splei\u00dfen und Reparieren von Leinen, Seilen und Tauwerk.","robots":{"index":"index","follow":"follow","max-snippet":"max-snippet:-1","max-image-preview":"max-image-preview:large","max-video-preview":"max-video-preview:-1"},"canonical":"https:\/\/ropesandmore.fr\/de\/produkt\/takelgarn-pes-polyester-o16mm-ungewachst\/","og_locale":"de_DE","og_type":"article","og_title":"Takelgarn PES \u00d81,6mm ungewachst \u2013 Garn f\u00fcr Tauwerk & Leinen","og_description":"Hochwertiges Takelgarn aus ungewachstem PES Polyester \u00d81,6\u202fmm. Ideal zum Umwickeln, Splei\u00dfen und Reparieren von Leinen, Seilen und Tauwerk.","og_url":"https:\/\/ropesandmore.fr\/de\/produkt\/takelgarn-pes-polyester-o16mm-ungewachst\/","og_site_name":"Ropes and More","article_publisher":"https:\/\/www.instagram.com\/ropesandmoregmbh\/","article_modified_time":"2025-08-06T17:45:49+00:00","og_image":[{"width":1000,"height":1000,"url":"https:\/\/ropesandmore.fr\/wp-content\/uploads\/2025\/03\/16mm-Takelgarn-Front.jpg","type":"image\/jpeg"}],"twitter_card":"summary_large_image","twitter_misc":{"Gesch\u00e4tzte Lesezeit":"2\u00a0Minute"},"schema":{"@context":"https:\/\/schema.org","@graph":[{"@type":"WebPage","@id":"https:\/\/ropesandmore.fr\/de\/produkt\/takelgarn-pes-polyester-o16mm-ungewachst\/","url":"https:\/\/ropesandmore.fr\/de\/produkt\/takelgarn-pes-polyester-o16mm-ungewachst\/","name":"Takelgarn PES \u00d81,6mm ungewachst \u2013 Garn f\u00fcr Tauwerk & Leinen","isPartOf":{"@id":"https:\/\/ropesandmore.fr\/de\/#website"},"primaryImageOfPage":{"@id":"https:\/\/ropesandmore.fr\/de\/produkt\/takelgarn-pes-polyester-o16mm-ungewachst\/#primaryimage"},"image":{"@id":"https:\/\/ropesandmore.fr\/de\/produkt\/takelgarn-pes-polyester-o16mm-ungewachst\/#primaryimage"},"thumbnailUrl":"https:\/\/ropesandmore.fr\/wp-content\/uploads\/2025\/03\/16mm-Takelgarn-Front.jpg","datePublished":"2025-03-14T16:45:46+00:00","dateModified":"2025-08-06T17:45:49+00:00","description":"Hochwertiges Takelgarn aus ungewachstem PES Polyester \u00d81,6\u202fmm. Ideal zum Umwickeln, Splei\u00dfen und Reparieren von Leinen, Seilen und Tauwerk.","breadcrumb":{"@id":"https:\/\/ropesandmore.fr\/de\/produkt\/takelgarn-pes-polyester-o16mm-ungewachst\/#breadcrumb"},"inLanguage":"de","potentialAction":[{"@type":"ReadAction","target":["https:\/\/ropesandmore.fr\/de\/produkt\/takelgarn-pes-polyester-o16mm-ungewachst\/"]}]},{"@type":"ImageObject","inLanguage":"de","@id":"https:\/\/ropesandmore.fr\/de\/produkt\/takelgarn-pes-polyester-o16mm-ungewachst\/#primaryimage","url":"https:\/\/ropesandmore.fr\/wp-content\/uploads\/2025\/03\/16mm-Takelgarn-Front.jpg","contentUrl":"https:\/\/ropesandmore.fr\/wp-content\/uploads\/2025\/03\/16mm-Takelgarn-Front.jpg","width":1000,"height":1000},{"@type":"BreadcrumbList","@id":"https:\/\/ropesandmore.fr\/de\/produkt\/takelgarn-pes-polyester-o16mm-ungewachst\/#breadcrumb","itemListElement":[{"@type":"ListItem","position":1,"name":"Startseite","item":"https:\/\/ropesandmore.fr\/de\/"},{"@type":"ListItem","position":2,"name":"Ropes and More \u2013 Dein Shop f\u00fcr Seile, Tauwerk &amp; Spezialschn\u00fcre","item":"https:\/\/ropesandmore.fr\/ropes-and-more-dein-shop-fuer-seile-tauwerk-spezialschnuere\/"},{"@type":"ListItem","position":3,"name":"Takelgarn PES Polyester \u00d81,6mm ungewachst f\u00fcr Leinen, Seile, Tauwerk"}]},{"@type":"WebSite","@id":"https:\/\/ropesandmore.fr\/de\/#website","url":"https:\/\/ropesandmore.fr\/de\/","name":"ropes and more","description":"Your Trusted Partner","publisher":{"@id":"https:\/\/ropesandmore.fr\/de\/#organization"},"potentialAction":[{"@type":"SearchAction","target":{"@type":"EntryPoint","urlTemplate":"https:\/\/ropesandmore.fr\/de\/?s={search_term_string}"},"query-input":{"@type":"PropertyValueSpecification","valueRequired":true,"valueName":"search_term_string"}}],"inLanguage":"de"},{"@type":"Organization","@id":"https:\/\/ropesandmore.fr\/de\/#organization","name":"ropes and more","url":"https:\/\/ropesandmore.fr\/de\/","logo":{"@type":"ImageObject","inLanguage":"de","@id":"https:\/\/ropesandmore.fr\/de\/#\/schema\/logo\/image\/","url":"https:\/\/ropesandmore.fr\/wp-content\/uploads\/2025\/06\/Bild6.webp","contentUrl":"https:\/\/ropesandmore.fr\/wp-content\/uploads\/2025\/06\/Bild6.webp","width":1023,"height":480,"caption":"ropes and more"},"image":{"@id":"https:\/\/ropesandmore.fr\/de\/#\/schema\/logo\/image\/"},"sameAs":["https:\/\/www.instagram.com\/ropesandmoregmbh\/"]}]}},"_links":{"self":[{"href":"https:\/\/ropesandmore.fr\/de\/wp-json\/wp\/v2\/product\/7314","targetHints":{"allow":["GET"]}}],"collection":[{"href":"https:\/\/ropesandmore.fr\/de\/wp-json\/wp\/v2\/product"}],"about":[{"href":"https:\/\/ropesandmore.fr\/de\/wp-json\/wp\/v2\/types\/product"}],"version-history":[{"count":0,"href":"https:\/\/ropesandmore.fr\/de\/wp-json\/wp\/v2\/product\/7314\/revisions"}],"wp:featuredmedia":[{"embeddable":true,"href":"https:\/\/ropesandmore.fr\/de\/wp-json\/wp\/v2\/media\/7339"}],"wp:attachment":[{"href":"https:\/\/ropesandmore.fr\/de\/wp-json\/wp\/v2\/media?parent=7314"}],"wp:term":[{"taxonomy":"product_brand","embeddable":true,"href":"https:\/\/ropesandmore.fr\/de\/wp-json\/wp\/v2\/product_brand?post=7314"},{"taxonomy":"product_cat","embeddable":true,"href":"https:\/\/ropesandmore.fr\/de\/wp-json\/wp\/v2\/product_cat?post=7314"},{"taxonomy":"product_tag","embeddable":true,"href":"https:\/\/ropesandmore.fr\/de\/wp-json\/wp\/v2\/product_tag?post=7314"}],"curies":[{"name":"wp","href":"https:\/\/api.w.org\/{rel}","templated":true}]}}