{"id":7679,"date":"2025-04-11T09:13:44","date_gmt":"2025-04-11T09:13:44","guid":{"rendered":"https:\/\/ropesandmore.fr\/?post_type=product&#038;p=7679"},"modified":"2025-08-06T18:46:02","modified_gmt":"2025-08-06T18:46:02","slug":"polyesterseil-pes-o4mm-8-fach-geflochten-viele-verschiedene-farben","status":"publish","type":"product","link":"https:\/\/ropesandmore.fr\/de\/produkt\/polyesterseil-pes-o4mm-8-fach-geflochten-viele-verschiedene-farben\/","title":{"rendered":"Polyesterseil PES \u00d84mm 8-fach geflochten viele verschiedene Farben"},"content":{"rendered":"<h3 data-start=\"193\" data-end=\"449\">Polyesterseile \u2013 stark | \ud83c\udf26\ufe0f wetterbest\u00e4ndig | \u2699\ufe0f vielseitig einsetzbar<\/h3>\n<p class=\"\" data-start=\"51\" data-end=\"398\">Unsere <strong data-start=\"58\" data-end=\"76\">Polyesterseile<\/strong> werden in Deutschland aus hochwertigen <strong data-start=\"116\" data-end=\"141\">Polyesterfasern (PET)<\/strong> hergestellt. Sie zeichnen sich durch <strong data-start=\"179\" data-end=\"201\">hohe Zugfestigkeit<\/strong>, <strong data-start=\"203\" data-end=\"220\">Langlebigkeit<\/strong>, <strong data-start=\"222\" data-end=\"257\">UV- und Witterungsbest\u00e4ndigkeit<\/strong>, <strong data-start=\"259\" data-end=\"287\">Chemikalienbest\u00e4ndigkeit<\/strong> und <strong data-start=\"292\" data-end=\"311\">geringe Dehnung<\/strong> aus \u2013 ideal f\u00fcr den <strong data-start=\"332\" data-end=\"355\">dauerhaften Einsatz<\/strong> sowohl im Innen- als auch im Au\u00dfenbereich.<\/p>\n<p data-start=\"193\" data-end=\"449\"><!--more--><\/p>\n<h3 class=\"\" data-start=\"576\" data-end=\"618\"><strong data-start=\"583\" data-end=\"618\">\ud83e\udd1d <\/strong><strong data-start=\"583\" data-end=\"618\">Zuverl\u00e4ssig &amp; robust im Einsatz<\/strong><\/h3>\n<p class=\"\" data-start=\"620\" data-end=\"730\">Dank ihrer <strong data-start=\"631\" data-end=\"649\">Formstabilit\u00e4t<\/strong> und <strong data-start=\"654\" data-end=\"678\">hohen Rei\u00dffestigkeit<\/strong> eignen sich unsere Polyesterseile hervorragend f\u00fcr:<\/p>\n<ul>\n<li data-start=\"734\" data-end=\"759\">\ud83e\udea2 <strong data-start=\"737\" data-end=\"757\">Knoten &amp; Kn\u00fcpfen<\/strong><\/li>\n<li data-start=\"762\" data-end=\"791\">\u2693 <strong data-start=\"518\" data-end=\"545\">Boots- und Segelzubeh\u00f6r<\/strong>: Vorleine, Flaggenleine, kleinere Takelage<\/li>\n<li data-start=\"762\" data-end=\"791\"><strong data-start=\"293\" data-end=\"322\">\u26fa\ufe0f Zeltleinen \/ Abspannseile<\/strong>: wetterfeste, rei\u00dffeste Schnur f\u00fcr Camping &amp; Outdoor<\/li>\n<li data-start=\"794\" data-end=\"846\">\ud83d\udee0\ufe0f <strong data-start=\"798\" data-end=\"844\">Sicherungs- und Halteschn\u00fcre: z.\u202fB. f\u00fcr Planen, Abdeckungen, Sonnensegel<\/strong><\/li>\n<li data-start=\"849\" data-end=\"896\">\ud83e\uddf0 <strong data-start=\"852\" data-end=\"896\">Allzweckleinen im Handwerk oder Haushalt z.B. <\/strong>W\u00e4scheleinen: hohe Rei\u00dffestigkeit auch bei N\u00e4sse<\/li>\n<li data-start=\"849\" data-end=\"896\"><strong>\ud83e\uddf5 DIY Projekte<\/strong> z.B. <strong data-start=\"720\" data-end=\"742\">Schmuckherstellung<\/strong>: als Tr\u00e4gerband f\u00fcr Armb\u00e4nder oder Halsketten<\/li>\n<\/ul>\n<p class=\"\" data-start=\"898\" data-end=\"1042\">Selbst bei starker Sonneneinstrahlung oder N\u00e4sse bleiben die Seile <strong data-start=\"965\" data-end=\"991\">geschmeidig und sicher<\/strong> \u2013 ohne zu verh\u00e4rten oder an Leistung zu verlieren.<\/p>\n<hr \/>\n<h3 class=\"\" data-start=\"1049\" data-end=\"1081\">\ud83c\udf0d <strong data-start=\"1056\" data-end=\"1081\">Vielseitig einsetzbar<\/strong><\/h3>\n<p class=\"\" data-start=\"1083\" data-end=\"1293\">Ob im <strong data-start=\"1089\" data-end=\"1103\">Baugewerbe<\/strong>, in der <strong data-start=\"1112\" data-end=\"1130\">Landwirtschaft<\/strong>, auf dem <strong data-start=\"1140\" data-end=\"1148\">Boot<\/strong>, bei <strong data-start=\"1154\" data-end=\"1177\">Outdoor-Aktivit\u00e4ten<\/strong> oder f\u00fcr Projekte im <strong data-start=\"1199\" data-end=\"1214\">DIY-Bereich<\/strong> \u2013 dieses Seil ist ein <strong data-start=\"1237\" data-end=\"1258\">echter Allrounder<\/strong>, der in jeder Situation \u00fcberzeugt.<\/p>\n<hr \/>\n<p><strong data-start=\"139\" data-end=\"171\">Hinweis zur Farbdarstellung:<\/strong><br data-start=\"171\" data-end=\"174\" \/>Bitte beachten Sie, dass es durch Lichtverh\u00e4ltnisse bei der Produktfotografie sowie durch unterschiedliche Bildschirmdarstellungen zu leichten Farbabweichungen kommen kann.<\/p>\n","protected":false},"excerpt":{"rendered":"<ul>\n<li><strong>Durchmesser: 4 mm<\/strong><\/li>\n<li>Bruchlast: 260 daN(kg)<\/li>\n<li>Material: Polyester hochfest<\/li>\n<li>Flechtung: 8-fach geflochten ohne Seilkern<\/li>\n<li>Arbeitsdehnung &lt;5%<\/li>\n<li>Eigenschaften: hohe Festigkeit, Witterungsbest\u00e4ndigkeit, Abriebfestigkeit, geringe Dehnung<\/li>\n<li><span data-contrast=\"auto\">Gewicht per 100m: 1,3 kg<\/span><\/li>\n<li>Sonderl\u00e4ngen auf Anfrage<\/li>\n<\/ul>\n","protected":false},"featured_media":7680,"template":"","meta":{"_acf_changed":false,"site-sidebar-layout":"default","site-content-layout":"","ast-site-content-layout":"default","site-content-style":"default","site-sidebar-style":"default","ast-global-header-display":"","ast-banner-title-visibility":"","ast-main-header-display":"","ast-hfb-above-header-display":"","ast-hfb-below-header-display":"","ast-hfb-mobile-header-display":"","site-post-title":"","ast-breadcrumbs-content":"","ast-featured-img":"","footer-sml-layout":"","ast-disable-related-posts":"","theme-transparent-header-meta":"default","adv-header-id-meta":"","stick-header-meta":"","header-above-stick-meta":"","header-main-stick-meta":"","header-below-stick-meta":"","astra-migrate-meta-layouts":"set","ast-page-background-enabled":"default","ast-page-background-meta":{"desktop":{"background-color":"","background-image":"","background-repeat":"repeat","background-position":"center center","background-size":"auto","background-attachment":"scroll","background-type":"","background-media":"","overlay-type":"","overlay-color":"","overlay-opacity":"","overlay-gradient":""},"tablet":{"background-color":"","background-image":"","background-repeat":"repeat","background-position":"center center","background-size":"auto","background-attachment":"scroll","background-type":"","background-media":"","overlay-type":"","overlay-color":"","overlay-opacity":"","overlay-gradient":""},"mobile":{"background-color":"","background-image":"","background-repeat":"repeat","background-position":"center center","background-size":"auto","background-attachment":"scroll","background-type":"","background-media":"","overlay-type":"","overlay-color":"","overlay-opacity":"","overlay-gradient":""}},"ast-content-background-meta":{"desktop":{"background-color":"var(--ast-global-color-5)","background-image":"","background-repeat":"repeat","background-position":"center center","background-size":"auto","background-attachment":"scroll","background-type":"","background-media":"","overlay-type":"","overlay-color":"","overlay-opacity":"","overlay-gradient":""},"tablet":{"background-color":"var(--ast-global-color-5)","background-image":"","background-repeat":"repeat","background-position":"center center","background-size":"auto","background-attachment":"scroll","background-type":"","background-media":"","overlay-type":"","overlay-color":"","overlay-opacity":"","overlay-gradient":""},"mobile":{"background-color":"var(--ast-global-color-5)","background-image":"","background-repeat":"repeat","background-position":"center center","background-size":"auto","background-attachment":"scroll","background-type":"","background-media":"","overlay-type":"","overlay-color":"","overlay-opacity":"","overlay-gradient":""}}},"product_brand":[193],"product_cat":[91,930,101,75,92,949,87,929],"product_tag":[556,1005,1002,885,1006,1003,1004],"class_list":{"0":"post-7679","1":"product","2":"type-product","3":"status-publish","4":"has-post-thumbnail","6":"product_brand-ropes-and-more","7":"product_cat-haushalts-handwerkerseile","8":"product_cat-naturseile","9":"product_cat-polyesterseile","10":"product_cat-polyesterseile-geflochten","11":"product_cat-seile-fuer-boote-segelsport","12":"product_cat-seile-fuer-planen-zelte","13":"product_cat-seile-fuer-sport-outdoor","14":"product_cat-kategorie-seile-nach-anwendung","15":"product_tag-8-fach-geflochtenes-seil","16":"product_tag-flechtseil-4-mm-pes","17":"product_tag-pes-seil-4-mm","18":"product_tag-polyesterseil-4mm","19":"product_tag-polyesterseil-meterware","20":"product_tag-polyesterseil-viele-farben","21":"product_tag-reissfestes-seil-4-mm","22":"desktop-align-left","23":"tablet-align-left","24":"mobile-align-left","26":"first","27":"instock","28":"featured","29":"taxable","30":"shipping-taxable","31":"purchasable","32":"product-type-variable"},"acf":[],"yoast_head":"<!-- This site is optimized with the Yoast SEO plugin v27.5 - https:\/\/yoast.com\/product\/yoast-seo-wordpress\/ -->\n<title>Polyesterseil \u00d84mm \u2013 8-fach geflochten, viele Farben erh\u00e4ltlich<\/title>\n<meta name=\"description\" content=\"Polyesterseil \u00d84mm, 8-fach geflochten \u2013 rei\u00dffest, wetterbest\u00e4ndig &amp; farbecht. In vielen Farben erh\u00e4ltlich \u2013 perfekt f\u00fcr DIY, Outdoor &amp; Sportanwendungen.\" \/>\n<meta name=\"robots\" content=\"index, follow, max-snippet:-1, max-image-preview:large, max-video-preview:-1\" \/>\n<link rel=\"canonical\" href=\"https:\/\/ropesandmore.fr\/de\/produkt\/polyesterseil-pes-o4mm-8-fach-geflochten-viele-verschiedene-farben\/\" \/>\n<meta property=\"og:locale\" content=\"de_DE\" \/>\n<meta property=\"og:type\" content=\"article\" \/>\n<meta property=\"og:title\" content=\"Polyesterseil \u00d84mm \u2013 8-fach geflochten, viele Farben erh\u00e4ltlich\" \/>\n<meta property=\"og:description\" content=\"Polyesterseil \u00d84mm, 8-fach geflochten \u2013 rei\u00dffest, wetterbest\u00e4ndig &amp; farbecht. In vielen Farben erh\u00e4ltlich \u2013 perfekt f\u00fcr DIY, Outdoor &amp; Sportanwendungen.\" \/>\n<meta property=\"og:url\" content=\"https:\/\/ropesandmore.fr\/de\/produkt\/polyesterseil-pes-o4mm-8-fach-geflochten-viele-verschiedene-farben\/\" \/>\n<meta property=\"og:site_name\" content=\"Ropes and More\" \/>\n<meta property=\"article:publisher\" content=\"https:\/\/www.instagram.com\/ropesandmoregmbh\/\" \/>\n<meta property=\"article:modified_time\" content=\"2025-08-06T18:46:02+00:00\" \/>\n<meta property=\"og:image\" content=\"https:\/\/ropesandmore.fr\/wp-content\/uploads\/2025\/03\/4mm-PES-Front-1.jpg\" \/>\n\t<meta property=\"og:image:width\" content=\"1000\" \/>\n\t<meta property=\"og:image:height\" content=\"1000\" \/>\n\t<meta property=\"og:image:type\" content=\"image\/jpeg\" \/>\n<meta name=\"twitter:card\" content=\"summary_large_image\" \/>\n<meta name=\"twitter:label1\" content=\"Gesch\u00e4tzte Lesezeit\" \/>\n\t<meta name=\"twitter:data1\" content=\"2\u00a0Minute\" \/>\n<script type=\"application\/ld+json\" class=\"yoast-schema-graph\">{\"@context\":\"https:\\\/\\\/schema.org\",\"@graph\":[{\"@type\":\"WebPage\",\"@id\":\"https:\\\/\\\/ropesandmore.fr\\\/de\\\/produkt\\\/polyesterseil-pes-o4mm-8-fach-geflochten-viele-verschiedene-farben\\\/\",\"url\":\"https:\\\/\\\/ropesandmore.fr\\\/de\\\/produkt\\\/polyesterseil-pes-o4mm-8-fach-geflochten-viele-verschiedene-farben\\\/\",\"name\":\"Polyesterseil \u00d84mm \u2013 8-fach geflochten, viele Farben erh\u00e4ltlich\",\"isPartOf\":{\"@id\":\"https:\\\/\\\/ropesandmore.fr\\\/de\\\/#website\"},\"primaryImageOfPage\":{\"@id\":\"https:\\\/\\\/ropesandmore.fr\\\/de\\\/produkt\\\/polyesterseil-pes-o4mm-8-fach-geflochten-viele-verschiedene-farben\\\/#primaryimage\"},\"image\":{\"@id\":\"https:\\\/\\\/ropesandmore.fr\\\/de\\\/produkt\\\/polyesterseil-pes-o4mm-8-fach-geflochten-viele-verschiedene-farben\\\/#primaryimage\"},\"thumbnailUrl\":\"https:\\\/\\\/ropesandmore.fr\\\/wp-content\\\/uploads\\\/2025\\\/03\\\/4mm-PES-Front-1.jpg\",\"datePublished\":\"2025-04-11T09:13:44+00:00\",\"dateModified\":\"2025-08-06T18:46:02+00:00\",\"description\":\"Polyesterseil \u00d84mm, 8-fach geflochten \u2013 rei\u00dffest, wetterbest\u00e4ndig & farbecht. In vielen Farben erh\u00e4ltlich \u2013 perfekt f\u00fcr DIY, Outdoor & Sportanwendungen.\",\"breadcrumb\":{\"@id\":\"https:\\\/\\\/ropesandmore.fr\\\/de\\\/produkt\\\/polyesterseil-pes-o4mm-8-fach-geflochten-viele-verschiedene-farben\\\/#breadcrumb\"},\"inLanguage\":\"de\",\"potentialAction\":[{\"@type\":\"ReadAction\",\"target\":[\"https:\\\/\\\/ropesandmore.fr\\\/de\\\/produkt\\\/polyesterseil-pes-o4mm-8-fach-geflochten-viele-verschiedene-farben\\\/\"]}]},{\"@type\":\"ImageObject\",\"inLanguage\":\"de\",\"@id\":\"https:\\\/\\\/ropesandmore.fr\\\/de\\\/produkt\\\/polyesterseil-pes-o4mm-8-fach-geflochten-viele-verschiedene-farben\\\/#primaryimage\",\"url\":\"https:\\\/\\\/ropesandmore.fr\\\/wp-content\\\/uploads\\\/2025\\\/03\\\/4mm-PES-Front-1.jpg\",\"contentUrl\":\"https:\\\/\\\/ropesandmore.fr\\\/wp-content\\\/uploads\\\/2025\\\/03\\\/4mm-PES-Front-1.jpg\",\"width\":1000,\"height\":1000},{\"@type\":\"BreadcrumbList\",\"@id\":\"https:\\\/\\\/ropesandmore.fr\\\/de\\\/produkt\\\/polyesterseil-pes-o4mm-8-fach-geflochten-viele-verschiedene-farben\\\/#breadcrumb\",\"itemListElement\":[{\"@type\":\"ListItem\",\"position\":1,\"name\":\"Startseite\",\"item\":\"https:\\\/\\\/ropesandmore.fr\\\/de\\\/\"},{\"@type\":\"ListItem\",\"position\":2,\"name\":\"Ropes and More \u2013 Dein Shop f\u00fcr Seile, Tauwerk &amp; Spezialschn\u00fcre\",\"item\":\"https:\\\/\\\/ropesandmore.fr\\\/ropes-and-more-dein-shop-fuer-seile-tauwerk-spezialschnuere\\\/\"},{\"@type\":\"ListItem\",\"position\":3,\"name\":\"Polyesterseil PES \u00d84mm 8-fach geflochten viele verschiedene Farben\"}]},{\"@type\":\"WebSite\",\"@id\":\"https:\\\/\\\/ropesandmore.fr\\\/de\\\/#website\",\"url\":\"https:\\\/\\\/ropesandmore.fr\\\/de\\\/\",\"name\":\"ropes and more\",\"description\":\"Your Trusted Partner\",\"publisher\":{\"@id\":\"https:\\\/\\\/ropesandmore.fr\\\/de\\\/#organization\"},\"potentialAction\":[{\"@type\":\"SearchAction\",\"target\":{\"@type\":\"EntryPoint\",\"urlTemplate\":\"https:\\\/\\\/ropesandmore.fr\\\/de\\\/?s={search_term_string}\"},\"query-input\":{\"@type\":\"PropertyValueSpecification\",\"valueRequired\":true,\"valueName\":\"search_term_string\"}}],\"inLanguage\":\"de\"},{\"@type\":\"Organization\",\"@id\":\"https:\\\/\\\/ropesandmore.fr\\\/de\\\/#organization\",\"name\":\"ropes and more\",\"url\":\"https:\\\/\\\/ropesandmore.fr\\\/de\\\/\",\"logo\":{\"@type\":\"ImageObject\",\"inLanguage\":\"de\",\"@id\":\"https:\\\/\\\/ropesandmore.fr\\\/de\\\/#\\\/schema\\\/logo\\\/image\\\/\",\"url\":\"https:\\\/\\\/ropesandmore.fr\\\/wp-content\\\/uploads\\\/2025\\\/06\\\/Bild6.webp\",\"contentUrl\":\"https:\\\/\\\/ropesandmore.fr\\\/wp-content\\\/uploads\\\/2025\\\/06\\\/Bild6.webp\",\"width\":1023,\"height\":480,\"caption\":\"ropes and more\"},\"image\":{\"@id\":\"https:\\\/\\\/ropesandmore.fr\\\/de\\\/#\\\/schema\\\/logo\\\/image\\\/\"},\"sameAs\":[\"https:\\\/\\\/www.instagram.com\\\/ropesandmoregmbh\\\/\"]}]}<\/script>\n<!-- \/ Yoast SEO plugin. -->","yoast_head_json":{"title":"Polyesterseil \u00d84mm \u2013 8-fach geflochten, viele Farben erh\u00e4ltlich","description":"Polyesterseil \u00d84mm, 8-fach geflochten \u2013 rei\u00dffest, wetterbest\u00e4ndig & farbecht. In vielen Farben erh\u00e4ltlich \u2013 perfekt f\u00fcr DIY, Outdoor & Sportanwendungen.","robots":{"index":"index","follow":"follow","max-snippet":"max-snippet:-1","max-image-preview":"max-image-preview:large","max-video-preview":"max-video-preview:-1"},"canonical":"https:\/\/ropesandmore.fr\/de\/produkt\/polyesterseil-pes-o4mm-8-fach-geflochten-viele-verschiedene-farben\/","og_locale":"de_DE","og_type":"article","og_title":"Polyesterseil \u00d84mm \u2013 8-fach geflochten, viele Farben erh\u00e4ltlich","og_description":"Polyesterseil \u00d84mm, 8-fach geflochten \u2013 rei\u00dffest, wetterbest\u00e4ndig & farbecht. In vielen Farben erh\u00e4ltlich \u2013 perfekt f\u00fcr DIY, Outdoor & Sportanwendungen.","og_url":"https:\/\/ropesandmore.fr\/de\/produkt\/polyesterseil-pes-o4mm-8-fach-geflochten-viele-verschiedene-farben\/","og_site_name":"Ropes and More","article_publisher":"https:\/\/www.instagram.com\/ropesandmoregmbh\/","article_modified_time":"2025-08-06T18:46:02+00:00","og_image":[{"width":1000,"height":1000,"url":"https:\/\/ropesandmore.fr\/wp-content\/uploads\/2025\/03\/4mm-PES-Front-1.jpg","type":"image\/jpeg"}],"twitter_card":"summary_large_image","twitter_misc":{"Gesch\u00e4tzte Lesezeit":"2\u00a0Minute"},"schema":{"@context":"https:\/\/schema.org","@graph":[{"@type":"WebPage","@id":"https:\/\/ropesandmore.fr\/de\/produkt\/polyesterseil-pes-o4mm-8-fach-geflochten-viele-verschiedene-farben\/","url":"https:\/\/ropesandmore.fr\/de\/produkt\/polyesterseil-pes-o4mm-8-fach-geflochten-viele-verschiedene-farben\/","name":"Polyesterseil \u00d84mm \u2013 8-fach geflochten, viele Farben erh\u00e4ltlich","isPartOf":{"@id":"https:\/\/ropesandmore.fr\/de\/#website"},"primaryImageOfPage":{"@id":"https:\/\/ropesandmore.fr\/de\/produkt\/polyesterseil-pes-o4mm-8-fach-geflochten-viele-verschiedene-farben\/#primaryimage"},"image":{"@id":"https:\/\/ropesandmore.fr\/de\/produkt\/polyesterseil-pes-o4mm-8-fach-geflochten-viele-verschiedene-farben\/#primaryimage"},"thumbnailUrl":"https:\/\/ropesandmore.fr\/wp-content\/uploads\/2025\/03\/4mm-PES-Front-1.jpg","datePublished":"2025-04-11T09:13:44+00:00","dateModified":"2025-08-06T18:46:02+00:00","description":"Polyesterseil \u00d84mm, 8-fach geflochten \u2013 rei\u00dffest, wetterbest\u00e4ndig & farbecht. In vielen Farben erh\u00e4ltlich \u2013 perfekt f\u00fcr DIY, Outdoor & Sportanwendungen.","breadcrumb":{"@id":"https:\/\/ropesandmore.fr\/de\/produkt\/polyesterseil-pes-o4mm-8-fach-geflochten-viele-verschiedene-farben\/#breadcrumb"},"inLanguage":"de","potentialAction":[{"@type":"ReadAction","target":["https:\/\/ropesandmore.fr\/de\/produkt\/polyesterseil-pes-o4mm-8-fach-geflochten-viele-verschiedene-farben\/"]}]},{"@type":"ImageObject","inLanguage":"de","@id":"https:\/\/ropesandmore.fr\/de\/produkt\/polyesterseil-pes-o4mm-8-fach-geflochten-viele-verschiedene-farben\/#primaryimage","url":"https:\/\/ropesandmore.fr\/wp-content\/uploads\/2025\/03\/4mm-PES-Front-1.jpg","contentUrl":"https:\/\/ropesandmore.fr\/wp-content\/uploads\/2025\/03\/4mm-PES-Front-1.jpg","width":1000,"height":1000},{"@type":"BreadcrumbList","@id":"https:\/\/ropesandmore.fr\/de\/produkt\/polyesterseil-pes-o4mm-8-fach-geflochten-viele-verschiedene-farben\/#breadcrumb","itemListElement":[{"@type":"ListItem","position":1,"name":"Startseite","item":"https:\/\/ropesandmore.fr\/de\/"},{"@type":"ListItem","position":2,"name":"Ropes and More \u2013 Dein Shop f\u00fcr Seile, Tauwerk &amp; Spezialschn\u00fcre","item":"https:\/\/ropesandmore.fr\/ropes-and-more-dein-shop-fuer-seile-tauwerk-spezialschnuere\/"},{"@type":"ListItem","position":3,"name":"Polyesterseil PES \u00d84mm 8-fach geflochten viele verschiedene Farben"}]},{"@type":"WebSite","@id":"https:\/\/ropesandmore.fr\/de\/#website","url":"https:\/\/ropesandmore.fr\/de\/","name":"ropes and more","description":"Your Trusted Partner","publisher":{"@id":"https:\/\/ropesandmore.fr\/de\/#organization"},"potentialAction":[{"@type":"SearchAction","target":{"@type":"EntryPoint","urlTemplate":"https:\/\/ropesandmore.fr\/de\/?s={search_term_string}"},"query-input":{"@type":"PropertyValueSpecification","valueRequired":true,"valueName":"search_term_string"}}],"inLanguage":"de"},{"@type":"Organization","@id":"https:\/\/ropesandmore.fr\/de\/#organization","name":"ropes and more","url":"https:\/\/ropesandmore.fr\/de\/","logo":{"@type":"ImageObject","inLanguage":"de","@id":"https:\/\/ropesandmore.fr\/de\/#\/schema\/logo\/image\/","url":"https:\/\/ropesandmore.fr\/wp-content\/uploads\/2025\/06\/Bild6.webp","contentUrl":"https:\/\/ropesandmore.fr\/wp-content\/uploads\/2025\/06\/Bild6.webp","width":1023,"height":480,"caption":"ropes and more"},"image":{"@id":"https:\/\/ropesandmore.fr\/de\/#\/schema\/logo\/image\/"},"sameAs":["https:\/\/www.instagram.com\/ropesandmoregmbh\/"]}]}},"_links":{"self":[{"href":"https:\/\/ropesandmore.fr\/de\/wp-json\/wp\/v2\/product\/7679","targetHints":{"allow":["GET"]}}],"collection":[{"href":"https:\/\/ropesandmore.fr\/de\/wp-json\/wp\/v2\/product"}],"about":[{"href":"https:\/\/ropesandmore.fr\/de\/wp-json\/wp\/v2\/types\/product"}],"version-history":[{"count":0,"href":"https:\/\/ropesandmore.fr\/de\/wp-json\/wp\/v2\/product\/7679\/revisions"}],"wp:featuredmedia":[{"embeddable":true,"href":"https:\/\/ropesandmore.fr\/de\/wp-json\/wp\/v2\/media\/7680"}],"wp:attachment":[{"href":"https:\/\/ropesandmore.fr\/de\/wp-json\/wp\/v2\/media?parent=7679"}],"wp:term":[{"taxonomy":"product_brand","embeddable":true,"href":"https:\/\/ropesandmore.fr\/de\/wp-json\/wp\/v2\/product_brand?post=7679"},{"taxonomy":"product_cat","embeddable":true,"href":"https:\/\/ropesandmore.fr\/de\/wp-json\/wp\/v2\/product_cat?post=7679"},{"taxonomy":"product_tag","embeddable":true,"href":"https:\/\/ropesandmore.fr\/de\/wp-json\/wp\/v2\/product_tag?post=7679"}],"curies":[{"name":"wp","href":"https:\/\/api.w.org\/{rel}","templated":true}]}}