{"id":8266,"date":"2025-05-06T18:02:31","date_gmt":"2025-05-06T18:02:31","guid":{"rendered":"https:\/\/ropesandmore.fr\/?post_type=product&#038;p=8266"},"modified":"2025-06-16T11:31:27","modified_gmt":"2025-06-16T11:31:27","slug":"polyesterseil-pes-o6mm-kernmantelgeflecht-mit-einseitigem-augspleiss-verschiedene-laengen","status":"publish","type":"product","link":"https:\/\/ropesandmore.fr\/de\/produkt\/polyesterseil-pes-o6mm-kernmantelgeflecht-mit-einseitigem-augspleiss-verschiedene-laengen\/","title":{"rendered":"Polyesterseil PES \u00d86mm Kernmantelgeflecht mit einseitigem Augsplei\u00df verschiedene L\u00e4ngen"},"content":{"rendered":"<h4 data-start=\"137\" data-end=\"197\"><strong data-start=\"137\" data-end=\"197\">Polyesterseil kernmantelgeflochten \u2013 robust &amp; vielseitig<\/strong><\/h4>\n<p data-start=\"236\" data-end=\"511\">Unser hochwertiges, kernmantelgeflochtenes Polyesterseil wird in Deutschland aus erstklassigen Polyesterfasern (Polyethylenterephthalat, PET) gefertigt. Es \u00fcberzeugt durch hohe Rei\u00dffestigkeit, geringe Dehnung sowie UV- und Witterungsbest\u00e4ndigkeit \u2013 ideal f\u00fcr den Innen- und Au\u00dfeneinsatz.<\/p>\n<p data-start=\"462\" data-end=\"558\">Mit einem Kernanteil von ca. 50\u202f% ist das Rundgeflecht besonders formstabil und gut splei\u00dfbar.<\/p>\n<p data-start=\"560\" data-end=\"788\"><strong data-start=\"560\" data-end=\"580\">Einsatzbereiche:<\/strong><br data-start=\"580\" data-end=\"583\" \/>Perfekt als Allzweckseil, f\u00fcr Hebe- und Zugvorg\u00e4nge, zur Baustellensicherung, f\u00fcr Outdoor, Camping, Landwirtschaft, Schifffahrt und DIY-Projekte. Besonders geeignet f\u00fcr Knotenhalfter und d\u00fcnne Hundeleinen.<\/p>\n<p data-start=\"790\" data-end=\"810\"><strong data-start=\"790\" data-end=\"808\">Eigenschaften:<\/strong><\/p>\n<ul>\n<li data-start=\"813\" data-end=\"836\">100\u202f% Polyester (PET)<\/li>\n<li data-start=\"839\" data-end=\"857\">UV- &amp; wetterfest<\/li>\n<li data-start=\"860\" data-end=\"877\">Geringe Dehnung<\/li>\n<li data-start=\"880\" data-end=\"900\">Hohe Belastbarkeit<\/li>\n<li data-start=\"903\" data-end=\"916\">Gut splei\u00dfbar<\/li>\n<\/ul>\n<hr \/>\n<p><strong data-start=\"139\" data-end=\"171\">Hinweis zur Farbdarstellung:<\/strong><br data-start=\"171\" data-end=\"174\" \/>Bitte beachten Sie, dass es durch Lichtverh\u00e4ltnisse bei der Produktfotografie sowie durch unterschiedliche Bildschirmdarstellungen zu leichten Farbabweichungen kommen kann<\/p>\n","protected":false},"excerpt":{"rendered":"<p><strong>Polyesterseil PES \u00d86mm Kernmantelgeflecht mit Augsplei\u00df Standardl\u00e4ngen<\/strong><\/p>\n<ul>\n<li>Durchmesser: 6 mm<\/li>\n<li>Bruchlast: 1125 daN(kg)<\/li>\n<li>Material: Polyester hochfest<\/li>\n<li>Flechtung: Kernmantelgeflecht mit Seilkern<\/li>\n<li>Seil ist einseitig gesplei\u00dft<\/li>\n<li>Arbeitsdehnung &lt;5%<\/li>\n<li>Eigenschaften: hohe Festigkeit, Witterungsbest\u00e4ndigkeit, Abriebfestigkeit, geringe Dehnung<\/li>\n<li><span data-contrast=\"auto\">Gewicht per 100m: 2,7 kg<\/span><\/li>\n<li>Sonderl\u00e4ngen auf Anfrage<\/li>\n<\/ul>\n","protected":false},"featured_media":8271,"template":"","meta":{"_acf_changed":false,"site-sidebar-layout":"default","site-content-layout":"","ast-site-content-layout":"default","site-content-style":"default","site-sidebar-style":"default","ast-global-header-display":"","ast-banner-title-visibility":"","ast-main-header-display":"","ast-hfb-above-header-display":"","ast-hfb-below-header-display":"","ast-hfb-mobile-header-display":"","site-post-title":"","ast-breadcrumbs-content":"","ast-featured-img":"","footer-sml-layout":"","ast-disable-related-posts":"","theme-transparent-header-meta":"default","adv-header-id-meta":"","stick-header-meta":"","header-above-stick-meta":"","header-main-stick-meta":"","header-below-stick-meta":"","astra-migrate-meta-layouts":"set","ast-page-background-enabled":"default","ast-page-background-meta":{"desktop":{"background-color":"","background-image":"","background-repeat":"repeat","background-position":"center center","background-size":"auto","background-attachment":"scroll","background-type":"","background-media":"","overlay-type":"","overlay-color":"","overlay-opacity":"","overlay-gradient":""},"tablet":{"background-color":"","background-image":"","background-repeat":"repeat","background-position":"center center","background-size":"auto","background-attachment":"scroll","background-type":"","background-media":"","overlay-type":"","overlay-color":"","overlay-opacity":"","overlay-gradient":""},"mobile":{"background-color":"","background-image":"","background-repeat":"repeat","background-position":"center center","background-size":"auto","background-attachment":"scroll","background-type":"","background-media":"","overlay-type":"","overlay-color":"","overlay-opacity":"","overlay-gradient":""}},"ast-content-background-meta":{"desktop":{"background-color":"var(--ast-global-color-5)","background-image":"","background-repeat":"repeat","background-position":"center center","background-size":"auto","background-attachment":"scroll","background-type":"","background-media":"","overlay-type":"","overlay-color":"","overlay-opacity":"","overlay-gradient":""},"tablet":{"background-color":"var(--ast-global-color-5)","background-image":"","background-repeat":"repeat","background-position":"center center","background-size":"auto","background-attachment":"scroll","background-type":"","background-media":"","overlay-type":"","overlay-color":"","overlay-opacity":"","overlay-gradient":""},"mobile":{"background-color":"var(--ast-global-color-5)","background-image":"","background-repeat":"repeat","background-position":"center center","background-size":"auto","background-attachment":"scroll","background-type":"","background-media":"","overlay-type":"","overlay-color":"","overlay-opacity":"","overlay-gradient":""}}},"product_brand":[],"product_cat":[107,396],"product_tag":[441,780,782,122,779,657,432,786,787,788,781,784,783,785,120],"class_list":{"0":"post-8266","1":"product","2":"type-product","3":"status-publish","4":"has-post-thumbnail","6":"product_cat-seile-mit-augspleiss-standardlaengen","7":"product_cat-spezielle-seilprodukte","8":"product_tag-bootszubehoer-seil","9":"product_tag-kernmantelgeflecht","10":"product_tag-konfigurierbares-seil","11":"product_tag-outdoor-seil","12":"product_tag-pes-seil-6mm","13":"product_tag-polyesterseil-6mm","14":"product_tag-reissfestes-seil","15":"product_tag-robustes-polyesterseil","16":"product_tag-seil-fuer-hundeleine","17":"product_tag-seil-fuer-kletterzwecke","18":"product_tag-seil-mit-augspleiss","19":"product_tag-seil-mit-schlaufe","20":"product_tag-seil-nach-mass","21":"product_tag-uv-bestaendiges-seil","22":"product_tag-wetterfestes-seil","23":"desktop-align-left","24":"tablet-align-left","25":"mobile-align-left","27":"first","28":"outofstock","29":"taxable","30":"shipping-taxable","31":"purchasable","32":"product-type-variable"},"acf":[],"yoast_head":"<!-- This site is optimized with the Yoast SEO plugin v27.5 - https:\/\/yoast.com\/product\/yoast-seo-wordpress\/ -->\n<title>Polyesterseil \u00d86\u202fmm \u2013 Kernmantelgeflecht mit Augsplei\u00df ab 2m<\/title>\n<meta name=\"description\" content=\"Robustes Polyesterseil \u00d86\u202fmm mit einseitigem Augsplei\u00df. UV-best\u00e4ndiges Kernmantelgeflecht in verschiedenen L\u00e4ngen \u2013 ideal f\u00fcr Outdoor, Boot &amp; DIY.\" \/>\n<meta name=\"robots\" content=\"index, follow, max-snippet:-1, max-image-preview:large, max-video-preview:-1\" \/>\n<link rel=\"canonical\" href=\"https:\/\/ropesandmore.fr\/de\/produkt\/polyesterseil-pes-o6mm-kernmantelgeflecht-mit-einseitigem-augspleiss-verschiedene-laengen\/\" \/>\n<meta property=\"og:locale\" content=\"de_DE\" \/>\n<meta property=\"og:type\" content=\"article\" \/>\n<meta property=\"og:title\" content=\"Polyesterseil \u00d86\u202fmm \u2013 Kernmantelgeflecht mit Augsplei\u00df ab 2m\" \/>\n<meta property=\"og:description\" content=\"Robustes Polyesterseil \u00d86\u202fmm mit einseitigem Augsplei\u00df. UV-best\u00e4ndiges Kernmantelgeflecht in verschiedenen L\u00e4ngen \u2013 ideal f\u00fcr Outdoor, Boot &amp; DIY.\" \/>\n<meta property=\"og:url\" content=\"https:\/\/ropesandmore.fr\/de\/produkt\/polyesterseil-pes-o6mm-kernmantelgeflecht-mit-einseitigem-augspleiss-verschiedene-laengen\/\" \/>\n<meta property=\"og:site_name\" content=\"Ropes and More\" \/>\n<meta property=\"article:publisher\" content=\"https:\/\/www.instagram.com\/ropesandmoregmbh\/\" \/>\n<meta property=\"article:modified_time\" content=\"2025-06-16T11:31:27+00:00\" \/>\n<meta property=\"og:image\" content=\"https:\/\/ropesandmore.fr\/wp-content\/uploads\/2025\/04\/PES-6mm-10m-mit-Auge.jpg\" \/>\n\t<meta property=\"og:image:width\" content=\"1000\" \/>\n\t<meta property=\"og:image:height\" content=\"1000\" \/>\n\t<meta property=\"og:image:type\" content=\"image\/jpeg\" \/>\n<meta name=\"twitter:card\" content=\"summary_large_image\" \/>\n<meta name=\"twitter:label1\" content=\"Gesch\u00e4tzte Lesezeit\" \/>\n\t<meta name=\"twitter:data1\" content=\"1\u00a0Minute\" \/>\n<script type=\"application\/ld+json\" class=\"yoast-schema-graph\">{\"@context\":\"https:\\\/\\\/schema.org\",\"@graph\":[{\"@type\":\"WebPage\",\"@id\":\"https:\\\/\\\/ropesandmore.fr\\\/de\\\/produkt\\\/polyesterseil-pes-o6mm-kernmantelgeflecht-mit-einseitigem-augspleiss-verschiedene-laengen\\\/\",\"url\":\"https:\\\/\\\/ropesandmore.fr\\\/de\\\/produkt\\\/polyesterseil-pes-o6mm-kernmantelgeflecht-mit-einseitigem-augspleiss-verschiedene-laengen\\\/\",\"name\":\"Polyesterseil \u00d86\u202fmm \u2013 Kernmantelgeflecht mit Augsplei\u00df ab 2m\",\"isPartOf\":{\"@id\":\"https:\\\/\\\/ropesandmore.fr\\\/de\\\/#website\"},\"primaryImageOfPage\":{\"@id\":\"https:\\\/\\\/ropesandmore.fr\\\/de\\\/produkt\\\/polyesterseil-pes-o6mm-kernmantelgeflecht-mit-einseitigem-augspleiss-verschiedene-laengen\\\/#primaryimage\"},\"image\":{\"@id\":\"https:\\\/\\\/ropesandmore.fr\\\/de\\\/produkt\\\/polyesterseil-pes-o6mm-kernmantelgeflecht-mit-einseitigem-augspleiss-verschiedene-laengen\\\/#primaryimage\"},\"thumbnailUrl\":\"https:\\\/\\\/ropesandmore.fr\\\/wp-content\\\/uploads\\\/2025\\\/04\\\/PES-6mm-10m-mit-Auge.jpg\",\"datePublished\":\"2025-05-06T18:02:31+00:00\",\"dateModified\":\"2025-06-16T11:31:27+00:00\",\"description\":\"Robustes Polyesterseil \u00d86\u202fmm mit einseitigem Augsplei\u00df. UV-best\u00e4ndiges Kernmantelgeflecht in verschiedenen L\u00e4ngen \u2013 ideal f\u00fcr Outdoor, Boot & DIY.\",\"breadcrumb\":{\"@id\":\"https:\\\/\\\/ropesandmore.fr\\\/de\\\/produkt\\\/polyesterseil-pes-o6mm-kernmantelgeflecht-mit-einseitigem-augspleiss-verschiedene-laengen\\\/#breadcrumb\"},\"inLanguage\":\"de\",\"potentialAction\":[{\"@type\":\"ReadAction\",\"target\":[\"https:\\\/\\\/ropesandmore.fr\\\/de\\\/produkt\\\/polyesterseil-pes-o6mm-kernmantelgeflecht-mit-einseitigem-augspleiss-verschiedene-laengen\\\/\"]}]},{\"@type\":\"ImageObject\",\"inLanguage\":\"de\",\"@id\":\"https:\\\/\\\/ropesandmore.fr\\\/de\\\/produkt\\\/polyesterseil-pes-o6mm-kernmantelgeflecht-mit-einseitigem-augspleiss-verschiedene-laengen\\\/#primaryimage\",\"url\":\"https:\\\/\\\/ropesandmore.fr\\\/wp-content\\\/uploads\\\/2025\\\/04\\\/PES-6mm-10m-mit-Auge.jpg\",\"contentUrl\":\"https:\\\/\\\/ropesandmore.fr\\\/wp-content\\\/uploads\\\/2025\\\/04\\\/PES-6mm-10m-mit-Auge.jpg\",\"width\":1000,\"height\":1000},{\"@type\":\"BreadcrumbList\",\"@id\":\"https:\\\/\\\/ropesandmore.fr\\\/de\\\/produkt\\\/polyesterseil-pes-o6mm-kernmantelgeflecht-mit-einseitigem-augspleiss-verschiedene-laengen\\\/#breadcrumb\",\"itemListElement\":[{\"@type\":\"ListItem\",\"position\":1,\"name\":\"Startseite\",\"item\":\"https:\\\/\\\/ropesandmore.fr\\\/de\\\/\"},{\"@type\":\"ListItem\",\"position\":2,\"name\":\"Ropes and More \u2013 Dein Shop f\u00fcr Seile, Tauwerk &amp; Spezialschn\u00fcre\",\"item\":\"https:\\\/\\\/ropesandmore.fr\\\/ropes-and-more-dein-shop-fuer-seile-tauwerk-spezialschnuere\\\/\"},{\"@type\":\"ListItem\",\"position\":3,\"name\":\"Polyesterseil PES \u00d86mm Kernmantelgeflecht mit einseitigem Augsplei\u00df verschiedene L\u00e4ngen\"}]},{\"@type\":\"WebSite\",\"@id\":\"https:\\\/\\\/ropesandmore.fr\\\/de\\\/#website\",\"url\":\"https:\\\/\\\/ropesandmore.fr\\\/de\\\/\",\"name\":\"ropes and more\",\"description\":\"Your Trusted Partner\",\"publisher\":{\"@id\":\"https:\\\/\\\/ropesandmore.fr\\\/de\\\/#organization\"},\"potentialAction\":[{\"@type\":\"SearchAction\",\"target\":{\"@type\":\"EntryPoint\",\"urlTemplate\":\"https:\\\/\\\/ropesandmore.fr\\\/de\\\/?s={search_term_string}\"},\"query-input\":{\"@type\":\"PropertyValueSpecification\",\"valueRequired\":true,\"valueName\":\"search_term_string\"}}],\"inLanguage\":\"de\"},{\"@type\":\"Organization\",\"@id\":\"https:\\\/\\\/ropesandmore.fr\\\/de\\\/#organization\",\"name\":\"ropes and more\",\"url\":\"https:\\\/\\\/ropesandmore.fr\\\/de\\\/\",\"logo\":{\"@type\":\"ImageObject\",\"inLanguage\":\"de\",\"@id\":\"https:\\\/\\\/ropesandmore.fr\\\/de\\\/#\\\/schema\\\/logo\\\/image\\\/\",\"url\":\"https:\\\/\\\/ropesandmore.fr\\\/wp-content\\\/uploads\\\/2025\\\/06\\\/Bild6.webp\",\"contentUrl\":\"https:\\\/\\\/ropesandmore.fr\\\/wp-content\\\/uploads\\\/2025\\\/06\\\/Bild6.webp\",\"width\":1023,\"height\":480,\"caption\":\"ropes and more\"},\"image\":{\"@id\":\"https:\\\/\\\/ropesandmore.fr\\\/de\\\/#\\\/schema\\\/logo\\\/image\\\/\"},\"sameAs\":[\"https:\\\/\\\/www.instagram.com\\\/ropesandmoregmbh\\\/\"]}]}<\/script>\n<!-- \/ Yoast SEO plugin. -->","yoast_head_json":{"title":"Polyesterseil \u00d86\u202fmm \u2013 Kernmantelgeflecht mit Augsplei\u00df ab 2m","description":"Robustes Polyesterseil \u00d86\u202fmm mit einseitigem Augsplei\u00df. UV-best\u00e4ndiges Kernmantelgeflecht in verschiedenen L\u00e4ngen \u2013 ideal f\u00fcr Outdoor, Boot & DIY.","robots":{"index":"index","follow":"follow","max-snippet":"max-snippet:-1","max-image-preview":"max-image-preview:large","max-video-preview":"max-video-preview:-1"},"canonical":"https:\/\/ropesandmore.fr\/de\/produkt\/polyesterseil-pes-o6mm-kernmantelgeflecht-mit-einseitigem-augspleiss-verschiedene-laengen\/","og_locale":"de_DE","og_type":"article","og_title":"Polyesterseil \u00d86\u202fmm \u2013 Kernmantelgeflecht mit Augsplei\u00df ab 2m","og_description":"Robustes Polyesterseil \u00d86\u202fmm mit einseitigem Augsplei\u00df. UV-best\u00e4ndiges Kernmantelgeflecht in verschiedenen L\u00e4ngen \u2013 ideal f\u00fcr Outdoor, Boot & DIY.","og_url":"https:\/\/ropesandmore.fr\/de\/produkt\/polyesterseil-pes-o6mm-kernmantelgeflecht-mit-einseitigem-augspleiss-verschiedene-laengen\/","og_site_name":"Ropes and More","article_publisher":"https:\/\/www.instagram.com\/ropesandmoregmbh\/","article_modified_time":"2025-06-16T11:31:27+00:00","og_image":[{"width":1000,"height":1000,"url":"https:\/\/ropesandmore.fr\/wp-content\/uploads\/2025\/04\/PES-6mm-10m-mit-Auge.jpg","type":"image\/jpeg"}],"twitter_card":"summary_large_image","twitter_misc":{"Gesch\u00e4tzte Lesezeit":"1\u00a0Minute"},"schema":{"@context":"https:\/\/schema.org","@graph":[{"@type":"WebPage","@id":"https:\/\/ropesandmore.fr\/de\/produkt\/polyesterseil-pes-o6mm-kernmantelgeflecht-mit-einseitigem-augspleiss-verschiedene-laengen\/","url":"https:\/\/ropesandmore.fr\/de\/produkt\/polyesterseil-pes-o6mm-kernmantelgeflecht-mit-einseitigem-augspleiss-verschiedene-laengen\/","name":"Polyesterseil \u00d86\u202fmm \u2013 Kernmantelgeflecht mit Augsplei\u00df ab 2m","isPartOf":{"@id":"https:\/\/ropesandmore.fr\/de\/#website"},"primaryImageOfPage":{"@id":"https:\/\/ropesandmore.fr\/de\/produkt\/polyesterseil-pes-o6mm-kernmantelgeflecht-mit-einseitigem-augspleiss-verschiedene-laengen\/#primaryimage"},"image":{"@id":"https:\/\/ropesandmore.fr\/de\/produkt\/polyesterseil-pes-o6mm-kernmantelgeflecht-mit-einseitigem-augspleiss-verschiedene-laengen\/#primaryimage"},"thumbnailUrl":"https:\/\/ropesandmore.fr\/wp-content\/uploads\/2025\/04\/PES-6mm-10m-mit-Auge.jpg","datePublished":"2025-05-06T18:02:31+00:00","dateModified":"2025-06-16T11:31:27+00:00","description":"Robustes Polyesterseil \u00d86\u202fmm mit einseitigem Augsplei\u00df. UV-best\u00e4ndiges Kernmantelgeflecht in verschiedenen L\u00e4ngen \u2013 ideal f\u00fcr Outdoor, Boot & DIY.","breadcrumb":{"@id":"https:\/\/ropesandmore.fr\/de\/produkt\/polyesterseil-pes-o6mm-kernmantelgeflecht-mit-einseitigem-augspleiss-verschiedene-laengen\/#breadcrumb"},"inLanguage":"de","potentialAction":[{"@type":"ReadAction","target":["https:\/\/ropesandmore.fr\/de\/produkt\/polyesterseil-pes-o6mm-kernmantelgeflecht-mit-einseitigem-augspleiss-verschiedene-laengen\/"]}]},{"@type":"ImageObject","inLanguage":"de","@id":"https:\/\/ropesandmore.fr\/de\/produkt\/polyesterseil-pes-o6mm-kernmantelgeflecht-mit-einseitigem-augspleiss-verschiedene-laengen\/#primaryimage","url":"https:\/\/ropesandmore.fr\/wp-content\/uploads\/2025\/04\/PES-6mm-10m-mit-Auge.jpg","contentUrl":"https:\/\/ropesandmore.fr\/wp-content\/uploads\/2025\/04\/PES-6mm-10m-mit-Auge.jpg","width":1000,"height":1000},{"@type":"BreadcrumbList","@id":"https:\/\/ropesandmore.fr\/de\/produkt\/polyesterseil-pes-o6mm-kernmantelgeflecht-mit-einseitigem-augspleiss-verschiedene-laengen\/#breadcrumb","itemListElement":[{"@type":"ListItem","position":1,"name":"Startseite","item":"https:\/\/ropesandmore.fr\/de\/"},{"@type":"ListItem","position":2,"name":"Ropes and More \u2013 Dein Shop f\u00fcr Seile, Tauwerk &amp; Spezialschn\u00fcre","item":"https:\/\/ropesandmore.fr\/ropes-and-more-dein-shop-fuer-seile-tauwerk-spezialschnuere\/"},{"@type":"ListItem","position":3,"name":"Polyesterseil PES \u00d86mm Kernmantelgeflecht mit einseitigem Augsplei\u00df verschiedene L\u00e4ngen"}]},{"@type":"WebSite","@id":"https:\/\/ropesandmore.fr\/de\/#website","url":"https:\/\/ropesandmore.fr\/de\/","name":"ropes and more","description":"Your Trusted Partner","publisher":{"@id":"https:\/\/ropesandmore.fr\/de\/#organization"},"potentialAction":[{"@type":"SearchAction","target":{"@type":"EntryPoint","urlTemplate":"https:\/\/ropesandmore.fr\/de\/?s={search_term_string}"},"query-input":{"@type":"PropertyValueSpecification","valueRequired":true,"valueName":"search_term_string"}}],"inLanguage":"de"},{"@type":"Organization","@id":"https:\/\/ropesandmore.fr\/de\/#organization","name":"ropes and more","url":"https:\/\/ropesandmore.fr\/de\/","logo":{"@type":"ImageObject","inLanguage":"de","@id":"https:\/\/ropesandmore.fr\/de\/#\/schema\/logo\/image\/","url":"https:\/\/ropesandmore.fr\/wp-content\/uploads\/2025\/06\/Bild6.webp","contentUrl":"https:\/\/ropesandmore.fr\/wp-content\/uploads\/2025\/06\/Bild6.webp","width":1023,"height":480,"caption":"ropes and more"},"image":{"@id":"https:\/\/ropesandmore.fr\/de\/#\/schema\/logo\/image\/"},"sameAs":["https:\/\/www.instagram.com\/ropesandmoregmbh\/"]}]}},"_links":{"self":[{"href":"https:\/\/ropesandmore.fr\/de\/wp-json\/wp\/v2\/product\/8266","targetHints":{"allow":["GET"]}}],"collection":[{"href":"https:\/\/ropesandmore.fr\/de\/wp-json\/wp\/v2\/product"}],"about":[{"href":"https:\/\/ropesandmore.fr\/de\/wp-json\/wp\/v2\/types\/product"}],"version-history":[{"count":0,"href":"https:\/\/ropesandmore.fr\/de\/wp-json\/wp\/v2\/product\/8266\/revisions"}],"wp:featuredmedia":[{"embeddable":true,"href":"https:\/\/ropesandmore.fr\/de\/wp-json\/wp\/v2\/media\/8271"}],"wp:attachment":[{"href":"https:\/\/ropesandmore.fr\/de\/wp-json\/wp\/v2\/media?parent=8266"}],"wp:term":[{"taxonomy":"product_brand","embeddable":true,"href":"https:\/\/ropesandmore.fr\/de\/wp-json\/wp\/v2\/product_brand?post=8266"},{"taxonomy":"product_cat","embeddable":true,"href":"https:\/\/ropesandmore.fr\/de\/wp-json\/wp\/v2\/product_cat?post=8266"},{"taxonomy":"product_tag","embeddable":true,"href":"https:\/\/ropesandmore.fr\/de\/wp-json\/wp\/v2\/product_tag?post=8266"}],"curies":[{"name":"wp","href":"https:\/\/api.w.org\/{rel}","templated":true}]}}