{"id":8298,"date":"2025-05-06T09:03:32","date_gmt":"2025-05-06T09:03:32","guid":{"rendered":"https:\/\/ropesandmore.fr\/?post_type=product&#038;p=8298"},"modified":"2025-08-05T18:21:03","modified_gmt":"2025-08-05T18:21:03","slug":"polypropylenseil-pp-split-o12mm-3-litzig-gedreht-220m","status":"publish","type":"product","link":"https:\/\/ropesandmore.fr\/de\/produkt\/polypropylenseil-pp-split-o12mm-3-litzig-gedreht-220m\/","title":{"rendered":"Polypropylenseil PP SPLIT \u00d812mm 3-litzig gedreht 220m Orange\/ Blau"},"content":{"rendered":"<h3 class=\"\" data-start=\"113\" data-end=\"179\"><strong data-start=\"117\" data-end=\"174\">Polypropylenseil SPLIT <\/strong>-3-litzig gedreht\ud83e\udea2<\/h3>\n<p class=\"\" data-start=\"180\" data-end=\"228\"><strong><em data-start=\"180\" data-end=\"228\">F\u00fcr vielseitige und anspruchsvolle Anwendungen<\/em><\/strong><\/p>\n<p class=\"\" data-start=\"230\" data-end=\"384\">Unsere <strong data-start=\"237\" data-end=\"264\">Polypropylenseile SPLIT<\/strong> werden aus hochwertigen, gespaltenen Polypropylenb\u00e4ndern in Deutschland gefertigt.<\/p>\n<h4 class=\"\" data-start=\"386\" data-end=\"423\"><strong data-start=\"391\" data-end=\"423\">Vorteile des PP-SPLIT Seils:<\/strong><\/h4>\n<ul>\n<li data-start=\"426\" data-end=\"462\"><strong data-start=\"426\" data-end=\"456\">Leicht und wetterbest\u00e4ndig<\/strong> \ud83c\udf27\ufe0f<\/li>\n<li data-start=\"465\" data-end=\"561\"><strong data-start=\"465\" data-end=\"481\">Schwimmf\u00e4hig<\/strong> und resistent gegen <strong data-start=\"502\" data-end=\"518\">Feuchtigkeit<\/strong>, <strong data-start=\"520\" data-end=\"535\">Chemikalien<\/strong> und <strong data-start=\"540\" data-end=\"556\">UV-Strahlung<\/strong> \u2600\ufe0f<\/li>\n<li data-start=\"564\" data-end=\"642\"><strong data-start=\"564\" data-end=\"605\">Ideal f\u00fcr den Einsatz im Au\u00dfenbereich<\/strong> und in <strong data-start=\"613\" data-end=\"639\">tempor\u00e4ren Anwendungen<\/strong> \ud83c\udf0d<\/li>\n<\/ul>\n<p class=\"\" data-start=\"644\" data-end=\"998\">Im Vergleich zu anderen Seilarten wie <strong data-start=\"682\" data-end=\"694\">Multifil<\/strong> oder <strong data-start=\"700\" data-end=\"711\">Monofil<\/strong> ist das <strong data-start=\"720\" data-end=\"737\">PP-SPLIT Seil<\/strong> etwas steifer und rauer, was es besonders f\u00fcr <strong data-start=\"784\" data-end=\"807\">robuste Anwendungen<\/strong> geeignet macht. Trotz seines geringen Gewichts bietet es eine hohe <strong data-start=\"875\" data-end=\"892\">Zugfestigkeit<\/strong> und bleibt dank seiner mittleren <strong data-start=\"926\" data-end=\"937\">Dehnung<\/strong> flexibel, um <strong data-start=\"951\" data-end=\"970\">Sto\u00dfbelastungen<\/strong> effektiv zu absorbieren .<\/p>\n<h4 class=\"\" data-start=\"1000\" data-end=\"1034\"><strong data-start=\"1005\" data-end=\"1034\">Vorteile auf einen Blick:<\/strong><\/h4>\n<ul>\n<li data-start=\"1037\" data-end=\"1064\"><strong data-start=\"1037\" data-end=\"1060\">Leicht zu handhaben<\/strong> \u270b<\/li>\n<li data-start=\"1067\" data-end=\"1136\"><strong data-start=\"1067\" data-end=\"1087\">Widerstandsf\u00e4hig<\/strong> gegen\u00fcber <strong data-start=\"1098\" data-end=\"1114\">Feuchtigkeit<\/strong> und <strong data-start=\"1119\" data-end=\"1134\">Chemikalien<\/strong><\/li>\n<li data-start=\"1139\" data-end=\"1210\"><strong data-start=\"1139\" data-end=\"1175\">Bleibt bei Besch\u00e4digung flexibel<\/strong> und <strong data-start=\"1180\" data-end=\"1207\">franst nicht sofort auf<\/strong> \ud83d\udd12<\/li>\n<\/ul>\n<hr \/>\n<h4 class=\"\" data-start=\"1212\" data-end=\"1237\"><strong data-start=\"1217\" data-end=\"1237\">Einsatzbereiche:<\/strong><\/h4>\n<ul>\n<li data-start=\"1240\" data-end=\"1257\"><strong data-start=\"1240\" data-end=\"1252\">Kanalbau<\/strong> \ud83d\udea7<\/li>\n<li data-start=\"1260\" data-end=\"1283\"><strong data-start=\"1260\" data-end=\"1278\">Landwirtschaft<\/strong> \ud83c\udf3e<\/li>\n<li data-start=\"1286\" data-end=\"1304\"><strong data-start=\"1286\" data-end=\"1299\">Gartenbau<\/strong> \ud83c\udf31<\/li>\n<li data-start=\"1307\" data-end=\"1328\"><strong data-start=\"1307\" data-end=\"1323\">Absperrseile<\/strong> \ud83d\udeab<\/li>\n<li data-start=\"1331\" data-end=\"1350\"><strong data-start=\"1331\" data-end=\"1344\">Ger\u00fcstbau<\/strong> \ud83c\udfd7\ufe0f<\/li>\n<li data-start=\"1353\" data-end=\"1372\"><strong data-start=\"1353\" data-end=\"1367\">Baustellen<\/strong> \ud83c\udfe0<\/li>\n<li data-start=\"1375\" data-end=\"1395\"><strong data-start=\"1375\" data-end=\"1390\">Schifffahrt<\/strong> \u26f4\ufe0f<\/li>\n<li data-start=\"1398\" data-end=\"1447\"><strong data-start=\"1398\" data-end=\"1444\">Und viele weitere industrielle Anwendungen<\/strong> \u2699\ufe0f<\/li>\n<\/ul>\n<hr class=\"\" data-start=\"1449\" data-end=\"1452\" \/>\n<p class=\"\" data-start=\"1454\" data-end=\"1604\"><strong data-start=\"1454\" data-end=\"1506\">Entscheiden Sie sich f\u00fcr Polypropylenseile SPLIT<\/strong> \u2013 die ideale Kombination aus <strong data-start=\"1536\" data-end=\"1554\">Funktionalit\u00e4t<\/strong>, <strong data-start=\"1556\" data-end=\"1578\">Wirtschaftlichkeit<\/strong> und <strong data-start=\"1583\" data-end=\"1600\">Langlebigkeit<\/strong>.<\/p>\n<hr \/>\n<p data-start=\"1346\" data-end=\"1496\"><strong data-start=\"139\" data-end=\"171\">Hinweis zur Farbdarstellung:<\/strong><br data-start=\"171\" data-end=\"174\" \/>Bitte beachten Sie, dass es durch Lichtverh\u00e4ltnisse bei der Produktfotografie sowie durch unterschiedliche Bildschirmdarstellungen zu leichten Farbabweichungen kommen kann.<\/p>\n","protected":false},"excerpt":{"rendered":"<ul>\n<li>Durchmesser: 12 mm<\/li>\n<li>Bruchlast: 2170 daN(kg)<\/li>\n<li>Material: Polypropylen<\/li>\n<li>Flechtung: Form A, 3-litzig gedreht<\/li>\n<li>Eigenschaften: Schwimmf\u00e4hig, best\u00e4ndig gegen Feuchtigkeit &amp; Chemikalien, geringes Gewicht<\/li>\n<li><span data-contrast=\"auto\">Gewicht per 100m: 6,5 kg<\/span><\/li>\n<\/ul>\n","protected":false},"featured_media":10932,"template":"","meta":{"_acf_changed":false,"site-sidebar-layout":"default","site-content-layout":"","ast-site-content-layout":"default","site-content-style":"default","site-sidebar-style":"default","ast-global-header-display":"","ast-banner-title-visibility":"","ast-main-header-display":"","ast-hfb-above-header-display":"","ast-hfb-below-header-display":"","ast-hfb-mobile-header-display":"","site-post-title":"","ast-breadcrumbs-content":"","ast-featured-img":"","footer-sml-layout":"","ast-disable-related-posts":"","theme-transparent-header-meta":"default","adv-header-id-meta":"","stick-header-meta":"","header-above-stick-meta":"","header-main-stick-meta":"","header-below-stick-meta":"","astra-migrate-meta-layouts":"set","ast-page-background-enabled":"default","ast-page-background-meta":{"desktop":{"background-color":"","background-image":"","background-repeat":"repeat","background-position":"center center","background-size":"auto","background-attachment":"scroll","background-type":"","background-media":"","overlay-type":"","overlay-color":"","overlay-opacity":"","overlay-gradient":""},"tablet":{"background-color":"","background-image":"","background-repeat":"repeat","background-position":"center center","background-size":"auto","background-attachment":"scroll","background-type":"","background-media":"","overlay-type":"","overlay-color":"","overlay-opacity":"","overlay-gradient":""},"mobile":{"background-color":"","background-image":"","background-repeat":"repeat","background-position":"center center","background-size":"auto","background-attachment":"scroll","background-type":"","background-media":"","overlay-type":"","overlay-color":"","overlay-opacity":"","overlay-gradient":""}},"ast-content-background-meta":{"desktop":{"background-color":"var(--ast-global-color-5)","background-image":"","background-repeat":"repeat","background-position":"center center","background-size":"auto","background-attachment":"scroll","background-type":"","background-media":"","overlay-type":"","overlay-color":"","overlay-opacity":"","overlay-gradient":""},"tablet":{"background-color":"var(--ast-global-color-5)","background-image":"","background-repeat":"repeat","background-position":"center center","background-size":"auto","background-attachment":"scroll","background-type":"","background-media":"","overlay-type":"","overlay-color":"","overlay-opacity":"","overlay-gradient":""},"mobile":{"background-color":"var(--ast-global-color-5)","background-image":"","background-repeat":"repeat","background-position":"center center","background-size":"auto","background-attachment":"scroll","background-type":"","background-media":"","overlay-type":"","overlay-color":"","overlay-opacity":"","overlay-gradient":""}}},"product_brand":[193],"product_cat":[930,115,58,93,113,105,90,96,928,104,860,97,98,929],"product_tag":[427,440,441,438,434,435,130,436,439,437],"class_list":{"0":"post-8298","1":"product","2":"type-product","3":"status-publish","4":"has-post-thumbnail","6":"product_brand-ropes-and-more","7":"product_cat-naturseile","8":"product_cat-polypropylenseil-split","9":"product_cat-polypropylenseil","10":"product_cat-seile-fuer-baugewerbe","11":"product_cat-seile-fuer-energieindustrie","12":"product_cat-seile-fuer-forstwirtschaft","13":"product_cat-seile-fuer-gartenarbeit","14":"product_cat-seile-fuer-geruestbau","15":"product_cat-seile-fuer-industrie","16":"product_cat-seile-fuer-kanalbau","17":"product_cat-seile-fuer-land-und-forstwirtschaft","18":"product_cat-seile-fuer-landwirtschaft","19":"product_cat-seile-fuer-schifffahrt","20":"product_cat-kategorie-seile-nach-anwendung","21":"product_tag-3-litzig-gedreht","22":"product_tag-allzweckseil","23":"product_tag-bootszubehoer-seil","24":"product_tag-kunststoffseil-outdoor","25":"product_tag-polypropylenseil-12mm","26":"product_tag-pp-split-seil","27":"product_tag-schwimmfaehiges-seil","28":"product_tag-seil-220m-rolle","29":"product_tag-tauwerk-12mm","30":"product_tag-witterungsbestaendiges-seil","31":"desktop-align-left","32":"tablet-align-left","33":"mobile-align-left","35":"first","36":"instock","37":"taxable","38":"shipping-taxable","39":"purchasable","40":"product-type-variable"},"acf":[],"yoast_head":"<!-- This site is optimized with the Yoast SEO plugin v27.5 - https:\/\/yoast.com\/product\/yoast-seo-wordpress\/ -->\n<title>Polypropylenseil PP SPLIT \u00d812mm 3-litzig gedreht 220m<\/title>\n<meta name=\"description\" content=\"Polypropylenseil \u00d812mm, 3-litzig gedreht \u2013 220\u202fm Rolle. Leicht, schwimmf\u00e4hig, witterungsbest\u00e4ndig &amp; ideal f\u00fcr Bau, Landwirtschaft, Industrie &amp; Freizeit.\" \/>\n<meta name=\"robots\" content=\"index, follow, max-snippet:-1, max-image-preview:large, max-video-preview:-1\" \/>\n<link rel=\"canonical\" href=\"https:\/\/ropesandmore.fr\/de\/produkt\/polypropylenseil-pp-split-o12mm-3-litzig-gedreht-220m\/\" \/>\n<meta property=\"og:locale\" content=\"de_DE\" \/>\n<meta property=\"og:type\" content=\"article\" \/>\n<meta property=\"og:title\" content=\"Polypropylenseil PP SPLIT \u00d812mm 3-litzig gedreht 220m\" \/>\n<meta property=\"og:description\" content=\"Polypropylenseil \u00d812mm, 3-litzig gedreht \u2013 220\u202fm Rolle. Leicht, schwimmf\u00e4hig, witterungsbest\u00e4ndig &amp; ideal f\u00fcr Bau, Landwirtschaft, Industrie &amp; Freizeit.\" \/>\n<meta property=\"og:url\" content=\"https:\/\/ropesandmore.fr\/de\/produkt\/polypropylenseil-pp-split-o12mm-3-litzig-gedreht-220m\/\" \/>\n<meta property=\"og:site_name\" content=\"Ropes and More\" \/>\n<meta property=\"article:publisher\" content=\"https:\/\/www.instagram.com\/ropesandmoregmbh\/\" \/>\n<meta property=\"article:modified_time\" content=\"2025-08-05T18:21:03+00:00\" \/>\n<meta property=\"og:image\" content=\"https:\/\/ropesandmore.fr\/wp-content\/uploads\/2025\/05\/12mm-Split-Front.jpg\" \/>\n\t<meta property=\"og:image:width\" content=\"1000\" \/>\n\t<meta property=\"og:image:height\" content=\"1000\" \/>\n\t<meta property=\"og:image:type\" content=\"image\/jpeg\" \/>\n<meta name=\"twitter:card\" content=\"summary_large_image\" \/>\n<meta name=\"twitter:label1\" content=\"Gesch\u00e4tzte Lesezeit\" \/>\n\t<meta name=\"twitter:data1\" content=\"2\u00a0Minute\" \/>\n<script type=\"application\/ld+json\" class=\"yoast-schema-graph\">{\"@context\":\"https:\\\/\\\/schema.org\",\"@graph\":[{\"@type\":\"WebPage\",\"@id\":\"https:\\\/\\\/ropesandmore.fr\\\/de\\\/produkt\\\/polypropylenseil-pp-split-o12mm-3-litzig-gedreht-220m\\\/\",\"url\":\"https:\\\/\\\/ropesandmore.fr\\\/de\\\/produkt\\\/polypropylenseil-pp-split-o12mm-3-litzig-gedreht-220m\\\/\",\"name\":\"Polypropylenseil PP SPLIT \u00d812mm 3-litzig gedreht 220m\",\"isPartOf\":{\"@id\":\"https:\\\/\\\/ropesandmore.fr\\\/de\\\/#website\"},\"primaryImageOfPage\":{\"@id\":\"https:\\\/\\\/ropesandmore.fr\\\/de\\\/produkt\\\/polypropylenseil-pp-split-o12mm-3-litzig-gedreht-220m\\\/#primaryimage\"},\"image\":{\"@id\":\"https:\\\/\\\/ropesandmore.fr\\\/de\\\/produkt\\\/polypropylenseil-pp-split-o12mm-3-litzig-gedreht-220m\\\/#primaryimage\"},\"thumbnailUrl\":\"https:\\\/\\\/ropesandmore.fr\\\/wp-content\\\/uploads\\\/2025\\\/05\\\/12mm-Split-Front.jpg\",\"datePublished\":\"2025-05-06T09:03:32+00:00\",\"dateModified\":\"2025-08-05T18:21:03+00:00\",\"description\":\"Polypropylenseil \u00d812mm, 3-litzig gedreht \u2013 220\u202fm Rolle. Leicht, schwimmf\u00e4hig, witterungsbest\u00e4ndig & ideal f\u00fcr Bau, Landwirtschaft, Industrie & Freizeit.\",\"breadcrumb\":{\"@id\":\"https:\\\/\\\/ropesandmore.fr\\\/de\\\/produkt\\\/polypropylenseil-pp-split-o12mm-3-litzig-gedreht-220m\\\/#breadcrumb\"},\"inLanguage\":\"de\",\"potentialAction\":[{\"@type\":\"ReadAction\",\"target\":[\"https:\\\/\\\/ropesandmore.fr\\\/de\\\/produkt\\\/polypropylenseil-pp-split-o12mm-3-litzig-gedreht-220m\\\/\"]}]},{\"@type\":\"ImageObject\",\"inLanguage\":\"de\",\"@id\":\"https:\\\/\\\/ropesandmore.fr\\\/de\\\/produkt\\\/polypropylenseil-pp-split-o12mm-3-litzig-gedreht-220m\\\/#primaryimage\",\"url\":\"https:\\\/\\\/ropesandmore.fr\\\/wp-content\\\/uploads\\\/2025\\\/05\\\/12mm-Split-Front.jpg\",\"contentUrl\":\"https:\\\/\\\/ropesandmore.fr\\\/wp-content\\\/uploads\\\/2025\\\/05\\\/12mm-Split-Front.jpg\",\"width\":1000,\"height\":1000},{\"@type\":\"BreadcrumbList\",\"@id\":\"https:\\\/\\\/ropesandmore.fr\\\/de\\\/produkt\\\/polypropylenseil-pp-split-o12mm-3-litzig-gedreht-220m\\\/#breadcrumb\",\"itemListElement\":[{\"@type\":\"ListItem\",\"position\":1,\"name\":\"Startseite\",\"item\":\"https:\\\/\\\/ropesandmore.fr\\\/de\\\/\"},{\"@type\":\"ListItem\",\"position\":2,\"name\":\"Ropes and More \u2013 Dein Shop f\u00fcr Seile, Tauwerk &amp; Spezialschn\u00fcre\",\"item\":\"https:\\\/\\\/ropesandmore.fr\\\/ropes-and-more-dein-shop-fuer-seile-tauwerk-spezialschnuere\\\/\"},{\"@type\":\"ListItem\",\"position\":3,\"name\":\"Polypropylenseil PP SPLIT \u00d812mm 3-litzig gedreht 220m Orange\\\/ Blau\"}]},{\"@type\":\"WebSite\",\"@id\":\"https:\\\/\\\/ropesandmore.fr\\\/de\\\/#website\",\"url\":\"https:\\\/\\\/ropesandmore.fr\\\/de\\\/\",\"name\":\"ropes and more\",\"description\":\"Your Trusted Partner\",\"publisher\":{\"@id\":\"https:\\\/\\\/ropesandmore.fr\\\/de\\\/#organization\"},\"potentialAction\":[{\"@type\":\"SearchAction\",\"target\":{\"@type\":\"EntryPoint\",\"urlTemplate\":\"https:\\\/\\\/ropesandmore.fr\\\/de\\\/?s={search_term_string}\"},\"query-input\":{\"@type\":\"PropertyValueSpecification\",\"valueRequired\":true,\"valueName\":\"search_term_string\"}}],\"inLanguage\":\"de\"},{\"@type\":\"Organization\",\"@id\":\"https:\\\/\\\/ropesandmore.fr\\\/de\\\/#organization\",\"name\":\"ropes and more\",\"url\":\"https:\\\/\\\/ropesandmore.fr\\\/de\\\/\",\"logo\":{\"@type\":\"ImageObject\",\"inLanguage\":\"de\",\"@id\":\"https:\\\/\\\/ropesandmore.fr\\\/de\\\/#\\\/schema\\\/logo\\\/image\\\/\",\"url\":\"https:\\\/\\\/ropesandmore.fr\\\/wp-content\\\/uploads\\\/2025\\\/06\\\/Bild6.webp\",\"contentUrl\":\"https:\\\/\\\/ropesandmore.fr\\\/wp-content\\\/uploads\\\/2025\\\/06\\\/Bild6.webp\",\"width\":1023,\"height\":480,\"caption\":\"ropes and more\"},\"image\":{\"@id\":\"https:\\\/\\\/ropesandmore.fr\\\/de\\\/#\\\/schema\\\/logo\\\/image\\\/\"},\"sameAs\":[\"https:\\\/\\\/www.instagram.com\\\/ropesandmoregmbh\\\/\"]}]}<\/script>\n<!-- \/ Yoast SEO plugin. -->","yoast_head_json":{"title":"Polypropylenseil PP SPLIT \u00d812mm 3-litzig gedreht 220m","description":"Polypropylenseil \u00d812mm, 3-litzig gedreht \u2013 220\u202fm Rolle. Leicht, schwimmf\u00e4hig, witterungsbest\u00e4ndig & ideal f\u00fcr Bau, Landwirtschaft, Industrie & Freizeit.","robots":{"index":"index","follow":"follow","max-snippet":"max-snippet:-1","max-image-preview":"max-image-preview:large","max-video-preview":"max-video-preview:-1"},"canonical":"https:\/\/ropesandmore.fr\/de\/produkt\/polypropylenseil-pp-split-o12mm-3-litzig-gedreht-220m\/","og_locale":"de_DE","og_type":"article","og_title":"Polypropylenseil PP SPLIT \u00d812mm 3-litzig gedreht 220m","og_description":"Polypropylenseil \u00d812mm, 3-litzig gedreht \u2013 220\u202fm Rolle. Leicht, schwimmf\u00e4hig, witterungsbest\u00e4ndig & ideal f\u00fcr Bau, Landwirtschaft, Industrie & Freizeit.","og_url":"https:\/\/ropesandmore.fr\/de\/produkt\/polypropylenseil-pp-split-o12mm-3-litzig-gedreht-220m\/","og_site_name":"Ropes and More","article_publisher":"https:\/\/www.instagram.com\/ropesandmoregmbh\/","article_modified_time":"2025-08-05T18:21:03+00:00","og_image":[{"width":1000,"height":1000,"url":"https:\/\/ropesandmore.fr\/wp-content\/uploads\/2025\/05\/12mm-Split-Front.jpg","type":"image\/jpeg"}],"twitter_card":"summary_large_image","twitter_misc":{"Gesch\u00e4tzte Lesezeit":"2\u00a0Minute"},"schema":{"@context":"https:\/\/schema.org","@graph":[{"@type":"WebPage","@id":"https:\/\/ropesandmore.fr\/de\/produkt\/polypropylenseil-pp-split-o12mm-3-litzig-gedreht-220m\/","url":"https:\/\/ropesandmore.fr\/de\/produkt\/polypropylenseil-pp-split-o12mm-3-litzig-gedreht-220m\/","name":"Polypropylenseil PP SPLIT \u00d812mm 3-litzig gedreht 220m","isPartOf":{"@id":"https:\/\/ropesandmore.fr\/de\/#website"},"primaryImageOfPage":{"@id":"https:\/\/ropesandmore.fr\/de\/produkt\/polypropylenseil-pp-split-o12mm-3-litzig-gedreht-220m\/#primaryimage"},"image":{"@id":"https:\/\/ropesandmore.fr\/de\/produkt\/polypropylenseil-pp-split-o12mm-3-litzig-gedreht-220m\/#primaryimage"},"thumbnailUrl":"https:\/\/ropesandmore.fr\/wp-content\/uploads\/2025\/05\/12mm-Split-Front.jpg","datePublished":"2025-05-06T09:03:32+00:00","dateModified":"2025-08-05T18:21:03+00:00","description":"Polypropylenseil \u00d812mm, 3-litzig gedreht \u2013 220\u202fm Rolle. Leicht, schwimmf\u00e4hig, witterungsbest\u00e4ndig & ideal f\u00fcr Bau, Landwirtschaft, Industrie & Freizeit.","breadcrumb":{"@id":"https:\/\/ropesandmore.fr\/de\/produkt\/polypropylenseil-pp-split-o12mm-3-litzig-gedreht-220m\/#breadcrumb"},"inLanguage":"de","potentialAction":[{"@type":"ReadAction","target":["https:\/\/ropesandmore.fr\/de\/produkt\/polypropylenseil-pp-split-o12mm-3-litzig-gedreht-220m\/"]}]},{"@type":"ImageObject","inLanguage":"de","@id":"https:\/\/ropesandmore.fr\/de\/produkt\/polypropylenseil-pp-split-o12mm-3-litzig-gedreht-220m\/#primaryimage","url":"https:\/\/ropesandmore.fr\/wp-content\/uploads\/2025\/05\/12mm-Split-Front.jpg","contentUrl":"https:\/\/ropesandmore.fr\/wp-content\/uploads\/2025\/05\/12mm-Split-Front.jpg","width":1000,"height":1000},{"@type":"BreadcrumbList","@id":"https:\/\/ropesandmore.fr\/de\/produkt\/polypropylenseil-pp-split-o12mm-3-litzig-gedreht-220m\/#breadcrumb","itemListElement":[{"@type":"ListItem","position":1,"name":"Startseite","item":"https:\/\/ropesandmore.fr\/de\/"},{"@type":"ListItem","position":2,"name":"Ropes and More \u2013 Dein Shop f\u00fcr Seile, Tauwerk &amp; Spezialschn\u00fcre","item":"https:\/\/ropesandmore.fr\/ropes-and-more-dein-shop-fuer-seile-tauwerk-spezialschnuere\/"},{"@type":"ListItem","position":3,"name":"Polypropylenseil PP SPLIT \u00d812mm 3-litzig gedreht 220m Orange\/ Blau"}]},{"@type":"WebSite","@id":"https:\/\/ropesandmore.fr\/de\/#website","url":"https:\/\/ropesandmore.fr\/de\/","name":"ropes and more","description":"Your Trusted Partner","publisher":{"@id":"https:\/\/ropesandmore.fr\/de\/#organization"},"potentialAction":[{"@type":"SearchAction","target":{"@type":"EntryPoint","urlTemplate":"https:\/\/ropesandmore.fr\/de\/?s={search_term_string}"},"query-input":{"@type":"PropertyValueSpecification","valueRequired":true,"valueName":"search_term_string"}}],"inLanguage":"de"},{"@type":"Organization","@id":"https:\/\/ropesandmore.fr\/de\/#organization","name":"ropes and more","url":"https:\/\/ropesandmore.fr\/de\/","logo":{"@type":"ImageObject","inLanguage":"de","@id":"https:\/\/ropesandmore.fr\/de\/#\/schema\/logo\/image\/","url":"https:\/\/ropesandmore.fr\/wp-content\/uploads\/2025\/06\/Bild6.webp","contentUrl":"https:\/\/ropesandmore.fr\/wp-content\/uploads\/2025\/06\/Bild6.webp","width":1023,"height":480,"caption":"ropes and more"},"image":{"@id":"https:\/\/ropesandmore.fr\/de\/#\/schema\/logo\/image\/"},"sameAs":["https:\/\/www.instagram.com\/ropesandmoregmbh\/"]}]}},"_links":{"self":[{"href":"https:\/\/ropesandmore.fr\/de\/wp-json\/wp\/v2\/product\/8298","targetHints":{"allow":["GET"]}}],"collection":[{"href":"https:\/\/ropesandmore.fr\/de\/wp-json\/wp\/v2\/product"}],"about":[{"href":"https:\/\/ropesandmore.fr\/de\/wp-json\/wp\/v2\/types\/product"}],"version-history":[{"count":0,"href":"https:\/\/ropesandmore.fr\/de\/wp-json\/wp\/v2\/product\/8298\/revisions"}],"wp:featuredmedia":[{"embeddable":true,"href":"https:\/\/ropesandmore.fr\/de\/wp-json\/wp\/v2\/media\/10932"}],"wp:attachment":[{"href":"https:\/\/ropesandmore.fr\/de\/wp-json\/wp\/v2\/media?parent=8298"}],"wp:term":[{"taxonomy":"product_brand","embeddable":true,"href":"https:\/\/ropesandmore.fr\/de\/wp-json\/wp\/v2\/product_brand?post=8298"},{"taxonomy":"product_cat","embeddable":true,"href":"https:\/\/ropesandmore.fr\/de\/wp-json\/wp\/v2\/product_cat?post=8298"},{"taxonomy":"product_tag","embeddable":true,"href":"https:\/\/ropesandmore.fr\/de\/wp-json\/wp\/v2\/product_tag?post=8298"}],"curies":[{"name":"wp","href":"https:\/\/api.w.org\/{rel}","templated":true}]}}