{"id":8318,"date":"2025-05-06T08:09:37","date_gmt":"2025-05-06T08:09:37","guid":{"rendered":"https:\/\/ropesandmore.fr\/?post_type=product&#038;p=8318"},"modified":"2025-08-18T20:08:16","modified_gmt":"2025-08-18T20:08:16","slug":"senkelschnur-pa-polyamid-o15mm-geflochten-10x20m-set","status":"publish","type":"product","link":"https:\/\/ropesandmore.fr\/de\/produkt\/senkelschnur-pa-polyamid-o15mm-geflochten-10x20m-set\/","title":{"rendered":"Senkelschnur PA Polyamid \u00d81,5mm geflochten 10x20m Maurerschnur SET"},"content":{"rendered":"<h3 class=\"\" data-start=\"134\" data-end=\"203\"><strong data-start=\"138\" data-end=\"199\">Hochwertige Senkelschnur \u2013 Pr\u00e4zision f\u00fcr Ihre Bauprojekte<\/strong> \ud83d\udee0\ufe0f<\/h3>\n<p class=\"\" data-start=\"205\" data-end=\"501\">Unsere <strong data-start=\"212\" data-end=\"228\">Senkelschnur<\/strong> ist das perfekte Werkzeug f\u00fcr <strong data-start=\"259\" data-end=\"297\">alle Bau- und Renovierungsarbeiten<\/strong>, bei denen eine <strong data-start=\"314\" data-end=\"346\">exakte vertikale Ausrichtung<\/strong> erforderlich ist. Mit der <strong data-start=\"373\" data-end=\"389\">Senkelschnur<\/strong> erzielen Sie immer die perfekte Lotrichtung und k\u00f6nnen Ihre Bauprojekte mit <strong data-start=\"466\" data-end=\"488\">h\u00f6chster Pr\u00e4zision<\/strong> durchf\u00fchren. <strong>Made in Germany.<\/strong><\/p>\n<h4 class=\"\" data-start=\"503\" data-end=\"538\"><strong data-start=\"508\" data-end=\"538\">Warum unsere Senkelschnur?<\/strong><\/h4>\n<ul>\n<li data-start=\"541\" data-end=\"655\"><strong data-start=\"541\" data-end=\"571\">Exakte vertikale Messungen<\/strong>: Stellen Sie sicher, dass alle Ausrichtungen perfekt aufeinander abgestimmt sind.<\/li>\n<li data-start=\"658\" data-end=\"754\"><strong data-start=\"658\" data-end=\"683\">Robust und wetterfest \ud83c\udf26\ufe0f<\/strong>: Ideal f\u00fcr den Einsatz sowohl bei <strong data-start=\"718\" data-end=\"751\">Innen- als auch Au\u00dfenarbeiten<\/strong>.<\/li>\n<li data-start=\"757\" data-end=\"899\"><strong data-start=\"757\" data-end=\"786\">Einfach in der Handhabung<\/strong>: Dank des langlebigen Materials und der zuverl\u00e4ssigen Funktion k\u00f6nnen Sie sich auf pr\u00e4zise Ergebnisse verlassen.<\/li>\n<\/ul>\n<hr \/>\n<h4 class=\"\" data-start=\"901\" data-end=\"937\"><strong data-start=\"906\" data-end=\"937\">Vielseitige Einsatzbereiche<\/strong><\/h4>\n<ul>\n<li data-start=\"940\" data-end=\"957\"><strong data-start=\"940\" data-end=\"954\">Stra\u00dfenbau<\/strong> \ud83d\udea7<\/li>\n<li data-start=\"960\" data-end=\"977\"><strong data-start=\"960\" data-end=\"972\">Mauerbau<\/strong> \ud83e\uddf1<\/li>\n<li data-start=\"980\" data-end=\"1008\"><strong data-start=\"980\" data-end=\"1003\">Vermessungsarbeiten<\/strong> \ud83d\udccf<\/li>\n<li data-start=\"1011\" data-end=\"1036\"><strong data-start=\"1011\" data-end=\"1031\">Fliesenverlegung<\/strong><\/li>\n<li data-start=\"1039\" data-end=\"1068\"><strong data-start=\"1039\" data-end=\"1063\">Renovierungsarbeiten<\/strong> \ud83c\udfe1<\/li>\n<li data-start=\"1071\" data-end=\"1109\"><strong data-start=\"1071\" data-end=\"1104\">Terrassen- und Gartenarbeiten<\/strong> \ud83c\udf3f<\/li>\n<li data-start=\"1112\" data-end=\"1131\"><strong data-start=\"1112\" data-end=\"1125\">Baugruben<\/strong> \ud83c\udfd7\ufe0f<\/li>\n<\/ul>\n<h4 class=\"\" data-start=\"1133\" data-end=\"1175\"><strong data-start=\"1138\" data-end=\"1175\">Perfekt f\u00fcr Profis und Heimwerker<\/strong><\/h4>\n<p class=\"\" data-start=\"1176\" data-end=\"1519\">Egal, ob Sie als <strong data-start=\"1193\" data-end=\"1207\">Handwerker<\/strong>, <strong data-start=\"1209\" data-end=\"1222\">Bauleiter<\/strong> oder <strong data-start=\"1228\" data-end=\"1242\">Heimwerker<\/strong> t\u00e4tig sind \u2013 mit unserer <strong data-start=\"1268\" data-end=\"1284\">Senkelschnur<\/strong> erhalten Sie immer pr\u00e4zise und zuverl\u00e4ssige Ergebnisse. Sie ist das ideale Werkzeug, um <strong data-start=\"1373\" data-end=\"1390\">Lotrichtungen<\/strong> und vertikale Ausrichtungen genau zu markieren und sicherzustellen, dass Ihr Projekt nach den h\u00f6chsten Standards umgesetzt wird.<\/p>\n<hr \/>\n<p data-start=\"1176\" data-end=\"1519\"><strong data-start=\"139\" data-end=\"171\">Hinweis zur Farbdarstellung:<\/strong><br data-start=\"171\" data-end=\"174\" \/>Bitte beachten Sie, dass es durch Lichtverh\u00e4ltnisse bei der Produktfotografie sowie durch unterschiedliche Bildschirmdarstellungen zu leichten Farbabweichungen kommen kann.<\/p>\n","protected":false},"excerpt":{"rendered":"<p><strong>Senkelschnur PA Polyamid \u00d81,5mm geflochten 10x20m SET<\/strong><\/p>\n<ul>\n<li data-leveltext=\"\uf0a7\" data-font=\"Wingdings\" data-listid=\"3\" data-list-defn-props=\"{&quot;335552541&quot;:1,&quot;335559685&quot;:720,&quot;335559991&quot;:360,&quot;469769226&quot;:&quot;Wingdings&quot;,&quot;469769242&quot;:[9642],&quot;469777803&quot;:&quot;left&quot;,&quot;469777804&quot;:&quot;\uf0a7&quot;,&quot;469777815&quot;:&quot;multilevel&quot;}\" aria-setsize=\"-1\" data-aria-posinset=\"35\" data-aria-level=\"1\"><span data-contrast=\"auto\">Premium Qualit\u00e4t &#8211; Made in Germany<\/span><span data-ccp-props=\"{}\">\u00a0<\/span><\/li>\n<li data-leveltext=\"\uf0a7\" data-font=\"Wingdings\" data-listid=\"3\" data-list-defn-props=\"{&quot;335552541&quot;:1,&quot;335559685&quot;:720,&quot;335559991&quot;:360,&quot;469769226&quot;:&quot;Wingdings&quot;,&quot;469769242&quot;:[9642],&quot;469777803&quot;:&quot;left&quot;,&quot;469777804&quot;:&quot;\uf0a7&quot;,&quot;469777815&quot;:&quot;multilevel&quot;}\" aria-setsize=\"-1\" data-aria-posinset=\"35\" data-aria-level=\"1\"><span data-contrast=\"auto\">Durchmesser: 1,5 mm<\/span><\/li>\n<li data-leveltext=\"\uf0a7\" data-font=\"Wingdings\" data-listid=\"3\" data-list-defn-props=\"{&quot;335552541&quot;:1,&quot;335559685&quot;:720,&quot;335559991&quot;:360,&quot;469769226&quot;:&quot;Wingdings&quot;,&quot;469769242&quot;:[9642],&quot;469777803&quot;:&quot;left&quot;,&quot;469777804&quot;:&quot;\uf0a7&quot;,&quot;469777815&quot;:&quot;multilevel&quot;}\" aria-setsize=\"-1\" data-aria-posinset=\"35\" data-aria-level=\"1\">Farbe: Wei\u00df oder Gelb<\/li>\n<li data-leveltext=\"\uf0a7\" data-font=\"Wingdings\" data-listid=\"3\" data-list-defn-props=\"{&quot;335552541&quot;:1,&quot;335559685&quot;:720,&quot;335559991&quot;:360,&quot;469769226&quot;:&quot;Wingdings&quot;,&quot;469769242&quot;:[9642],&quot;469777803&quot;:&quot;left&quot;,&quot;469777804&quot;:&quot;\uf0a7&quot;,&quot;469777815&quot;:&quot;multilevel&quot;}\" aria-setsize=\"-1\" data-aria-posinset=\"35\" data-aria-level=\"1\"><span data-contrast=\"auto\">Material: Polyamid geflochten<\/span><\/li>\n<li data-leveltext=\"\uf0a7\" data-font=\"Wingdings\" data-listid=\"3\" data-list-defn-props=\"{&quot;335552541&quot;:1,&quot;335559685&quot;:720,&quot;335559991&quot;:360,&quot;469769226&quot;:&quot;Wingdings&quot;,&quot;469769242&quot;:[9642],&quot;469777803&quot;:&quot;left&quot;,&quot;469777804&quot;:&quot;\uf0a7&quot;,&quot;469777815&quot;:&quot;multilevel&quot;}\" aria-setsize=\"-1\" data-aria-posinset=\"35\" data-aria-level=\"1\"><span data-ccp-props=\"{&quot;134233117&quot;:false,&quot;134233118&quot;:false,&quot;201341983&quot;:0,&quot;335551550&quot;:1,&quot;335551620&quot;:1,&quot;335559685&quot;:720,&quot;335559737&quot;:0,&quot;335559738&quot;:0,&quot;335559739&quot;:160,&quot;335559740&quot;:259,&quot;335559991&quot;:360}\">Eigenschaften: Wetterbest\u00e4ndigkeit, Langlebigkeit, leichte Handhabung\u00a0<\/span><\/li>\n<li data-leveltext=\"\uf0a7\" data-font=\"Wingdings\" data-listid=\"3\" data-list-defn-props=\"{&quot;335552541&quot;:1,&quot;335559685&quot;:720,&quot;335559991&quot;:360,&quot;469769226&quot;:&quot;Wingdings&quot;,&quot;469769242&quot;:[9642],&quot;469777803&quot;:&quot;left&quot;,&quot;469777804&quot;:&quot;\uf0a7&quot;,&quot;469777815&quot;:&quot;multilevel&quot;}\" aria-setsize=\"-1\" data-aria-posinset=\"35\" data-aria-level=\"1\"><span data-contrast=\"auto\">Gewicht per 100m: 0,1 kg<\/span><\/li>\n<\/ul>\n","protected":false},"featured_media":9193,"template":"","meta":{"_acf_changed":false,"site-sidebar-layout":"default","site-content-layout":"","ast-site-content-layout":"default","site-content-style":"default","site-sidebar-style":"default","ast-global-header-display":"","ast-banner-title-visibility":"","ast-main-header-display":"","ast-hfb-above-header-display":"","ast-hfb-below-header-display":"","ast-hfb-mobile-header-display":"","site-post-title":"","ast-breadcrumbs-content":"","ast-featured-img":"","footer-sml-layout":"","ast-disable-related-posts":"","theme-transparent-header-meta":"default","adv-header-id-meta":"","stick-header-meta":"","header-above-stick-meta":"","header-main-stick-meta":"","header-below-stick-meta":"","astra-migrate-meta-layouts":"set","ast-page-background-enabled":"default","ast-page-background-meta":{"desktop":{"background-color":"","background-image":"","background-repeat":"repeat","background-position":"center center","background-size":"auto","background-attachment":"scroll","background-type":"","background-media":"","overlay-type":"","overlay-color":"","overlay-opacity":"","overlay-gradient":""},"tablet":{"background-color":"","background-image":"","background-repeat":"repeat","background-position":"center center","background-size":"auto","background-attachment":"scroll","background-type":"","background-media":"","overlay-type":"","overlay-color":"","overlay-opacity":"","overlay-gradient":""},"mobile":{"background-color":"","background-image":"","background-repeat":"repeat","background-position":"center center","background-size":"auto","background-attachment":"scroll","background-type":"","background-media":"","overlay-type":"","overlay-color":"","overlay-opacity":"","overlay-gradient":""}},"ast-content-background-meta":{"desktop":{"background-color":"var(--ast-global-color-5)","background-image":"","background-repeat":"repeat","background-position":"center center","background-size":"auto","background-attachment":"scroll","background-type":"","background-media":"","overlay-type":"","overlay-color":"","overlay-opacity":"","overlay-gradient":""},"tablet":{"background-color":"var(--ast-global-color-5)","background-image":"","background-repeat":"repeat","background-position":"center center","background-size":"auto","background-attachment":"scroll","background-type":"","background-media":"","overlay-type":"","overlay-color":"","overlay-opacity":"","overlay-gradient":""},"mobile":{"background-color":"var(--ast-global-color-5)","background-image":"","background-repeat":"repeat","background-position":"center center","background-size":"auto","background-attachment":"scroll","background-type":"","background-media":"","overlay-type":"","overlay-color":"","overlay-opacity":"","overlay-gradient":""}}},"product_brand":[193],"product_cat":[91,80,930,102,77,93,105,90,928,860,94,977,929],"product_tag":[871,872,873,870,874,869,868],"class_list":{"0":"post-8318","1":"product","2":"type-product","3":"status-publish","4":"has-post-thumbnail","6":"product_brand-ropes-and-more","7":"product_cat-haushalts-handwerkerseile","8":"product_cat-maurer-richtschnuere","9":"product_cat-naturseile","10":"product_cat-polyamidseile","11":"product_cat-polyamidseile-geflochten","12":"product_cat-seile-fuer-baugewerbe","13":"product_cat-seile-fuer-forstwirtschaft","14":"product_cat-seile-fuer-gartenarbeit","15":"product_cat-seile-fuer-industrie","16":"product_cat-seile-fuer-land-und-forstwirtschaft","17":"product_cat-seile-fuer-maurerarbeiten","18":"product_cat-seile-fuer-strassenbau","19":"product_cat-kategorie-seile-nach-anwendung","20":"product_tag-allzweck-schnur","21":"product_tag-handwerksschnur","22":"product_tag-maurerschnur","23":"product_tag-polyamid-seil","24":"product_tag-richtschnur","25":"product_tag-senkelschnur-geflochten","26":"product_tag-senkelschnur-polyamid","27":"desktop-align-left","28":"tablet-align-left","29":"mobile-align-left","31":"first","32":"instock","33":"taxable","34":"shipping-taxable","35":"purchasable","36":"product-type-variable"},"acf":[],"yoast_head":"<!-- This site is optimized with the Yoast SEO plugin v27.5 - https:\/\/yoast.com\/product\/yoast-seo-wordpress\/ -->\n<title>Senkelschnur PA Polyamid \u00d81,5\u202fmm \u2013 10x20\u202fm Maurerschnur Set<\/title>\n<meta name=\"description\" content=\"Robustes Senkelschnur Set aus PA Polyamid \u00d81,5\u202fmm, 10x20\u202fm geflochten. Ideal als Maurerschnur \u2013 langlebig, rei\u00dffest &amp; pr\u00e4zise f\u00fcr Bau und Handwerk.\" \/>\n<meta name=\"robots\" content=\"index, follow, max-snippet:-1, max-image-preview:large, max-video-preview:-1\" \/>\n<link rel=\"canonical\" href=\"https:\/\/ropesandmore.fr\/de\/produkt\/senkelschnur-pa-polyamid-o15mm-geflochten-10x20m-set\/\" \/>\n<meta property=\"og:locale\" content=\"de_DE\" \/>\n<meta property=\"og:type\" content=\"article\" \/>\n<meta property=\"og:title\" content=\"Senkelschnur PA Polyamid \u00d81,5\u202fmm \u2013 10x20\u202fm Maurerschnur Set\" \/>\n<meta property=\"og:description\" content=\"Robustes Senkelschnur Set aus PA Polyamid \u00d81,5\u202fmm, 10x20\u202fm geflochten. Ideal als Maurerschnur \u2013 langlebig, rei\u00dffest &amp; pr\u00e4zise f\u00fcr Bau und Handwerk.\" \/>\n<meta property=\"og:url\" content=\"https:\/\/ropesandmore.fr\/de\/produkt\/senkelschnur-pa-polyamid-o15mm-geflochten-10x20m-set\/\" \/>\n<meta property=\"og:site_name\" content=\"Ropes and More\" \/>\n<meta property=\"article:publisher\" content=\"https:\/\/www.instagram.com\/ropesandmoregmbh\/\" \/>\n<meta property=\"article:modified_time\" content=\"2025-08-18T20:08:16+00:00\" \/>\n<meta property=\"og:image\" content=\"https:\/\/ropesandmore.fr\/wp-content\/uploads\/2025\/05\/Senkelschnur-PA-Front.jpg\" \/>\n\t<meta property=\"og:image:width\" content=\"1000\" \/>\n\t<meta property=\"og:image:height\" content=\"1000\" \/>\n\t<meta property=\"og:image:type\" content=\"image\/jpeg\" \/>\n<meta name=\"twitter:card\" content=\"summary_large_image\" \/>\n<meta name=\"twitter:label1\" content=\"Gesch\u00e4tzte Lesezeit\" \/>\n\t<meta name=\"twitter:data1\" content=\"2\u00a0Minute\" \/>\n<script type=\"application\/ld+json\" class=\"yoast-schema-graph\">{\"@context\":\"https:\\\/\\\/schema.org\",\"@graph\":[{\"@type\":\"WebPage\",\"@id\":\"https:\\\/\\\/ropesandmore.fr\\\/de\\\/produkt\\\/senkelschnur-pa-polyamid-o15mm-geflochten-10x20m-set\\\/\",\"url\":\"https:\\\/\\\/ropesandmore.fr\\\/de\\\/produkt\\\/senkelschnur-pa-polyamid-o15mm-geflochten-10x20m-set\\\/\",\"name\":\"Senkelschnur PA Polyamid \u00d81,5\u202fmm \u2013 10x20\u202fm Maurerschnur Set\",\"isPartOf\":{\"@id\":\"https:\\\/\\\/ropesandmore.fr\\\/de\\\/#website\"},\"primaryImageOfPage\":{\"@id\":\"https:\\\/\\\/ropesandmore.fr\\\/de\\\/produkt\\\/senkelschnur-pa-polyamid-o15mm-geflochten-10x20m-set\\\/#primaryimage\"},\"image\":{\"@id\":\"https:\\\/\\\/ropesandmore.fr\\\/de\\\/produkt\\\/senkelschnur-pa-polyamid-o15mm-geflochten-10x20m-set\\\/#primaryimage\"},\"thumbnailUrl\":\"https:\\\/\\\/ropesandmore.fr\\\/wp-content\\\/uploads\\\/2025\\\/05\\\/Senkelschnur-PA-Front.jpg\",\"datePublished\":\"2025-05-06T08:09:37+00:00\",\"dateModified\":\"2025-08-18T20:08:16+00:00\",\"description\":\"Robustes Senkelschnur Set aus PA Polyamid \u00d81,5\u202fmm, 10x20\u202fm geflochten. Ideal als Maurerschnur \u2013 langlebig, rei\u00dffest & pr\u00e4zise f\u00fcr Bau und Handwerk.\",\"breadcrumb\":{\"@id\":\"https:\\\/\\\/ropesandmore.fr\\\/de\\\/produkt\\\/senkelschnur-pa-polyamid-o15mm-geflochten-10x20m-set\\\/#breadcrumb\"},\"inLanguage\":\"de\",\"potentialAction\":[{\"@type\":\"ReadAction\",\"target\":[\"https:\\\/\\\/ropesandmore.fr\\\/de\\\/produkt\\\/senkelschnur-pa-polyamid-o15mm-geflochten-10x20m-set\\\/\"]}]},{\"@type\":\"ImageObject\",\"inLanguage\":\"de\",\"@id\":\"https:\\\/\\\/ropesandmore.fr\\\/de\\\/produkt\\\/senkelschnur-pa-polyamid-o15mm-geflochten-10x20m-set\\\/#primaryimage\",\"url\":\"https:\\\/\\\/ropesandmore.fr\\\/wp-content\\\/uploads\\\/2025\\\/05\\\/Senkelschnur-PA-Front.jpg\",\"contentUrl\":\"https:\\\/\\\/ropesandmore.fr\\\/wp-content\\\/uploads\\\/2025\\\/05\\\/Senkelschnur-PA-Front.jpg\",\"width\":1000,\"height\":1000},{\"@type\":\"BreadcrumbList\",\"@id\":\"https:\\\/\\\/ropesandmore.fr\\\/de\\\/produkt\\\/senkelschnur-pa-polyamid-o15mm-geflochten-10x20m-set\\\/#breadcrumb\",\"itemListElement\":[{\"@type\":\"ListItem\",\"position\":1,\"name\":\"Startseite\",\"item\":\"https:\\\/\\\/ropesandmore.fr\\\/de\\\/\"},{\"@type\":\"ListItem\",\"position\":2,\"name\":\"Ropes and More \u2013 Dein Shop f\u00fcr Seile, Tauwerk &amp; Spezialschn\u00fcre\",\"item\":\"https:\\\/\\\/ropesandmore.fr\\\/ropes-and-more-dein-shop-fuer-seile-tauwerk-spezialschnuere\\\/\"},{\"@type\":\"ListItem\",\"position\":3,\"name\":\"Senkelschnur PA Polyamid \u00d81,5mm geflochten 10x20m Maurerschnur SET\"}]},{\"@type\":\"WebSite\",\"@id\":\"https:\\\/\\\/ropesandmore.fr\\\/de\\\/#website\",\"url\":\"https:\\\/\\\/ropesandmore.fr\\\/de\\\/\",\"name\":\"ropes and more\",\"description\":\"Your Trusted Partner\",\"publisher\":{\"@id\":\"https:\\\/\\\/ropesandmore.fr\\\/de\\\/#organization\"},\"potentialAction\":[{\"@type\":\"SearchAction\",\"target\":{\"@type\":\"EntryPoint\",\"urlTemplate\":\"https:\\\/\\\/ropesandmore.fr\\\/de\\\/?s={search_term_string}\"},\"query-input\":{\"@type\":\"PropertyValueSpecification\",\"valueRequired\":true,\"valueName\":\"search_term_string\"}}],\"inLanguage\":\"de\"},{\"@type\":\"Organization\",\"@id\":\"https:\\\/\\\/ropesandmore.fr\\\/de\\\/#organization\",\"name\":\"ropes and more\",\"url\":\"https:\\\/\\\/ropesandmore.fr\\\/de\\\/\",\"logo\":{\"@type\":\"ImageObject\",\"inLanguage\":\"de\",\"@id\":\"https:\\\/\\\/ropesandmore.fr\\\/de\\\/#\\\/schema\\\/logo\\\/image\\\/\",\"url\":\"https:\\\/\\\/ropesandmore.fr\\\/wp-content\\\/uploads\\\/2025\\\/06\\\/Bild6.webp\",\"contentUrl\":\"https:\\\/\\\/ropesandmore.fr\\\/wp-content\\\/uploads\\\/2025\\\/06\\\/Bild6.webp\",\"width\":1023,\"height\":480,\"caption\":\"ropes and more\"},\"image\":{\"@id\":\"https:\\\/\\\/ropesandmore.fr\\\/de\\\/#\\\/schema\\\/logo\\\/image\\\/\"},\"sameAs\":[\"https:\\\/\\\/www.instagram.com\\\/ropesandmoregmbh\\\/\"]}]}<\/script>\n<!-- \/ Yoast SEO plugin. -->","yoast_head_json":{"title":"Senkelschnur PA Polyamid \u00d81,5\u202fmm \u2013 10x20\u202fm Maurerschnur Set","description":"Robustes Senkelschnur Set aus PA Polyamid \u00d81,5\u202fmm, 10x20\u202fm geflochten. Ideal als Maurerschnur \u2013 langlebig, rei\u00dffest & pr\u00e4zise f\u00fcr Bau und Handwerk.","robots":{"index":"index","follow":"follow","max-snippet":"max-snippet:-1","max-image-preview":"max-image-preview:large","max-video-preview":"max-video-preview:-1"},"canonical":"https:\/\/ropesandmore.fr\/de\/produkt\/senkelschnur-pa-polyamid-o15mm-geflochten-10x20m-set\/","og_locale":"de_DE","og_type":"article","og_title":"Senkelschnur PA Polyamid \u00d81,5\u202fmm \u2013 10x20\u202fm Maurerschnur Set","og_description":"Robustes Senkelschnur Set aus PA Polyamid \u00d81,5\u202fmm, 10x20\u202fm geflochten. Ideal als Maurerschnur \u2013 langlebig, rei\u00dffest & pr\u00e4zise f\u00fcr Bau und Handwerk.","og_url":"https:\/\/ropesandmore.fr\/de\/produkt\/senkelschnur-pa-polyamid-o15mm-geflochten-10x20m-set\/","og_site_name":"Ropes and More","article_publisher":"https:\/\/www.instagram.com\/ropesandmoregmbh\/","article_modified_time":"2025-08-18T20:08:16+00:00","og_image":[{"width":1000,"height":1000,"url":"https:\/\/ropesandmore.fr\/wp-content\/uploads\/2025\/05\/Senkelschnur-PA-Front.jpg","type":"image\/jpeg"}],"twitter_card":"summary_large_image","twitter_misc":{"Gesch\u00e4tzte Lesezeit":"2\u00a0Minute"},"schema":{"@context":"https:\/\/schema.org","@graph":[{"@type":"WebPage","@id":"https:\/\/ropesandmore.fr\/de\/produkt\/senkelschnur-pa-polyamid-o15mm-geflochten-10x20m-set\/","url":"https:\/\/ropesandmore.fr\/de\/produkt\/senkelschnur-pa-polyamid-o15mm-geflochten-10x20m-set\/","name":"Senkelschnur PA Polyamid \u00d81,5\u202fmm \u2013 10x20\u202fm Maurerschnur Set","isPartOf":{"@id":"https:\/\/ropesandmore.fr\/de\/#website"},"primaryImageOfPage":{"@id":"https:\/\/ropesandmore.fr\/de\/produkt\/senkelschnur-pa-polyamid-o15mm-geflochten-10x20m-set\/#primaryimage"},"image":{"@id":"https:\/\/ropesandmore.fr\/de\/produkt\/senkelschnur-pa-polyamid-o15mm-geflochten-10x20m-set\/#primaryimage"},"thumbnailUrl":"https:\/\/ropesandmore.fr\/wp-content\/uploads\/2025\/05\/Senkelschnur-PA-Front.jpg","datePublished":"2025-05-06T08:09:37+00:00","dateModified":"2025-08-18T20:08:16+00:00","description":"Robustes Senkelschnur Set aus PA Polyamid \u00d81,5\u202fmm, 10x20\u202fm geflochten. Ideal als Maurerschnur \u2013 langlebig, rei\u00dffest & pr\u00e4zise f\u00fcr Bau und Handwerk.","breadcrumb":{"@id":"https:\/\/ropesandmore.fr\/de\/produkt\/senkelschnur-pa-polyamid-o15mm-geflochten-10x20m-set\/#breadcrumb"},"inLanguage":"de","potentialAction":[{"@type":"ReadAction","target":["https:\/\/ropesandmore.fr\/de\/produkt\/senkelschnur-pa-polyamid-o15mm-geflochten-10x20m-set\/"]}]},{"@type":"ImageObject","inLanguage":"de","@id":"https:\/\/ropesandmore.fr\/de\/produkt\/senkelschnur-pa-polyamid-o15mm-geflochten-10x20m-set\/#primaryimage","url":"https:\/\/ropesandmore.fr\/wp-content\/uploads\/2025\/05\/Senkelschnur-PA-Front.jpg","contentUrl":"https:\/\/ropesandmore.fr\/wp-content\/uploads\/2025\/05\/Senkelschnur-PA-Front.jpg","width":1000,"height":1000},{"@type":"BreadcrumbList","@id":"https:\/\/ropesandmore.fr\/de\/produkt\/senkelschnur-pa-polyamid-o15mm-geflochten-10x20m-set\/#breadcrumb","itemListElement":[{"@type":"ListItem","position":1,"name":"Startseite","item":"https:\/\/ropesandmore.fr\/de\/"},{"@type":"ListItem","position":2,"name":"Ropes and More \u2013 Dein Shop f\u00fcr Seile, Tauwerk &amp; Spezialschn\u00fcre","item":"https:\/\/ropesandmore.fr\/ropes-and-more-dein-shop-fuer-seile-tauwerk-spezialschnuere\/"},{"@type":"ListItem","position":3,"name":"Senkelschnur PA Polyamid \u00d81,5mm geflochten 10x20m Maurerschnur SET"}]},{"@type":"WebSite","@id":"https:\/\/ropesandmore.fr\/de\/#website","url":"https:\/\/ropesandmore.fr\/de\/","name":"ropes and more","description":"Your Trusted Partner","publisher":{"@id":"https:\/\/ropesandmore.fr\/de\/#organization"},"potentialAction":[{"@type":"SearchAction","target":{"@type":"EntryPoint","urlTemplate":"https:\/\/ropesandmore.fr\/de\/?s={search_term_string}"},"query-input":{"@type":"PropertyValueSpecification","valueRequired":true,"valueName":"search_term_string"}}],"inLanguage":"de"},{"@type":"Organization","@id":"https:\/\/ropesandmore.fr\/de\/#organization","name":"ropes and more","url":"https:\/\/ropesandmore.fr\/de\/","logo":{"@type":"ImageObject","inLanguage":"de","@id":"https:\/\/ropesandmore.fr\/de\/#\/schema\/logo\/image\/","url":"https:\/\/ropesandmore.fr\/wp-content\/uploads\/2025\/06\/Bild6.webp","contentUrl":"https:\/\/ropesandmore.fr\/wp-content\/uploads\/2025\/06\/Bild6.webp","width":1023,"height":480,"caption":"ropes and more"},"image":{"@id":"https:\/\/ropesandmore.fr\/de\/#\/schema\/logo\/image\/"},"sameAs":["https:\/\/www.instagram.com\/ropesandmoregmbh\/"]}]}},"_links":{"self":[{"href":"https:\/\/ropesandmore.fr\/de\/wp-json\/wp\/v2\/product\/8318","targetHints":{"allow":["GET"]}}],"collection":[{"href":"https:\/\/ropesandmore.fr\/de\/wp-json\/wp\/v2\/product"}],"about":[{"href":"https:\/\/ropesandmore.fr\/de\/wp-json\/wp\/v2\/types\/product"}],"version-history":[{"count":0,"href":"https:\/\/ropesandmore.fr\/de\/wp-json\/wp\/v2\/product\/8318\/revisions"}],"wp:featuredmedia":[{"embeddable":true,"href":"https:\/\/ropesandmore.fr\/de\/wp-json\/wp\/v2\/media\/9193"}],"wp:attachment":[{"href":"https:\/\/ropesandmore.fr\/de\/wp-json\/wp\/v2\/media?parent=8318"}],"wp:term":[{"taxonomy":"product_brand","embeddable":true,"href":"https:\/\/ropesandmore.fr\/de\/wp-json\/wp\/v2\/product_brand?post=8318"},{"taxonomy":"product_cat","embeddable":true,"href":"https:\/\/ropesandmore.fr\/de\/wp-json\/wp\/v2\/product_cat?post=8318"},{"taxonomy":"product_tag","embeddable":true,"href":"https:\/\/ropesandmore.fr\/de\/wp-json\/wp\/v2\/product_tag?post=8318"}],"curies":[{"name":"wp","href":"https:\/\/api.w.org\/{rel}","templated":true}]}}