{"id":8326,"date":"2025-05-06T08:56:27","date_gmt":"2025-05-06T08:56:27","guid":{"rendered":"https:\/\/ropesandmore.fr\/?post_type=product&#038;p=8326"},"modified":"2025-08-05T18:27:25","modified_gmt":"2025-08-05T18:27:25","slug":"reflektierendes-polyesterseil-pes-o2mm-geflochten-sichtbar-bei-dunkelheit-100m","status":"publish","type":"product","link":"https:\/\/ropesandmore.fr\/de\/produkt\/reflektierendes-polyesterseil-pes-o2mm-geflochten-sichtbar-bei-dunkelheit-100m\/","title":{"rendered":"Reflektierendes Polyesterseil PES \u00d82mm geflochten sichtbar bei Dunkelheit 100m"},"content":{"rendered":"<h3 class=\"\" data-start=\"107\" data-end=\"183\"><strong data-start=\"111\" data-end=\"183\">Reflektierendes Polyesterseil \u2013 F\u00fcr Sicherheit und Halt im Freien \ud83d\udd26<\/strong><\/h3>\n<p class=\"\" data-start=\"185\" data-end=\"519\">Unser <strong data-start=\"191\" data-end=\"237\">hochwertiges reflektierendes Polyesterseil<\/strong> bietet nicht nur <strong data-start=\"255\" data-end=\"282\">zuverl\u00e4ssige Stabilit\u00e4t<\/strong>, sondern auch <strong data-start=\"297\" data-end=\"323\">zus\u00e4tzliche Sicherheit<\/strong> dank <strong data-start=\"329\" data-end=\"365\">eingearbeiteter Reflektionsf\u00e4den<\/strong>. Mit seiner <strong data-start=\"378\" data-end=\"402\">hohen Rei\u00dffestigkeit<\/strong>, <strong data-start=\"404\" data-end=\"422\">Formstabilit\u00e4t<\/strong> und <strong data-start=\"427\" data-end=\"454\">Witterungsbest\u00e4ndigkeit<\/strong> ist dieses Seil ideal f\u00fcr <strong data-start=\"481\" data-end=\"518\">den dauerhaften Einsatz im Freien<\/strong>.<\/p>\n<hr class=\"\" data-start=\"521\" data-end=\"524\" \/>\n<h3 class=\"\" data-start=\"526\" data-end=\"581\"><strong data-start=\"530\" data-end=\"581\">\ud83c\udfaf Vorteile des reflektierenden Polyesterseils:<\/strong><\/h3>\n<ul>\n<li data-start=\"585\" data-end=\"636\"><strong data-start=\"585\" data-end=\"608\">Hohe Rei\u00dffestigkeit<\/strong> und <strong data-start=\"613\" data-end=\"631\">Formstabilit\u00e4t<\/strong> \ud83d\udee0\ufe0f<\/li>\n<li data-start=\"639\" data-end=\"679\"><strong data-start=\"639\" data-end=\"655\">UV-best\u00e4ndig<\/strong> und <strong data-start=\"660\" data-end=\"674\">abriebfest<\/strong> \ud83c\udf1e<\/li>\n<li data-start=\"682\" data-end=\"746\"><strong data-start=\"682\" data-end=\"705\">Witterungsbest\u00e4ndig<\/strong> \u2013 h\u00e4lt Wind, Regen und Sonne stand \ud83c\udf27\ufe0f<\/li>\n<li data-start=\"749\" data-end=\"805\"><strong data-start=\"749\" data-end=\"765\">Kaum Dehnung<\/strong> f\u00fcr zuverl\u00e4ssige Spannung und Halt \u26d3\ufe0f<\/li>\n<\/ul>\n<hr class=\"\" data-start=\"807\" data-end=\"810\" \/>\n<h3 class=\"\" data-start=\"812\" data-end=\"849\"><strong data-start=\"816\" data-end=\"849\">\ud83d\udca1 Reflektierende Sicherheit:<\/strong><\/h3>\n<p class=\"\" data-start=\"851\" data-end=\"1162\">Das <strong data-start=\"855\" data-end=\"878\">reflektierende Garn<\/strong> ist gleichm\u00e4\u00dfig in die Seilstruktur eingewebt und sorgt f\u00fcr eine <strong data-start=\"944\" data-end=\"985\">auff\u00e4llige Reflexion bei Lichteinfall<\/strong>. Ob durch <strong data-start=\"996\" data-end=\"1013\">Taschenlampen<\/strong>, <strong data-start=\"1015\" data-end=\"1035\">Autoscheinwerfer<\/strong> oder andere <strong data-start=\"1048\" data-end=\"1064\">Lichtquellen<\/strong> \u2013 das Seil ist in der Dunkelheit immer sichtbar und erh\u00f6ht so Ihre Sicherheit im Outdoor-Bereich.<\/p>\n<hr class=\"\" data-start=\"1164\" data-end=\"1167\" \/>\n<h3 class=\"\" data-start=\"1169\" data-end=\"1211\"><strong data-start=\"1173\" data-end=\"1211\">\ud83c\udfd5\ufe0f Ideal f\u00fcr den Outdoor-Einsatz:<\/strong><\/h3>\n<ul>\n<li data-start=\"1215\" data-end=\"1247\"><strong data-start=\"1215\" data-end=\"1226\">Camping<\/strong> und <strong data-start=\"1231\" data-end=\"1241\">Zelten<\/strong> \ud83c\udfd5\ufe0f<\/li>\n<li data-start=\"1250\" data-end=\"1296\"><strong data-start=\"1250\" data-end=\"1266\">Abspannungen<\/strong> und <strong data-start=\"1271\" data-end=\"1291\">Sicherheitsseile<\/strong> \ud83e\uddd7<\/li>\n<li data-start=\"1299\" data-end=\"1350\"><strong data-start=\"1299\" data-end=\"1322\">Outdoor-Aktivit\u00e4ten<\/strong> und <strong data-start=\"1327\" data-end=\"1347\">Nachtwanderungen<\/strong> \ud83c\udf19<\/li>\n<\/ul>\n<hr class=\"\" data-start=\"1352\" data-end=\"1355\" \/>\n<p class=\"\" data-start=\"1357\" data-end=\"1414\"><strong data-start=\"39\" data-end=\"61\">Wichtiger Hinweis:<\/strong> Dieses Seil ist <strong data-start=\"78\" data-end=\"113\">nicht f\u00fcr die Personensicherung<\/strong> geeignet\ud83d\udeab.<\/p>\n<hr \/>\n<p><strong data-start=\"139\" data-end=\"171\">Hinweis zur Farbdarstellung:<\/strong><br data-start=\"171\" data-end=\"174\" \/>Bitte beachten Sie, dass es durch Lichtverh\u00e4ltnisse bei der Produktfotografie sowie durch unterschiedliche Bildschirmdarstellungen zu leichten Farbabweichungen kommen kann.<\/p>\n","protected":false},"excerpt":{"rendered":"<ul>\n<li>Durchmesser: 2 mm<\/li>\n<li>Farbe: Schwarz<\/li>\n<li>Bruchlast: 75 daN(kg)<\/li>\n<li>Material: Polyester hochfest mit reflektierendem Garn<\/li>\n<li><strong data-start=\"673\" data-end=\"691\">Reflektierend:<\/strong> Eingewebte Reflexstreifen sorgen f\u00fcr optimale Sichtbarkeit bei Dunkelheit<\/li>\n<li>Flechtung: 16-fach geflochten<\/li>\n<li>Arbeitsdehnung &lt;5%<\/li>\n<li>Eigenschaften: hohe Festigkeit, Witterungsbest\u00e4ndigkeit, Abriebfestigkeit, geringe Dehnung<\/li>\n<li><span data-contrast=\"auto\">Gewicht per 100m: 0,3 kg<\/span><\/li>\n<li>Sonderl\u00e4ngen auf Anfrage<\/li>\n<\/ul>\n","protected":false},"featured_media":8327,"template":"","meta":{"_acf_changed":false,"site-sidebar-layout":"default","site-content-layout":"","ast-site-content-layout":"default","site-content-style":"default","site-sidebar-style":"default","ast-global-header-display":"","ast-banner-title-visibility":"","ast-main-header-display":"","ast-hfb-above-header-display":"","ast-hfb-below-header-display":"","ast-hfb-mobile-header-display":"","site-post-title":"","ast-breadcrumbs-content":"","ast-featured-img":"","footer-sml-layout":"","ast-disable-related-posts":"","theme-transparent-header-meta":"default","adv-header-id-meta":"","stick-header-meta":"","header-above-stick-meta":"","header-main-stick-meta":"","header-below-stick-meta":"","astra-migrate-meta-layouts":"set","ast-page-background-enabled":"default","ast-page-background-meta":{"desktop":{"background-color":"","background-image":"","background-repeat":"repeat","background-position":"center center","background-size":"auto","background-attachment":"scroll","background-type":"","background-media":"","overlay-type":"","overlay-color":"","overlay-opacity":"","overlay-gradient":""},"tablet":{"background-color":"","background-image":"","background-repeat":"repeat","background-position":"center center","background-size":"auto","background-attachment":"scroll","background-type":"","background-media":"","overlay-type":"","overlay-color":"","overlay-opacity":"","overlay-gradient":""},"mobile":{"background-color":"","background-image":"","background-repeat":"repeat","background-position":"center center","background-size":"auto","background-attachment":"scroll","background-type":"","background-media":"","overlay-type":"","overlay-color":"","overlay-opacity":"","overlay-gradient":""}},"ast-content-background-meta":{"desktop":{"background-color":"var(--ast-global-color-5)","background-image":"","background-repeat":"repeat","background-position":"center center","background-size":"auto","background-attachment":"scroll","background-type":"","background-media":"","overlay-type":"","overlay-color":"","overlay-opacity":"","overlay-gradient":""},"tablet":{"background-color":"var(--ast-global-color-5)","background-image":"","background-repeat":"repeat","background-position":"center center","background-size":"auto","background-attachment":"scroll","background-type":"","background-media":"","overlay-type":"","overlay-color":"","overlay-opacity":"","overlay-gradient":""},"mobile":{"background-color":"var(--ast-global-color-5)","background-image":"","background-repeat":"repeat","background-position":"center center","background-size":"auto","background-attachment":"scroll","background-type":"","background-media":"","overlay-type":"","overlay-color":"","overlay-opacity":"","overlay-gradient":""}}},"product_brand":[193],"product_cat":[85,101,75,116,92,105,90,928,860,87,929,396],"product_tag":[411,409,406,408,400,407,410,413,401,412],"class_list":{"0":"post-8326","1":"product","2":"type-product","3":"status-publish","4":"has-post-thumbnail","6":"product_brand-ropes-and-more","7":"product_cat-kreativbedarf-diy-materialien-basteln-naehen-deko","8":"product_cat-polyesterseile","9":"product_cat-polyesterseile-geflochten","10":"product_cat-reflektierende-seile","11":"product_cat-seile-fuer-boote-segelsport","12":"product_cat-seile-fuer-forstwirtschaft","13":"product_cat-seile-fuer-gartenarbeit","14":"product_cat-seile-fuer-industrie","15":"product_cat-seile-fuer-land-und-forstwirtschaft","16":"product_cat-seile-fuer-sport-outdoor","17":"product_cat-kategorie-seile-nach-anwendung","18":"product_cat-spezielle-seilprodukte","19":"product_tag-duennes-sicherheitsseil","20":"product_tag-geflochtenes-seil-2mm","21":"product_tag-nacht-sichtbares-seil","22":"product_tag-polyesterseil-reflektierend","23":"product_tag-reflektierendes-pes-seil","24":"product_tag-reflektierendes-seil-2mm","25":"product_tag-reflektorleine-outdoor","26":"product_tag-reflektorseil-100m","27":"product_tag-sichtbarkeit-bei-dunkelheit","28":"product_tag-zeltleine-reflektierend","29":"desktop-align-left","30":"tablet-align-left","31":"mobile-align-left","33":"first","34":"instock","35":"taxable","36":"shipping-taxable","37":"purchasable","38":"product-type-simple"},"acf":[],"yoast_head":"<!-- This site is optimized with the Yoast SEO plugin v27.5 - https:\/\/yoast.com\/product\/yoast-seo-wordpress\/ -->\n<title>Reflektierendes Polyesterseil \u00d82\u202fmm\/ 100\u202fm - Sicherheit bei \ud83c\udf19<\/title>\n<meta name=\"description\" content=\"Reflektierendes Polyesterseil \u00d82mm, 100\u202fm \u2013 geflochten, robust &amp; sichtbar bei Dunkelheit. Ideal f\u00fcr Outdoor, Zeltleinen, Sicherheit &amp; Camping.\" \/>\n<meta name=\"robots\" content=\"index, follow, max-snippet:-1, max-image-preview:large, max-video-preview:-1\" \/>\n<link rel=\"canonical\" href=\"https:\/\/ropesandmore.fr\/de\/produkt\/reflektierendes-polyesterseil-pes-o2mm-geflochten-sichtbar-bei-dunkelheit-100m\/\" \/>\n<meta property=\"og:locale\" content=\"de_DE\" \/>\n<meta property=\"og:type\" content=\"article\" \/>\n<meta property=\"og:title\" content=\"Reflektierendes Polyesterseil \u00d82\u202fmm\/ 100\u202fm - Sicherheit bei \ud83c\udf19\" \/>\n<meta property=\"og:description\" content=\"Reflektierendes Polyesterseil \u00d82mm, 100\u202fm \u2013 geflochten, robust &amp; sichtbar bei Dunkelheit. Ideal f\u00fcr Outdoor, Zeltleinen, Sicherheit &amp; Camping.\" \/>\n<meta property=\"og:url\" content=\"https:\/\/ropesandmore.fr\/de\/produkt\/reflektierendes-polyesterseil-pes-o2mm-geflochten-sichtbar-bei-dunkelheit-100m\/\" \/>\n<meta property=\"og:site_name\" content=\"Ropes and More\" \/>\n<meta property=\"article:publisher\" content=\"https:\/\/www.instagram.com\/ropesandmoregmbh\/\" \/>\n<meta property=\"article:modified_time\" content=\"2025-08-05T18:27:25+00:00\" \/>\n<meta property=\"og:image\" content=\"https:\/\/ropesandmore.fr\/wp-content\/uploads\/2025\/04\/2mm-PES-Reflektierend.jpg\" \/>\n\t<meta property=\"og:image:width\" content=\"1000\" \/>\n\t<meta property=\"og:image:height\" content=\"992\" \/>\n\t<meta property=\"og:image:type\" content=\"image\/jpeg\" \/>\n<meta name=\"twitter:card\" content=\"summary_large_image\" \/>\n<meta name=\"twitter:label1\" content=\"Gesch\u00e4tzte Lesezeit\" \/>\n\t<meta name=\"twitter:data1\" content=\"2\u00a0Minute\" \/>\n<script type=\"application\/ld+json\" class=\"yoast-schema-graph\">{\"@context\":\"https:\\\/\\\/schema.org\",\"@graph\":[{\"@type\":\"WebPage\",\"@id\":\"https:\\\/\\\/ropesandmore.fr\\\/de\\\/produkt\\\/reflektierendes-polyesterseil-pes-o2mm-geflochten-sichtbar-bei-dunkelheit-100m\\\/\",\"url\":\"https:\\\/\\\/ropesandmore.fr\\\/de\\\/produkt\\\/reflektierendes-polyesterseil-pes-o2mm-geflochten-sichtbar-bei-dunkelheit-100m\\\/\",\"name\":\"Reflektierendes Polyesterseil \u00d82\u202fmm\\\/ 100\u202fm - Sicherheit bei \ud83c\udf19\",\"isPartOf\":{\"@id\":\"https:\\\/\\\/ropesandmore.fr\\\/de\\\/#website\"},\"primaryImageOfPage\":{\"@id\":\"https:\\\/\\\/ropesandmore.fr\\\/de\\\/produkt\\\/reflektierendes-polyesterseil-pes-o2mm-geflochten-sichtbar-bei-dunkelheit-100m\\\/#primaryimage\"},\"image\":{\"@id\":\"https:\\\/\\\/ropesandmore.fr\\\/de\\\/produkt\\\/reflektierendes-polyesterseil-pes-o2mm-geflochten-sichtbar-bei-dunkelheit-100m\\\/#primaryimage\"},\"thumbnailUrl\":\"https:\\\/\\\/ropesandmore.fr\\\/wp-content\\\/uploads\\\/2025\\\/04\\\/2mm-PES-Reflektierend.jpg\",\"datePublished\":\"2025-05-06T08:56:27+00:00\",\"dateModified\":\"2025-08-05T18:27:25+00:00\",\"description\":\"Reflektierendes Polyesterseil \u00d82mm, 100\u202fm \u2013 geflochten, robust & sichtbar bei Dunkelheit. Ideal f\u00fcr Outdoor, Zeltleinen, Sicherheit & Camping.\",\"breadcrumb\":{\"@id\":\"https:\\\/\\\/ropesandmore.fr\\\/de\\\/produkt\\\/reflektierendes-polyesterseil-pes-o2mm-geflochten-sichtbar-bei-dunkelheit-100m\\\/#breadcrumb\"},\"inLanguage\":\"de\",\"potentialAction\":[{\"@type\":\"ReadAction\",\"target\":[\"https:\\\/\\\/ropesandmore.fr\\\/de\\\/produkt\\\/reflektierendes-polyesterseil-pes-o2mm-geflochten-sichtbar-bei-dunkelheit-100m\\\/\"]}]},{\"@type\":\"ImageObject\",\"inLanguage\":\"de\",\"@id\":\"https:\\\/\\\/ropesandmore.fr\\\/de\\\/produkt\\\/reflektierendes-polyesterseil-pes-o2mm-geflochten-sichtbar-bei-dunkelheit-100m\\\/#primaryimage\",\"url\":\"https:\\\/\\\/ropesandmore.fr\\\/wp-content\\\/uploads\\\/2025\\\/04\\\/2mm-PES-Reflektierend.jpg\",\"contentUrl\":\"https:\\\/\\\/ropesandmore.fr\\\/wp-content\\\/uploads\\\/2025\\\/04\\\/2mm-PES-Reflektierend.jpg\",\"width\":1000,\"height\":992},{\"@type\":\"BreadcrumbList\",\"@id\":\"https:\\\/\\\/ropesandmore.fr\\\/de\\\/produkt\\\/reflektierendes-polyesterseil-pes-o2mm-geflochten-sichtbar-bei-dunkelheit-100m\\\/#breadcrumb\",\"itemListElement\":[{\"@type\":\"ListItem\",\"position\":1,\"name\":\"Startseite\",\"item\":\"https:\\\/\\\/ropesandmore.fr\\\/de\\\/\"},{\"@type\":\"ListItem\",\"position\":2,\"name\":\"Ropes and More \u2013 Dein Shop f\u00fcr Seile, Tauwerk &amp; Spezialschn\u00fcre\",\"item\":\"https:\\\/\\\/ropesandmore.fr\\\/ropes-and-more-dein-shop-fuer-seile-tauwerk-spezialschnuere\\\/\"},{\"@type\":\"ListItem\",\"position\":3,\"name\":\"Reflektierendes Polyesterseil PES \u00d82mm geflochten sichtbar bei Dunkelheit 100m\"}]},{\"@type\":\"WebSite\",\"@id\":\"https:\\\/\\\/ropesandmore.fr\\\/de\\\/#website\",\"url\":\"https:\\\/\\\/ropesandmore.fr\\\/de\\\/\",\"name\":\"ropes and more\",\"description\":\"Your Trusted Partner\",\"publisher\":{\"@id\":\"https:\\\/\\\/ropesandmore.fr\\\/de\\\/#organization\"},\"potentialAction\":[{\"@type\":\"SearchAction\",\"target\":{\"@type\":\"EntryPoint\",\"urlTemplate\":\"https:\\\/\\\/ropesandmore.fr\\\/de\\\/?s={search_term_string}\"},\"query-input\":{\"@type\":\"PropertyValueSpecification\",\"valueRequired\":true,\"valueName\":\"search_term_string\"}}],\"inLanguage\":\"de\"},{\"@type\":\"Organization\",\"@id\":\"https:\\\/\\\/ropesandmore.fr\\\/de\\\/#organization\",\"name\":\"ropes and more\",\"url\":\"https:\\\/\\\/ropesandmore.fr\\\/de\\\/\",\"logo\":{\"@type\":\"ImageObject\",\"inLanguage\":\"de\",\"@id\":\"https:\\\/\\\/ropesandmore.fr\\\/de\\\/#\\\/schema\\\/logo\\\/image\\\/\",\"url\":\"https:\\\/\\\/ropesandmore.fr\\\/wp-content\\\/uploads\\\/2025\\\/06\\\/Bild6.webp\",\"contentUrl\":\"https:\\\/\\\/ropesandmore.fr\\\/wp-content\\\/uploads\\\/2025\\\/06\\\/Bild6.webp\",\"width\":1023,\"height\":480,\"caption\":\"ropes and more\"},\"image\":{\"@id\":\"https:\\\/\\\/ropesandmore.fr\\\/de\\\/#\\\/schema\\\/logo\\\/image\\\/\"},\"sameAs\":[\"https:\\\/\\\/www.instagram.com\\\/ropesandmoregmbh\\\/\"]}]}<\/script>\n<!-- \/ Yoast SEO plugin. -->","yoast_head_json":{"title":"Reflektierendes Polyesterseil \u00d82\u202fmm\/ 100\u202fm - Sicherheit bei \ud83c\udf19","description":"Reflektierendes Polyesterseil \u00d82mm, 100\u202fm \u2013 geflochten, robust & sichtbar bei Dunkelheit. Ideal f\u00fcr Outdoor, Zeltleinen, Sicherheit & Camping.","robots":{"index":"index","follow":"follow","max-snippet":"max-snippet:-1","max-image-preview":"max-image-preview:large","max-video-preview":"max-video-preview:-1"},"canonical":"https:\/\/ropesandmore.fr\/de\/produkt\/reflektierendes-polyesterseil-pes-o2mm-geflochten-sichtbar-bei-dunkelheit-100m\/","og_locale":"de_DE","og_type":"article","og_title":"Reflektierendes Polyesterseil \u00d82\u202fmm\/ 100\u202fm - Sicherheit bei \ud83c\udf19","og_description":"Reflektierendes Polyesterseil \u00d82mm, 100\u202fm \u2013 geflochten, robust & sichtbar bei Dunkelheit. Ideal f\u00fcr Outdoor, Zeltleinen, Sicherheit & Camping.","og_url":"https:\/\/ropesandmore.fr\/de\/produkt\/reflektierendes-polyesterseil-pes-o2mm-geflochten-sichtbar-bei-dunkelheit-100m\/","og_site_name":"Ropes and More","article_publisher":"https:\/\/www.instagram.com\/ropesandmoregmbh\/","article_modified_time":"2025-08-05T18:27:25+00:00","og_image":[{"width":1000,"height":992,"url":"https:\/\/ropesandmore.fr\/wp-content\/uploads\/2025\/04\/2mm-PES-Reflektierend.jpg","type":"image\/jpeg"}],"twitter_card":"summary_large_image","twitter_misc":{"Gesch\u00e4tzte Lesezeit":"2\u00a0Minute"},"schema":{"@context":"https:\/\/schema.org","@graph":[{"@type":"WebPage","@id":"https:\/\/ropesandmore.fr\/de\/produkt\/reflektierendes-polyesterseil-pes-o2mm-geflochten-sichtbar-bei-dunkelheit-100m\/","url":"https:\/\/ropesandmore.fr\/de\/produkt\/reflektierendes-polyesterseil-pes-o2mm-geflochten-sichtbar-bei-dunkelheit-100m\/","name":"Reflektierendes Polyesterseil \u00d82\u202fmm\/ 100\u202fm - Sicherheit bei \ud83c\udf19","isPartOf":{"@id":"https:\/\/ropesandmore.fr\/de\/#website"},"primaryImageOfPage":{"@id":"https:\/\/ropesandmore.fr\/de\/produkt\/reflektierendes-polyesterseil-pes-o2mm-geflochten-sichtbar-bei-dunkelheit-100m\/#primaryimage"},"image":{"@id":"https:\/\/ropesandmore.fr\/de\/produkt\/reflektierendes-polyesterseil-pes-o2mm-geflochten-sichtbar-bei-dunkelheit-100m\/#primaryimage"},"thumbnailUrl":"https:\/\/ropesandmore.fr\/wp-content\/uploads\/2025\/04\/2mm-PES-Reflektierend.jpg","datePublished":"2025-05-06T08:56:27+00:00","dateModified":"2025-08-05T18:27:25+00:00","description":"Reflektierendes Polyesterseil \u00d82mm, 100\u202fm \u2013 geflochten, robust & sichtbar bei Dunkelheit. Ideal f\u00fcr Outdoor, Zeltleinen, Sicherheit & Camping.","breadcrumb":{"@id":"https:\/\/ropesandmore.fr\/de\/produkt\/reflektierendes-polyesterseil-pes-o2mm-geflochten-sichtbar-bei-dunkelheit-100m\/#breadcrumb"},"inLanguage":"de","potentialAction":[{"@type":"ReadAction","target":["https:\/\/ropesandmore.fr\/de\/produkt\/reflektierendes-polyesterseil-pes-o2mm-geflochten-sichtbar-bei-dunkelheit-100m\/"]}]},{"@type":"ImageObject","inLanguage":"de","@id":"https:\/\/ropesandmore.fr\/de\/produkt\/reflektierendes-polyesterseil-pes-o2mm-geflochten-sichtbar-bei-dunkelheit-100m\/#primaryimage","url":"https:\/\/ropesandmore.fr\/wp-content\/uploads\/2025\/04\/2mm-PES-Reflektierend.jpg","contentUrl":"https:\/\/ropesandmore.fr\/wp-content\/uploads\/2025\/04\/2mm-PES-Reflektierend.jpg","width":1000,"height":992},{"@type":"BreadcrumbList","@id":"https:\/\/ropesandmore.fr\/de\/produkt\/reflektierendes-polyesterseil-pes-o2mm-geflochten-sichtbar-bei-dunkelheit-100m\/#breadcrumb","itemListElement":[{"@type":"ListItem","position":1,"name":"Startseite","item":"https:\/\/ropesandmore.fr\/de\/"},{"@type":"ListItem","position":2,"name":"Ropes and More \u2013 Dein Shop f\u00fcr Seile, Tauwerk &amp; Spezialschn\u00fcre","item":"https:\/\/ropesandmore.fr\/ropes-and-more-dein-shop-fuer-seile-tauwerk-spezialschnuere\/"},{"@type":"ListItem","position":3,"name":"Reflektierendes Polyesterseil PES \u00d82mm geflochten sichtbar bei Dunkelheit 100m"}]},{"@type":"WebSite","@id":"https:\/\/ropesandmore.fr\/de\/#website","url":"https:\/\/ropesandmore.fr\/de\/","name":"ropes and more","description":"Your Trusted Partner","publisher":{"@id":"https:\/\/ropesandmore.fr\/de\/#organization"},"potentialAction":[{"@type":"SearchAction","target":{"@type":"EntryPoint","urlTemplate":"https:\/\/ropesandmore.fr\/de\/?s={search_term_string}"},"query-input":{"@type":"PropertyValueSpecification","valueRequired":true,"valueName":"search_term_string"}}],"inLanguage":"de"},{"@type":"Organization","@id":"https:\/\/ropesandmore.fr\/de\/#organization","name":"ropes and more","url":"https:\/\/ropesandmore.fr\/de\/","logo":{"@type":"ImageObject","inLanguage":"de","@id":"https:\/\/ropesandmore.fr\/de\/#\/schema\/logo\/image\/","url":"https:\/\/ropesandmore.fr\/wp-content\/uploads\/2025\/06\/Bild6.webp","contentUrl":"https:\/\/ropesandmore.fr\/wp-content\/uploads\/2025\/06\/Bild6.webp","width":1023,"height":480,"caption":"ropes and more"},"image":{"@id":"https:\/\/ropesandmore.fr\/de\/#\/schema\/logo\/image\/"},"sameAs":["https:\/\/www.instagram.com\/ropesandmoregmbh\/"]}]}},"_links":{"self":[{"href":"https:\/\/ropesandmore.fr\/de\/wp-json\/wp\/v2\/product\/8326","targetHints":{"allow":["GET"]}}],"collection":[{"href":"https:\/\/ropesandmore.fr\/de\/wp-json\/wp\/v2\/product"}],"about":[{"href":"https:\/\/ropesandmore.fr\/de\/wp-json\/wp\/v2\/types\/product"}],"version-history":[{"count":0,"href":"https:\/\/ropesandmore.fr\/de\/wp-json\/wp\/v2\/product\/8326\/revisions"}],"wp:featuredmedia":[{"embeddable":true,"href":"https:\/\/ropesandmore.fr\/de\/wp-json\/wp\/v2\/media\/8327"}],"wp:attachment":[{"href":"https:\/\/ropesandmore.fr\/de\/wp-json\/wp\/v2\/media?parent=8326"}],"wp:term":[{"taxonomy":"product_brand","embeddable":true,"href":"https:\/\/ropesandmore.fr\/de\/wp-json\/wp\/v2\/product_brand?post=8326"},{"taxonomy":"product_cat","embeddable":true,"href":"https:\/\/ropesandmore.fr\/de\/wp-json\/wp\/v2\/product_cat?post=8326"},{"taxonomy":"product_tag","embeddable":true,"href":"https:\/\/ropesandmore.fr\/de\/wp-json\/wp\/v2\/product_tag?post=8326"}],"curies":[{"name":"wp","href":"https:\/\/api.w.org\/{rel}","templated":true}]}}