{"id":8334,"date":"2025-05-06T10:30:59","date_gmt":"2025-05-06T10:30:59","guid":{"rendered":"https:\/\/ropesandmore.fr\/?post_type=product&#038;p=8334"},"modified":"2025-08-04T18:14:03","modified_gmt":"2025-08-04T18:14:03","slug":"drachenschnur-polyesterseil-pes-o08mm-geflochten-100m","status":"publish","type":"product","link":"https:\/\/ropesandmore.fr\/de\/produkt\/drachenschnur-polyesterseil-pes-o08mm-geflochten-100m\/","title":{"rendered":"Drachenschnur Polyesterseil PES \u00d80,8mm geflochten 100m"},"content":{"rendered":"<h3 class=\"\" data-start=\"129\" data-end=\"204\"><strong data-start=\"133\" data-end=\"204\">Professionelle Drachenschnur \ud83e\ude81 \u2013 Ideal f\u00fcr Hobby- und Sportbereich<\/strong><\/h3>\n<p class=\"\" data-start=\"206\" data-end=\"504\">Unsere <strong data-start=\"213\" data-end=\"242\">hochwertige Drachenschnur<\/strong> wurde speziell f\u00fcr den <strong data-start=\"266\" data-end=\"304\">Einsatz im Hobby- und Sportbereich<\/strong> entwickelt und erf\u00fcllt h\u00f6chste Anforderungen an <strong data-start=\"353\" data-end=\"365\">Zugkraft<\/strong>, <strong data-start=\"367\" data-end=\"384\">Langlebigkeit<\/strong> und <strong data-start=\"389\" data-end=\"406\">Flugverhalten<\/strong>. Perfekt geeignet f\u00fcr <strong data-start=\"429\" data-end=\"447\">Drachenfreunde<\/strong> \u2013 ob <strong data-start=\"453\" data-end=\"465\">Anf\u00e4nger<\/strong>, <strong data-start=\"467\" data-end=\"487\">Fortgeschrittene<\/strong> oder <strong data-start=\"493\" data-end=\"503\">Profis<\/strong>.<\/p>\n<hr class=\"\" data-start=\"506\" data-end=\"509\" \/>\n<h3 class=\"\" data-start=\"511\" data-end=\"549\"><strong data-start=\"515\" data-end=\"549\">\ud83c\udfaf Vorteile der Drachenschnur:<\/strong><\/h3>\n<ul>\n<li data-start=\"553\" data-end=\"600\"><strong data-start=\"553\" data-end=\"576\">Hohe Rei\u00dffestigkeit<\/strong> und <strong data-start=\"581\" data-end=\"598\">Langlebigkeit<\/strong><\/li>\n<li data-start=\"603\" data-end=\"652\"><strong data-start=\"603\" data-end=\"623\">Leichtes Gewicht<\/strong> f\u00fcr komfortable Handhabung<\/li>\n<li data-start=\"655\" data-end=\"700\"><strong data-start=\"655\" data-end=\"681\">Pr\u00e4zises Flugverhalten<\/strong> f\u00fcr mehr Kontrolle<\/li>\n<\/ul>\n<hr class=\"\" data-start=\"702\" data-end=\"705\" \/>\n<h3 class=\"\" data-start=\"707\" data-end=\"740\"><strong data-start=\"711\" data-end=\"740\">\ud83e\ude81 Vielseitig einsetzbar:<\/strong><\/h3>\n<p class=\"\" data-start=\"742\" data-end=\"899\">Ideal f\u00fcr <strong data-start=\"752\" data-end=\"767\">Lenkdrachen<\/strong>, <strong data-start=\"769\" data-end=\"785\">Trickdrachen<\/strong>, <strong data-start=\"787\" data-end=\"800\">Einleiner<\/strong> \u2013 z. B. f\u00fcr <strong data-start=\"813\" data-end=\"830\">Kinderdrachen<\/strong>, <strong data-start=\"832\" data-end=\"849\">Kastendrachen<\/strong>, <strong data-start=\"851\" data-end=\"868\">Delta-Drachen<\/strong> und selbst gebastelte Drachen.<\/p>\n<hr class=\"\" data-start=\"901\" data-end=\"904\" \/>\n<h3 class=\"\" data-start=\"906\" data-end=\"930\"><strong data-start=\"910\" data-end=\"930\">Produktmerkmale:<\/strong><\/h3>\n<ul>\n<li class=\"\" data-start=\"91\" data-end=\"340\">\n<p class=\"\" data-start=\"93\" data-end=\"340\"><strong data-start=\"93\" data-end=\"121\">Pr\u00e4zision und Sicherheit<\/strong>: Egal, ob beim <strong data-start=\"137\" data-end=\"160\">Bau eigener Drachen<\/strong> oder beim Einsatz mit <strong data-start=\"183\" data-end=\"215\">leistungsstarken Lenkdrachen<\/strong> \u2013 diese Drachenschnur garantiert Ihnen h\u00f6chste <strong data-start=\"263\" data-end=\"276\">Pr\u00e4zision<\/strong> und zuverl\u00e4ssige <strong data-start=\"294\" data-end=\"308\">Sicherheit<\/strong> f\u00fcr ein optimales Flugerlebnis.<\/p>\n<\/li>\n<li class=\"\" data-start=\"344\" data-end=\"598\">\n<p class=\"\" data-start=\"346\" data-end=\"598\"><strong data-start=\"346\" data-end=\"367\">Glatte Oberfl\u00e4che<\/strong>: Die <strong data-start=\"373\" data-end=\"394\">glatte Oberfl\u00e4che<\/strong> reduziert <strong data-start=\"405\" data-end=\"416\">Reibung<\/strong> und sorgt f\u00fcr einen <strong data-start=\"437\" data-end=\"459\">gleichm\u00e4\u00dfigen Lauf<\/strong> der Schnur. Besonders bei schnellen <strong data-start=\"496\" data-end=\"514\">Lenkbewegungen<\/strong> oder langen <strong data-start=\"527\" data-end=\"537\" data-is-only-node=\"\">Fl\u00fcgen<\/strong> profitieren Sie von einer konstanten Leistung und Kontrolle.<\/p>\n<\/li>\n<\/ul>\n<h3 class=\"\" data-start=\"1302\" data-end=\"1342\"><strong data-start=\"1306\" data-end=\"1342\">\ud83c\udf24\ufe0f Ihr Drachenabenteuer wartet:<\/strong><\/h3>\n<p class=\"\" data-start=\"1344\" data-end=\"1488\">W\u00e4hlen Sie die ideale <strong data-start=\"1366\" data-end=\"1383\">Drachenschnur<\/strong> f\u00fcr Ihr n\u00e4chstes <strong data-start=\"1401\" data-end=\"1421\">Drachenabenteuer<\/strong> und genie\u00dfen Sie <strong data-start=\"1439\" data-end=\"1462\">kontrollierte Fl\u00fcge<\/strong> und <strong data-start=\"1467\" data-end=\"1487\">langlebigen Spa\u00df<\/strong>!<\/p>\n<hr \/>\n<p data-start=\"333\" data-end=\"610\"><strong data-start=\"139\" data-end=\"171\">Hinweis zur Farbdarstellung:<\/strong><br data-start=\"171\" data-end=\"174\" \/>Bitte beachten Sie, dass es durch Lichtverh\u00e4ltnisse bei der Produktfotografie sowie durch unterschiedliche Bildschirmdarstellungen zu leichten Farbabweichungen kommen kann.<\/p>\n","protected":false},"excerpt":{"rendered":"<ul>\n<li>Durchmesser: 0,8 mm<\/li>\n<li>Farbe: Wei\u00df, Kf. schwarz<\/li>\n<li>Bruchlast: 40 daN(kg)<\/li>\n<li>Material: Polyester hochfest<\/li>\n<li>Arbeitsdehnung &lt;5%<\/li>\n<li>Geeignet f\u00fcr: Lenkdrachen, Trickdrachen, Einleiner, DIY-Drachen<\/li>\n<li>Eigenschaften: hohe Festigkeit, Witterungsbest\u00e4ndigkeit, Abriebfestigkeit, geringe Dehnung<\/li>\n<li><span data-contrast=\"auto\">Gewicht per 100m: 0,1 kg<\/span><\/li>\n<li>Sonderl\u00e4ngen auf Anfrage<\/li>\n<\/ul>\n","protected":false},"featured_media":8335,"template":"","meta":{"_acf_changed":false,"site-sidebar-layout":"default","site-content-layout":"","ast-site-content-layout":"default","site-content-style":"default","site-sidebar-style":"default","ast-global-header-display":"","ast-banner-title-visibility":"","ast-main-header-display":"","ast-hfb-above-header-display":"","ast-hfb-below-header-display":"","ast-hfb-mobile-header-display":"","site-post-title":"","ast-breadcrumbs-content":"","ast-featured-img":"","footer-sml-layout":"","ast-disable-related-posts":"","theme-transparent-header-meta":"default","adv-header-id-meta":"","stick-header-meta":"","header-above-stick-meta":"","header-main-stick-meta":"","header-below-stick-meta":"","astra-migrate-meta-layouts":"set","ast-page-background-enabled":"default","ast-page-background-meta":{"desktop":{"background-color":"","background-image":"","background-repeat":"repeat","background-position":"center center","background-size":"auto","background-attachment":"scroll","background-type":"","background-media":"","overlay-type":"","overlay-color":"","overlay-opacity":"","overlay-gradient":""},"tablet":{"background-color":"","background-image":"","background-repeat":"repeat","background-position":"center center","background-size":"auto","background-attachment":"scroll","background-type":"","background-media":"","overlay-type":"","overlay-color":"","overlay-opacity":"","overlay-gradient":""},"mobile":{"background-color":"","background-image":"","background-repeat":"repeat","background-position":"center center","background-size":"auto","background-attachment":"scroll","background-type":"","background-media":"","overlay-type":"","overlay-color":"","overlay-opacity":"","overlay-gradient":""}},"ast-content-background-meta":{"desktop":{"background-color":"var(--ast-global-color-5)","background-image":"","background-repeat":"repeat","background-position":"center center","background-size":"auto","background-attachment":"scroll","background-type":"","background-media":"","overlay-type":"","overlay-color":"","overlay-opacity":"","overlay-gradient":""},"tablet":{"background-color":"var(--ast-global-color-5)","background-image":"","background-repeat":"repeat","background-position":"center center","background-size":"auto","background-attachment":"scroll","background-type":"","background-media":"","overlay-type":"","overlay-color":"","overlay-opacity":"","overlay-gradient":""},"mobile":{"background-color":"var(--ast-global-color-5)","background-image":"","background-repeat":"repeat","background-position":"center center","background-size":"auto","background-attachment":"scroll","background-type":"","background-media":"","overlay-type":"","overlay-color":"","overlay-opacity":"","overlay-gradient":""}}},"product_brand":[193],"product_cat":[1189,101,75,111,87,396],"product_tag":[636,445,646,653,645,637,654,656,635,655,647],"class_list":{"0":"post-8334","1":"product","2":"type-product","3":"status-publish","4":"has-post-thumbnail","6":"product_brand-ropes-and-more","7":"product_cat-drachenschnur","8":"product_cat-polyesterseile","9":"product_cat-polyesterseile-geflochten","10":"product_cat-seile-fuer-luft-und-raumfahrtindustrie","11":"product_cat-seile-fuer-sport-outdoor","12":"product_cat-spezielle-seilprodukte","13":"product_tag-100m-drachenschnur","14":"product_tag-8mm","15":"product_tag-drachenfliegen-schnur","16":"product_tag-drachenschnur-0","17":"product_tag-duennes-drachenseil","18":"product_tag-geflochtene-drachenschnur","19":"product_tag-leichtes-pes-seil","20":"product_tag-outdoor-seil-0","21":"product_tag-polyesterseil-pes","22":"product_tag-robustes-drachenseil","23":"product_tag-strapazierfaehige-drachenschnur","24":"desktop-align-left","25":"tablet-align-left","26":"mobile-align-left","28":"first","29":"instock","30":"taxable","31":"shipping-taxable","32":"purchasable","33":"product-type-simple"},"acf":[],"yoast_head":"<!-- This site is optimized with the Yoast SEO plugin v27.5 - https:\/\/yoast.com\/product\/yoast-seo-wordpress\/ -->\n<title>Drachenschnur Polyesterseil PES \u00d80,8mm geflochten 100m - Ropes and More<\/title>\n<meta name=\"description\" content=\"Robuste Drachenschnur aus Polyester \u00d80,8mm, 100m geflochten \u2013 leicht, rei\u00dffest &amp; UV-best\u00e4ndig. Perfekt f\u00fcr Drachenfliegen und leichte Anwendungen.\" \/>\n<meta name=\"robots\" content=\"index, follow, max-snippet:-1, max-image-preview:large, max-video-preview:-1\" \/>\n<link rel=\"canonical\" href=\"https:\/\/ropesandmore.fr\/de\/produkt\/drachenschnur-polyesterseil-pes-o08mm-geflochten-100m\/\" \/>\n<meta property=\"og:locale\" content=\"de_DE\" \/>\n<meta property=\"og:type\" content=\"article\" \/>\n<meta property=\"og:title\" content=\"Drachenschnur Polyesterseil PES \u00d80,8mm geflochten 100m - Ropes and More\" \/>\n<meta property=\"og:description\" content=\"Robuste Drachenschnur aus Polyester \u00d80,8mm, 100m geflochten \u2013 leicht, rei\u00dffest &amp; UV-best\u00e4ndig. Perfekt f\u00fcr Drachenfliegen und leichte Anwendungen.\" \/>\n<meta property=\"og:url\" content=\"https:\/\/ropesandmore.fr\/de\/produkt\/drachenschnur-polyesterseil-pes-o08mm-geflochten-100m\/\" \/>\n<meta property=\"og:site_name\" content=\"Ropes and More\" \/>\n<meta property=\"article:publisher\" content=\"https:\/\/www.instagram.com\/ropesandmoregmbh\/\" \/>\n<meta property=\"article:modified_time\" content=\"2025-08-04T18:14:03+00:00\" \/>\n<meta property=\"og:image\" content=\"https:\/\/ropesandmore.fr\/wp-content\/uploads\/2025\/04\/Drachenschnur-08mm-100m.jpg\" \/>\n\t<meta property=\"og:image:width\" content=\"1000\" \/>\n\t<meta property=\"og:image:height\" content=\"1000\" \/>\n\t<meta property=\"og:image:type\" content=\"image\/jpeg\" \/>\n<meta name=\"twitter:card\" content=\"summary_large_image\" \/>\n<meta name=\"twitter:label1\" content=\"Gesch\u00e4tzte Lesezeit\" \/>\n\t<meta name=\"twitter:data1\" content=\"2\u00a0Minute\" \/>\n<script type=\"application\/ld+json\" class=\"yoast-schema-graph\">{\"@context\":\"https:\\\/\\\/schema.org\",\"@graph\":[{\"@type\":\"WebPage\",\"@id\":\"https:\\\/\\\/ropesandmore.fr\\\/de\\\/produkt\\\/drachenschnur-polyesterseil-pes-o08mm-geflochten-100m\\\/\",\"url\":\"https:\\\/\\\/ropesandmore.fr\\\/de\\\/produkt\\\/drachenschnur-polyesterseil-pes-o08mm-geflochten-100m\\\/\",\"name\":\"Drachenschnur Polyesterseil PES \u00d80,8mm geflochten 100m - Ropes and More\",\"isPartOf\":{\"@id\":\"https:\\\/\\\/ropesandmore.fr\\\/de\\\/#website\"},\"primaryImageOfPage\":{\"@id\":\"https:\\\/\\\/ropesandmore.fr\\\/de\\\/produkt\\\/drachenschnur-polyesterseil-pes-o08mm-geflochten-100m\\\/#primaryimage\"},\"image\":{\"@id\":\"https:\\\/\\\/ropesandmore.fr\\\/de\\\/produkt\\\/drachenschnur-polyesterseil-pes-o08mm-geflochten-100m\\\/#primaryimage\"},\"thumbnailUrl\":\"https:\\\/\\\/ropesandmore.fr\\\/wp-content\\\/uploads\\\/2025\\\/04\\\/Drachenschnur-08mm-100m.jpg\",\"datePublished\":\"2025-05-06T10:30:59+00:00\",\"dateModified\":\"2025-08-04T18:14:03+00:00\",\"description\":\"Robuste Drachenschnur aus Polyester \u00d80,8mm, 100m geflochten \u2013 leicht, rei\u00dffest & UV-best\u00e4ndig. Perfekt f\u00fcr Drachenfliegen und leichte Anwendungen.\",\"breadcrumb\":{\"@id\":\"https:\\\/\\\/ropesandmore.fr\\\/de\\\/produkt\\\/drachenschnur-polyesterseil-pes-o08mm-geflochten-100m\\\/#breadcrumb\"},\"inLanguage\":\"de\",\"potentialAction\":[{\"@type\":\"ReadAction\",\"target\":[\"https:\\\/\\\/ropesandmore.fr\\\/de\\\/produkt\\\/drachenschnur-polyesterseil-pes-o08mm-geflochten-100m\\\/\"]}]},{\"@type\":\"ImageObject\",\"inLanguage\":\"de\",\"@id\":\"https:\\\/\\\/ropesandmore.fr\\\/de\\\/produkt\\\/drachenschnur-polyesterseil-pes-o08mm-geflochten-100m\\\/#primaryimage\",\"url\":\"https:\\\/\\\/ropesandmore.fr\\\/wp-content\\\/uploads\\\/2025\\\/04\\\/Drachenschnur-08mm-100m.jpg\",\"contentUrl\":\"https:\\\/\\\/ropesandmore.fr\\\/wp-content\\\/uploads\\\/2025\\\/04\\\/Drachenschnur-08mm-100m.jpg\",\"width\":1000,\"height\":1000},{\"@type\":\"BreadcrumbList\",\"@id\":\"https:\\\/\\\/ropesandmore.fr\\\/de\\\/produkt\\\/drachenschnur-polyesterseil-pes-o08mm-geflochten-100m\\\/#breadcrumb\",\"itemListElement\":[{\"@type\":\"ListItem\",\"position\":1,\"name\":\"Startseite\",\"item\":\"https:\\\/\\\/ropesandmore.fr\\\/de\\\/\"},{\"@type\":\"ListItem\",\"position\":2,\"name\":\"Ropes and More \u2013 Dein Shop f\u00fcr Seile, Tauwerk &amp; Spezialschn\u00fcre\",\"item\":\"https:\\\/\\\/ropesandmore.fr\\\/ropes-and-more-dein-shop-fuer-seile-tauwerk-spezialschnuere\\\/\"},{\"@type\":\"ListItem\",\"position\":3,\"name\":\"Drachenschnur Polyesterseil PES \u00d80,8mm geflochten 100m\"}]},{\"@type\":\"WebSite\",\"@id\":\"https:\\\/\\\/ropesandmore.fr\\\/de\\\/#website\",\"url\":\"https:\\\/\\\/ropesandmore.fr\\\/de\\\/\",\"name\":\"ropes and more\",\"description\":\"Your Trusted Partner\",\"publisher\":{\"@id\":\"https:\\\/\\\/ropesandmore.fr\\\/de\\\/#organization\"},\"potentialAction\":[{\"@type\":\"SearchAction\",\"target\":{\"@type\":\"EntryPoint\",\"urlTemplate\":\"https:\\\/\\\/ropesandmore.fr\\\/de\\\/?s={search_term_string}\"},\"query-input\":{\"@type\":\"PropertyValueSpecification\",\"valueRequired\":true,\"valueName\":\"search_term_string\"}}],\"inLanguage\":\"de\"},{\"@type\":\"Organization\",\"@id\":\"https:\\\/\\\/ropesandmore.fr\\\/de\\\/#organization\",\"name\":\"ropes and more\",\"url\":\"https:\\\/\\\/ropesandmore.fr\\\/de\\\/\",\"logo\":{\"@type\":\"ImageObject\",\"inLanguage\":\"de\",\"@id\":\"https:\\\/\\\/ropesandmore.fr\\\/de\\\/#\\\/schema\\\/logo\\\/image\\\/\",\"url\":\"https:\\\/\\\/ropesandmore.fr\\\/wp-content\\\/uploads\\\/2025\\\/06\\\/Bild6.webp\",\"contentUrl\":\"https:\\\/\\\/ropesandmore.fr\\\/wp-content\\\/uploads\\\/2025\\\/06\\\/Bild6.webp\",\"width\":1023,\"height\":480,\"caption\":\"ropes and more\"},\"image\":{\"@id\":\"https:\\\/\\\/ropesandmore.fr\\\/de\\\/#\\\/schema\\\/logo\\\/image\\\/\"},\"sameAs\":[\"https:\\\/\\\/www.instagram.com\\\/ropesandmoregmbh\\\/\"]}]}<\/script>\n<!-- \/ Yoast SEO plugin. -->","yoast_head_json":{"title":"Drachenschnur Polyesterseil PES \u00d80,8mm geflochten 100m - Ropes and More","description":"Robuste Drachenschnur aus Polyester \u00d80,8mm, 100m geflochten \u2013 leicht, rei\u00dffest & UV-best\u00e4ndig. Perfekt f\u00fcr Drachenfliegen und leichte Anwendungen.","robots":{"index":"index","follow":"follow","max-snippet":"max-snippet:-1","max-image-preview":"max-image-preview:large","max-video-preview":"max-video-preview:-1"},"canonical":"https:\/\/ropesandmore.fr\/de\/produkt\/drachenschnur-polyesterseil-pes-o08mm-geflochten-100m\/","og_locale":"de_DE","og_type":"article","og_title":"Drachenschnur Polyesterseil PES \u00d80,8mm geflochten 100m - Ropes and More","og_description":"Robuste Drachenschnur aus Polyester \u00d80,8mm, 100m geflochten \u2013 leicht, rei\u00dffest & UV-best\u00e4ndig. Perfekt f\u00fcr Drachenfliegen und leichte Anwendungen.","og_url":"https:\/\/ropesandmore.fr\/de\/produkt\/drachenschnur-polyesterseil-pes-o08mm-geflochten-100m\/","og_site_name":"Ropes and More","article_publisher":"https:\/\/www.instagram.com\/ropesandmoregmbh\/","article_modified_time":"2025-08-04T18:14:03+00:00","og_image":[{"width":1000,"height":1000,"url":"https:\/\/ropesandmore.fr\/wp-content\/uploads\/2025\/04\/Drachenschnur-08mm-100m.jpg","type":"image\/jpeg"}],"twitter_card":"summary_large_image","twitter_misc":{"Gesch\u00e4tzte Lesezeit":"2\u00a0Minute"},"schema":{"@context":"https:\/\/schema.org","@graph":[{"@type":"WebPage","@id":"https:\/\/ropesandmore.fr\/de\/produkt\/drachenschnur-polyesterseil-pes-o08mm-geflochten-100m\/","url":"https:\/\/ropesandmore.fr\/de\/produkt\/drachenschnur-polyesterseil-pes-o08mm-geflochten-100m\/","name":"Drachenschnur Polyesterseil PES \u00d80,8mm geflochten 100m - Ropes and More","isPartOf":{"@id":"https:\/\/ropesandmore.fr\/de\/#website"},"primaryImageOfPage":{"@id":"https:\/\/ropesandmore.fr\/de\/produkt\/drachenschnur-polyesterseil-pes-o08mm-geflochten-100m\/#primaryimage"},"image":{"@id":"https:\/\/ropesandmore.fr\/de\/produkt\/drachenschnur-polyesterseil-pes-o08mm-geflochten-100m\/#primaryimage"},"thumbnailUrl":"https:\/\/ropesandmore.fr\/wp-content\/uploads\/2025\/04\/Drachenschnur-08mm-100m.jpg","datePublished":"2025-05-06T10:30:59+00:00","dateModified":"2025-08-04T18:14:03+00:00","description":"Robuste Drachenschnur aus Polyester \u00d80,8mm, 100m geflochten \u2013 leicht, rei\u00dffest & UV-best\u00e4ndig. Perfekt f\u00fcr Drachenfliegen und leichte Anwendungen.","breadcrumb":{"@id":"https:\/\/ropesandmore.fr\/de\/produkt\/drachenschnur-polyesterseil-pes-o08mm-geflochten-100m\/#breadcrumb"},"inLanguage":"de","potentialAction":[{"@type":"ReadAction","target":["https:\/\/ropesandmore.fr\/de\/produkt\/drachenschnur-polyesterseil-pes-o08mm-geflochten-100m\/"]}]},{"@type":"ImageObject","inLanguage":"de","@id":"https:\/\/ropesandmore.fr\/de\/produkt\/drachenschnur-polyesterseil-pes-o08mm-geflochten-100m\/#primaryimage","url":"https:\/\/ropesandmore.fr\/wp-content\/uploads\/2025\/04\/Drachenschnur-08mm-100m.jpg","contentUrl":"https:\/\/ropesandmore.fr\/wp-content\/uploads\/2025\/04\/Drachenschnur-08mm-100m.jpg","width":1000,"height":1000},{"@type":"BreadcrumbList","@id":"https:\/\/ropesandmore.fr\/de\/produkt\/drachenschnur-polyesterseil-pes-o08mm-geflochten-100m\/#breadcrumb","itemListElement":[{"@type":"ListItem","position":1,"name":"Startseite","item":"https:\/\/ropesandmore.fr\/de\/"},{"@type":"ListItem","position":2,"name":"Ropes and More \u2013 Dein Shop f\u00fcr Seile, Tauwerk &amp; Spezialschn\u00fcre","item":"https:\/\/ropesandmore.fr\/ropes-and-more-dein-shop-fuer-seile-tauwerk-spezialschnuere\/"},{"@type":"ListItem","position":3,"name":"Drachenschnur Polyesterseil PES \u00d80,8mm geflochten 100m"}]},{"@type":"WebSite","@id":"https:\/\/ropesandmore.fr\/de\/#website","url":"https:\/\/ropesandmore.fr\/de\/","name":"ropes and more","description":"Your Trusted Partner","publisher":{"@id":"https:\/\/ropesandmore.fr\/de\/#organization"},"potentialAction":[{"@type":"SearchAction","target":{"@type":"EntryPoint","urlTemplate":"https:\/\/ropesandmore.fr\/de\/?s={search_term_string}"},"query-input":{"@type":"PropertyValueSpecification","valueRequired":true,"valueName":"search_term_string"}}],"inLanguage":"de"},{"@type":"Organization","@id":"https:\/\/ropesandmore.fr\/de\/#organization","name":"ropes and more","url":"https:\/\/ropesandmore.fr\/de\/","logo":{"@type":"ImageObject","inLanguage":"de","@id":"https:\/\/ropesandmore.fr\/de\/#\/schema\/logo\/image\/","url":"https:\/\/ropesandmore.fr\/wp-content\/uploads\/2025\/06\/Bild6.webp","contentUrl":"https:\/\/ropesandmore.fr\/wp-content\/uploads\/2025\/06\/Bild6.webp","width":1023,"height":480,"caption":"ropes and more"},"image":{"@id":"https:\/\/ropesandmore.fr\/de\/#\/schema\/logo\/image\/"},"sameAs":["https:\/\/www.instagram.com\/ropesandmoregmbh\/"]}]}},"_links":{"self":[{"href":"https:\/\/ropesandmore.fr\/de\/wp-json\/wp\/v2\/product\/8334","targetHints":{"allow":["GET"]}}],"collection":[{"href":"https:\/\/ropesandmore.fr\/de\/wp-json\/wp\/v2\/product"}],"about":[{"href":"https:\/\/ropesandmore.fr\/de\/wp-json\/wp\/v2\/types\/product"}],"version-history":[{"count":0,"href":"https:\/\/ropesandmore.fr\/de\/wp-json\/wp\/v2\/product\/8334\/revisions"}],"wp:featuredmedia":[{"embeddable":true,"href":"https:\/\/ropesandmore.fr\/de\/wp-json\/wp\/v2\/media\/8335"}],"wp:attachment":[{"href":"https:\/\/ropesandmore.fr\/de\/wp-json\/wp\/v2\/media?parent=8334"}],"wp:term":[{"taxonomy":"product_brand","embeddable":true,"href":"https:\/\/ropesandmore.fr\/de\/wp-json\/wp\/v2\/product_brand?post=8334"},{"taxonomy":"product_cat","embeddable":true,"href":"https:\/\/ropesandmore.fr\/de\/wp-json\/wp\/v2\/product_cat?post=8334"},{"taxonomy":"product_tag","embeddable":true,"href":"https:\/\/ropesandmore.fr\/de\/wp-json\/wp\/v2\/product_tag?post=8334"}],"curies":[{"name":"wp","href":"https:\/\/api.w.org\/{rel}","templated":true}]}}