{"id":8967,"date":"2025-05-06T08:18:01","date_gmt":"2025-05-06T08:18:01","guid":{"rendered":"https:\/\/ropesandmore.fr\/?post_type=product&#038;p=8967"},"modified":"2025-08-05T19:03:29","modified_gmt":"2025-08-05T19:03:29","slug":"takelgarn-pes-polyester-o09mm-50m-gewachst-fuer-leinen-seile-tauwerk-premium-qualitaet","status":"publish","type":"product","link":"https:\/\/ropesandmore.fr\/de\/produkt\/takelgarn-pes-polyester-o09mm-50m-gewachst-fuer-leinen-seile-tauwerk-premium-qualitaet\/","title":{"rendered":"Takelgarn PES Polyester \u00d80,9mm 50m gewachst f\u00fcr Leinen, Seile, Tauwerk Premium Qualit\u00e4t"},"content":{"rendered":"<h3 class=\"\" data-start=\"59\" data-end=\"134\">Takelgarn gewachst \u2013 Robustes Garn f\u00fcr Takelarbeiten, Reparatur &amp; DIY<\/h3>\n<p class=\"\" data-start=\"136\" data-end=\"418\"><strong data-start=\"396\" data-end=\"420\">Das gewachste Takelgarn von King Fisher<\/strong> ist die ideale Wahl f\u00fcr alle, die ein langlebiges, rei\u00dffestes und gut zu verarbeitendes Garn f\u00fcr maritime Anwendungen, Reparaturen oder kreative DIY-Projekte suchen. Durch die Wachs-Impr\u00e4gnierung ist das Takelgarn besonders griffig, wasserabweisend und formstabil \u2013 perfekt zum Takeln von Seilenden, N\u00e4hen von Segeltuch oder f\u00fcr dekorative Arbeiten.<\/p>\n<hr \/>\n<p class=\"\" data-start=\"420\" data-end=\"515\">Dank der <strong data-start=\"429\" data-end=\"471\">robusten, gewachsten Polyesterstruktur<\/strong> eignet sich das Takelgarn \ud83e\uddf5hervorragend f\u00fcr:<\/p>\n<ul>\n<li data-start=\"519\" data-end=\"577\"><strong data-start=\"519\" data-end=\"542\">N\u00e4hen von Taklingen<\/strong> an Schoten, Fallen, Trimmleinen und Festmacher<\/li>\n<li data-start=\"580\" data-end=\"641\"><strong data-start=\"580\" data-end=\"612\">Reparaturen von Persenningen<\/strong>, Sprayhoods und Sonnensegeln<\/li>\n<li data-start=\"644\" data-end=\"766\"><strong data-start=\"644\" data-end=\"675\">Binden, Splei\u00dfen und Knoten<\/strong> von Seilen<\/li>\n<li data-start=\"644\" data-end=\"766\">um ihre <strong data-start=\"696\" data-end=\"731\">Funktionalit\u00e4t zu gew\u00e4hrleisten<\/strong> und ihre Lebensdauer zu verl\u00e4ngern<\/li>\n<li data-start=\"769\" data-end=\"835\"><strong data-start=\"769\" data-end=\"794\">Befestigen von Seilen<\/strong>, sowohl an Bord als auch im Au\u00dfenbereich<\/li>\n<\/ul>\n<p class=\"\" data-start=\"837\" data-end=\"1171\">Es bietet h\u00f6chste <strong data-start=\"872\" data-end=\"899\">Witterungsbest\u00e4ndigkeit \ud83c\udf26\ufe0f<\/strong> und ist besonders <strong data-start=\"918\" data-end=\"937\">strapazierf\u00e4hig.<\/strong>\u00a0Die spezielle <strong data-start=\"1023\" data-end=\"1044\">Wachsbeschichtung<\/strong> sch\u00fctzt das Garn vor Abrieb und macht es ideal f\u00fcr den Einsatz bei <strong data-start=\"1112\" data-end=\"1122\">Segeln<\/strong>, <strong data-start=\"1124\" data-end=\"1140\">Yachtzubeh\u00f6r<\/strong> und <strong data-start=\"1145\" data-end=\"1170\">maritimen Reparaturen \ud83e\udea2<\/strong>.<\/p>\n<hr \/>\n<h3 class=\"\" data-start=\"59\" data-end=\"134\">Einsatzm\u00f6glichkeiten:<\/h3>\n<p class=\"\" data-start=\"1116\" data-end=\"1371\">Ob im <strong data-start=\"1122\" data-end=\"1134\">Bootsbau<\/strong>, beim <strong data-start=\"1141\" data-end=\"1155\">Segelsport<\/strong>, f\u00fcr <strong data-start=\"1161\" data-end=\"1172\">Camping<\/strong>, <strong data-start=\"1174\" data-end=\"1187\">Bushcraft<\/strong>, <strong data-start=\"1189\" data-end=\"1206\">Lederarbeiten<\/strong> oder <strong data-start=\"1212\" data-end=\"1226\">Dekoration<\/strong> \u2013 dieses Takelgarn bietet die n\u00f6tige Stabilit\u00e4t und Qualit\u00e4t f\u00fcr viele Einsatzgebiete. Auch beliebt in der <strong data-start=\"1334\" data-end=\"1352\">Makramee-Szene<\/strong> f\u00fcr feine Details.<\/p>\n<hr \/>\n<p data-start=\"1173\" data-end=\"1317\"><strong data-start=\"139\" data-end=\"171\">Hinweis zur Farbdarstellung:<\/strong><br data-start=\"171\" data-end=\"174\" \/>Bitte beachten Sie, dass es durch Lichtverh\u00e4ltnisse bei der Produktfotografie sowie durch unterschiedliche Bildschirmdarstellungen zu leichten Farbabweichungen kommen kann.<\/p>\n","protected":false},"excerpt":{"rendered":"<ul>\n<li><strong>Durchmesser: 0,9 mm \/ 50m<\/strong><\/li>\n<li>Material: Polyester gewachst<\/li>\n<li>Flechtung: gezwirnt<\/li>\n<li>Arbeitsdehnung &lt;5%<\/li>\n<li>Eigenschaften: hohe Festigkeit, Witterungsbest\u00e4ndigkeit, Abriebfestigkeit, geringe Dehnung<\/li>\n<li><span data-contrast=\"auto\">Gewicht per 100m: 0,1 kg<\/span><\/li>\n<\/ul>\n","protected":false},"featured_media":9178,"template":"","meta":{"_acf_changed":false,"site-sidebar-layout":"default","site-content-layout":"","ast-site-content-layout":"default","site-content-style":"default","site-sidebar-style":"default","ast-global-header-display":"","ast-banner-title-visibility":"","ast-main-header-display":"","ast-hfb-above-header-display":"","ast-hfb-below-header-display":"","ast-hfb-mobile-header-display":"","site-post-title":"","ast-breadcrumbs-content":"","ast-featured-img":"","footer-sml-layout":"","ast-disable-related-posts":"","theme-transparent-header-meta":"default","adv-header-id-meta":"","stick-header-meta":"","header-above-stick-meta":"","header-main-stick-meta":"","header-below-stick-meta":"","astra-migrate-meta-layouts":"set","ast-page-background-enabled":"default","ast-page-background-meta":{"desktop":{"background-color":"","background-image":"","background-repeat":"repeat","background-position":"center center","background-size":"auto","background-attachment":"scroll","background-type":"","background-media":"","overlay-type":"","overlay-color":"","overlay-opacity":"","overlay-gradient":""},"tablet":{"background-color":"","background-image":"","background-repeat":"repeat","background-position":"center center","background-size":"auto","background-attachment":"scroll","background-type":"","background-media":"","overlay-type":"","overlay-color":"","overlay-opacity":"","overlay-gradient":""},"mobile":{"background-color":"","background-image":"","background-repeat":"repeat","background-position":"center center","background-size":"auto","background-attachment":"scroll","background-type":"","background-media":"","overlay-type":"","overlay-color":"","overlay-opacity":"","overlay-gradient":""}},"ast-content-background-meta":{"desktop":{"background-color":"var(--ast-global-color-5)","background-image":"","background-repeat":"repeat","background-position":"center center","background-size":"auto","background-attachment":"scroll","background-type":"","background-media":"","overlay-type":"","overlay-color":"","overlay-opacity":"","overlay-gradient":""},"tablet":{"background-color":"var(--ast-global-color-5)","background-image":"","background-repeat":"repeat","background-position":"center center","background-size":"auto","background-attachment":"scroll","background-type":"","background-media":"","overlay-type":"","overlay-color":"","overlay-opacity":"","overlay-gradient":""},"mobile":{"background-color":"var(--ast-global-color-5)","background-image":"","background-repeat":"repeat","background-position":"center center","background-size":"auto","background-attachment":"scroll","background-type":"","background-media":"","overlay-type":"","overlay-color":"","overlay-opacity":"","overlay-gradient":""}}},"product_brand":[],"product_cat":[92,928,98,929,1114],"product_tag":[198,196,201,195,199,200,197],"class_list":{"0":"post-8967","1":"product","2":"type-product","3":"status-publish","4":"has-post-thumbnail","6":"product_cat-seile-fuer-boote-segelsport","7":"product_cat-seile-fuer-industrie","8":"product_cat-seile-fuer-schifffahrt","9":"product_cat-kategorie-seile-nach-anwendung","10":"product_cat-takelgarn-werkzeug","11":"product_tag-gewachstes-takelgarn","12":"product_tag-segeltakelgarn","13":"product_tag-spleissgarn","14":"product_tag-takelgarn","15":"product_tag-takelgarn-boot","16":"product_tag-takelgarn-kaufen","17":"product_tag-takelgarn-polyester","18":"desktop-align-left","19":"tablet-align-left","20":"mobile-align-left","22":"first","23":"instock","24":"taxable","25":"shipping-taxable","26":"purchasable","27":"product-type-variable"},"acf":[],"yoast_head":"<!-- This site is optimized with the Yoast SEO plugin v27.5 - https:\/\/yoast.com\/product\/yoast-seo-wordpress\/ -->\n<title>Takelgarn \u00d80,9\u202fmm \u2013 50\u202fm gewachstes PES Polyester Takelgarn<\/title>\n<meta name=\"description\" content=\"Hochwertiges Takelgarn PES Polyester \u00d80,9\u202fmm, 50\u202fm gewachst. Ideal f\u00fcr Leinen, Seile und Tauwerk \u2013 extrem rei\u00dffest, langlebig &amp; einfach zu verarbeiten.\" \/>\n<meta name=\"robots\" content=\"index, follow, max-snippet:-1, max-image-preview:large, max-video-preview:-1\" \/>\n<link rel=\"canonical\" href=\"https:\/\/ropesandmore.fr\/de\/produkt\/takelgarn-pes-polyester-o09mm-50m-gewachst-fuer-leinen-seile-tauwerk-premium-qualitaet\/\" \/>\n<meta property=\"og:locale\" content=\"de_DE\" \/>\n<meta property=\"og:type\" content=\"article\" \/>\n<meta property=\"og:title\" content=\"Takelgarn \u00d80,9\u202fmm \u2013 50\u202fm gewachstes PES Polyester Takelgarn\" \/>\n<meta property=\"og:description\" content=\"Hochwertiges Takelgarn PES Polyester \u00d80,9\u202fmm, 50\u202fm gewachst. Ideal f\u00fcr Leinen, Seile und Tauwerk \u2013 extrem rei\u00dffest, langlebig &amp; einfach zu verarbeiten.\" \/>\n<meta property=\"og:url\" content=\"https:\/\/ropesandmore.fr\/de\/produkt\/takelgarn-pes-polyester-o09mm-50m-gewachst-fuer-leinen-seile-tauwerk-premium-qualitaet\/\" \/>\n<meta property=\"og:site_name\" content=\"Ropes and More\" \/>\n<meta property=\"article:publisher\" content=\"https:\/\/www.instagram.com\/ropesandmoregmbh\/\" \/>\n<meta property=\"article:modified_time\" content=\"2025-08-05T19:03:29+00:00\" \/>\n<meta property=\"og:image\" content=\"https:\/\/ropesandmore.fr\/wp-content\/uploads\/2025\/05\/Takelgarn-gew.-Front.jpg\" \/>\n\t<meta property=\"og:image:width\" content=\"1000\" \/>\n\t<meta property=\"og:image:height\" content=\"1000\" \/>\n\t<meta property=\"og:image:type\" content=\"image\/jpeg\" \/>\n<meta name=\"twitter:card\" content=\"summary_large_image\" \/>\n<meta name=\"twitter:label1\" content=\"Gesch\u00e4tzte Lesezeit\" \/>\n\t<meta name=\"twitter:data1\" content=\"2\u00a0Minute\" \/>\n<script type=\"application\/ld+json\" class=\"yoast-schema-graph\">{\"@context\":\"https:\\\/\\\/schema.org\",\"@graph\":[{\"@type\":\"WebPage\",\"@id\":\"https:\\\/\\\/ropesandmore.fr\\\/de\\\/produkt\\\/takelgarn-pes-polyester-o09mm-50m-gewachst-fuer-leinen-seile-tauwerk-premium-qualitaet\\\/\",\"url\":\"https:\\\/\\\/ropesandmore.fr\\\/de\\\/produkt\\\/takelgarn-pes-polyester-o09mm-50m-gewachst-fuer-leinen-seile-tauwerk-premium-qualitaet\\\/\",\"name\":\"Takelgarn \u00d80,9\u202fmm \u2013 50\u202fm gewachstes PES Polyester Takelgarn\",\"isPartOf\":{\"@id\":\"https:\\\/\\\/ropesandmore.fr\\\/de\\\/#website\"},\"primaryImageOfPage\":{\"@id\":\"https:\\\/\\\/ropesandmore.fr\\\/de\\\/produkt\\\/takelgarn-pes-polyester-o09mm-50m-gewachst-fuer-leinen-seile-tauwerk-premium-qualitaet\\\/#primaryimage\"},\"image\":{\"@id\":\"https:\\\/\\\/ropesandmore.fr\\\/de\\\/produkt\\\/takelgarn-pes-polyester-o09mm-50m-gewachst-fuer-leinen-seile-tauwerk-premium-qualitaet\\\/#primaryimage\"},\"thumbnailUrl\":\"https:\\\/\\\/ropesandmore.fr\\\/wp-content\\\/uploads\\\/2025\\\/05\\\/Takelgarn-gew.-Front.jpg\",\"datePublished\":\"2025-05-06T08:18:01+00:00\",\"dateModified\":\"2025-08-05T19:03:29+00:00\",\"description\":\"Hochwertiges Takelgarn PES Polyester \u00d80,9\u202fmm, 50\u202fm gewachst. Ideal f\u00fcr Leinen, Seile und Tauwerk \u2013 extrem rei\u00dffest, langlebig & einfach zu verarbeiten.\",\"breadcrumb\":{\"@id\":\"https:\\\/\\\/ropesandmore.fr\\\/de\\\/produkt\\\/takelgarn-pes-polyester-o09mm-50m-gewachst-fuer-leinen-seile-tauwerk-premium-qualitaet\\\/#breadcrumb\"},\"inLanguage\":\"de\",\"potentialAction\":[{\"@type\":\"ReadAction\",\"target\":[\"https:\\\/\\\/ropesandmore.fr\\\/de\\\/produkt\\\/takelgarn-pes-polyester-o09mm-50m-gewachst-fuer-leinen-seile-tauwerk-premium-qualitaet\\\/\"]}]},{\"@type\":\"ImageObject\",\"inLanguage\":\"de\",\"@id\":\"https:\\\/\\\/ropesandmore.fr\\\/de\\\/produkt\\\/takelgarn-pes-polyester-o09mm-50m-gewachst-fuer-leinen-seile-tauwerk-premium-qualitaet\\\/#primaryimage\",\"url\":\"https:\\\/\\\/ropesandmore.fr\\\/wp-content\\\/uploads\\\/2025\\\/05\\\/Takelgarn-gew.-Front.jpg\",\"contentUrl\":\"https:\\\/\\\/ropesandmore.fr\\\/wp-content\\\/uploads\\\/2025\\\/05\\\/Takelgarn-gew.-Front.jpg\",\"width\":1000,\"height\":1000},{\"@type\":\"BreadcrumbList\",\"@id\":\"https:\\\/\\\/ropesandmore.fr\\\/de\\\/produkt\\\/takelgarn-pes-polyester-o09mm-50m-gewachst-fuer-leinen-seile-tauwerk-premium-qualitaet\\\/#breadcrumb\",\"itemListElement\":[{\"@type\":\"ListItem\",\"position\":1,\"name\":\"Startseite\",\"item\":\"https:\\\/\\\/ropesandmore.fr\\\/de\\\/\"},{\"@type\":\"ListItem\",\"position\":2,\"name\":\"Ropes and More \u2013 Dein Shop f\u00fcr Seile, Tauwerk &amp; Spezialschn\u00fcre\",\"item\":\"https:\\\/\\\/ropesandmore.fr\\\/ropes-and-more-dein-shop-fuer-seile-tauwerk-spezialschnuere\\\/\"},{\"@type\":\"ListItem\",\"position\":3,\"name\":\"Takelgarn PES Polyester \u00d80,9mm 50m gewachst f\u00fcr Leinen, Seile, Tauwerk Premium Qualit\u00e4t\"}]},{\"@type\":\"WebSite\",\"@id\":\"https:\\\/\\\/ropesandmore.fr\\\/de\\\/#website\",\"url\":\"https:\\\/\\\/ropesandmore.fr\\\/de\\\/\",\"name\":\"ropes and more\",\"description\":\"Your Trusted Partner\",\"publisher\":{\"@id\":\"https:\\\/\\\/ropesandmore.fr\\\/de\\\/#organization\"},\"potentialAction\":[{\"@type\":\"SearchAction\",\"target\":{\"@type\":\"EntryPoint\",\"urlTemplate\":\"https:\\\/\\\/ropesandmore.fr\\\/de\\\/?s={search_term_string}\"},\"query-input\":{\"@type\":\"PropertyValueSpecification\",\"valueRequired\":true,\"valueName\":\"search_term_string\"}}],\"inLanguage\":\"de\"},{\"@type\":\"Organization\",\"@id\":\"https:\\\/\\\/ropesandmore.fr\\\/de\\\/#organization\",\"name\":\"ropes and more\",\"url\":\"https:\\\/\\\/ropesandmore.fr\\\/de\\\/\",\"logo\":{\"@type\":\"ImageObject\",\"inLanguage\":\"de\",\"@id\":\"https:\\\/\\\/ropesandmore.fr\\\/de\\\/#\\\/schema\\\/logo\\\/image\\\/\",\"url\":\"https:\\\/\\\/ropesandmore.fr\\\/wp-content\\\/uploads\\\/2025\\\/06\\\/Bild6.webp\",\"contentUrl\":\"https:\\\/\\\/ropesandmore.fr\\\/wp-content\\\/uploads\\\/2025\\\/06\\\/Bild6.webp\",\"width\":1023,\"height\":480,\"caption\":\"ropes and more\"},\"image\":{\"@id\":\"https:\\\/\\\/ropesandmore.fr\\\/de\\\/#\\\/schema\\\/logo\\\/image\\\/\"},\"sameAs\":[\"https:\\\/\\\/www.instagram.com\\\/ropesandmoregmbh\\\/\"]}]}<\/script>\n<!-- \/ Yoast SEO plugin. -->","yoast_head_json":{"title":"Takelgarn \u00d80,9\u202fmm \u2013 50\u202fm gewachstes PES Polyester Takelgarn","description":"Hochwertiges Takelgarn PES Polyester \u00d80,9\u202fmm, 50\u202fm gewachst. Ideal f\u00fcr Leinen, Seile und Tauwerk \u2013 extrem rei\u00dffest, langlebig & einfach zu verarbeiten.","robots":{"index":"index","follow":"follow","max-snippet":"max-snippet:-1","max-image-preview":"max-image-preview:large","max-video-preview":"max-video-preview:-1"},"canonical":"https:\/\/ropesandmore.fr\/de\/produkt\/takelgarn-pes-polyester-o09mm-50m-gewachst-fuer-leinen-seile-tauwerk-premium-qualitaet\/","og_locale":"de_DE","og_type":"article","og_title":"Takelgarn \u00d80,9\u202fmm \u2013 50\u202fm gewachstes PES Polyester Takelgarn","og_description":"Hochwertiges Takelgarn PES Polyester \u00d80,9\u202fmm, 50\u202fm gewachst. Ideal f\u00fcr Leinen, Seile und Tauwerk \u2013 extrem rei\u00dffest, langlebig & einfach zu verarbeiten.","og_url":"https:\/\/ropesandmore.fr\/de\/produkt\/takelgarn-pes-polyester-o09mm-50m-gewachst-fuer-leinen-seile-tauwerk-premium-qualitaet\/","og_site_name":"Ropes and More","article_publisher":"https:\/\/www.instagram.com\/ropesandmoregmbh\/","article_modified_time":"2025-08-05T19:03:29+00:00","og_image":[{"width":1000,"height":1000,"url":"https:\/\/ropesandmore.fr\/wp-content\/uploads\/2025\/05\/Takelgarn-gew.-Front.jpg","type":"image\/jpeg"}],"twitter_card":"summary_large_image","twitter_misc":{"Gesch\u00e4tzte Lesezeit":"2\u00a0Minute"},"schema":{"@context":"https:\/\/schema.org","@graph":[{"@type":"WebPage","@id":"https:\/\/ropesandmore.fr\/de\/produkt\/takelgarn-pes-polyester-o09mm-50m-gewachst-fuer-leinen-seile-tauwerk-premium-qualitaet\/","url":"https:\/\/ropesandmore.fr\/de\/produkt\/takelgarn-pes-polyester-o09mm-50m-gewachst-fuer-leinen-seile-tauwerk-premium-qualitaet\/","name":"Takelgarn \u00d80,9\u202fmm \u2013 50\u202fm gewachstes PES Polyester Takelgarn","isPartOf":{"@id":"https:\/\/ropesandmore.fr\/de\/#website"},"primaryImageOfPage":{"@id":"https:\/\/ropesandmore.fr\/de\/produkt\/takelgarn-pes-polyester-o09mm-50m-gewachst-fuer-leinen-seile-tauwerk-premium-qualitaet\/#primaryimage"},"image":{"@id":"https:\/\/ropesandmore.fr\/de\/produkt\/takelgarn-pes-polyester-o09mm-50m-gewachst-fuer-leinen-seile-tauwerk-premium-qualitaet\/#primaryimage"},"thumbnailUrl":"https:\/\/ropesandmore.fr\/wp-content\/uploads\/2025\/05\/Takelgarn-gew.-Front.jpg","datePublished":"2025-05-06T08:18:01+00:00","dateModified":"2025-08-05T19:03:29+00:00","description":"Hochwertiges Takelgarn PES Polyester \u00d80,9\u202fmm, 50\u202fm gewachst. Ideal f\u00fcr Leinen, Seile und Tauwerk \u2013 extrem rei\u00dffest, langlebig & einfach zu verarbeiten.","breadcrumb":{"@id":"https:\/\/ropesandmore.fr\/de\/produkt\/takelgarn-pes-polyester-o09mm-50m-gewachst-fuer-leinen-seile-tauwerk-premium-qualitaet\/#breadcrumb"},"inLanguage":"de","potentialAction":[{"@type":"ReadAction","target":["https:\/\/ropesandmore.fr\/de\/produkt\/takelgarn-pes-polyester-o09mm-50m-gewachst-fuer-leinen-seile-tauwerk-premium-qualitaet\/"]}]},{"@type":"ImageObject","inLanguage":"de","@id":"https:\/\/ropesandmore.fr\/de\/produkt\/takelgarn-pes-polyester-o09mm-50m-gewachst-fuer-leinen-seile-tauwerk-premium-qualitaet\/#primaryimage","url":"https:\/\/ropesandmore.fr\/wp-content\/uploads\/2025\/05\/Takelgarn-gew.-Front.jpg","contentUrl":"https:\/\/ropesandmore.fr\/wp-content\/uploads\/2025\/05\/Takelgarn-gew.-Front.jpg","width":1000,"height":1000},{"@type":"BreadcrumbList","@id":"https:\/\/ropesandmore.fr\/de\/produkt\/takelgarn-pes-polyester-o09mm-50m-gewachst-fuer-leinen-seile-tauwerk-premium-qualitaet\/#breadcrumb","itemListElement":[{"@type":"ListItem","position":1,"name":"Startseite","item":"https:\/\/ropesandmore.fr\/de\/"},{"@type":"ListItem","position":2,"name":"Ropes and More \u2013 Dein Shop f\u00fcr Seile, Tauwerk &amp; Spezialschn\u00fcre","item":"https:\/\/ropesandmore.fr\/ropes-and-more-dein-shop-fuer-seile-tauwerk-spezialschnuere\/"},{"@type":"ListItem","position":3,"name":"Takelgarn PES Polyester \u00d80,9mm 50m gewachst f\u00fcr Leinen, Seile, Tauwerk Premium Qualit\u00e4t"}]},{"@type":"WebSite","@id":"https:\/\/ropesandmore.fr\/de\/#website","url":"https:\/\/ropesandmore.fr\/de\/","name":"ropes and more","description":"Your Trusted Partner","publisher":{"@id":"https:\/\/ropesandmore.fr\/de\/#organization"},"potentialAction":[{"@type":"SearchAction","target":{"@type":"EntryPoint","urlTemplate":"https:\/\/ropesandmore.fr\/de\/?s={search_term_string}"},"query-input":{"@type":"PropertyValueSpecification","valueRequired":true,"valueName":"search_term_string"}}],"inLanguage":"de"},{"@type":"Organization","@id":"https:\/\/ropesandmore.fr\/de\/#organization","name":"ropes and more","url":"https:\/\/ropesandmore.fr\/de\/","logo":{"@type":"ImageObject","inLanguage":"de","@id":"https:\/\/ropesandmore.fr\/de\/#\/schema\/logo\/image\/","url":"https:\/\/ropesandmore.fr\/wp-content\/uploads\/2025\/06\/Bild6.webp","contentUrl":"https:\/\/ropesandmore.fr\/wp-content\/uploads\/2025\/06\/Bild6.webp","width":1023,"height":480,"caption":"ropes and more"},"image":{"@id":"https:\/\/ropesandmore.fr\/de\/#\/schema\/logo\/image\/"},"sameAs":["https:\/\/www.instagram.com\/ropesandmoregmbh\/"]}]}},"_links":{"self":[{"href":"https:\/\/ropesandmore.fr\/de\/wp-json\/wp\/v2\/product\/8967","targetHints":{"allow":["GET"]}}],"collection":[{"href":"https:\/\/ropesandmore.fr\/de\/wp-json\/wp\/v2\/product"}],"about":[{"href":"https:\/\/ropesandmore.fr\/de\/wp-json\/wp\/v2\/types\/product"}],"version-history":[{"count":0,"href":"https:\/\/ropesandmore.fr\/de\/wp-json\/wp\/v2\/product\/8967\/revisions"}],"wp:featuredmedia":[{"embeddable":true,"href":"https:\/\/ropesandmore.fr\/de\/wp-json\/wp\/v2\/media\/9178"}],"wp:attachment":[{"href":"https:\/\/ropesandmore.fr\/de\/wp-json\/wp\/v2\/media?parent=8967"}],"wp:term":[{"taxonomy":"product_brand","embeddable":true,"href":"https:\/\/ropesandmore.fr\/de\/wp-json\/wp\/v2\/product_brand?post=8967"},{"taxonomy":"product_cat","embeddable":true,"href":"https:\/\/ropesandmore.fr\/de\/wp-json\/wp\/v2\/product_cat?post=8967"},{"taxonomy":"product_tag","embeddable":true,"href":"https:\/\/ropesandmore.fr\/de\/wp-json\/wp\/v2\/product_tag?post=8967"}],"curies":[{"name":"wp","href":"https:\/\/api.w.org\/{rel}","templated":true}]}}