{"id":9047,"date":"2025-05-06T18:23:20","date_gmt":"2025-05-06T18:23:20","guid":{"rendered":"https:\/\/ropesandmore.fr\/?post_type=product&#038;p=9047"},"modified":"2025-08-11T18:19:01","modified_gmt":"2025-08-11T18:19:01","slug":"baumwollseil-o10mm-tauwerk-3-litzig-gedreht-100-baumwolle-farbe-rot","status":"publish","type":"product","link":"https:\/\/ropesandmore.fr\/de\/produkt\/baumwollseil-o10mm-tauwerk-3-litzig-gedreht-100-baumwolle-farbe-rot\/","title":{"rendered":"Baumwollseil \u00d810mm Tauwerk 3-litzig gedreht 100% Baumwolle Farbe Rot"},"content":{"rendered":"<h3 data-start=\"157\" data-end=\"438\"><strong data-start=\"157\" data-end=\"218\">Hochwertige Baumwollseile \u2013 weich \u2601\ufe0f, ideal f\u00fcr DIY \u2702\ufe0f<\/strong><\/h3>\n<p class=\"\" data-start=\"157\" data-end=\"438\">Unsere <strong data-start=\"268\" data-end=\"298\">hochwertigen Baumwollseile<\/strong> werden in Deutschland produziert und stehen f\u00fcr h\u00f6chste Verarbeitungsqualit\u00e4t.<br data-start=\"377\" data-end=\"380\" \/>Die <strong data-start=\"384\" data-end=\"409\">weiche Baumwollschnur<\/strong> ist besonders <strong data-start=\"424\" data-end=\"442\">hautfreundlich<\/strong>, <strong data-start=\"444\" data-end=\"462\">geruchsneutral<\/strong>, <strong data-start=\"464\" data-end=\"476\">waschbar<\/strong> und l\u00e4sst sich <strong data-start=\"492\" data-end=\"509\">leicht knoten<\/strong> \u2013 perfekt f\u00fcr alle, die kreativ arbeiten m\u00f6chten.<br \/>\n<!--more--><\/p>\n<hr \/>\n<h3 class=\"\" data-start=\"566\" data-end=\"597\">\u2728 <strong data-start=\"572\" data-end=\"597\">Vielseitig einsetzbar<\/strong><\/h3>\n<p class=\"\" data-start=\"599\" data-end=\"611\">Egal ob f\u00fcr:<\/p>\n<ul>\n<li data-start=\"615\" data-end=\"638\"><strong data-start=\"880\" data-end=\"909\">Verpackung &amp; Pr\u00e4sentation<\/strong>: als <strong data-start=\"915\" data-end=\"929\">Zierkordel<\/strong> f\u00fcr <strong data-start=\"934\" data-end=\"958\">hochwertige Produkte<\/strong><\/li>\n<li data-start=\"641\" data-end=\"681\"><strong data-start=\"706\" data-end=\"732\">DIY-Projekte &amp; Basteln<\/strong>: ideal f\u00fcr <strong data-start=\"744\" data-end=\"753\">K\u00f6rbe<\/strong>, <strong data-start=\"755\" data-end=\"780\">Makramee-Gro\u00dfprojekte<\/strong>, <strong data-start=\"782\" data-end=\"793\">Taschen<\/strong><\/li>\n<li><strong data-start=\"729\" data-end=\"752\">Textile Anwendungen<\/strong> im Innenbereich, <strong data-start=\"684\" data-end=\"724\">M\u00f6belverzierung &amp; Lampenaufh\u00e4ngungen<\/strong><\/li>\n<li data-start=\"684\" data-end=\"726\"><strong data-start=\"798\" data-end=\"835\">Event- und Schaufensterdekoration<\/strong>: kr\u00e4ftige Farbe, <strong data-start=\"853\" data-end=\"875\">auff\u00e4lliger Akzent<\/strong><\/li>\n<li><strong data-start=\"1120\" data-end=\"1150\">Kletterseile f\u00fcr Haustiere <\/strong>oder selbstgemachte <strong data-start=\"1120\" data-end=\"1150\">Hunde- und Katzenleinen<\/strong><\/li>\n<\/ul>\n<p class=\"\" data-start=\"812\" data-end=\"930\">Unsere Baumwollkordel \u00fcberzeugt durch angenehme Haptik und zuverl\u00e4ssige Qualit\u00e4t \u2013 <strong>auch bei empfindlichen Oberfl\u00e4chen<\/strong>.<\/p>\n<hr \/>\n<h3 class=\"\" data-start=\"937\" data-end=\"970\"><strong data-start=\"944\" data-end=\"970\">\ud83c\udf31Nat\u00fcrlich &amp; nachhaltig<\/strong><\/h3>\n<p class=\"\" data-start=\"972\" data-end=\"1182\">Die Baumwolle stammt aus <strong data-start=\"997\" data-end=\"1026\">nachwachsenden Rohstoffen<\/strong> und ist <strong data-start=\"1035\" data-end=\"1049\">recycelbar<\/strong>.<br data-start=\"1050\" data-end=\"1053\" \/>Damit ist unsere Baumwollschnur nicht nur sch\u00f6n, sondern auch gut f\u00fcr die Umwelt \u2013 ganz ohne Kunstfasern oder sch\u00e4dliche Zus\u00e4tze.<\/p>\n<hr \/>\n<p class=\"\" data-start=\"139\" data-end=\"346\"><strong data-start=\"139\" data-end=\"171\">Hinweis zur Farbdarstellung:<\/strong><br data-start=\"171\" data-end=\"174\" \/>Bitte beachten Sie, dass es durch Lichtverh\u00e4ltnisse bei der Produktfotografie sowie durch unterschiedliche Bildschirmdarstellungen zu leichten Farbabweichungen kommen kann.<\/p>\n","protected":false},"excerpt":{"rendered":"<ul>\n<li><span data-contrast=\"auto\">Premium Qualit\u00e4t &#8211; Made in Germany<\/span><span data-ccp-props=\"{}\">\u00a0<\/span><\/li>\n<li><strong>Durchmesser: 10 mm\u00a0<\/strong><\/li>\n<li>Farbe: Rot<\/li>\n<li><span data-contrast=\"auto\">Konstruktion: 3-sch\u00e4ftig gedreht<\/span><span data-ccp-props=\"{}\">\u00a0<\/span><\/li>\n<li><span data-contrast=\"auto\">Bruchlast: 525 daN(kg)<\/span><span data-ccp-props=\"{}\">\u00a0<\/span><\/li>\n<li><span data-contrast=\"auto\">Material: 100% Baumwolle<\/span><\/li>\n<li><span data-ccp-props=\"{&quot;134233117&quot;:false,&quot;134233118&quot;:false,&quot;201341983&quot;:0,&quot;335551550&quot;:1,&quot;335551620&quot;:1,&quot;335559685&quot;:720,&quot;335559737&quot;:0,&quot;335559738&quot;:0,&quot;335559739&quot;:160,&quot;335559740&quot;:259,&quot;335559991&quot;:360}\">sehr gut splei\u00dfbar\u00a0<\/span><\/li>\n<li><span data-contrast=\"auto\">Gewicht per 100m: 3,6 kg<\/span><\/li>\n<\/ul>\n","protected":false},"featured_media":9048,"template":"","meta":{"_acf_changed":false,"site-sidebar-layout":"default","site-content-layout":"","ast-site-content-layout":"default","site-content-style":"default","site-sidebar-style":"default","ast-global-header-display":"","ast-banner-title-visibility":"","ast-main-header-display":"","ast-hfb-above-header-display":"","ast-hfb-below-header-display":"","ast-hfb-mobile-header-display":"","site-post-title":"","ast-breadcrumbs-content":"","ast-featured-img":"","footer-sml-layout":"","ast-disable-related-posts":"","theme-transparent-header-meta":"default","adv-header-id-meta":"","stick-header-meta":"","header-above-stick-meta":"","header-main-stick-meta":"","header-below-stick-meta":"","astra-migrate-meta-layouts":"set","ast-page-background-enabled":"default","ast-page-background-meta":{"desktop":{"background-color":"","background-image":"","background-repeat":"repeat","background-position":"center center","background-size":"auto","background-attachment":"scroll","background-type":"","background-media":"","overlay-type":"","overlay-color":"","overlay-opacity":"","overlay-gradient":""},"tablet":{"background-color":"","background-image":"","background-repeat":"repeat","background-position":"center center","background-size":"auto","background-attachment":"scroll","background-type":"","background-media":"","overlay-type":"","overlay-color":"","overlay-opacity":"","overlay-gradient":""},"mobile":{"background-color":"","background-image":"","background-repeat":"repeat","background-position":"center center","background-size":"auto","background-attachment":"scroll","background-type":"","background-media":"","overlay-type":"","overlay-color":"","overlay-opacity":"","overlay-gradient":""}},"ast-content-background-meta":{"desktop":{"background-color":"var(--ast-global-color-5)","background-image":"","background-repeat":"repeat","background-position":"center center","background-size":"auto","background-attachment":"scroll","background-type":"","background-media":"","overlay-type":"","overlay-color":"","overlay-opacity":"","overlay-gradient":""},"tablet":{"background-color":"var(--ast-global-color-5)","background-image":"","background-repeat":"repeat","background-position":"center center","background-size":"auto","background-attachment":"scroll","background-type":"","background-media":"","overlay-type":"","overlay-color":"","overlay-opacity":"","overlay-gradient":""},"mobile":{"background-color":"var(--ast-global-color-5)","background-image":"","background-repeat":"repeat","background-position":"center center","background-size":"auto","background-attachment":"scroll","background-type":"","background-media":"","overlay-type":"","overlay-color":"","overlay-opacity":"","overlay-gradient":""}}},"product_brand":[193],"product_cat":[71,202,728,85,90,86,396,109],"product_tag":[300,427,822,279,282,284,285,821,828,283,825,824,826,749,820,819,732,823,827,339,523],"class_list":{"0":"post-9047","1":"product","2":"type-product","3":"status-publish","4":"has-post-thumbnail","6":"product_brand-ropes-and-more","7":"product_cat-baumwollseile-gedreht","8":"product_cat-baumwollseile","9":"product_cat-bondageseile","10":"product_cat-kreativbedarf-diy-materialien-basteln-naehen-deko","11":"product_cat-seile-fuer-gartenarbeit","12":"product_cat-seile-nach-anwendung-seile-fuer-tierbedarf-und-spielzeug","13":"product_cat-spezielle-seilprodukte","14":"product_cat-spleissbare-seile","15":"product_tag-100-baumwolle","16":"product_tag-3-litzig-gedreht","17":"product_tag-bastelseil-baumwolle","18":"product_tag-baumwoll-tauwerk-rot","19":"product_tag-baumwollseil-10mm","20":"product_tag-baumwollseil-200m","21":"product_tag-baumwollseil-rot","22":"product_tag-deko-seil-rot","23":"product_tag-dekoratives-seil","24":"product_tag-dekoseil-10mm","25":"product_tag-handgefertigtes-seil","26":"product_tag-langlebiges-baumwollseil","27":"product_tag-nachhaltiges-tauwerk","28":"product_tag-naturfaser-seil","29":"product_tag-robustes-baumwollseil","30":"product_tag-rotes-baumwollseil","31":"product_tag-seil-fuer-diy","32":"product_tag-seil-fuer-innenbereich","33":"product_tag-seil-fuer-moebel","34":"product_tag-tauwerk-baumwolle","35":"product_tag-umweltfreundliches-seil","36":"desktop-align-left","37":"tablet-align-left","38":"mobile-align-left","40":"first","41":"instock","42":"taxable","43":"shipping-taxable","44":"purchasable","45":"product-type-variable"},"acf":[],"yoast_head":"<!-- This site is optimized with the Yoast SEO plugin v27.5 - https:\/\/yoast.com\/product\/yoast-seo-wordpress\/ -->\n<title>Baumwollseil \u00d810mm \u2013 3-litzig gedreht, 100% Baumwolle, Rot<\/title>\n<meta name=\"description\" content=\"Robustes Baumwollseil \u00d810mm, 3-litzig gedreht, 100% Baumwolle in Rot. Weich, griffig &amp; vielseitig \u2013 ideal f\u00fcr DIY, Deko, Basteln &amp; Outdoor.\" \/>\n<meta name=\"robots\" content=\"index, follow, max-snippet:-1, max-image-preview:large, max-video-preview:-1\" \/>\n<link rel=\"canonical\" href=\"https:\/\/ropesandmore.fr\/de\/produkt\/baumwollseil-o10mm-tauwerk-3-litzig-gedreht-100-baumwolle-farbe-rot\/\" \/>\n<meta property=\"og:locale\" content=\"de_DE\" \/>\n<meta property=\"og:type\" content=\"article\" \/>\n<meta property=\"og:title\" content=\"Baumwollseil \u00d810mm \u2013 3-litzig gedreht, 100% Baumwolle, Rot\" \/>\n<meta property=\"og:description\" content=\"Robustes Baumwollseil \u00d810mm, 3-litzig gedreht, 100% Baumwolle in Rot. Weich, griffig &amp; vielseitig \u2013 ideal f\u00fcr DIY, Deko, Basteln &amp; Outdoor.\" \/>\n<meta property=\"og:url\" content=\"https:\/\/ropesandmore.fr\/de\/produkt\/baumwollseil-o10mm-tauwerk-3-litzig-gedreht-100-baumwolle-farbe-rot\/\" \/>\n<meta property=\"og:site_name\" content=\"Ropes and More\" \/>\n<meta property=\"article:publisher\" content=\"https:\/\/www.instagram.com\/ropesandmoregmbh\/\" \/>\n<meta property=\"article:modified_time\" content=\"2025-08-11T18:19:01+00:00\" \/>\n<meta property=\"og:image\" content=\"https:\/\/ropesandmore.fr\/wp-content\/uploads\/2025\/05\/Baumwolle-10mm-gedr.-200m-R.jpg\" \/>\n\t<meta property=\"og:image:width\" content=\"1000\" \/>\n\t<meta property=\"og:image:height\" content=\"1000\" \/>\n\t<meta property=\"og:image:type\" content=\"image\/jpeg\" \/>\n<meta name=\"twitter:card\" content=\"summary_large_image\" \/>\n<meta name=\"twitter:label1\" content=\"Gesch\u00e4tzte Lesezeit\" \/>\n\t<meta name=\"twitter:data1\" content=\"2\u00a0Minute\" \/>\n<script type=\"application\/ld+json\" class=\"yoast-schema-graph\">{\"@context\":\"https:\\\/\\\/schema.org\",\"@graph\":[{\"@type\":\"WebPage\",\"@id\":\"https:\\\/\\\/ropesandmore.fr\\\/de\\\/produkt\\\/baumwollseil-o10mm-tauwerk-3-litzig-gedreht-100-baumwolle-farbe-rot\\\/\",\"url\":\"https:\\\/\\\/ropesandmore.fr\\\/de\\\/produkt\\\/baumwollseil-o10mm-tauwerk-3-litzig-gedreht-100-baumwolle-farbe-rot\\\/\",\"name\":\"Baumwollseil \u00d810mm \u2013 3-litzig gedreht, 100% Baumwolle, Rot\",\"isPartOf\":{\"@id\":\"https:\\\/\\\/ropesandmore.fr\\\/de\\\/#website\"},\"primaryImageOfPage\":{\"@id\":\"https:\\\/\\\/ropesandmore.fr\\\/de\\\/produkt\\\/baumwollseil-o10mm-tauwerk-3-litzig-gedreht-100-baumwolle-farbe-rot\\\/#primaryimage\"},\"image\":{\"@id\":\"https:\\\/\\\/ropesandmore.fr\\\/de\\\/produkt\\\/baumwollseil-o10mm-tauwerk-3-litzig-gedreht-100-baumwolle-farbe-rot\\\/#primaryimage\"},\"thumbnailUrl\":\"https:\\\/\\\/ropesandmore.fr\\\/wp-content\\\/uploads\\\/2025\\\/05\\\/Baumwolle-10mm-gedr.-200m-R.jpg\",\"datePublished\":\"2025-05-06T18:23:20+00:00\",\"dateModified\":\"2025-08-11T18:19:01+00:00\",\"description\":\"Robustes Baumwollseil \u00d810mm, 3-litzig gedreht, 100% Baumwolle in Rot. Weich, griffig & vielseitig \u2013 ideal f\u00fcr DIY, Deko, Basteln & Outdoor.\",\"breadcrumb\":{\"@id\":\"https:\\\/\\\/ropesandmore.fr\\\/de\\\/produkt\\\/baumwollseil-o10mm-tauwerk-3-litzig-gedreht-100-baumwolle-farbe-rot\\\/#breadcrumb\"},\"inLanguage\":\"de\",\"potentialAction\":[{\"@type\":\"ReadAction\",\"target\":[\"https:\\\/\\\/ropesandmore.fr\\\/de\\\/produkt\\\/baumwollseil-o10mm-tauwerk-3-litzig-gedreht-100-baumwolle-farbe-rot\\\/\"]}]},{\"@type\":\"ImageObject\",\"inLanguage\":\"de\",\"@id\":\"https:\\\/\\\/ropesandmore.fr\\\/de\\\/produkt\\\/baumwollseil-o10mm-tauwerk-3-litzig-gedreht-100-baumwolle-farbe-rot\\\/#primaryimage\",\"url\":\"https:\\\/\\\/ropesandmore.fr\\\/wp-content\\\/uploads\\\/2025\\\/05\\\/Baumwolle-10mm-gedr.-200m-R.jpg\",\"contentUrl\":\"https:\\\/\\\/ropesandmore.fr\\\/wp-content\\\/uploads\\\/2025\\\/05\\\/Baumwolle-10mm-gedr.-200m-R.jpg\",\"width\":1000,\"height\":1000},{\"@type\":\"BreadcrumbList\",\"@id\":\"https:\\\/\\\/ropesandmore.fr\\\/de\\\/produkt\\\/baumwollseil-o10mm-tauwerk-3-litzig-gedreht-100-baumwolle-farbe-rot\\\/#breadcrumb\",\"itemListElement\":[{\"@type\":\"ListItem\",\"position\":1,\"name\":\"Startseite\",\"item\":\"https:\\\/\\\/ropesandmore.fr\\\/de\\\/\"},{\"@type\":\"ListItem\",\"position\":2,\"name\":\"Ropes and More \u2013 Dein Shop f\u00fcr Seile, Tauwerk &amp; Spezialschn\u00fcre\",\"item\":\"https:\\\/\\\/ropesandmore.fr\\\/ropes-and-more-dein-shop-fuer-seile-tauwerk-spezialschnuere\\\/\"},{\"@type\":\"ListItem\",\"position\":3,\"name\":\"Baumwollseil \u00d810mm Tauwerk 3-litzig gedreht 100% Baumwolle Farbe Rot\"}]},{\"@type\":\"WebSite\",\"@id\":\"https:\\\/\\\/ropesandmore.fr\\\/de\\\/#website\",\"url\":\"https:\\\/\\\/ropesandmore.fr\\\/de\\\/\",\"name\":\"ropes and more\",\"description\":\"Your Trusted Partner\",\"publisher\":{\"@id\":\"https:\\\/\\\/ropesandmore.fr\\\/de\\\/#organization\"},\"potentialAction\":[{\"@type\":\"SearchAction\",\"target\":{\"@type\":\"EntryPoint\",\"urlTemplate\":\"https:\\\/\\\/ropesandmore.fr\\\/de\\\/?s={search_term_string}\"},\"query-input\":{\"@type\":\"PropertyValueSpecification\",\"valueRequired\":true,\"valueName\":\"search_term_string\"}}],\"inLanguage\":\"de\"},{\"@type\":\"Organization\",\"@id\":\"https:\\\/\\\/ropesandmore.fr\\\/de\\\/#organization\",\"name\":\"ropes and more\",\"url\":\"https:\\\/\\\/ropesandmore.fr\\\/de\\\/\",\"logo\":{\"@type\":\"ImageObject\",\"inLanguage\":\"de\",\"@id\":\"https:\\\/\\\/ropesandmore.fr\\\/de\\\/#\\\/schema\\\/logo\\\/image\\\/\",\"url\":\"https:\\\/\\\/ropesandmore.fr\\\/wp-content\\\/uploads\\\/2025\\\/06\\\/Bild6.webp\",\"contentUrl\":\"https:\\\/\\\/ropesandmore.fr\\\/wp-content\\\/uploads\\\/2025\\\/06\\\/Bild6.webp\",\"width\":1023,\"height\":480,\"caption\":\"ropes and more\"},\"image\":{\"@id\":\"https:\\\/\\\/ropesandmore.fr\\\/de\\\/#\\\/schema\\\/logo\\\/image\\\/\"},\"sameAs\":[\"https:\\\/\\\/www.instagram.com\\\/ropesandmoregmbh\\\/\"]}]}<\/script>\n<!-- \/ Yoast SEO plugin. -->","yoast_head_json":{"title":"Baumwollseil \u00d810mm \u2013 3-litzig gedreht, 100% Baumwolle, Rot","description":"Robustes Baumwollseil \u00d810mm, 3-litzig gedreht, 100% Baumwolle in Rot. Weich, griffig & vielseitig \u2013 ideal f\u00fcr DIY, Deko, Basteln & Outdoor.","robots":{"index":"index","follow":"follow","max-snippet":"max-snippet:-1","max-image-preview":"max-image-preview:large","max-video-preview":"max-video-preview:-1"},"canonical":"https:\/\/ropesandmore.fr\/de\/produkt\/baumwollseil-o10mm-tauwerk-3-litzig-gedreht-100-baumwolle-farbe-rot\/","og_locale":"de_DE","og_type":"article","og_title":"Baumwollseil \u00d810mm \u2013 3-litzig gedreht, 100% Baumwolle, Rot","og_description":"Robustes Baumwollseil \u00d810mm, 3-litzig gedreht, 100% Baumwolle in Rot. Weich, griffig & vielseitig \u2013 ideal f\u00fcr DIY, Deko, Basteln & Outdoor.","og_url":"https:\/\/ropesandmore.fr\/de\/produkt\/baumwollseil-o10mm-tauwerk-3-litzig-gedreht-100-baumwolle-farbe-rot\/","og_site_name":"Ropes and More","article_publisher":"https:\/\/www.instagram.com\/ropesandmoregmbh\/","article_modified_time":"2025-08-11T18:19:01+00:00","og_image":[{"width":1000,"height":1000,"url":"https:\/\/ropesandmore.fr\/wp-content\/uploads\/2025\/05\/Baumwolle-10mm-gedr.-200m-R.jpg","type":"image\/jpeg"}],"twitter_card":"summary_large_image","twitter_misc":{"Gesch\u00e4tzte Lesezeit":"2\u00a0Minute"},"schema":{"@context":"https:\/\/schema.org","@graph":[{"@type":"WebPage","@id":"https:\/\/ropesandmore.fr\/de\/produkt\/baumwollseil-o10mm-tauwerk-3-litzig-gedreht-100-baumwolle-farbe-rot\/","url":"https:\/\/ropesandmore.fr\/de\/produkt\/baumwollseil-o10mm-tauwerk-3-litzig-gedreht-100-baumwolle-farbe-rot\/","name":"Baumwollseil \u00d810mm \u2013 3-litzig gedreht, 100% Baumwolle, Rot","isPartOf":{"@id":"https:\/\/ropesandmore.fr\/de\/#website"},"primaryImageOfPage":{"@id":"https:\/\/ropesandmore.fr\/de\/produkt\/baumwollseil-o10mm-tauwerk-3-litzig-gedreht-100-baumwolle-farbe-rot\/#primaryimage"},"image":{"@id":"https:\/\/ropesandmore.fr\/de\/produkt\/baumwollseil-o10mm-tauwerk-3-litzig-gedreht-100-baumwolle-farbe-rot\/#primaryimage"},"thumbnailUrl":"https:\/\/ropesandmore.fr\/wp-content\/uploads\/2025\/05\/Baumwolle-10mm-gedr.-200m-R.jpg","datePublished":"2025-05-06T18:23:20+00:00","dateModified":"2025-08-11T18:19:01+00:00","description":"Robustes Baumwollseil \u00d810mm, 3-litzig gedreht, 100% Baumwolle in Rot. Weich, griffig & vielseitig \u2013 ideal f\u00fcr DIY, Deko, Basteln & Outdoor.","breadcrumb":{"@id":"https:\/\/ropesandmore.fr\/de\/produkt\/baumwollseil-o10mm-tauwerk-3-litzig-gedreht-100-baumwolle-farbe-rot\/#breadcrumb"},"inLanguage":"de","potentialAction":[{"@type":"ReadAction","target":["https:\/\/ropesandmore.fr\/de\/produkt\/baumwollseil-o10mm-tauwerk-3-litzig-gedreht-100-baumwolle-farbe-rot\/"]}]},{"@type":"ImageObject","inLanguage":"de","@id":"https:\/\/ropesandmore.fr\/de\/produkt\/baumwollseil-o10mm-tauwerk-3-litzig-gedreht-100-baumwolle-farbe-rot\/#primaryimage","url":"https:\/\/ropesandmore.fr\/wp-content\/uploads\/2025\/05\/Baumwolle-10mm-gedr.-200m-R.jpg","contentUrl":"https:\/\/ropesandmore.fr\/wp-content\/uploads\/2025\/05\/Baumwolle-10mm-gedr.-200m-R.jpg","width":1000,"height":1000},{"@type":"BreadcrumbList","@id":"https:\/\/ropesandmore.fr\/de\/produkt\/baumwollseil-o10mm-tauwerk-3-litzig-gedreht-100-baumwolle-farbe-rot\/#breadcrumb","itemListElement":[{"@type":"ListItem","position":1,"name":"Startseite","item":"https:\/\/ropesandmore.fr\/de\/"},{"@type":"ListItem","position":2,"name":"Ropes and More \u2013 Dein Shop f\u00fcr Seile, Tauwerk &amp; Spezialschn\u00fcre","item":"https:\/\/ropesandmore.fr\/ropes-and-more-dein-shop-fuer-seile-tauwerk-spezialschnuere\/"},{"@type":"ListItem","position":3,"name":"Baumwollseil \u00d810mm Tauwerk 3-litzig gedreht 100% Baumwolle Farbe Rot"}]},{"@type":"WebSite","@id":"https:\/\/ropesandmore.fr\/de\/#website","url":"https:\/\/ropesandmore.fr\/de\/","name":"ropes and more","description":"Your Trusted Partner","publisher":{"@id":"https:\/\/ropesandmore.fr\/de\/#organization"},"potentialAction":[{"@type":"SearchAction","target":{"@type":"EntryPoint","urlTemplate":"https:\/\/ropesandmore.fr\/de\/?s={search_term_string}"},"query-input":{"@type":"PropertyValueSpecification","valueRequired":true,"valueName":"search_term_string"}}],"inLanguage":"de"},{"@type":"Organization","@id":"https:\/\/ropesandmore.fr\/de\/#organization","name":"ropes and more","url":"https:\/\/ropesandmore.fr\/de\/","logo":{"@type":"ImageObject","inLanguage":"de","@id":"https:\/\/ropesandmore.fr\/de\/#\/schema\/logo\/image\/","url":"https:\/\/ropesandmore.fr\/wp-content\/uploads\/2025\/06\/Bild6.webp","contentUrl":"https:\/\/ropesandmore.fr\/wp-content\/uploads\/2025\/06\/Bild6.webp","width":1023,"height":480,"caption":"ropes and more"},"image":{"@id":"https:\/\/ropesandmore.fr\/de\/#\/schema\/logo\/image\/"},"sameAs":["https:\/\/www.instagram.com\/ropesandmoregmbh\/"]}]}},"_links":{"self":[{"href":"https:\/\/ropesandmore.fr\/de\/wp-json\/wp\/v2\/product\/9047","targetHints":{"allow":["GET"]}}],"collection":[{"href":"https:\/\/ropesandmore.fr\/de\/wp-json\/wp\/v2\/product"}],"about":[{"href":"https:\/\/ropesandmore.fr\/de\/wp-json\/wp\/v2\/types\/product"}],"version-history":[{"count":0,"href":"https:\/\/ropesandmore.fr\/de\/wp-json\/wp\/v2\/product\/9047\/revisions"}],"wp:featuredmedia":[{"embeddable":true,"href":"https:\/\/ropesandmore.fr\/de\/wp-json\/wp\/v2\/media\/9048"}],"wp:attachment":[{"href":"https:\/\/ropesandmore.fr\/de\/wp-json\/wp\/v2\/media?parent=9047"}],"wp:term":[{"taxonomy":"product_brand","embeddable":true,"href":"https:\/\/ropesandmore.fr\/de\/wp-json\/wp\/v2\/product_brand?post=9047"},{"taxonomy":"product_cat","embeddable":true,"href":"https:\/\/ropesandmore.fr\/de\/wp-json\/wp\/v2\/product_cat?post=9047"},{"taxonomy":"product_tag","embeddable":true,"href":"https:\/\/ropesandmore.fr\/de\/wp-json\/wp\/v2\/product_tag?post=9047"}],"curies":[{"name":"wp","href":"https:\/\/api.w.org\/{rel}","templated":true}]}}