{"id":9646,"date":"2025-05-19T20:39:01","date_gmt":"2025-05-19T20:39:01","guid":{"rendered":"https:\/\/ropesandmore.fr\/?post_type=product&#038;p=9646"},"modified":"2025-08-01T21:20:07","modified_gmt":"2025-08-01T21:20:07","slug":"hohlspieker-spleisswerkzeug-fuer-gedrehte-seile-edelstahl-ideal-fuer-ppm-und-tauwerk-set","status":"publish","type":"product","link":"https:\/\/ropesandmore.fr\/de\/produkt\/hohlspieker-spleisswerkzeug-fuer-gedrehte-seile-edelstahl-ideal-fuer-ppm-und-tauwerk-set\/","title":{"rendered":"Hohlspieker Splei\u00dfwerkzeug f\u00fcr gedrehte Seile \u2013 Edelstahl \u2013 ideal f\u00fcr PPM und Tauwerk SET"},"content":{"rendered":"<p class=\"\" data-start=\"202\" data-end=\"442\">Entdecken Sie das perfekte Werkzeug f\u00fcr saubere und stabile Splei\u00dfarbeiten: Unser <strong data-start=\"284\" data-end=\"313\">Hohlspieker aus Edelstahl<\/strong> ist das ideale Hilfsmittel zum professionellen Splei\u00dfen von gedrehten <strong data-start=\"374\" data-end=\"425\">PPM-Seilen, Tauwerk, Kletterseilen, Hundeleinen<\/strong> und vielem mehr.<\/p>\n<p class=\"\" data-start=\"401\" data-end=\"692\">Das Set enth\u00e4lt <strong data-start=\"417\" data-end=\"432\">zwei Gr\u00f6\u00dfen<\/strong> \u2013 passend f\u00fcr verschiedene Seildurchmesser \u2013 und erm\u00f6glicht Ihnen pr\u00e4zises Arbeiten bei DIY-Projekten, im Bootssport oder in der Seilherstellung. <strong data-start=\"581\" data-end=\"647\">Zudem erhalten Sie eine Sammlung bebilderter Splei\u00dfanleitungen<\/strong> \u2013 ideal f\u00fcr Einsteiger und Fortgeschrittene.<\/p>\n<p data-start=\"444\" data-end=\"621\">Der Hohlspieker wird zum \u00d6ffnen und Trennen der Litzen beim Splei\u00dfen verwendet. Das Seilende wird in den hohlen Schaft eingef\u00fchrt und durch das Seil gef\u00fchrt \u2013 so gelingt ein sicherer, stabiler Splei\u00df ohne Spezialmaschinen.<\/p>\n","protected":false},"excerpt":{"rendered":"<ul>\n<li class=\"\" data-start=\"652\" data-end=\"716\">\n<p class=\"\" data-start=\"654\" data-end=\"716\"><strong data-start=\"656\" data-end=\"675\">2 Gr\u00f6\u00dfen im Set<\/strong> \u2013 optimal f\u00fcr d\u00fcnne und mittlere Seile<\/p>\n<\/li>\n<li class=\"\" data-start=\"652\" data-end=\"716\">\n<p class=\"\" data-start=\"654\" data-end=\"716\"><strong data-start=\"721\" data-end=\"734\">Edelstahl<\/strong> \u2013 rostfrei, robust und langlebig<\/p>\n<\/li>\n<li class=\"\" data-start=\"770\" data-end=\"841\">\n<p class=\"\" data-start=\"772\" data-end=\"841\"><strong data-start=\"774\" data-end=\"814\">Einfaches Einf\u00fchren von Seilstr\u00e4ngen<\/strong> dank innen hohlem Schaft<\/p>\n<\/li>\n<li class=\"\" data-start=\"842\" data-end=\"921\">\n<p class=\"\" data-start=\"844\" data-end=\"921\"><strong data-start=\"846\" data-end=\"919\">F\u00fcr PPM, Tauwerk, Kletterseile, Baumwollseile, Polyhanf, Nylon u.v.m.<\/strong><\/p>\n<\/li>\n<li class=\"\" data-start=\"922\" data-end=\"1013\">\n<p class=\"\" data-start=\"924\" data-end=\"1013\"><strong data-start=\"926\" data-end=\"954\">Unverzichtbares Werkzeug<\/strong> f\u00fcr Splei\u00dfarbeiten<\/p>\n<\/li>\n<\/ul>\n","protected":false},"featured_media":9648,"template":"","meta":{"_acf_changed":false,"site-sidebar-layout":"default","site-content-layout":"","ast-site-content-layout":"default","site-content-style":"default","site-sidebar-style":"default","ast-global-header-display":"","ast-banner-title-visibility":"","ast-main-header-display":"","ast-hfb-above-header-display":"","ast-hfb-below-header-display":"","ast-hfb-mobile-header-display":"","site-post-title":"","ast-breadcrumbs-content":"","ast-featured-img":"","footer-sml-layout":"","ast-disable-related-posts":"","theme-transparent-header-meta":"default","adv-header-id-meta":"","stick-header-meta":"","header-above-stick-meta":"","header-main-stick-meta":"","header-below-stick-meta":"","astra-migrate-meta-layouts":"set","ast-page-background-enabled":"default","ast-page-background-meta":{"desktop":{"background-color":"","background-image":"","background-repeat":"repeat","background-position":"center center","background-size":"auto","background-attachment":"scroll","background-type":"","background-media":"","overlay-type":"","overlay-color":"","overlay-opacity":"","overlay-gradient":""},"tablet":{"background-color":"","background-image":"","background-repeat":"repeat","background-position":"center center","background-size":"auto","background-attachment":"scroll","background-type":"","background-media":"","overlay-type":"","overlay-color":"","overlay-opacity":"","overlay-gradient":""},"mobile":{"background-color":"","background-image":"","background-repeat":"repeat","background-position":"center center","background-size":"auto","background-attachment":"scroll","background-type":"","background-media":"","overlay-type":"","overlay-color":"","overlay-opacity":"","overlay-gradient":""}},"ast-content-background-meta":{"desktop":{"background-color":"var(--ast-global-color-5)","background-image":"","background-repeat":"repeat","background-position":"center center","background-size":"auto","background-attachment":"scroll","background-type":"","background-media":"","overlay-type":"","overlay-color":"","overlay-opacity":"","overlay-gradient":""},"tablet":{"background-color":"var(--ast-global-color-5)","background-image":"","background-repeat":"repeat","background-position":"center center","background-size":"auto","background-attachment":"scroll","background-type":"","background-media":"","overlay-type":"","overlay-color":"","overlay-opacity":"","overlay-gradient":""},"mobile":{"background-color":"var(--ast-global-color-5)","background-image":"","background-repeat":"repeat","background-position":"center center","background-size":"auto","background-attachment":"scroll","background-type":"","background-media":"","overlay-type":"","overlay-color":"","overlay-opacity":"","overlay-gradient":""}}},"product_brand":[],"product_cat":[1114,931,969],"product_tag":[939,936,932,941,938,935,937,934,940,933],"class_list":{"0":"post-9646","1":"product","2":"type-product","3":"status-publish","4":"has-post-thumbnail","6":"product_cat-takelgarn-werkzeug","7":"product_cat-werkzeuge-fuer-seilbearbeitung","8":"product_cat-zubehoer","9":"product_tag-bootszubehoer-spleissen","10":"product_tag-diy-tauwerk-werkzeug","11":"product_tag-hohlspieker","12":"product_tag-hundeleine-selber-machen","13":"product_tag-ppm-seil-spleissen","14":"product_tag-seil-spleissen-anleitung","15":"product_tag-seilverarbeitung","16":"product_tag-spleissen-seil","17":"product_tag-spleissnadel-edelstahl","18":"product_tag-spleisswerkzeug","19":"desktop-align-left","20":"tablet-align-left","21":"mobile-align-left","23":"first","24":"outofstock","25":"taxable","26":"shipping-taxable","27":"purchasable","28":"product-type-simple"},"acf":[],"yoast_head":"<!-- This site is optimized with the Yoast SEO plugin v27.5 - https:\/\/yoast.com\/product\/yoast-seo-wordpress\/ -->\n<title>Hohlspieker Set aus Edelstahl \u2013 Splei\u00dfwerkzeug f\u00fcr gedrehte Seile<\/title>\n<meta name=\"description\" content=\"Professionelles Hohlspieker-Set aus Edelstahl \u2013 ideal zum Splei\u00dfen von gedrehten Seilen &amp; PPM-Tauwerk. Langlebig und rostfrei!\" \/>\n<meta name=\"robots\" content=\"index, follow, max-snippet:-1, max-image-preview:large, max-video-preview:-1\" \/>\n<link rel=\"canonical\" href=\"https:\/\/ropesandmore.fr\/de\/produkt\/hohlspieker-spleisswerkzeug-fuer-gedrehte-seile-edelstahl-ideal-fuer-ppm-und-tauwerk-set\/\" \/>\n<meta property=\"og:locale\" content=\"de_DE\" \/>\n<meta property=\"og:type\" content=\"article\" \/>\n<meta property=\"og:title\" content=\"Hohlspieker Set aus Edelstahl \u2013 Splei\u00dfwerkzeug f\u00fcr gedrehte Seile\" \/>\n<meta property=\"og:description\" content=\"Professionelles Hohlspieker-Set aus Edelstahl \u2013 ideal zum Splei\u00dfen von gedrehten Seilen &amp; PPM-Tauwerk. Langlebig und rostfrei!\" \/>\n<meta property=\"og:url\" content=\"https:\/\/ropesandmore.fr\/de\/produkt\/hohlspieker-spleisswerkzeug-fuer-gedrehte-seile-edelstahl-ideal-fuer-ppm-und-tauwerk-set\/\" \/>\n<meta property=\"og:site_name\" content=\"Ropes and More\" \/>\n<meta property=\"article:publisher\" content=\"https:\/\/www.instagram.com\/ropesandmoregmbh\/\" \/>\n<meta property=\"article:modified_time\" content=\"2025-08-01T21:20:07+00:00\" \/>\n<meta property=\"og:image\" content=\"https:\/\/ropesandmore.fr\/wp-content\/uploads\/2025\/05\/Spleiss-Hohlspieker.jpg\" \/>\n\t<meta property=\"og:image:width\" content=\"1000\" \/>\n\t<meta property=\"og:image:height\" content=\"1000\" \/>\n\t<meta property=\"og:image:type\" content=\"image\/jpeg\" \/>\n<meta name=\"twitter:card\" content=\"summary_large_image\" \/>\n<meta name=\"twitter:label1\" content=\"Gesch\u00e4tzte Lesezeit\" \/>\n\t<meta name=\"twitter:data1\" content=\"1\u00a0Minute\" \/>\n<script type=\"application\/ld+json\" class=\"yoast-schema-graph\">{\"@context\":\"https:\\\/\\\/schema.org\",\"@graph\":[{\"@type\":\"WebPage\",\"@id\":\"https:\\\/\\\/ropesandmore.fr\\\/de\\\/produkt\\\/hohlspieker-spleisswerkzeug-fuer-gedrehte-seile-edelstahl-ideal-fuer-ppm-und-tauwerk-set\\\/\",\"url\":\"https:\\\/\\\/ropesandmore.fr\\\/de\\\/produkt\\\/hohlspieker-spleisswerkzeug-fuer-gedrehte-seile-edelstahl-ideal-fuer-ppm-und-tauwerk-set\\\/\",\"name\":\"Hohlspieker Set aus Edelstahl \u2013 Splei\u00dfwerkzeug f\u00fcr gedrehte Seile\",\"isPartOf\":{\"@id\":\"https:\\\/\\\/ropesandmore.fr\\\/de\\\/#website\"},\"primaryImageOfPage\":{\"@id\":\"https:\\\/\\\/ropesandmore.fr\\\/de\\\/produkt\\\/hohlspieker-spleisswerkzeug-fuer-gedrehte-seile-edelstahl-ideal-fuer-ppm-und-tauwerk-set\\\/#primaryimage\"},\"image\":{\"@id\":\"https:\\\/\\\/ropesandmore.fr\\\/de\\\/produkt\\\/hohlspieker-spleisswerkzeug-fuer-gedrehte-seile-edelstahl-ideal-fuer-ppm-und-tauwerk-set\\\/#primaryimage\"},\"thumbnailUrl\":\"https:\\\/\\\/ropesandmore.fr\\\/wp-content\\\/uploads\\\/2025\\\/05\\\/Spleiss-Hohlspieker.jpg\",\"datePublished\":\"2025-05-19T20:39:01+00:00\",\"dateModified\":\"2025-08-01T21:20:07+00:00\",\"description\":\"Professionelles Hohlspieker-Set aus Edelstahl \u2013 ideal zum Splei\u00dfen von gedrehten Seilen & PPM-Tauwerk. Langlebig und rostfrei!\",\"breadcrumb\":{\"@id\":\"https:\\\/\\\/ropesandmore.fr\\\/de\\\/produkt\\\/hohlspieker-spleisswerkzeug-fuer-gedrehte-seile-edelstahl-ideal-fuer-ppm-und-tauwerk-set\\\/#breadcrumb\"},\"inLanguage\":\"de\",\"potentialAction\":[{\"@type\":\"ReadAction\",\"target\":[\"https:\\\/\\\/ropesandmore.fr\\\/de\\\/produkt\\\/hohlspieker-spleisswerkzeug-fuer-gedrehte-seile-edelstahl-ideal-fuer-ppm-und-tauwerk-set\\\/\"]}]},{\"@type\":\"ImageObject\",\"inLanguage\":\"de\",\"@id\":\"https:\\\/\\\/ropesandmore.fr\\\/de\\\/produkt\\\/hohlspieker-spleisswerkzeug-fuer-gedrehte-seile-edelstahl-ideal-fuer-ppm-und-tauwerk-set\\\/#primaryimage\",\"url\":\"https:\\\/\\\/ropesandmore.fr\\\/wp-content\\\/uploads\\\/2025\\\/05\\\/Spleiss-Hohlspieker.jpg\",\"contentUrl\":\"https:\\\/\\\/ropesandmore.fr\\\/wp-content\\\/uploads\\\/2025\\\/05\\\/Spleiss-Hohlspieker.jpg\",\"width\":1000,\"height\":1000},{\"@type\":\"BreadcrumbList\",\"@id\":\"https:\\\/\\\/ropesandmore.fr\\\/de\\\/produkt\\\/hohlspieker-spleisswerkzeug-fuer-gedrehte-seile-edelstahl-ideal-fuer-ppm-und-tauwerk-set\\\/#breadcrumb\",\"itemListElement\":[{\"@type\":\"ListItem\",\"position\":1,\"name\":\"Startseite\",\"item\":\"https:\\\/\\\/ropesandmore.fr\\\/de\\\/\"},{\"@type\":\"ListItem\",\"position\":2,\"name\":\"Ropes and More \u2013 Dein Shop f\u00fcr Seile, Tauwerk &amp; Spezialschn\u00fcre\",\"item\":\"https:\\\/\\\/ropesandmore.fr\\\/ropes-and-more-dein-shop-fuer-seile-tauwerk-spezialschnuere\\\/\"},{\"@type\":\"ListItem\",\"position\":3,\"name\":\"Hohlspieker Splei\u00dfwerkzeug f\u00fcr gedrehte Seile \u2013 Edelstahl \u2013 ideal f\u00fcr PPM und Tauwerk SET\"}]},{\"@type\":\"WebSite\",\"@id\":\"https:\\\/\\\/ropesandmore.fr\\\/de\\\/#website\",\"url\":\"https:\\\/\\\/ropesandmore.fr\\\/de\\\/\",\"name\":\"ropes and more\",\"description\":\"Your Trusted Partner\",\"publisher\":{\"@id\":\"https:\\\/\\\/ropesandmore.fr\\\/de\\\/#organization\"},\"potentialAction\":[{\"@type\":\"SearchAction\",\"target\":{\"@type\":\"EntryPoint\",\"urlTemplate\":\"https:\\\/\\\/ropesandmore.fr\\\/de\\\/?s={search_term_string}\"},\"query-input\":{\"@type\":\"PropertyValueSpecification\",\"valueRequired\":true,\"valueName\":\"search_term_string\"}}],\"inLanguage\":\"de\"},{\"@type\":\"Organization\",\"@id\":\"https:\\\/\\\/ropesandmore.fr\\\/de\\\/#organization\",\"name\":\"ropes and more\",\"url\":\"https:\\\/\\\/ropesandmore.fr\\\/de\\\/\",\"logo\":{\"@type\":\"ImageObject\",\"inLanguage\":\"de\",\"@id\":\"https:\\\/\\\/ropesandmore.fr\\\/de\\\/#\\\/schema\\\/logo\\\/image\\\/\",\"url\":\"https:\\\/\\\/ropesandmore.fr\\\/wp-content\\\/uploads\\\/2025\\\/06\\\/Bild6.webp\",\"contentUrl\":\"https:\\\/\\\/ropesandmore.fr\\\/wp-content\\\/uploads\\\/2025\\\/06\\\/Bild6.webp\",\"width\":1023,\"height\":480,\"caption\":\"ropes and more\"},\"image\":{\"@id\":\"https:\\\/\\\/ropesandmore.fr\\\/de\\\/#\\\/schema\\\/logo\\\/image\\\/\"},\"sameAs\":[\"https:\\\/\\\/www.instagram.com\\\/ropesandmoregmbh\\\/\"]}]}<\/script>\n<!-- \/ Yoast SEO plugin. -->","yoast_head_json":{"title":"Hohlspieker Set aus Edelstahl \u2013 Splei\u00dfwerkzeug f\u00fcr gedrehte Seile","description":"Professionelles Hohlspieker-Set aus Edelstahl \u2013 ideal zum Splei\u00dfen von gedrehten Seilen & PPM-Tauwerk. Langlebig und rostfrei!","robots":{"index":"index","follow":"follow","max-snippet":"max-snippet:-1","max-image-preview":"max-image-preview:large","max-video-preview":"max-video-preview:-1"},"canonical":"https:\/\/ropesandmore.fr\/de\/produkt\/hohlspieker-spleisswerkzeug-fuer-gedrehte-seile-edelstahl-ideal-fuer-ppm-und-tauwerk-set\/","og_locale":"de_DE","og_type":"article","og_title":"Hohlspieker Set aus Edelstahl \u2013 Splei\u00dfwerkzeug f\u00fcr gedrehte Seile","og_description":"Professionelles Hohlspieker-Set aus Edelstahl \u2013 ideal zum Splei\u00dfen von gedrehten Seilen & PPM-Tauwerk. Langlebig und rostfrei!","og_url":"https:\/\/ropesandmore.fr\/de\/produkt\/hohlspieker-spleisswerkzeug-fuer-gedrehte-seile-edelstahl-ideal-fuer-ppm-und-tauwerk-set\/","og_site_name":"Ropes and More","article_publisher":"https:\/\/www.instagram.com\/ropesandmoregmbh\/","article_modified_time":"2025-08-01T21:20:07+00:00","og_image":[{"width":1000,"height":1000,"url":"https:\/\/ropesandmore.fr\/wp-content\/uploads\/2025\/05\/Spleiss-Hohlspieker.jpg","type":"image\/jpeg"}],"twitter_card":"summary_large_image","twitter_misc":{"Gesch\u00e4tzte Lesezeit":"1\u00a0Minute"},"schema":{"@context":"https:\/\/schema.org","@graph":[{"@type":"WebPage","@id":"https:\/\/ropesandmore.fr\/de\/produkt\/hohlspieker-spleisswerkzeug-fuer-gedrehte-seile-edelstahl-ideal-fuer-ppm-und-tauwerk-set\/","url":"https:\/\/ropesandmore.fr\/de\/produkt\/hohlspieker-spleisswerkzeug-fuer-gedrehte-seile-edelstahl-ideal-fuer-ppm-und-tauwerk-set\/","name":"Hohlspieker Set aus Edelstahl \u2013 Splei\u00dfwerkzeug f\u00fcr gedrehte Seile","isPartOf":{"@id":"https:\/\/ropesandmore.fr\/de\/#website"},"primaryImageOfPage":{"@id":"https:\/\/ropesandmore.fr\/de\/produkt\/hohlspieker-spleisswerkzeug-fuer-gedrehte-seile-edelstahl-ideal-fuer-ppm-und-tauwerk-set\/#primaryimage"},"image":{"@id":"https:\/\/ropesandmore.fr\/de\/produkt\/hohlspieker-spleisswerkzeug-fuer-gedrehte-seile-edelstahl-ideal-fuer-ppm-und-tauwerk-set\/#primaryimage"},"thumbnailUrl":"https:\/\/ropesandmore.fr\/wp-content\/uploads\/2025\/05\/Spleiss-Hohlspieker.jpg","datePublished":"2025-05-19T20:39:01+00:00","dateModified":"2025-08-01T21:20:07+00:00","description":"Professionelles Hohlspieker-Set aus Edelstahl \u2013 ideal zum Splei\u00dfen von gedrehten Seilen & PPM-Tauwerk. Langlebig und rostfrei!","breadcrumb":{"@id":"https:\/\/ropesandmore.fr\/de\/produkt\/hohlspieker-spleisswerkzeug-fuer-gedrehte-seile-edelstahl-ideal-fuer-ppm-und-tauwerk-set\/#breadcrumb"},"inLanguage":"de","potentialAction":[{"@type":"ReadAction","target":["https:\/\/ropesandmore.fr\/de\/produkt\/hohlspieker-spleisswerkzeug-fuer-gedrehte-seile-edelstahl-ideal-fuer-ppm-und-tauwerk-set\/"]}]},{"@type":"ImageObject","inLanguage":"de","@id":"https:\/\/ropesandmore.fr\/de\/produkt\/hohlspieker-spleisswerkzeug-fuer-gedrehte-seile-edelstahl-ideal-fuer-ppm-und-tauwerk-set\/#primaryimage","url":"https:\/\/ropesandmore.fr\/wp-content\/uploads\/2025\/05\/Spleiss-Hohlspieker.jpg","contentUrl":"https:\/\/ropesandmore.fr\/wp-content\/uploads\/2025\/05\/Spleiss-Hohlspieker.jpg","width":1000,"height":1000},{"@type":"BreadcrumbList","@id":"https:\/\/ropesandmore.fr\/de\/produkt\/hohlspieker-spleisswerkzeug-fuer-gedrehte-seile-edelstahl-ideal-fuer-ppm-und-tauwerk-set\/#breadcrumb","itemListElement":[{"@type":"ListItem","position":1,"name":"Startseite","item":"https:\/\/ropesandmore.fr\/de\/"},{"@type":"ListItem","position":2,"name":"Ropes and More \u2013 Dein Shop f\u00fcr Seile, Tauwerk &amp; Spezialschn\u00fcre","item":"https:\/\/ropesandmore.fr\/ropes-and-more-dein-shop-fuer-seile-tauwerk-spezialschnuere\/"},{"@type":"ListItem","position":3,"name":"Hohlspieker Splei\u00dfwerkzeug f\u00fcr gedrehte Seile \u2013 Edelstahl \u2013 ideal f\u00fcr PPM und Tauwerk SET"}]},{"@type":"WebSite","@id":"https:\/\/ropesandmore.fr\/de\/#website","url":"https:\/\/ropesandmore.fr\/de\/","name":"ropes and more","description":"Your Trusted Partner","publisher":{"@id":"https:\/\/ropesandmore.fr\/de\/#organization"},"potentialAction":[{"@type":"SearchAction","target":{"@type":"EntryPoint","urlTemplate":"https:\/\/ropesandmore.fr\/de\/?s={search_term_string}"},"query-input":{"@type":"PropertyValueSpecification","valueRequired":true,"valueName":"search_term_string"}}],"inLanguage":"de"},{"@type":"Organization","@id":"https:\/\/ropesandmore.fr\/de\/#organization","name":"ropes and more","url":"https:\/\/ropesandmore.fr\/de\/","logo":{"@type":"ImageObject","inLanguage":"de","@id":"https:\/\/ropesandmore.fr\/de\/#\/schema\/logo\/image\/","url":"https:\/\/ropesandmore.fr\/wp-content\/uploads\/2025\/06\/Bild6.webp","contentUrl":"https:\/\/ropesandmore.fr\/wp-content\/uploads\/2025\/06\/Bild6.webp","width":1023,"height":480,"caption":"ropes and more"},"image":{"@id":"https:\/\/ropesandmore.fr\/de\/#\/schema\/logo\/image\/"},"sameAs":["https:\/\/www.instagram.com\/ropesandmoregmbh\/"]}]}},"_links":{"self":[{"href":"https:\/\/ropesandmore.fr\/de\/wp-json\/wp\/v2\/product\/9646","targetHints":{"allow":["GET"]}}],"collection":[{"href":"https:\/\/ropesandmore.fr\/de\/wp-json\/wp\/v2\/product"}],"about":[{"href":"https:\/\/ropesandmore.fr\/de\/wp-json\/wp\/v2\/types\/product"}],"version-history":[{"count":0,"href":"https:\/\/ropesandmore.fr\/de\/wp-json\/wp\/v2\/product\/9646\/revisions"}],"wp:featuredmedia":[{"embeddable":true,"href":"https:\/\/ropesandmore.fr\/de\/wp-json\/wp\/v2\/media\/9648"}],"wp:attachment":[{"href":"https:\/\/ropesandmore.fr\/de\/wp-json\/wp\/v2\/media?parent=9646"}],"wp:term":[{"taxonomy":"product_brand","embeddable":true,"href":"https:\/\/ropesandmore.fr\/de\/wp-json\/wp\/v2\/product_brand?post=9646"},{"taxonomy":"product_cat","embeddable":true,"href":"https:\/\/ropesandmore.fr\/de\/wp-json\/wp\/v2\/product_cat?post=9646"},{"taxonomy":"product_tag","embeddable":true,"href":"https:\/\/ropesandmore.fr\/de\/wp-json\/wp\/v2\/product_tag?post=9646"}],"curies":[{"name":"wp","href":"https:\/\/api.w.org\/{rel}","templated":true}]}}